{"id":767,"date":"2017-07-14T12:21:38","date_gmt":"2017-07-14T14:21:38","guid":{"rendered":"http:\/\/sites.usp.br\/codage\/?page_id=767"},"modified":"2021-09-15T16:18:20","modified_gmt":"2021-09-15T18:18:20","slug":"carreira","status":"publish","type":"page","link":"https:\/\/sites.usp.br\/codage\/comunicados\/carreira\/","title":{"rendered":"Carreira USP"},"content":{"rendered":"<p><a href=\"\/\/sites.usp.br\/codage\/wp-content\/uploads\/sites\/264\/2017\/06\/CARREIRA_29-04-2013.pdf\">Carreira_29-04-2013<\/a><\/p>\n<p><a href=\"\/\/sites.usp.br\/codage\/wp-content\/uploads\/sites\/264\/2017\/06\/CARREIRA_CRONOGRAMA_21-03-2013.pdf\">Carreira_Cronograma_21-03-2013<\/a><\/p>\n<p><a href=\"\/\/sites.usp.br\/codage\/wp-content\/uploads\/sites\/264\/2017\/06\/CARREIRA_RESULTADO-_08-05-2012.pdf\">Carreira Resultado _08-05-2012<\/a><\/p>\n<p><a href=\"\/\/sites.usp.br\/codage\/wp-content\/uploads\/sites\/264\/2017\/06\/CARREIRA_NOVO-CRONOGRAMA_-08-05-2012.pdf\">Carreira_Novo Cronograma_ 08-05-2012<\/a><\/p>\n<p><a href=\"\/\/sites.usp.br\/codage\/wp-content\/uploads\/sites\/264\/2017\/06\/CARREIRA_NOVO-CRONOGRAMA_28-03-2012.pdf\">Carreira_Novo Cronograma_28-03-2012<\/a><\/p>\n<p><a href=\"\/\/sites.usp.br\/codage\/wp-content\/uploads\/sites\/264\/2017\/06\/CARREIRA_PRORROGRA\u00c7\u00c3O-AVALIA\u00c7\u00c3O_23-03-2012.pdf\">Carreira Prorroga\u00e7\u00e3o Avalia\u00e7\u00e3o_23-03-2012<\/a><\/p>\n<p><a href=\"\/\/sites.usp.br\/codage\/wp-content\/uploads\/sites\/264\/2017\/06\/CARREIRA_CRONOGRAMA_15-03-2012.pdf\">Carreira_Cronograma_15-03-2012<\/a><\/p>\n<p>&nbsp;<\/p>\n","protected":false},"excerpt":{"rendered":"<p>Carreira_29-04-2013 Carreira_Cronograma_21-03-2013 Carreira Resultado _08-05-2012 Carreira_Novo Cronograma_ 08-05-2012 Carreira_Novo Cronograma_28-03-2012 Carreira Prorroga\u00e7\u00e3o Avalia\u00e7\u00e3o_23-03-2012 Carreira_Cronograma_15-03-2012 &nbsp;<\/p>\n","protected":false},"author":400,"featured_media":0,"parent":422,"menu_order":0,"comment_status":"closed","ping_status":"closed","template":"","meta":{"footnotes":"","_links_to":"","_links_to_target":""},"class_list":["post-767","page","type-page","status-publish","hentry"],"_links":{"self":[{"href":"https:\/\/sites.usp.br\/codage\/wp-json\/wp\/v2\/pages\/767","targetHints":{"allow":["GET"]}}],"collection":[{"href":"https:\/\/sites.usp.br\/codage\/wp-json\/wp\/v2\/pages"}],"about":[{"href":"https:\/\/sites.usp.br\/codage\/wp-json\/wp\/v2\/types\/page"}],"author":[{"embeddable":true,"href":"https:\/\/sites.usp.br\/codage\/wp-json\/wp\/v2\/users\/400"}],"replies":[{"embeddable":true,"href":"https:\/\/sites.usp.br\/codage\/wp-json\/wp\/v2\/comments?post=767"}],"version-history":[{"count":4,"href":"https:\/\/sites.usp.br\/codage\/wp-json\/wp\/v2\/pages\/767\/revisions"}],"predecessor-version":[{"id":1285,"href":"https:\/\/sites.usp.br\/codage\/wp-json\/wp\/v2\/pages\/767\/revisions\/1285"}],"up":[{"embeddable":true,"href":"https:\/\/sites.usp.br\/codage\/wp-json\/wp\/v2\/pages\/422"}],"wp:attachment":[{"href":"https:\/\/sites.usp.br\/codage\/wp-json\/wp\/v2\/media?parent=767"}],"curies":[{"name":"wp","href":"https:\/\/api.w.org\/{rel}","templated":true}]}}