{"id":111,"date":"2017-03-27T00:01:13","date_gmt":"2017-03-27T02:01:13","guid":{"rendered":"http:\/\/sites.usp.br\/comcirp\/?page_id=111"},"modified":"2018-05-14T12:35:50","modified_gmt":"2018-05-14T14:35:50","slug":"quem-somos","status":"publish","type":"page","link":"https:\/\/sites.usp.br\/comcirp\/quem-somos\/","title":{"rendered":"Quem somos"},"content":{"rendered":"<p>Este \u00e9 um portal colaborativo, desenvolvido por pesquisadores e p\u00f3s-graduandos da Universidade de S\u00e3o Paulo, Campus de Ribeir\u00e3o Preto.<\/p>\n<p>O objetivo do portal \u00e9 fornecer subs\u00eddios e recursos para qualquer pessoa que deseje aprofundar-se na arte de escrever artigos, elaborar pain\u00e9is cient\u00edficos e apresenta\u00e7\u00f5es orais.<\/p>\n<p>Sinta-se livre para enviar sua contribui\u00e7\u00e3o na forma de post, cr\u00edtica, ou not\u00edcia relevante. Para publicar aqui envie seu material para greg@usp.br<\/p>\n<p>As opini\u00f5es expressas aqui n\u00e3o representam a opini\u00e3o da Universidade de S\u00e3o Paulo \u00e9 s\u00e3o de responsabilidade dos autores.<\/p>\n<p>Editores:<\/p>\n<p>Prof. Dr. Gr\u00e9goire Jean-Fran\u00e7ois Demets, DQ-FFCLRP<\/p>\n<p>Profa. Dra. Cynthia Maria de Campos Prado Manso,\u00a0 DQ-FFCLRP<\/p>\n","protected":false},"excerpt":{"rendered":"<p>Este \u00e9 um portal colaborativo, desenvolvido por pesquisadores e p\u00f3s-graduandos da Universidade de S\u00e3o Paulo, Campus de Ribeir\u00e3o Preto. O objetivo do portal \u00e9 fornecer subs\u00eddios e recursos para qualquer pessoa que deseje aprofundar-se na arte de escrever artigos, elaborar pain\u00e9is cient\u00edficos e apresenta\u00e7\u00f5es orais. Sinta-se livre para enviar sua contribui\u00e7\u00e3o na forma de post,<a href=\"https:\/\/sites.usp.br\/comcirp\/quem-somos\/\">[&#8230;]<\/a><\/p>\n","protected":false},"author":309,"featured_media":0,"parent":0,"menu_order":0,"comment_status":"closed","ping_status":"closed","template":"","meta":{"footnotes":"","_links_to":"","_links_to_target":""},"class_list":["post-111","page","type-page","status-publish","hentry"],"_links":{"self":[{"href":"https:\/\/sites.usp.br\/comcirp\/wp-json\/wp\/v2\/pages\/111","targetHints":{"allow":["GET"]}}],"collection":[{"href":"https:\/\/sites.usp.br\/comcirp\/wp-json\/wp\/v2\/pages"}],"about":[{"href":"https:\/\/sites.usp.br\/comcirp\/wp-json\/wp\/v2\/types\/page"}],"author":[{"embeddable":true,"href":"https:\/\/sites.usp.br\/comcirp\/wp-json\/wp\/v2\/users\/309"}],"replies":[{"embeddable":true,"href":"https:\/\/sites.usp.br\/comcirp\/wp-json\/wp\/v2\/comments?post=111"}],"version-history":[{"count":4,"href":"https:\/\/sites.usp.br\/comcirp\/wp-json\/wp\/v2\/pages\/111\/revisions"}],"predecessor-version":[{"id":266,"href":"https:\/\/sites.usp.br\/comcirp\/wp-json\/wp\/v2\/pages\/111\/revisions\/266"}],"wp:attachment":[{"href":"https:\/\/sites.usp.br\/comcirp\/wp-json\/wp\/v2\/media?parent=111"}],"curies":[{"name":"wp","href":"https:\/\/api.w.org\/{rel}","templated":true}]}}