{"id":283,"date":"2015-05-25T14:22:30","date_gmt":"2015-05-25T17:22:30","guid":{"rendered":"http:\/\/sites.usp.br\/comissaodaverdade\/?page_id=283"},"modified":"2015-10-08T15:41:51","modified_gmt":"2015-10-08T18:41:51","slug":"informacoes-disponiveis","status":"publish","type":"page","link":"https:\/\/sites.usp.br\/comissaodaverdade\/informacoes-disponiveis\/","title":{"rendered":"Informa\u00e7\u00f5es dispon\u00edveis"},"content":{"rendered":"<p>Nos sub-itens desta p\u00e1gina voc\u00ea encontrar\u00e1 informa\u00e7\u00f5es elencadas em fichas individuais de alunos, funcion\u00e1rios e docentes da universidade, agrupados por faculdades e institutos.<\/p>\n<p>Os depoimentos e documetos ser\u00e3o publicados ao final dos trabalhos da Comiss\u00e3o da Verdade -USP.<\/p>\n","protected":false},"excerpt":{"rendered":"<p>Nos sub-itens desta p\u00e1gina voc\u00ea encontrar\u00e1 informa\u00e7\u00f5es elencadas em fichas individuais de alunos, funcion\u00e1rios e [&hellip;]<\/p>\n","protected":false},"author":13,"featured_media":0,"parent":0,"menu_order":0,"comment_status":"closed","ping_status":"closed","template":"","meta":{"footnotes":"","_links_to":"","_links_to_target":""},"class_list":["post-283","page","type-page","status-publish","hentry"],"_links":{"self":[{"href":"https:\/\/sites.usp.br\/comissaodaverdade\/wp-json\/wp\/v2\/pages\/283","targetHints":{"allow":["GET"]}}],"collection":[{"href":"https:\/\/sites.usp.br\/comissaodaverdade\/wp-json\/wp\/v2\/pages"}],"about":[{"href":"https:\/\/sites.usp.br\/comissaodaverdade\/wp-json\/wp\/v2\/types\/page"}],"author":[{"embeddable":true,"href":"https:\/\/sites.usp.br\/comissaodaverdade\/wp-json\/wp\/v2\/users\/13"}],"replies":[{"embeddable":true,"href":"https:\/\/sites.usp.br\/comissaodaverdade\/wp-json\/wp\/v2\/comments?post=283"}],"version-history":[{"count":5,"href":"https:\/\/sites.usp.br\/comissaodaverdade\/wp-json\/wp\/v2\/pages\/283\/revisions"}],"predecessor-version":[{"id":924,"href":"https:\/\/sites.usp.br\/comissaodaverdade\/wp-json\/wp\/v2\/pages\/283\/revisions\/924"}],"wp:attachment":[{"href":"https:\/\/sites.usp.br\/comissaodaverdade\/wp-json\/wp\/v2\/media?parent=283"}],"curies":[{"name":"wp","href":"https:\/\/api.w.org\/{rel}","templated":true}]}}