{"id":288,"date":"2015-05-25T14:25:02","date_gmt":"2015-05-25T17:25:02","guid":{"rendered":"http:\/\/sites.usp.br\/comissaodaverdade\/?page_id=288"},"modified":"2015-10-08T13:42:12","modified_gmt":"2015-10-08T16:42:12","slug":"cv-usp","status":"publish","type":"page","link":"https:\/\/sites.usp.br\/comissaodaverdade\/institucional\/cv-usp\/","title":{"rendered":"CV-USP"},"content":{"rendered":"<p><span class=\"il\">A <\/span><span class=\"il\">Comiss\u00e3o<\/span> <span class=\"il\">da<\/span> <span class=\"il\">Verdade<\/span> <span class=\"il\">da<\/span> USP desenvolve suas pesquisas de por meio de bolsistas FAPESP e volunt\u00e1rios, coordenados pela Prof\u00aa. Dr\u00aa. Janice Theodoro.<\/p>\n<p>A busca por informa\u00e7\u00f5es referentes \u00e0s graves viola\u00e7\u00f5es dos direitos humanos de alunos, funcion\u00e1rios e professores <span class=\"il\">da\u00a0<\/span>USP, no per\u00edodo de 31 de mar\u00e7o de 1964 a 15 de mar\u00e7o de 1985, mobiliza os pesquisadores a encontrar nos acervos\u00a0<span class=\"il\">da<\/span> universidade registros que contribuam com objetivo do trabalho.<\/p>\n<p>Por meio de fontes distintas, <span class=\"il\">a<\/span> <span class=\"il\">Comiss\u00e3o<\/span> <span class=\"il\">da<\/span> <span class=\"il\">Verdade<\/span> <span class=\"il\">da<\/span> USP, procura desvelar a trama complexa em que o Estado, mantenedor dos deveres e direitos, cria um aparato repressivo contra seus pr\u00f3prios cidad\u00e3os. Mortes, desaparecimentos e persegui\u00e7\u00f5es foram apagados, escondidos e legitimados das formas mais inusitadas. As v\u00edtimas do per\u00edodo e aqueles que hoje s\u00e3o representados por seus parentes, possuem o direito \u00e0 mem\u00f3ria e a repara\u00e7\u00e3o de sua hist\u00f3ria.<\/p>\n<p>&nbsp;<\/p>\n<p>&nbsp;<\/p>\n","protected":false},"excerpt":{"rendered":"<p>A Comiss\u00e3o da Verdade da USP desenvolve suas pesquisas de por meio de bolsistas FAPESP [&hellip;]<\/p>\n","protected":false},"author":13,"featured_media":0,"parent":281,"menu_order":0,"comment_status":"closed","ping_status":"closed","template":"","meta":{"footnotes":"","_links_to":"","_links_to_target":""},"class_list":["post-288","page","type-page","status-publish","hentry"],"_links":{"self":[{"href":"https:\/\/sites.usp.br\/comissaodaverdade\/wp-json\/wp\/v2\/pages\/288","targetHints":{"allow":["GET"]}}],"collection":[{"href":"https:\/\/sites.usp.br\/comissaodaverdade\/wp-json\/wp\/v2\/pages"}],"about":[{"href":"https:\/\/sites.usp.br\/comissaodaverdade\/wp-json\/wp\/v2\/types\/page"}],"author":[{"embeddable":true,"href":"https:\/\/sites.usp.br\/comissaodaverdade\/wp-json\/wp\/v2\/users\/13"}],"replies":[{"embeddable":true,"href":"https:\/\/sites.usp.br\/comissaodaverdade\/wp-json\/wp\/v2\/comments?post=288"}],"version-history":[{"count":8,"href":"https:\/\/sites.usp.br\/comissaodaverdade\/wp-json\/wp\/v2\/pages\/288\/revisions"}],"predecessor-version":[{"id":907,"href":"https:\/\/sites.usp.br\/comissaodaverdade\/wp-json\/wp\/v2\/pages\/288\/revisions\/907"}],"up":[{"embeddable":true,"href":"https:\/\/sites.usp.br\/comissaodaverdade\/wp-json\/wp\/v2\/pages\/281"}],"wp:attachment":[{"href":"https:\/\/sites.usp.br\/comissaodaverdade\/wp-json\/wp\/v2\/media?parent=288"}],"curies":[{"name":"wp","href":"https:\/\/api.w.org\/{rel}","templated":true}]}}