{"id":300,"date":"2015-05-25T14:27:05","date_gmt":"2015-05-25T17:27:05","guid":{"rendered":"http:\/\/sites.usp.br\/comissaodaverdade\/?page_id=300"},"modified":"2015-10-07T14:56:22","modified_gmt":"2015-10-07T17:56:22","slug":"caso-ana-rosa-kucinski","status":"publish","type":"page","link":"https:\/\/sites.usp.br\/comissaodaverdade\/informacoes-disponiveis\/caso-ana-rosa-kucinski\/","title":{"rendered":"Caso Ana Rosa Kucinski"},"content":{"rendered":"<p>Ana Rosa Kucinski, nascida em 12\/01\/1942, jovem assistente do  Departamento de Qu\u00edmica Fundamental, \u00e1rea de Qu\u00edmica Anal\u00edtica, do Instituto de Qu\u00edmica da USP desapareceu em 22\/04\/1974. No segundo semestre de 1975, aproximadamente um ano e meio ap\u00f3s o desaparecimento, a Congrega\u00e7\u00e3o do Instituto dispensou a professora por abandono de cargo. Em 2014, ap\u00f3s dilig\u00eancias da Comiss\u00e3o da Verdade da USP, o Instituto de Qu\u00edmica disp\u00f4s-se, pela unanimidade de votos dos membros da Congrega\u00e7\u00e3o, a anular o ato anterior e pedir desculpas formais \u00e0 fam\u00edlia da professora. Para perpetuar a mem\u00f3ria da professora mandou construir um monumento, inaugurado em ato p\u00fablico aos 22 de abril de 2014 e instalado na porta principal de acesso ao Instituto,  onde se l\u00ea: \u201cAna Rosa Kucinski, professora sequestrada e morta pela ditadura: que sua lembran\u00e7a inspire as futuras gera\u00e7\u00f5es a lutar, como ela, contra os que tentam sufocar a liberdade.\u201d<\/p>\n<p><a href=\"http:\/\/sites.usp.br\/comissaodaverdade\/wp-content\/uploads\/sites\/59\/2015\/05\/Processo-Ana-Rosa-Kucinski.pdf\">Processo &#8211; Ana Rosa Kucinski<\/a><\/p>\n","protected":false},"excerpt":{"rendered":"<p>Ana Rosa Kucinski, nascida em 12\/01\/1942, jovem assistente do Departamento de Qu\u00edmica Fundamental, \u00e1rea de [&hellip;]<\/p>\n","protected":false},"author":13,"featured_media":0,"parent":283,"menu_order":4,"comment_status":"closed","ping_status":"closed","template":"","meta":{"footnotes":"","_links_to":"","_links_to_target":""},"class_list":["post-300","page","type-page","status-publish","hentry"],"_links":{"self":[{"href":"https:\/\/sites.usp.br\/comissaodaverdade\/wp-json\/wp\/v2\/pages\/300","targetHints":{"allow":["GET"]}}],"collection":[{"href":"https:\/\/sites.usp.br\/comissaodaverdade\/wp-json\/wp\/v2\/pages"}],"about":[{"href":"https:\/\/sites.usp.br\/comissaodaverdade\/wp-json\/wp\/v2\/types\/page"}],"author":[{"embeddable":true,"href":"https:\/\/sites.usp.br\/comissaodaverdade\/wp-json\/wp\/v2\/users\/13"}],"replies":[{"embeddable":true,"href":"https:\/\/sites.usp.br\/comissaodaverdade\/wp-json\/wp\/v2\/comments?post=300"}],"version-history":[{"count":3,"href":"https:\/\/sites.usp.br\/comissaodaverdade\/wp-json\/wp\/v2\/pages\/300\/revisions"}],"predecessor-version":[{"id":898,"href":"https:\/\/sites.usp.br\/comissaodaverdade\/wp-json\/wp\/v2\/pages\/300\/revisions\/898"}],"up":[{"embeddable":true,"href":"https:\/\/sites.usp.br\/comissaodaverdade\/wp-json\/wp\/v2\/pages\/283"}],"wp:attachment":[{"href":"https:\/\/sites.usp.br\/comissaodaverdade\/wp-json\/wp\/v2\/media?parent=300"}],"curies":[{"name":"wp","href":"https:\/\/api.w.org\/{rel}","templated":true}]}}