{"id":463,"date":"2015-07-22T13:55:07","date_gmt":"2015-07-22T16:55:07","guid":{"rendered":"http:\/\/sites.usp.br\/comissaodaverdade\/?page_id=463"},"modified":"2015-07-28T11:52:32","modified_gmt":"2015-07-28T14:52:32","slug":"reitoria","status":"publish","type":"page","link":"https:\/\/sites.usp.br\/comissaodaverdade\/informacoes-disponiveis\/documentos\/reitoria\/","title":{"rendered":"Reitoria"},"content":{"rendered":"<p>O site, assim como o trabalho da Comiss\u00e3o da Verdade da USP, est\u00e1 em constru\u00e7\u00e3o. Em breve, mais informa\u00e7\u00f5es ser\u00e3o inseridas aqui.<\/p>\n","protected":false},"excerpt":{"rendered":"<p>O site, assim como o trabalho da Comiss\u00e3o da Verdade da USP, est\u00e1 em constru\u00e7\u00e3o. [&hellip;]<\/p>\n","protected":false},"author":13,"featured_media":0,"parent":451,"menu_order":9,"comment_status":"closed","ping_status":"closed","template":"","meta":{"footnotes":"","_links_to":"","_links_to_target":""},"class_list":["post-463","page","type-page","status-publish","hentry"],"_links":{"self":[{"href":"https:\/\/sites.usp.br\/comissaodaverdade\/wp-json\/wp\/v2\/pages\/463","targetHints":{"allow":["GET"]}}],"collection":[{"href":"https:\/\/sites.usp.br\/comissaodaverdade\/wp-json\/wp\/v2\/pages"}],"about":[{"href":"https:\/\/sites.usp.br\/comissaodaverdade\/wp-json\/wp\/v2\/types\/page"}],"author":[{"embeddable":true,"href":"https:\/\/sites.usp.br\/comissaodaverdade\/wp-json\/wp\/v2\/users\/13"}],"replies":[{"embeddable":true,"href":"https:\/\/sites.usp.br\/comissaodaverdade\/wp-json\/wp\/v2\/comments?post=463"}],"version-history":[{"count":3,"href":"https:\/\/sites.usp.br\/comissaodaverdade\/wp-json\/wp\/v2\/pages\/463\/revisions"}],"predecessor-version":[{"id":807,"href":"https:\/\/sites.usp.br\/comissaodaverdade\/wp-json\/wp\/v2\/pages\/463\/revisions\/807"}],"up":[{"embeddable":true,"href":"https:\/\/sites.usp.br\/comissaodaverdade\/wp-json\/wp\/v2\/pages\/451"}],"wp:attachment":[{"href":"https:\/\/sites.usp.br\/comissaodaverdade\/wp-json\/wp\/v2\/media?parent=463"}],"curies":[{"name":"wp","href":"https:\/\/api.w.org\/{rel}","templated":true}]}}