{"id":525,"date":"2015-07-23T17:07:50","date_gmt":"2015-07-23T20:07:50","guid":{"rendered":"http:\/\/sites.usp.br\/comissaodaverdade\/?page_id=525"},"modified":"2015-07-24T11:04:28","modified_gmt":"2015-07-24T14:04:28","slug":"historico","status":"publish","type":"page","link":"https:\/\/sites.usp.br\/comissaodaverdade\/informacoes-disponiveis\/fichas\/faculdade-de-arquitetura-e-urbanismo\/historico\/","title":{"rendered":"Hist\u00f3rico"},"content":{"rendered":"<p>O site, assim como o trabalho da Comiss\u00e3o da Verdade da USP, est\u00e1 em constru\u00e7\u00e3o. Em breve, mais informa\u00e7\u00f5es ser\u00e3o inseridas aqui. <\/p>\n","protected":false},"excerpt":{"rendered":"<p>O site, assim como o trabalho da Comiss\u00e3o da Verdade da USP, est\u00e1 em constru\u00e7\u00e3o. [&hellip;]<\/p>\n","protected":false},"author":133,"featured_media":0,"parent":357,"menu_order":1,"comment_status":"closed","ping_status":"closed","template":"","meta":{"footnotes":"","_links_to":"","_links_to_target":""},"class_list":["post-525","page","type-page","status-publish","hentry"],"_links":{"self":[{"href":"https:\/\/sites.usp.br\/comissaodaverdade\/wp-json\/wp\/v2\/pages\/525","targetHints":{"allow":["GET"]}}],"collection":[{"href":"https:\/\/sites.usp.br\/comissaodaverdade\/wp-json\/wp\/v2\/pages"}],"about":[{"href":"https:\/\/sites.usp.br\/comissaodaverdade\/wp-json\/wp\/v2\/types\/page"}],"author":[{"embeddable":true,"href":"https:\/\/sites.usp.br\/comissaodaverdade\/wp-json\/wp\/v2\/users\/133"}],"replies":[{"embeddable":true,"href":"https:\/\/sites.usp.br\/comissaodaverdade\/wp-json\/wp\/v2\/comments?post=525"}],"version-history":[{"count":2,"href":"https:\/\/sites.usp.br\/comissaodaverdade\/wp-json\/wp\/v2\/pages\/525\/revisions"}],"predecessor-version":[{"id":669,"href":"https:\/\/sites.usp.br\/comissaodaverdade\/wp-json\/wp\/v2\/pages\/525\/revisions\/669"}],"up":[{"embeddable":true,"href":"https:\/\/sites.usp.br\/comissaodaverdade\/wp-json\/wp\/v2\/pages\/357"}],"wp:attachment":[{"href":"https:\/\/sites.usp.br\/comissaodaverdade\/wp-json\/wp\/v2\/media?parent=525"}],"curies":[{"name":"wp","href":"https:\/\/api.w.org\/{rel}","templated":true}]}}