{"id":736,"date":"2015-07-24T15:39:59","date_gmt":"2015-07-24T18:39:59","guid":{"rendered":"http:\/\/sites.usp.br\/comissaodaverdade\/?page_id=736"},"modified":"2015-07-24T15:41:01","modified_gmt":"2015-07-24T18:41:01","slug":"alteracao-da-composicao","status":"publish","type":"page","link":"https:\/\/sites.usp.br\/comissaodaverdade\/institucional\/resolucoes\/portarias\/alteracao-da-composicao\/","title":{"rendered":"Altera\u00e7\u00e3o da Composi\u00e7\u00e3o"},"content":{"rendered":"<p>PORTARIA GR N\u00ba 6554, DE 28 DE MAIO DE 2014<\/p>\n<p>Altera dispositivos da Portaria GR n\u00ba 6172\/2013, que disp\u00f4s sobre a cria\u00e7\u00e3o da Comiss\u00e3o da Verdade da USP.<\/p>\n<p>O Reitor da Universidade de S\u00e3o Paulo, usando de suas atribui\u00e7\u00f5es legais, nos termos do art 42, I, do Estatuto da USP, baixa a seguinte:<\/p>\n<p>PORTARIA:<br \/>\nArtigo 1\u00ba \u2013 O art 4\u00ba da Portaria GR n\u00ba 6172, de 07 de maio de 2013, que disp\u00f4s sobre a cria\u00e7\u00e3o da Comiss\u00e3o da Verdade da Universidade de S\u00e3o Paulo, passa a vigorar com a seguinte reda\u00e7\u00e3o:<\/p>\n<p>\u201cArt 4\u00ba \u2013 A Comiss\u00e3o da Verdade da Universidade de S\u00e3o Paulo ser\u00e1 composta por 6 (seis) docentes, a saber:<br \/>\nI \u2013 Profa. Dra. Janice Theodoro da Silva (FFLCH), na qualidade de Presidente;<br \/>\nII \u2013 Prof. Dr. Dalmo de Abreu Dallari (FD);<br \/>\nIII \u2013 Prof. Dr. Erney Felicio Plessmann de Camargo (ICB);<br \/>\nIV \u2013 Profa. Dra. Maria Herm\u00ednia Brand\u00e3o Tavares de Almeida (IRI);<br \/>\nV \u2013 Prof. Dr. Silvio Roberto de Azevedo Salinas (IF);<br \/>\nVI \u2013 Prof. Dr. Walter Colli (IQ).\u201d (NR)<\/p>\n<p>Artigo 2\u00ba \u2013 Fica prorrogado por 1 (um) ano, a partir de 25 de julho de 2014, o prazo de atua\u00e7\u00e3o da Comiss\u00e3o da Verdade da Universidade de S\u00e3o Paulo, previsto no art 5\u00ba Portaria GR n\u00ba 6172\/2013.<\/p>\n<p>Artigo 3\u00ba \u2013 Esta Portaria entra em vigor na data de sua publica\u00e7\u00e3o (Proc. USP n\u00ba 13.1.23615.1.4).<\/p>\n<p>Reitoria da Universidade de S\u00e3o Paulo, 28 de maio de 2014.<\/p>\n<p>MARCO ANTONIO ZAGO<br \/>\nReitor<\/p>\n","protected":false},"excerpt":{"rendered":"<p>PORTARIA GR N\u00ba 6554, DE 28 DE MAIO DE 2014 Altera dispositivos da Portaria GR [&hellip;]<\/p>\n","protected":false},"author":127,"featured_media":0,"parent":731,"menu_order":2,"comment_status":"closed","ping_status":"closed","template":"","meta":{"footnotes":"","_links_to":"","_links_to_target":""},"class_list":["post-736","page","type-page","status-publish","hentry"],"_links":{"self":[{"href":"https:\/\/sites.usp.br\/comissaodaverdade\/wp-json\/wp\/v2\/pages\/736","targetHints":{"allow":["GET"]}}],"collection":[{"href":"https:\/\/sites.usp.br\/comissaodaverdade\/wp-json\/wp\/v2\/pages"}],"about":[{"href":"https:\/\/sites.usp.br\/comissaodaverdade\/wp-json\/wp\/v2\/types\/page"}],"author":[{"embeddable":true,"href":"https:\/\/sites.usp.br\/comissaodaverdade\/wp-json\/wp\/v2\/users\/127"}],"replies":[{"embeddable":true,"href":"https:\/\/sites.usp.br\/comissaodaverdade\/wp-json\/wp\/v2\/comments?post=736"}],"version-history":[{"count":1,"href":"https:\/\/sites.usp.br\/comissaodaverdade\/wp-json\/wp\/v2\/pages\/736\/revisions"}],"predecessor-version":[{"id":737,"href":"https:\/\/sites.usp.br\/comissaodaverdade\/wp-json\/wp\/v2\/pages\/736\/revisions\/737"}],"up":[{"embeddable":true,"href":"https:\/\/sites.usp.br\/comissaodaverdade\/wp-json\/wp\/v2\/pages\/731"}],"wp:attachment":[{"href":"https:\/\/sites.usp.br\/comissaodaverdade\/wp-json\/wp\/v2\/media?parent=736"}],"curies":[{"name":"wp","href":"https:\/\/api.w.org\/{rel}","templated":true}]}}