{"id":856,"date":"2015-07-28T11:46:38","date_gmt":"2015-07-28T14:46:38","guid":{"rendered":"http:\/\/sites.usp.br\/comissaodaverdade\/?page_id=856"},"modified":"2015-07-28T12:03:56","modified_gmt":"2015-07-28T15:03:56","slug":"faculdade-de-direito","status":"publish","type":"page","link":"https:\/\/sites.usp.br\/comissaodaverdade\/informacoes-disponiveis\/documentos\/faculdade-de-direito\/","title":{"rendered":"Faculdade de Direito"},"content":{"rendered":"<p>O site, assim como o trabalho da Comiss\u00e3o da Verdade da USP, est\u00e1 em constru\u00e7\u00e3o. Em breve, mais informa\u00e7\u00f5es ser\u00e3o inseridas aqui.<\/p>\n","protected":false},"excerpt":{"rendered":"<p>O site, assim como o trabalho da Comiss\u00e3o da Verdade da USP, est\u00e1 em constru\u00e7\u00e3o. [&hellip;]<\/p>\n","protected":false},"author":132,"featured_media":0,"parent":451,"menu_order":4,"comment_status":"closed","ping_status":"closed","template":"","meta":{"footnotes":"","_links_to":"","_links_to_target":""},"class_list":["post-856","page","type-page","status-publish","hentry"],"_links":{"self":[{"href":"https:\/\/sites.usp.br\/comissaodaverdade\/wp-json\/wp\/v2\/pages\/856","targetHints":{"allow":["GET"]}}],"collection":[{"href":"https:\/\/sites.usp.br\/comissaodaverdade\/wp-json\/wp\/v2\/pages"}],"about":[{"href":"https:\/\/sites.usp.br\/comissaodaverdade\/wp-json\/wp\/v2\/types\/page"}],"author":[{"embeddable":true,"href":"https:\/\/sites.usp.br\/comissaodaverdade\/wp-json\/wp\/v2\/users\/132"}],"replies":[{"embeddable":true,"href":"https:\/\/sites.usp.br\/comissaodaverdade\/wp-json\/wp\/v2\/comments?post=856"}],"version-history":[{"count":2,"href":"https:\/\/sites.usp.br\/comissaodaverdade\/wp-json\/wp\/v2\/pages\/856\/revisions"}],"predecessor-version":[{"id":866,"href":"https:\/\/sites.usp.br\/comissaodaverdade\/wp-json\/wp\/v2\/pages\/856\/revisions\/866"}],"up":[{"embeddable":true,"href":"https:\/\/sites.usp.br\/comissaodaverdade\/wp-json\/wp\/v2\/pages\/451"}],"wp:attachment":[{"href":"https:\/\/sites.usp.br\/comissaodaverdade\/wp-json\/wp\/v2\/media?parent=856"}],"curies":[{"name":"wp","href":"https:\/\/api.w.org\/{rel}","templated":true}]}}