{"id":908,"date":"2015-10-08T13:57:56","date_gmt":"2015-10-08T16:57:56","guid":{"rendered":"http:\/\/sites.usp.br\/comissaodaverdade\/?page_id=908"},"modified":"2015-10-08T14:09:32","modified_gmt":"2015-10-08T17:09:32","slug":"normativas","status":"publish","type":"page","link":"https:\/\/sites.usp.br\/comissaodaverdade\/institucional\/normativas\/","title":{"rendered":"Normativas"},"content":{"rendered":"<p>A Comiss\u00e3o da Verdade -USP foi institucionalizada por meio de um Regimento Interno e de Portarias que designam seus membros e sua renova\u00e7\u00e3o.<\/p>\n<p>Nos links abaixo voc\u00ea ter\u00e1 acesso a esses documentos na \u00edntegra:<\/p>\n<p>&nbsp;<\/p>\n<ul class=\"page-list subpages-page-list \">\n<li class=\"page_item page-item-752\"><a href=\"http:\/\/sites.usp.br\/comissaodaverdade\/institucional\/resolucoes\/regimento-interno-5\/\">Regimento Interno<\/a><\/li>\n<li class=\"page_item page-item-731 page_item_has_children\"><a href=\"http:\/\/sites.usp.br\/comissaodaverdade\/institucional\/resolucoes\/portarias\/\">Portarias<\/a>\n<ul class=\"children\">\n<li class=\"page_item page-item-734\"><a href=\"http:\/\/sites.usp.br\/comissaodaverdade\/institucional\/resolucoes\/portarias\/criacao-da-cv-usp\/\">Cria\u00e7\u00e3o da CV-USP<\/a><\/li>\n<li class=\"page_item page-item-736\"><a href=\"http:\/\/sites.usp.br\/comissaodaverdade\/institucional\/resolucoes\/portarias\/alteracao-da-composicao\/\">Altera\u00e7\u00e3o da Composi\u00e7\u00e3o<\/a><\/li>\n<li class=\"page_item page-item-736\"><a href=\"http:\/\/www.leginf.usp.br\/?portaria=portaria-gr-no-6675-de-21-de-julho-de-2015\" target=\"_blank\">Prorroga\u00e7\u00e3o<\/a><\/li>\n<\/ul>\n<\/li>\n<\/ul>\n","protected":false},"excerpt":{"rendered":"<p>A Comiss\u00e3o da Verdade -USP foi institucionalizada por meio de um Regimento Interno e de [&hellip;]<\/p>\n","protected":false},"author":63,"featured_media":0,"parent":281,"menu_order":0,"comment_status":"closed","ping_status":"closed","template":"","meta":{"footnotes":"","_links_to":"","_links_to_target":""},"class_list":["post-908","page","type-page","status-publish","hentry"],"_links":{"self":[{"href":"https:\/\/sites.usp.br\/comissaodaverdade\/wp-json\/wp\/v2\/pages\/908","targetHints":{"allow":["GET"]}}],"collection":[{"href":"https:\/\/sites.usp.br\/comissaodaverdade\/wp-json\/wp\/v2\/pages"}],"about":[{"href":"https:\/\/sites.usp.br\/comissaodaverdade\/wp-json\/wp\/v2\/types\/page"}],"author":[{"embeddable":true,"href":"https:\/\/sites.usp.br\/comissaodaverdade\/wp-json\/wp\/v2\/users\/63"}],"replies":[{"embeddable":true,"href":"https:\/\/sites.usp.br\/comissaodaverdade\/wp-json\/wp\/v2\/comments?post=908"}],"version-history":[{"count":4,"href":"https:\/\/sites.usp.br\/comissaodaverdade\/wp-json\/wp\/v2\/pages\/908\/revisions"}],"predecessor-version":[{"id":913,"href":"https:\/\/sites.usp.br\/comissaodaverdade\/wp-json\/wp\/v2\/pages\/908\/revisions\/913"}],"up":[{"embeddable":true,"href":"https:\/\/sites.usp.br\/comissaodaverdade\/wp-json\/wp\/v2\/pages\/281"}],"wp:attachment":[{"href":"https:\/\/sites.usp.br\/comissaodaverdade\/wp-json\/wp\/v2\/media?parent=908"}],"curies":[{"name":"wp","href":"https:\/\/api.w.org\/{rel}","templated":true}]}}