{"id":919,"date":"2015-10-08T15:33:53","date_gmt":"2015-10-08T18:33:53","guid":{"rendered":"http:\/\/sites.usp.br\/comissaodaverdade\/?page_id=919"},"modified":"2015-10-08T15:33:53","modified_gmt":"2015-10-08T18:33:53","slug":"informacoes-disponiveis","status":"publish","type":"page","link":"https:\/\/sites.usp.br\/comissaodaverdade\/institucional\/informacoes-disponiveis\/","title":{"rendered":"Informa\u00e7\u00f5es dispon\u00edveis"},"content":{"rendered":"","protected":false},"excerpt":{"rendered":"","protected":false},"author":63,"featured_media":0,"parent":281,"menu_order":0,"comment_status":"closed","ping_status":"closed","template":"","meta":{"footnotes":"","_links_to":"","_links_to_target":""},"class_list":["post-919","page","type-page","status-publish","hentry"],"_links":{"self":[{"href":"https:\/\/sites.usp.br\/comissaodaverdade\/wp-json\/wp\/v2\/pages\/919","targetHints":{"allow":["GET"]}}],"collection":[{"href":"https:\/\/sites.usp.br\/comissaodaverdade\/wp-json\/wp\/v2\/pages"}],"about":[{"href":"https:\/\/sites.usp.br\/comissaodaverdade\/wp-json\/wp\/v2\/types\/page"}],"author":[{"embeddable":true,"href":"https:\/\/sites.usp.br\/comissaodaverdade\/wp-json\/wp\/v2\/users\/63"}],"replies":[{"embeddable":true,"href":"https:\/\/sites.usp.br\/comissaodaverdade\/wp-json\/wp\/v2\/comments?post=919"}],"version-history":[{"count":1,"href":"https:\/\/sites.usp.br\/comissaodaverdade\/wp-json\/wp\/v2\/pages\/919\/revisions"}],"predecessor-version":[{"id":920,"href":"https:\/\/sites.usp.br\/comissaodaverdade\/wp-json\/wp\/v2\/pages\/919\/revisions\/920"}],"up":[{"embeddable":true,"href":"https:\/\/sites.usp.br\/comissaodaverdade\/wp-json\/wp\/v2\/pages\/281"}],"wp:attachment":[{"href":"https:\/\/sites.usp.br\/comissaodaverdade\/wp-json\/wp\/v2\/media?parent=919"}],"curies":[{"name":"wp","href":"https:\/\/api.w.org\/{rel}","templated":true}]}}