{"id":929,"date":"2015-10-08T16:26:50","date_gmt":"2015-10-08T19:26:50","guid":{"rendered":"http:\/\/sites.usp.br\/comissaodaverdade\/?page_id=929"},"modified":"2015-10-08T17:10:18","modified_gmt":"2015-10-08T20:10:18","slug":"teses","status":"publish","type":"page","link":"https:\/\/sites.usp.br\/comissaodaverdade\/institucional\/teses\/","title":{"rendered":"Teses\/Artigos"},"content":{"rendered":"<p><strong>Marcioniro Celeste Filho<\/strong> &#8211; doutorado<br \/>\n<em><a href=\"http:\/\/www.sapientia.pucsp.br\/tde_busca\/arquivo.php?codArquivo=3291\" target=\"_blank\">A reforma universit\u00e1ria e a universidade de s\u00e3o Paulo &#8211; d\u00e9cada de 60<\/a><\/em><\/p>\n<p>&nbsp;<\/p>\n<p><strong>Rodrigo Patto S\u00e1 Motta<\/strong> &#8211; artigo<br \/>\n<em><a href=\"http:\/\/www.revistatopoi.org\/numeros_anteriores\/topoi16\/topoi16a2.pdf\" target=\"_blank\">Os olhos do regime militar brasileiro nos campi. As assessorias de seguran\u00e7a e informa\u00e7\u00f5es na universidade<\/a><\/em><\/p>\n<p>&nbsp;<\/p>\n","protected":false},"excerpt":{"rendered":"<p>Marcioniro Celeste Filho &#8211; doutorado A reforma universit\u00e1ria e a universidade de s\u00e3o Paulo &#8211; [&hellip;]<\/p>\n","protected":false},"author":63,"featured_media":0,"parent":281,"menu_order":0,"comment_status":"closed","ping_status":"closed","template":"","meta":{"footnotes":"","_links_to":"","_links_to_target":""},"class_list":["post-929","page","type-page","status-publish","hentry"],"_links":{"self":[{"href":"https:\/\/sites.usp.br\/comissaodaverdade\/wp-json\/wp\/v2\/pages\/929","targetHints":{"allow":["GET"]}}],"collection":[{"href":"https:\/\/sites.usp.br\/comissaodaverdade\/wp-json\/wp\/v2\/pages"}],"about":[{"href":"https:\/\/sites.usp.br\/comissaodaverdade\/wp-json\/wp\/v2\/types\/page"}],"author":[{"embeddable":true,"href":"https:\/\/sites.usp.br\/comissaodaverdade\/wp-json\/wp\/v2\/users\/63"}],"replies":[{"embeddable":true,"href":"https:\/\/sites.usp.br\/comissaodaverdade\/wp-json\/wp\/v2\/comments?post=929"}],"version-history":[{"count":3,"href":"https:\/\/sites.usp.br\/comissaodaverdade\/wp-json\/wp\/v2\/pages\/929\/revisions"}],"predecessor-version":[{"id":950,"href":"https:\/\/sites.usp.br\/comissaodaverdade\/wp-json\/wp\/v2\/pages\/929\/revisions\/950"}],"up":[{"embeddable":true,"href":"https:\/\/sites.usp.br\/comissaodaverdade\/wp-json\/wp\/v2\/pages\/281"}],"wp:attachment":[{"href":"https:\/\/sites.usp.br\/comissaodaverdade\/wp-json\/wp\/v2\/media?parent=929"}],"curies":[{"name":"wp","href":"https:\/\/api.w.org\/{rel}","templated":true}]}}