{"id":1061,"date":"2022-09-28T09:07:05","date_gmt":"2022-09-28T12:07:05","guid":{"rendered":"https:\/\/sites.usp.br\/comunicarparaprevenir\/?page_id=1061"},"modified":"2022-10-10T22:47:38","modified_gmt":"2022-10-11T01:47:38","slug":"previna-se","status":"publish","type":"page","link":"https:\/\/sites.usp.br\/comunicarparaprevenir\/previna-se\/","title":{"rendered":"Previna-se"},"content":{"rendered":"<p>Previna deslizamentos de terra!<\/p>\n<ul>\n<li>Evite cortes verticalizados.<\/li>\n<li>Evite construir em barrancos.<\/li>\n<li>N\u00e3o construa sobre o leito de rios e c\u00f3rregos.<\/li>\n<li>N\u00e3o construa casa encostada em muros de arrimo.<\/li>\n<li>N\u00e3o jogue lixo, esgoto ou entulho em encostas.<\/li>\n<li>Evite cortar terreno para retirada de solo.<\/li>\n<li>N\u00e3o arranque \u00e1rvores da beira de rios.<\/li>\n<\/ul>\n","protected":false},"excerpt":{"rendered":"<p>Previna deslizamentos de terra! Evite cortes verticalizados. Evite construir em barrancos. N\u00e3o construa sobre o leito de rios e c\u00f3rregos. N\u00e3o construa casa encostada em muros de arrimo. N\u00e3o jogue lixo, esgoto ou entulho&#46;&#46;&#46;<\/p>\n","protected":false},"author":23096,"featured_media":0,"parent":0,"menu_order":0,"comment_status":"closed","ping_status":"closed","template":"","meta":{"footnotes":"","_links_to":"","_links_to_target":""},"class_list":["post-1061","page","type-page","status-publish","hentry"],"_links":{"self":[{"href":"https:\/\/sites.usp.br\/comunicarparaprevenir\/wp-json\/wp\/v2\/pages\/1061","targetHints":{"allow":["GET"]}}],"collection":[{"href":"https:\/\/sites.usp.br\/comunicarparaprevenir\/wp-json\/wp\/v2\/pages"}],"about":[{"href":"https:\/\/sites.usp.br\/comunicarparaprevenir\/wp-json\/wp\/v2\/types\/page"}],"author":[{"embeddable":true,"href":"https:\/\/sites.usp.br\/comunicarparaprevenir\/wp-json\/wp\/v2\/users\/23096"}],"replies":[{"embeddable":true,"href":"https:\/\/sites.usp.br\/comunicarparaprevenir\/wp-json\/wp\/v2\/comments?post=1061"}],"version-history":[{"count":2,"href":"https:\/\/sites.usp.br\/comunicarparaprevenir\/wp-json\/wp\/v2\/pages\/1061\/revisions"}],"predecessor-version":[{"id":1144,"href":"https:\/\/sites.usp.br\/comunicarparaprevenir\/wp-json\/wp\/v2\/pages\/1061\/revisions\/1144"}],"wp:attachment":[{"href":"https:\/\/sites.usp.br\/comunicarparaprevenir\/wp-json\/wp\/v2\/media?parent=1061"}],"curies":[{"name":"wp","href":"https:\/\/api.w.org\/{rel}","templated":true}]}}