{"id":1255,"date":"2022-11-25T10:57:44","date_gmt":"2022-11-25T13:57:44","guid":{"rendered":"https:\/\/sites.usp.br\/comunicarparaprevenir\/?page_id=1255"},"modified":"2022-11-25T10:59:23","modified_gmt":"2022-11-25T13:59:23","slug":"objetivo","status":"publish","type":"page","link":"https:\/\/sites.usp.br\/comunicarparaprevenir\/objetivo\/","title":{"rendered":"Objetivo"},"content":{"rendered":"\n<p>O projeto \u201c<em>Comunicar para prevenir: cria\u00e7\u00e3o de uma plataforma digital para enfrentamento das mudan\u00e7as clim\u00e1ticas e da vulnerabilidade a deslizamentos de terra no munic\u00edpio de Cunha \u2013 SP<\/em>\u201d, \u00e9 fruto da parceria estabelecida entre pesquisadores de distintas institui\u00e7\u00f5es de ensino e pesquisa do Brasil e do exterior para estudo da vulnerabilidade de deslizamento de terras em Cunha frente \u00e0s mudan\u00e7as clim\u00e1ticas.<\/p>\n\n\n\n<p>O munic\u00edpio de Cunha foi escolhido para o desenvolvimento do projeto por se tratar de um munic\u00edpio com turismo em expans\u00e3o, de uma \u00e1rea com hist\u00f3rico de deslizamentos com v\u00edtimas fatais, por abrigar as nascentes dos rios Paraitinga e Paraibuna, formadores da Bacia Hidrogr\u00e1fica do Rio Para\u00edba do Sul; e, por ser um munic\u00edpio cuja vegeta\u00e7\u00e3o nativa tem sido amplamente substitu\u00edda para implanta\u00e7\u00e3o de pastagem e\/ou agricultura.<\/p>\n\n\n\n<p>Diante do contexto da \u00e1rea de estudos escolhida, o objetivo prim\u00e1rio deste projeto foi criar um programa de conscientiza\u00e7\u00e3o p\u00fablica, visando criar uma plataforma virtual para compartilhar conhecimentos sobre a vulnerabilidade do munic\u00edpio a deslizamentos de terra frente a diferentes cen\u00e1rios de mudan\u00e7as clim\u00e1ticas.<\/p>\n","protected":false},"excerpt":{"rendered":"<p>O projeto \u201cComunicar para prevenir: cria\u00e7\u00e3o de uma plataforma digital para enfrentamento das mudan\u00e7as clim\u00e1ticas e da vulnerabilidade a deslizamentos de terra no munic\u00edpio de Cunha \u2013 SP\u201d, \u00e9 fruto da parceria estabelecida entre&#46;&#46;&#46;<\/p>\n","protected":false},"author":23096,"featured_media":0,"parent":0,"menu_order":0,"comment_status":"closed","ping_status":"closed","template":"","meta":{"footnotes":"","_links_to":"","_links_to_target":""},"class_list":["post-1255","page","type-page","status-publish","hentry"],"_links":{"self":[{"href":"https:\/\/sites.usp.br\/comunicarparaprevenir\/wp-json\/wp\/v2\/pages\/1255","targetHints":{"allow":["GET"]}}],"collection":[{"href":"https:\/\/sites.usp.br\/comunicarparaprevenir\/wp-json\/wp\/v2\/pages"}],"about":[{"href":"https:\/\/sites.usp.br\/comunicarparaprevenir\/wp-json\/wp\/v2\/types\/page"}],"author":[{"embeddable":true,"href":"https:\/\/sites.usp.br\/comunicarparaprevenir\/wp-json\/wp\/v2\/users\/23096"}],"replies":[{"embeddable":true,"href":"https:\/\/sites.usp.br\/comunicarparaprevenir\/wp-json\/wp\/v2\/comments?post=1255"}],"version-history":[{"count":2,"href":"https:\/\/sites.usp.br\/comunicarparaprevenir\/wp-json\/wp\/v2\/pages\/1255\/revisions"}],"predecessor-version":[{"id":1259,"href":"https:\/\/sites.usp.br\/comunicarparaprevenir\/wp-json\/wp\/v2\/pages\/1255\/revisions\/1259"}],"wp:attachment":[{"href":"https:\/\/sites.usp.br\/comunicarparaprevenir\/wp-json\/wp\/v2\/media?parent=1255"}],"curies":[{"name":"wp","href":"https:\/\/api.w.org\/{rel}","templated":true}]}}