{"id":1283,"date":"2023-06-14T12:15:51","date_gmt":"2023-06-14T15:15:51","guid":{"rendered":"https:\/\/sites.usp.br\/comunicarparaprevenir\/?page_id=1283"},"modified":"2023-06-14T19:21:53","modified_gmt":"2023-06-14T22:21:53","slug":"atlas-2","status":"publish","type":"page","link":"https:\/\/sites.usp.br\/comunicarparaprevenir\/atlas-2\/","title":{"rendered":"Atlas"},"content":{"rendered":"\n<p>O Atlas s\u00f3cio geogr\u00e1fico do munic\u00edpio de Cunha-SP sobre deslizamentos de terra pode ser acessado em<\/p>\n\n\n\n<p><a href=\"https:\/\/sites.usp.br\/comunicarparaprevenir\/wp-content\/uploads\/sites\/1122\/2022\/06\/AtlasCunha_Final.pdf\">Atlas<\/a><\/p>\n","protected":false},"excerpt":{"rendered":"<p>O Atlas s\u00f3cio geogr\u00e1fico do munic\u00edpio de Cunha-SP sobre deslizamentos de terra pode ser acessado em Atlas<\/p>\n","protected":false},"author":23096,"featured_media":0,"parent":0,"menu_order":0,"comment_status":"closed","ping_status":"closed","template":"","meta":{"footnotes":"","_links_to":"","_links_to_target":""},"class_list":["post-1283","page","type-page","status-publish","hentry"],"_links":{"self":[{"href":"https:\/\/sites.usp.br\/comunicarparaprevenir\/wp-json\/wp\/v2\/pages\/1283","targetHints":{"allow":["GET"]}}],"collection":[{"href":"https:\/\/sites.usp.br\/comunicarparaprevenir\/wp-json\/wp\/v2\/pages"}],"about":[{"href":"https:\/\/sites.usp.br\/comunicarparaprevenir\/wp-json\/wp\/v2\/types\/page"}],"author":[{"embeddable":true,"href":"https:\/\/sites.usp.br\/comunicarparaprevenir\/wp-json\/wp\/v2\/users\/23096"}],"replies":[{"embeddable":true,"href":"https:\/\/sites.usp.br\/comunicarparaprevenir\/wp-json\/wp\/v2\/comments?post=1283"}],"version-history":[{"count":2,"href":"https:\/\/sites.usp.br\/comunicarparaprevenir\/wp-json\/wp\/v2\/pages\/1283\/revisions"}],"predecessor-version":[{"id":1298,"href":"https:\/\/sites.usp.br\/comunicarparaprevenir\/wp-json\/wp\/v2\/pages\/1283\/revisions\/1298"}],"wp:attachment":[{"href":"https:\/\/sites.usp.br\/comunicarparaprevenir\/wp-json\/wp\/v2\/media?parent=1283"}],"curies":[{"name":"wp","href":"https:\/\/api.w.org\/{rel}","templated":true}]}}