{"id":858,"date":"2022-08-12T08:40:14","date_gmt":"2022-08-12T11:40:14","guid":{"rendered":"https:\/\/sites.usp.br\/comunicarparaprevenir\/?page_id=858"},"modified":"2022-10-10T22:50:36","modified_gmt":"2022-10-11T01:50:36","slug":"tipos-de-deslizamento","status":"publish","type":"page","link":"https:\/\/sites.usp.br\/comunicarparaprevenir\/tipos-de-deslizamento\/","title":{"rendered":"Tipos de movimento de massa"},"content":{"rendered":"<p>H\u00e1<strong> quatro<\/strong> tipos diferentes de movimentos de massa:<\/p>\n<ul>\n<li><em>Quedas (&#8220;falls&#8221;)<\/em><\/li>\n<\/ul>\n<p><a href=\"https:\/\/sites.usp.br\/comunicarparaprevenir\/wp-content\/uploads\/sites\/1122\/2022\/10\/queda.jpg\"><img loading=\"lazy\" decoding=\"async\" class=\"aligncenter wp-image-1134 size-full\" src=\"https:\/\/sites.usp.br\/comunicarparaprevenir\/wp-content\/uploads\/sites\/1122\/2022\/10\/queda.jpg\" alt=\"\" width=\"366\" height=\"300\" data-id=\"1134\" srcset=\"https:\/\/sites.usp.br\/comunicarparaprevenir\/wp-content\/uploads\/sites\/1122\/2022\/10\/queda.jpg 366w, https:\/\/sites.usp.br\/comunicarparaprevenir\/wp-content\/uploads\/sites\/1122\/2022\/10\/queda-300x246.jpg 300w\" sizes=\"auto, (max-width: 366px) 100vw, 366px\" \/><\/a><\/p>\n<p>As quedas ocorrem quando n\u00e3o h\u00e1 planos de deslizamento. O volume de material deslocado \u00e9 m\u00e9dio ou pequeno e as rochas apresentam formato variado. S\u00e3o movimentos de queda livre ou plano inclinado e o material \u00e9 rochoso. A geometria \u00e9 vari\u00e1vel.<\/p>\n<ul>\n<li><em>Rastejos (&#8220;creep&#8221;)<\/em><\/li>\n<\/ul>\n<p><a href=\"https:\/\/sites.usp.br\/comunicarparaprevenir\/wp-content\/uploads\/sites\/1122\/2022\/10\/rastejo.jpg\"><img loading=\"lazy\" decoding=\"async\" class=\"aligncenter wp-image-1136 size-full\" src=\"https:\/\/sites.usp.br\/comunicarparaprevenir\/wp-content\/uploads\/sites\/1122\/2022\/10\/rastejo.jpg\" alt=\"\" width=\"372\" height=\"279\" data-id=\"1136\" srcset=\"https:\/\/sites.usp.br\/comunicarparaprevenir\/wp-content\/uploads\/sites\/1122\/2022\/10\/rastejo.jpg 372w, https:\/\/sites.usp.br\/comunicarparaprevenir\/wp-content\/uploads\/sites\/1122\/2022\/10\/rastejo-300x225.jpg 300w, https:\/\/sites.usp.br\/comunicarparaprevenir\/wp-content\/uploads\/sites\/1122\/2022\/10\/rastejo-80x60.jpg 80w\" sizes=\"auto, (max-width: 372px) 100vw, 372px\" \/><\/a><\/p>\n<p>Os rastejos apresentam v\u00e1rios planos de deslocamento. A velocidade do movimento \u00e9 muito baixa e decrescente com a profundidade, o movimento \u00e9 constante. O volume \u00e9 de solo, dep\u00f3sito e rochas alteradas ou fraturadas.<\/p>\n<ul>\n<li><em>Deslizamentos (&#8220;slides&#8221;)<\/em><\/li>\n<\/ul>\n<p><a href=\"https:\/\/sites.usp.br\/comunicarparaprevenir\/wp-content\/uploads\/sites\/1122\/2022\/10\/deslizamento.jpg\"><img loading=\"lazy\" decoding=\"async\" class=\"aligncenter wp-image-1138 size-full\" src=\"https:\/\/sites.usp.br\/comunicarparaprevenir\/wp-content\/uploads\/sites\/1122\/2022\/10\/deslizamento.jpg\" alt=\"\" width=\"376\" height=\"365\" data-id=\"1138\" srcset=\"https:\/\/sites.usp.br\/comunicarparaprevenir\/wp-content\/uploads\/sites\/1122\/2022\/10\/deslizamento.jpg 376w, https:\/\/sites.usp.br\/comunicarparaprevenir\/wp-content\/uploads\/sites\/1122\/2022\/10\/deslizamento-300x291.jpg 300w, https:\/\/sites.usp.br\/comunicarparaprevenir\/wp-content\/uploads\/sites\/1122\/2022\/10\/deslizamento-45x45.jpg 45w\" sizes=\"auto, (max-width: 376px) 100vw, 376px\" \/><\/a><\/p>\n<p>Os deslizamentos t\u00eam poucos planos de deslocamento e velocidade m\u00e9dia a alta. O volume de material \u00e9 pequeno a grande e a geometria do material tamb\u00e9m \u00e9 variada, podendo ser planar, circular ou em cunha.<\/p>\n<ul>\n<li><em>Corridas (&#8220;flows&#8221;)<\/em><\/li>\n<\/ul>\n<p><a href=\"https:\/\/sites.usp.br\/comunicarparaprevenir\/wp-content\/uploads\/sites\/1122\/2022\/10\/corrida.jpg\"><img loading=\"lazy\" decoding=\"async\" class=\"aligncenter wp-image-1141 size-full\" src=\"https:\/\/sites.usp.br\/comunicarparaprevenir\/wp-content\/uploads\/sites\/1122\/2022\/10\/corrida.jpg\" alt=\"\" width=\"356\" height=\"296\" data-id=\"1141\" srcset=\"https:\/\/sites.usp.br\/comunicarparaprevenir\/wp-content\/uploads\/sites\/1122\/2022\/10\/corrida.jpg 356w, https:\/\/sites.usp.br\/comunicarparaprevenir\/wp-content\/uploads\/sites\/1122\/2022\/10\/corrida-300x249.jpg 300w\" sizes=\"auto, (max-width: 356px) 100vw, 356px\" \/><\/a><\/p>\n<p>As corridas apresentam muitos planos de deslocamento e o movimento \u00e9 parecido com o de um l\u00edquido viscoso. A velocidade \u00e9 alta e apresenta alto n\u00edvel de destrui\u00e7\u00e3o e extenso raio de alcance. S\u00e3o desenvolvidas ao longo de drenagens e h\u00e1 mobiliza\u00e7\u00e3o de solo, rocha, detritos e \u00e1gua.<\/p>\n","protected":false},"excerpt":{"rendered":"<p>H\u00e1 quatro tipos diferentes de movimentos de massa: Quedas (&#8220;falls&#8221;) As quedas ocorrem quando n\u00e3o h\u00e1 planos de deslizamento. O volume de material deslocado \u00e9 m\u00e9dio ou pequeno e as rochas apresentam formato variado.&#46;&#46;&#46;<\/p>\n","protected":false},"author":23096,"featured_media":0,"parent":0,"menu_order":0,"comment_status":"closed","ping_status":"closed","template":"","meta":{"footnotes":"","_links_to":"","_links_to_target":""},"class_list":["post-858","page","type-page","status-publish","hentry"],"_links":{"self":[{"href":"https:\/\/sites.usp.br\/comunicarparaprevenir\/wp-json\/wp\/v2\/pages\/858","targetHints":{"allow":["GET"]}}],"collection":[{"href":"https:\/\/sites.usp.br\/comunicarparaprevenir\/wp-json\/wp\/v2\/pages"}],"about":[{"href":"https:\/\/sites.usp.br\/comunicarparaprevenir\/wp-json\/wp\/v2\/types\/page"}],"author":[{"embeddable":true,"href":"https:\/\/sites.usp.br\/comunicarparaprevenir\/wp-json\/wp\/v2\/users\/23096"}],"replies":[{"embeddable":true,"href":"https:\/\/sites.usp.br\/comunicarparaprevenir\/wp-json\/wp\/v2\/comments?post=858"}],"version-history":[{"count":4,"href":"https:\/\/sites.usp.br\/comunicarparaprevenir\/wp-json\/wp\/v2\/pages\/858\/revisions"}],"predecessor-version":[{"id":1146,"href":"https:\/\/sites.usp.br\/comunicarparaprevenir\/wp-json\/wp\/v2\/pages\/858\/revisions\/1146"}],"wp:attachment":[{"href":"https:\/\/sites.usp.br\/comunicarparaprevenir\/wp-json\/wp\/v2\/media?parent=858"}],"curies":[{"name":"wp","href":"https:\/\/api.w.org\/{rel}","templated":true}]}}