{"id":859,"date":"2022-08-12T08:40:14","date_gmt":"2022-08-12T11:40:14","guid":{"rendered":"https:\/\/sites.usp.br\/comunicarparaprevenir\/?page_id=859"},"modified":"2022-10-10T22:49:51","modified_gmt":"2022-10-11T01:49:51","slug":"como-identificar","status":"publish","type":"page","link":"https:\/\/sites.usp.br\/comunicarparaprevenir\/como-identificar\/","title":{"rendered":"Como identificar"},"content":{"rendered":"<ul>\n<li style=\"text-align: left;\">Rachaduras ou fendas em encostas e nas casas;<\/li>\n<li style=\"text-align: left;\">Trincas nos sol, principalmente na parte superior de taludes (barrancos);<\/li>\n<li style=\"text-align: left;\">Surgimento de minas d&#8217;\u00e1gua;<\/li>\n<li style=\"text-align: left;\">Inclina\u00e7\u00e3o anormal de postes ou \u00e1rvores;<\/li>\n<li style=\"text-align: left;\">Muros e paredes estufados;<\/li>\n<li style=\"text-align: left;\">Estalos; e<\/li>\n<li style=\"text-align: left;\">\u00c1guas mais barrentas que o normal.<\/li>\n<\/ul>\n<p>Deslizamentos de terra s\u00e3o movimenta\u00e7\u00f5es de massa. Eles ocorrem quando o n\u00edvel de \u00e1gua em um solo ultrapassa o limite de satura\u00e7\u00e3o, como em per\u00edodos de longas chuvas. S\u00e3o fen\u00f4menos naturais, contudo podem causar desastres se ocorrerem em uma \u00e1rea habitada. De maneira geral, s\u00e3o movimentos r\u00e1pidos de dura\u00e7\u00e3o curta, mas podem causar grandes estragos!<\/p>\n<p>&nbsp;<\/p>\n","protected":false},"excerpt":{"rendered":"<p>Rachaduras ou fendas em encostas e nas casas; Trincas nos sol, principalmente na parte superior de taludes (barrancos); Surgimento de minas d&#8217;\u00e1gua; Inclina\u00e7\u00e3o anormal de postes ou \u00e1rvores; Muros e paredes estufados; Estalos; e&#46;&#46;&#46;<\/p>\n","protected":false},"author":23096,"featured_media":0,"parent":0,"menu_order":0,"comment_status":"closed","ping_status":"closed","template":"","meta":{"footnotes":"","_links_to":"","_links_to_target":""},"class_list":["post-859","page","type-page","status-publish","hentry"],"_links":{"self":[{"href":"https:\/\/sites.usp.br\/comunicarparaprevenir\/wp-json\/wp\/v2\/pages\/859","targetHints":{"allow":["GET"]}}],"collection":[{"href":"https:\/\/sites.usp.br\/comunicarparaprevenir\/wp-json\/wp\/v2\/pages"}],"about":[{"href":"https:\/\/sites.usp.br\/comunicarparaprevenir\/wp-json\/wp\/v2\/types\/page"}],"author":[{"embeddable":true,"href":"https:\/\/sites.usp.br\/comunicarparaprevenir\/wp-json\/wp\/v2\/users\/23096"}],"replies":[{"embeddable":true,"href":"https:\/\/sites.usp.br\/comunicarparaprevenir\/wp-json\/wp\/v2\/comments?post=859"}],"version-history":[{"count":5,"href":"https:\/\/sites.usp.br\/comunicarparaprevenir\/wp-json\/wp\/v2\/pages\/859\/revisions"}],"predecessor-version":[{"id":1145,"href":"https:\/\/sites.usp.br\/comunicarparaprevenir\/wp-json\/wp\/v2\/pages\/859\/revisions\/1145"}],"wp:attachment":[{"href":"https:\/\/sites.usp.br\/comunicarparaprevenir\/wp-json\/wp\/v2\/media?parent=859"}],"curies":[{"name":"wp","href":"https:\/\/api.w.org\/{rel}","templated":true}]}}