{"id":868,"date":"2022-08-12T08:40:14","date_gmt":"2022-08-12T11:40:14","guid":{"rendered":"https:\/\/sites.usp.br\/comunicarparaprevenir\/?page_id=868"},"modified":"2022-10-07T13:01:16","modified_gmt":"2022-10-07T16:01:16","slug":"regiao-administrativa","status":"publish","type":"page","link":"https:\/\/sites.usp.br\/comunicarparaprevenir\/regiao-administrativa\/","title":{"rendered":"Regi\u00e3o administrativa"},"content":{"rendered":"<p><img loading=\"lazy\" decoding=\"async\" class=\"size-thumbnail aligncenter\" src=\"https:\/\/www.cunha.sp.gov.br\/wp-content\/uploads\/2018\/03\/21-min.jpg\" width=\"640\" height=\"425\" \/><\/p>\n<p style=\"text-align: center;\"><em>Foto <a href=\"https:\/\/www.cunha.sp.gov.br\/a-cidade\/fotos\/\">Prefeitura de Cunha<\/a><\/em><\/p>\n<p>Cunha se tornou uma cidade em 1858, e \u00e9 composta por dois distritos: Cunha e Campos Novos, desde a divis\u00e3o distrital datada de 15\/8\/1999. H\u00e1 8 estabelecimentos de sa\u00fade SUS e IDH de 0,684. O PIB\u00a0<em>per capita\u00a0<\/em>\u00e9 7518,13 reais, como consultado em 2013.<\/p>\n<p>A popula\u00e7\u00e3o residente \u00e9 de 21866 pessoas, sendo 11164 homens e 10702 mulheres. A densidade demogr\u00e1fica calculada em 2010 \u00e9 de 15,54 hab\/km2, e o gent\u00edlico \u00e9 &#8220;cunhense&#8221;.<\/p>\n","protected":false},"excerpt":{"rendered":"<p>Foto Prefeitura de Cunha Cunha se tornou uma cidade em 1858, e \u00e9 composta por dois distritos: Cunha e Campos Novos, desde a divis\u00e3o distrital datada de 15\/8\/1999. H\u00e1 8 estabelecimentos de sa\u00fade SUS&#46;&#46;&#46;<\/p>\n","protected":false},"author":23096,"featured_media":0,"parent":0,"menu_order":0,"comment_status":"closed","ping_status":"closed","template":"","meta":{"footnotes":"","_links_to":"","_links_to_target":""},"class_list":["post-868","page","type-page","status-publish","hentry"],"_links":{"self":[{"href":"https:\/\/sites.usp.br\/comunicarparaprevenir\/wp-json\/wp\/v2\/pages\/868","targetHints":{"allow":["GET"]}}],"collection":[{"href":"https:\/\/sites.usp.br\/comunicarparaprevenir\/wp-json\/wp\/v2\/pages"}],"about":[{"href":"https:\/\/sites.usp.br\/comunicarparaprevenir\/wp-json\/wp\/v2\/types\/page"}],"author":[{"embeddable":true,"href":"https:\/\/sites.usp.br\/comunicarparaprevenir\/wp-json\/wp\/v2\/users\/23096"}],"replies":[{"embeddable":true,"href":"https:\/\/sites.usp.br\/comunicarparaprevenir\/wp-json\/wp\/v2\/comments?post=868"}],"version-history":[{"count":3,"href":"https:\/\/sites.usp.br\/comunicarparaprevenir\/wp-json\/wp\/v2\/pages\/868\/revisions"}],"predecessor-version":[{"id":1130,"href":"https:\/\/sites.usp.br\/comunicarparaprevenir\/wp-json\/wp\/v2\/pages\/868\/revisions\/1130"}],"wp:attachment":[{"href":"https:\/\/sites.usp.br\/comunicarparaprevenir\/wp-json\/wp\/v2\/media?parent=868"}],"curies":[{"name":"wp","href":"https:\/\/api.w.org\/{rel}","templated":true}]}}