{"id":869,"date":"2022-08-12T08:40:14","date_gmt":"2022-08-12T11:40:14","guid":{"rendered":"https:\/\/sites.usp.br\/comunicarparaprevenir\/?page_id=869"},"modified":"2022-10-07T13:00:02","modified_gmt":"2022-10-07T16:00:02","slug":"fotografias-e-historia","status":"publish","type":"page","link":"https:\/\/sites.usp.br\/comunicarparaprevenir\/fotografias-e-historia\/","title":{"rendered":"Fotografias e hist\u00f3ria"},"content":{"rendered":"<p>Para mais informa\u00e7\u00f5es de Cunha, acesse o <a href=\"https:\/\/www.cunha.sp.gov.br\/\">website da prefeitura<\/a> ou pelo <a href=\"https:\/\/pt.wikipedia.org\/wiki\/Cunha_(S%C3%A3o_Paulo)\">Wikipedia<\/a>!<\/p>\n<p>&nbsp;<\/p>\n<p><img loading=\"lazy\" decoding=\"async\" class=\"size-thumbnail aligncenter\" src=\"https:\/\/www.cunha.sp.gov.br\/wp-content\/uploads\/2018\/03\/11-min.jpg\" width=\"640\" height=\"425\" \/><\/p>\n<p style=\"text-align: center;\"><em>Foto <a href=\"https:\/\/www.cunha.sp.gov.br\/a-cidade\/fotos\/\">Prefeitura de Cunha<\/a><\/em><\/p>\n<p>A cidade de Cunha foi fundada em 1794, sendo caminho de portugueses, &#8220;crist\u00e3os-novos&#8221;, africanos e guian\u00e1s, com uma paragem colonial. Seguindo em frente, a estrada leva at\u00e9 Parati e, antes, Guaratinguet\u00e1 e Taubat\u00e9. Por\u00e9m, a cidade data de muito antes quando, por volta do ano 1000, a cidade foi ocupada por povos tupis da Amaz\u00f4nia.<\/p>\n<p>Em 1730, viajantes se instalaram no local, fundando um povoado. As trilhas ent\u00e3o, no s\u00e9culo XIX, foram cal\u00e7adas para o transporte de caf\u00e9, a riqueza da \u00e9poca.<\/p>\n<p>Cunha se tornou um munic\u00edpio em 1858, depois da emancipa\u00e7\u00e3o de Guaratinguet\u00e1, sendo esta data comemorada no dia 20 de Abril.<\/p>\n<p><img loading=\"lazy\" decoding=\"async\" class=\"size-thumbnail aligncenter\" src=\"https:\/\/www.cunha.sp.gov.br\/wp-content\/uploads\/2018\/03\/5-min.jpg\" width=\"605\" height=\"454\" \/><\/p>\n<p style=\"text-align: center;\"><em>Foto <a href=\"https:\/\/www.cunha.sp.gov.br\/a-cidade\/fotos\/\">Prefeitura de Cunha<\/a><\/em><\/p>\n","protected":false},"excerpt":{"rendered":"<p>Para mais informa\u00e7\u00f5es de Cunha, acesse o website da prefeitura ou pelo Wikipedia! &nbsp; Foto Prefeitura de Cunha A cidade de Cunha foi fundada em 1794, sendo caminho de portugueses, &#8220;crist\u00e3os-novos&#8221;, africanos e guian\u00e1s,&#46;&#46;&#46;<\/p>\n","protected":false},"author":23096,"featured_media":0,"parent":0,"menu_order":0,"comment_status":"closed","ping_status":"closed","template":"","meta":{"footnotes":"","_links_to":"","_links_to_target":""},"class_list":["post-869","page","type-page","status-publish","hentry"],"_links":{"self":[{"href":"https:\/\/sites.usp.br\/comunicarparaprevenir\/wp-json\/wp\/v2\/pages\/869","targetHints":{"allow":["GET"]}}],"collection":[{"href":"https:\/\/sites.usp.br\/comunicarparaprevenir\/wp-json\/wp\/v2\/pages"}],"about":[{"href":"https:\/\/sites.usp.br\/comunicarparaprevenir\/wp-json\/wp\/v2\/types\/page"}],"author":[{"embeddable":true,"href":"https:\/\/sites.usp.br\/comunicarparaprevenir\/wp-json\/wp\/v2\/users\/23096"}],"replies":[{"embeddable":true,"href":"https:\/\/sites.usp.br\/comunicarparaprevenir\/wp-json\/wp\/v2\/comments?post=869"}],"version-history":[{"count":3,"href":"https:\/\/sites.usp.br\/comunicarparaprevenir\/wp-json\/wp\/v2\/pages\/869\/revisions"}],"predecessor-version":[{"id":1129,"href":"https:\/\/sites.usp.br\/comunicarparaprevenir\/wp-json\/wp\/v2\/pages\/869\/revisions\/1129"}],"wp:attachment":[{"href":"https:\/\/sites.usp.br\/comunicarparaprevenir\/wp-json\/wp\/v2\/media?parent=869"}],"curies":[{"name":"wp","href":"https:\/\/api.w.org\/{rel}","templated":true}]}}