{"id":870,"date":"2022-08-12T08:40:14","date_gmt":"2022-08-12T11:40:14","guid":{"rendered":"https:\/\/sites.usp.br\/comunicarparaprevenir\/?page_id=870"},"modified":"2022-10-10T22:21:08","modified_gmt":"2022-10-11T01:21:08","slug":"sobre-o-projeto","status":"publish","type":"page","link":"https:\/\/sites.usp.br\/comunicarparaprevenir\/sobre-o-projeto\/","title":{"rendered":"Sobre o projeto"},"content":{"rendered":"<p>O projeto \u201c<i>Comunicar para prevenir: cria\u00e7\u00e3o de uma plataforma digital para enfrentamento das mudan\u00e7as clim\u00e1ticas e da vulnerabilidade a deslizamentos de terra no munic\u00edpio de Cunha \u2013 SP<\/i>\u201d, \u00e9 fruto da parceria estabelecida entre pesquisadores de distintas institui\u00e7\u00f5es de ensino e pesquisa do Brasil e do exterior para estudo da vulnerabilidade de deslizamento de terras em Cunha frente \u00e0s mudan\u00e7as clim\u00e1ticas.<\/p>\n<p>O munic\u00edpio de Cunha foi escolhido para o desenvolvimento do projeto por se tratar de um munic\u00edpio com turismo em expans\u00e3o, de uma \u00e1rea com hist\u00f3rico de deslizamentos com v\u00edtimas fatais, por abrigar as nascentes dos rios Paraitinga e Paraibuna, formadores da Bacia Hidrogr\u00e1fica do Rio Para\u00edba do Sul; e, por ser um munic\u00edpio cuja vegeta\u00e7\u00e3o nativa tem sido amplamente substitu\u00edda para implanta\u00e7\u00e3o de pastagem e\/ou agricultura.<\/p>\n<p>Diante do contexto da \u00e1rea de estudos escolhida, o objetivo prim\u00e1rio deste projeto foi criar um programa de conscientiza\u00e7\u00e3o p\u00fablica, visando criar uma plataforma virtual para compartilhar conhecimentos sobre a vulnerabilidade do munic\u00edpio a deslizamentos de terra frente a diferentes cen\u00e1rios de mudan\u00e7as clim\u00e1ticas.<\/p>\n<p><strong>Quem somos:<\/strong><\/p>\n<p><em>Coordena\u00e7\u00e3o:<\/em><\/p>\n<p>Dan\u00fabia Caporusso Bargos \u2013 Doutora em Ci\u00eancias e Docente do Departamento de Ci\u00eancias B\u00e1sicas e Ambientais da EEL\/USP (Lattes:\u00a0<a href=\"http:\/\/lattes.cnpq.br\/1070404228174660\" target=\"_blank\" rel=\"noopener\" data-saferedirecturl=\"https:\/\/www.google.com\/url?q=http:\/\/lattes.cnpq.br\/1070404228174660&amp;source=gmail&amp;ust=1665537569748000&amp;usg=AOvVaw3LQWEMD6y_tdehHgixmfC7\">http:\/\/lattes.cnpq.br\/<wbr \/>1070404228174660<\/a>) -;<\/p>\n<p><em>Colaboradores:<\/em><\/p>\n<ul>\n<li>Daniel Andr\u00e9s Rodriguez \u2013 Doutor em Meteorologia e Pesquisador da UFRJ (Lattes:\u00a0<a href=\"http:\/\/lattes.cnpq.br\/9562026485353606\" target=\"_blank\" rel=\"noopener\" data-saferedirecturl=\"https:\/\/www.google.com\/url?q=http:\/\/lattes.cnpq.br\/9562026485353606&amp;source=gmail&amp;ust=1665537569748000&amp;usg=AOvVaw1dnUXNKZ9Yv9xnA6NbsImN\">http:\/\/lattes.cnpq.br\/<wbr \/>9562026485353606<\/a>);<\/li>\n<li>D\u00e9bora Luisa Silva Teixeira \u2013 Mestranda em Meio Ambiente e Recursos H\u00eddricos pela UNIFEI \u2013 MG (Lattes:\u00a0<a href=\"http:\/\/lattes.cnpq.br\/4004112372907611\" target=\"_blank\" rel=\"noopener\" data-saferedirecturl=\"https:\/\/www.google.com\/url?q=http:\/\/lattes.cnpq.br\/4004112372907611&amp;source=gmail&amp;ust=1665537569748000&amp;usg=AOvVaw3wWdO3_PePlYcM70hrHp3c\">http:\/\/lattes.cnpq.br\/<wbr \/>4004112372907611<\/a>);<\/li>\n<li>Efraim Greg\u00f3rio Ferraz &#8211; Professor de Educa\u00e7\u00e3o B\u00e1sica II da Est\u00e2ncia Clim\u00e1tica de Cunha, Secretaria de Educa\u00e7\u00e3o do Estado de S\u00e3o Paulo;<\/li>\n<li>Elsa Paula Figueira Ferreira Morgado de Sampaio \u2013 Doutora em Ci\u00eancias do Ambiente, Docente e Pesquisadora no Departamento de Geoci\u00eancias da Universidade de \u00c9vora \u2013 Portugal (Curr\u00edculo:\u00a0<a href=\"https:\/\/www.cienciavitae.pt\/8014-6B10-BB34\" target=\"_blank\" rel=\"noopener\" data-saferedirecturl=\"https:\/\/www.google.com\/url?q=https:\/\/www.cienciavitae.pt\/8014-6B10-BB34&amp;source=gmail&amp;ust=1665537569748000&amp;usg=AOvVaw0HyEY1_AmI3XQZBsZsmVuK\">https:\/\/www.cienciavitae.pt\/<wbr \/>8014-6B10-BB34<\/a>;\u00a0<a href=\"https:\/\/www.uevora.pt\/pessoas?id=23746\" target=\"_blank\" rel=\"noopener\" data-saferedirecturl=\"https:\/\/www.google.com\/url?q=https:\/\/www.uevora.pt\/pessoas?id%3D23746&amp;source=gmail&amp;ust=1665537569748000&amp;usg=AOvVaw3Y1FD8bAM5xlfP6iRQHO3n\">https:\/\/www.uevora.pt\/pessoas?<wbr \/>id=23746<\/a>);<\/li>\n<li>Helena Ricardo Rosa \u2013 Graduanda em Engenharia Civil pela FEG\/UNESP (Lattes:\u00a0<a href=\"http:\/\/lattes.cnpq.br\/0618697262376535\" target=\"_blank\" rel=\"noopener\" data-saferedirecturl=\"https:\/\/www.google.com\/url?q=http:\/\/lattes.cnpq.br\/0618697262376535&amp;source=gmail&amp;ust=1665537569748000&amp;usg=AOvVaw3mcikalNJkegQQwRa8zkoC\">http:\/\/lattes.cnpq.br\/<wbr \/>0618697262376535<\/a>);<\/li>\n<li>Irving Rodrigues de Souza \u2013 Engenheiro civil graduado pela FEG\/UNESP (Lattes:\u00a0<a href=\"http:\/\/lattes.cnpq.br\/0057449879291962\" target=\"_blank\" rel=\"noopener\" data-saferedirecturl=\"https:\/\/www.google.com\/url?q=http:\/\/lattes.cnpq.br\/0057449879291962&amp;source=gmail&amp;ust=1665537569748000&amp;usg=AOvVaw2sBqn8XAX5UFZqOI13pIgT\">http:\/\/lattes.cnpq.br\/<wbr \/>0057449879291962<\/a>);<\/li>\n<li>Jos\u00e9 Eder Galdino da Costa &#8211; Prefeito Municipal da Est\u00e2ncia Clim\u00e1tica de Cunha \u2013 SP;<\/li>\n<li>Adriano Lopes Pereira &#8211; Secret\u00e1rio de Planejamento e Obras da Est\u00e2ncia Clim\u00e1tica de Cunha \u2013 SP;<\/li>\n<li>Luiz Tadeu da Silva \u2013 Doutor em Ci\u00eancias Ambientais e Pesquisador do INPE (Lattes:\u00a0<a href=\"http:\/\/lattes.cnpq.br\/6253609309630714\" target=\"_blank\" rel=\"noopener\" data-saferedirecturl=\"https:\/\/www.google.com\/url?q=http:\/\/lattes.cnpq.br\/6253609309630714&amp;source=gmail&amp;ust=1665537569748000&amp;usg=AOvVaw1ak2dTfhy6K7_SuUTT1Qq1\">http:\/\/lattes.cnpq.br\/<wbr \/>6253609309630714<\/a>);<\/li>\n<li>Marcelo Barbio Rosa \u2013 Doutor em Meteorologia e Pesquisador do INPE (Lattes:\u00a0<a href=\"http:\/\/lattes.cnpq.br\/1550003350972703\" target=\"_blank\" rel=\"noopener\" data-saferedirecturl=\"https:\/\/www.google.com\/url?q=http:\/\/lattes.cnpq.br\/1550003350972703&amp;source=gmail&amp;ust=1665537569748000&amp;usg=AOvVaw26GzzLq63Vcxu7ZzQoy0jH\">http:\/\/lattes.cnpq.br\/<wbr \/>1550003350972703<\/a>);<\/li>\n<li>Maria Beth\u00e2nia de Siqueira Leite Fochi \u2013 Docente em Escola Municipal da Est\u00e2ncia Clim\u00e1tica de Cunha (Lattes:\u00a0<a href=\"http:\/\/lattes.cnpq.br\/5023608850559653\" target=\"_blank\" rel=\"noopener\" data-saferedirecturl=\"https:\/\/www.google.com\/url?q=http:\/\/lattes.cnpq.br\/5023608850559653&amp;source=gmail&amp;ust=1665537569748000&amp;usg=AOvVaw0ZwnH6ikHExc2eUGlE6GI9\">http:\/\/lattes.cnpq.br\/<wbr \/>5023608850559653<\/a>);<\/li>\n<li>Ot\u00e1vio Augusto Kalckmann \u2013 Arquiteto, Empres\u00e1rio e Membro da comunidade da Est\u00e2ncia Clim\u00e1tica de Cunha;<\/li>\n<li>Paulo Valladares Soares \u2013 Doutor em Geoci\u00eancias e Docente do Departamento de Engenharia Civil da FEG\/UNESP (Lattes:\u00a0<a href=\"http:\/\/lattes.cnpq.br\/6042891876352496\" target=\"_blank\" rel=\"noopener\" data-saferedirecturl=\"https:\/\/www.google.com\/url?q=http:\/\/lattes.cnpq.br\/6042891876352496&amp;source=gmail&amp;ust=1665537569748000&amp;usg=AOvVaw0JS9GoLs2d4gCEhqfx7eC0\">http:\/\/lattes.cnpq.br\/<wbr \/>6042891876352496<\/a>);<\/li>\n<li>Ronaldo Charles dos Santos &#8211; Presidente da C\u00e2mara Municipal da Est\u00e2ncia Clim\u00e1tica de Cunha \u2013 SP;<\/li>\n<li>Thiago Bazzan \u2013 Doutorando em Sensoriamento Remoto pelo INPE (Lattes:\u00a0<a href=\"http:\/\/lattes.cnpq.br\/0882145988534430\" target=\"_blank\" rel=\"noopener\" data-saferedirecturl=\"https:\/\/www.google.com\/url?q=http:\/\/lattes.cnpq.br\/0882145988534430&amp;source=gmail&amp;ust=1665537569748000&amp;usg=AOvVaw1KE51UOnlPl_zAJe5XLQZT\">http:\/\/lattes.cnpq.br\/<wbr \/>0882145988534430<\/a>);<\/li>\n<li>Wilson dos Santos Monteiro &#8211; Diretor da C\u00e2mara Municipal da Est\u00e2ncia Clim\u00e1tica de Cunha \u2013 SP;<\/li>\n<\/ul>\n","protected":false},"excerpt":{"rendered":"<p>O projeto \u201cComunicar para prevenir: cria\u00e7\u00e3o de uma plataforma digital para enfrentamento das mudan\u00e7as clim\u00e1ticas e da vulnerabilidade a deslizamentos de terra no munic\u00edpio de Cunha \u2013 SP\u201d, \u00e9 fruto da parceria estabelecida entre&#46;&#46;&#46;<\/p>\n","protected":false},"author":23096,"featured_media":0,"parent":0,"menu_order":0,"comment_status":"closed","ping_status":"closed","template":"","meta":{"footnotes":"","_links_to":"","_links_to_target":""},"class_list":["post-870","page","type-page","status-publish","hentry"],"_links":{"self":[{"href":"https:\/\/sites.usp.br\/comunicarparaprevenir\/wp-json\/wp\/v2\/pages\/870","targetHints":{"allow":["GET"]}}],"collection":[{"href":"https:\/\/sites.usp.br\/comunicarparaprevenir\/wp-json\/wp\/v2\/pages"}],"about":[{"href":"https:\/\/sites.usp.br\/comunicarparaprevenir\/wp-json\/wp\/v2\/types\/page"}],"author":[{"embeddable":true,"href":"https:\/\/sites.usp.br\/comunicarparaprevenir\/wp-json\/wp\/v2\/users\/23096"}],"replies":[{"embeddable":true,"href":"https:\/\/sites.usp.br\/comunicarparaprevenir\/wp-json\/wp\/v2\/comments?post=870"}],"version-history":[{"count":3,"href":"https:\/\/sites.usp.br\/comunicarparaprevenir\/wp-json\/wp\/v2\/pages\/870\/revisions"}],"predecessor-version":[{"id":1131,"href":"https:\/\/sites.usp.br\/comunicarparaprevenir\/wp-json\/wp\/v2\/pages\/870\/revisions\/1131"}],"wp:attachment":[{"href":"https:\/\/sites.usp.br\/comunicarparaprevenir\/wp-json\/wp\/v2\/media?parent=870"}],"curies":[{"name":"wp","href":"https:\/\/api.w.org\/{rel}","templated":true}]}}