{"id":950,"date":"2022-09-20T14:16:26","date_gmt":"2022-09-20T17:16:26","guid":{"rendered":"https:\/\/sites.usp.br\/comunicarparaprevenir\/?page_id=950"},"modified":"2022-10-07T12:27:53","modified_gmt":"2022-10-07T15:27:53","slug":"telefones-uteis","status":"publish","type":"page","link":"https:\/\/sites.usp.br\/comunicarparaprevenir\/telefones-uteis\/","title":{"rendered":"Telefones \u00fateis"},"content":{"rendered":"<p>Se voc\u00ea estiver sob algum risco, n\u00e3o hesite em ligar para algum dos n\u00fameros abaixo.<\/p>\n<ul>\n<li><strong>DEFESA CIVIL<\/strong>: 199<\/li>\n<li><strong>CORPO DE BOMBEIROS<\/strong>: 193<\/li>\n<li><strong>POL\u00cdCIA MILITAR<\/strong>: 190<\/li>\n<li><strong>Defesa Civil de Cunha<\/strong>: <a href=\"tel:12-3111-2964\">(12)3111\u20132964<\/a><\/li>\n<\/ul>\n<p>Voc\u00ea tamb\u00e9m pode estar em contato com a Defesa Civil de Cunha\/SP atrav\u00e9s do endere\u00e7o:<\/p>\n<blockquote><p>Travessa Paulo Virg\u00ednio, s\/n \u2013 Centro \u2013 Cunha (SP)<\/p>\n<p>Hor\u00e1rio de\u00a0Expediente interno: das 8h00h \u00e0s 17h00h<\/p>\n<p>Hor\u00e1rio de Atendimento ao p\u00fablico: das 9:00h \u00e0s 16:00h<\/p><\/blockquote>\n<p>Ou atrav\u00e9s do e-mail <a href=\"mailto:defesacivil@cunha.sp.gov.br\">defesacivil@cunha.sp.gov.br<\/a><\/p>\n","protected":false},"excerpt":{"rendered":"<p>Se voc\u00ea estiver sob algum risco, n\u00e3o hesite em ligar para algum dos n\u00fameros abaixo. DEFESA CIVIL: 199 CORPO DE BOMBEIROS: 193 POL\u00cdCIA MILITAR: 190 Defesa Civil de Cunha: (12)3111\u20132964 Voc\u00ea tamb\u00e9m pode estar&#46;&#46;&#46;<\/p>\n","protected":false},"author":23096,"featured_media":0,"parent":0,"menu_order":0,"comment_status":"closed","ping_status":"closed","template":"","meta":{"footnotes":"","_links_to":"","_links_to_target":""},"class_list":["post-950","page","type-page","status-publish","hentry"],"_links":{"self":[{"href":"https:\/\/sites.usp.br\/comunicarparaprevenir\/wp-json\/wp\/v2\/pages\/950","targetHints":{"allow":["GET"]}}],"collection":[{"href":"https:\/\/sites.usp.br\/comunicarparaprevenir\/wp-json\/wp\/v2\/pages"}],"about":[{"href":"https:\/\/sites.usp.br\/comunicarparaprevenir\/wp-json\/wp\/v2\/types\/page"}],"author":[{"embeddable":true,"href":"https:\/\/sites.usp.br\/comunicarparaprevenir\/wp-json\/wp\/v2\/users\/23096"}],"replies":[{"embeddable":true,"href":"https:\/\/sites.usp.br\/comunicarparaprevenir\/wp-json\/wp\/v2\/comments?post=950"}],"version-history":[{"count":3,"href":"https:\/\/sites.usp.br\/comunicarparaprevenir\/wp-json\/wp\/v2\/pages\/950\/revisions"}],"predecessor-version":[{"id":1114,"href":"https:\/\/sites.usp.br\/comunicarparaprevenir\/wp-json\/wp\/v2\/pages\/950\/revisions\/1114"}],"wp:attachment":[{"href":"https:\/\/sites.usp.br\/comunicarparaprevenir\/wp-json\/wp\/v2\/media?parent=950"}],"curies":[{"name":"wp","href":"https:\/\/api.w.org\/{rel}","templated":true}]}}