{"id":951,"date":"2022-09-20T14:16:26","date_gmt":"2022-09-20T17:16:26","guid":{"rendered":"https:\/\/sites.usp.br\/comunicarparaprevenir\/?page_id=951"},"modified":"2022-10-07T12:55:54","modified_gmt":"2022-10-07T15:55:54","slug":"cunha","status":"publish","type":"page","link":"https:\/\/sites.usp.br\/comunicarparaprevenir\/cunha\/","title":{"rendered":"Cunha"},"content":{"rendered":"<p><img loading=\"lazy\" decoding=\"async\" class=\"aligncenter size-thumbnail\" src=\"https:\/\/www.cunha.sp.gov.br\/wp-content\/uploads\/2018\/03\/1-min.jpg\" width=\"605\" height=\"454\" \/><\/p>\n<p style=\"text-align: center;\"><em>Foto <a href=\"https:\/\/www.cunha.sp.gov.br\/a-cidade\/fotos\/\">Prefeitura de Cunha<\/a><\/em><\/p>\n<p>A cidade de <a href=\"https:\/\/pt.wikipedia.org\/wiki\/Cunha_(S%C3%A3o_Paulo)\">Cunha<\/a> est\u00e1 no estado de S\u00e3o Paulo, localizada no Alto Para\u00edba, e possui 1407,25 km2 de extens\u00e3o territorial. Est\u00e1 situada entre as serras de Quebra-Cangalha, Bocaina e a serra do Mar e abriga as nascentes dos rios Jacu\u00ed e Paraibuna, al\u00e9m de \u00e1reas da bacia hidrogr\u00e1fica do rio Para\u00edba do Sul. Segundo o IBGE, Cunha abriga 21866 pessoas, sendo 12167 moradores da zona urbana e 9699 moradores da zona rural.<\/p>\n<p>Em rela\u00e7\u00e3o aos deslizamentos de terra, de acordo com o Cemaden e o IBGE (2018), at\u00e9 abril de 2017 existia 853 casas situadas em \u00e1reas de risco, abrigando 2680 pessoas, equivalente a 12,3% da popula\u00e7\u00e3o local.<\/p>\n<p>A cidade conta com duas \u00e1reas verde protegidas: o Parque Estadual da Serra da Bocaina e o Parque Nacional da Bocaina e a bacia hidrogr\u00e1fica dos rios Paraitinga e Paraibuna. Al\u00e9m disso, tamb\u00e9m est\u00e3o presentes o Pico da Pedra da Macela, o Parque Florestal e o Caminho do Ouro &#8211; Estrada Real.<\/p>\n<p><img loading=\"lazy\" decoding=\"async\" class=\"aligncenter size-thumbnail\" src=\"https:\/\/www.cunha.sp.gov.br\/wp-content\/uploads\/2018\/03\/15-min.jpg\" width=\"640\" height=\"425\" \/><\/p>\n<p style=\"text-align: center;\"><em>Foto <a href=\"https:\/\/www.cunha.sp.gov.br\/a-cidade\/fotos\/\">Prefeitura de Cunha<\/a><\/em><\/p>\n","protected":false},"excerpt":{"rendered":"<p>Foto Prefeitura de Cunha A cidade de Cunha est\u00e1 no estado de S\u00e3o Paulo, localizada no Alto Para\u00edba, e possui 1407,25 km2 de extens\u00e3o territorial. Est\u00e1 situada entre as serras de Quebra-Cangalha, Bocaina e&#46;&#46;&#46;<\/p>\n","protected":false},"author":23096,"featured_media":0,"parent":0,"menu_order":0,"comment_status":"closed","ping_status":"closed","template":"","meta":{"footnotes":"","_links_to":"","_links_to_target":""},"class_list":["post-951","page","type-page","status-publish","hentry"],"_links":{"self":[{"href":"https:\/\/sites.usp.br\/comunicarparaprevenir\/wp-json\/wp\/v2\/pages\/951","targetHints":{"allow":["GET"]}}],"collection":[{"href":"https:\/\/sites.usp.br\/comunicarparaprevenir\/wp-json\/wp\/v2\/pages"}],"about":[{"href":"https:\/\/sites.usp.br\/comunicarparaprevenir\/wp-json\/wp\/v2\/types\/page"}],"author":[{"embeddable":true,"href":"https:\/\/sites.usp.br\/comunicarparaprevenir\/wp-json\/wp\/v2\/users\/23096"}],"replies":[{"embeddable":true,"href":"https:\/\/sites.usp.br\/comunicarparaprevenir\/wp-json\/wp\/v2\/comments?post=951"}],"version-history":[{"count":4,"href":"https:\/\/sites.usp.br\/comunicarparaprevenir\/wp-json\/wp\/v2\/pages\/951\/revisions"}],"predecessor-version":[{"id":1125,"href":"https:\/\/sites.usp.br\/comunicarparaprevenir\/wp-json\/wp\/v2\/pages\/951\/revisions\/1125"}],"wp:attachment":[{"href":"https:\/\/sites.usp.br\/comunicarparaprevenir\/wp-json\/wp\/v2\/media?parent=951"}],"curies":[{"name":"wp","href":"https:\/\/api.w.org\/{rel}","templated":true}]}}