{"id":56,"date":"2022-03-02T11:40:20","date_gmt":"2022-03-02T14:40:20","guid":{"rendered":"https:\/\/sites.usp.br\/comunicasaoremo\/?page_id=56"},"modified":"2023-01-13T11:36:53","modified_gmt":"2023-01-13T14:36:53","slug":"quem-somos","status":"publish","type":"page","link":"https:\/\/sites.usp.br\/comunicasaoremo\/quem-somos\/","title":{"rendered":"COMUNICA S\u00c3O REMO"},"content":{"rendered":"\t\t<div data-elementor-type=\"wp-page\" data-elementor-id=\"56\" class=\"elementor elementor-56\" data-elementor-post-type=\"page\">\n\t\t\t\t\t\t<section class=\"elementor-section elementor-top-section elementor-element elementor-element-5d67618 elementor-section-boxed elementor-section-height-default elementor-section-height-default\" data-id=\"5d67618\" data-element_type=\"section\">\n\t\t\t\t\t\t<div class=\"elementor-container elementor-column-gap-default\">\n\t\t\t\t\t<div class=\"elementor-column elementor-col-100 elementor-top-column elementor-element elementor-element-0f05200\" data-id=\"0f05200\" data-element_type=\"column\">\n\t\t\t<div class=\"elementor-widget-wrap elementor-element-populated\">\n\t\t\t\t\t\t<div class=\"elementor-element elementor-element-7e43365 elementor-widget elementor-widget-heading\" data-id=\"7e43365\" data-element_type=\"widget\" data-widget_type=\"heading.default\">\n\t\t\t\t<div class=\"elementor-widget-container\">\n\t\t\t<h2 class=\"elementor-heading-title elementor-size-default\">Comunica S\u00e3o Remo <\/h2>\t\t<\/div>\n\t\t\t\t<\/div>\n\t\t\t\t\t<\/div>\n\t\t<\/div>\n\t\t\t\t\t<\/div>\n\t\t<\/section>\n\t\t\t\t<section class=\"elementor-section elementor-top-section elementor-element elementor-element-0fd14d7 elementor-section-boxed elementor-section-height-default elementor-section-height-default\" data-id=\"0fd14d7\" data-element_type=\"section\">\n\t\t\t\t\t\t<div class=\"elementor-container elementor-column-gap-default\">\n\t\t\t\t\t<div class=\"elementor-column elementor-col-100 elementor-top-column elementor-element elementor-element-fa537fe\" data-id=\"fa537fe\" data-element_type=\"column\">\n\t\t\t<div class=\"elementor-widget-wrap elementor-element-populated\">\n\t\t\t\t\t\t<div class=\"elementor-element elementor-element-d9b15e1 elementor-widget elementor-widget-text-editor\" data-id=\"d9b15e1\" data-element_type=\"widget\" data-widget_type=\"text-editor.default\">\n\t\t\t\t<div class=\"elementor-widget-container\">\n\t\t\t\t\t\t\t<p><span data-contrast=\"auto\">A quest\u00e3o dos res\u00edduos s\u00f3lidos urbanos &#8211; RSU em favelas \u00e9 um problema enfrentado pela maior parte das cidades brasileiras e est\u00e1 relacionada ao manejo inadequado, frequentemente associada \u00e0 inefici\u00eancia de coletas, resist\u00eancia da popula\u00e7\u00e3o em direciona-los para pontos de entrega volunt\u00e1ria, disposi\u00e7\u00e3o irregular e exposi\u00e7\u00e3o dos res\u00edduos ao ar, ao solo e rios, com consequ\u00eancias \u00e0 sa\u00fade p\u00fablica da comunidade local.<\/span><span data-ccp-props=\"{&quot;201341983&quot;:0,&quot;335551550&quot;:6,&quot;335551620&quot;:6,&quot;335559739&quot;:160,&quot;335559740&quot;:259}\">\u00a0<\/span><\/p><p><span data-contrast=\"auto\">Aos moradores da cidade, em geral, e de favelas em particular \u00e9 restrito ou inexistente o fluxo de informa\u00e7\u00f5es dos \u00f3rg\u00e3os p\u00fablicos para ado\u00e7\u00e3o das a\u00e7\u00f5es corretas para descarte de res\u00edduos. Muitas vezes os pontos de coleta de res\u00edduos s\u00e3o mal dimensionados, n\u00e3o atendendo \u00e0 densidade populacional caracter\u00edstica dos aglomerados subnormais.<\/span><span data-ccp-props=\"{&quot;201341983&quot;:0,&quot;335551550&quot;:6,&quot;335551620&quot;:6,&quot;335559739&quot;:160,&quot;335559740&quot;:259}\">\u00a0<\/span><\/p><p><span data-contrast=\"auto\">A emerg\u00eancia de discuss\u00e3o se faz necess\u00e1ria, tendo em vista a intensidade com a qual podem afetas a sa\u00fade das popula\u00e7\u00f5es vulner\u00e1veis. <\/span><span data-ccp-props=\"{&quot;201341983&quot;:0,&quot;335551550&quot;:6,&quot;335551620&quot;:6,&quot;335559739&quot;:160,&quot;335559740&quot;:259}\">\u00a0<\/span><\/p>\t\t\t\t\t\t<\/div>\n\t\t\t\t<\/div>\n\t\t\t\t<section class=\"elementor-section elementor-inner-section elementor-element elementor-element-125557d elementor-section-boxed elementor-section-height-default elementor-section-height-default\" data-id=\"125557d\" data-element_type=\"section\">\n\t\t\t\t\t\t<div class=\"elementor-container elementor-column-gap-default\">\n\t\t\t\t\t<div class=\"elementor-column elementor-col-50 elementor-inner-column elementor-element elementor-element-36e4359\" data-id=\"36e4359\" data-element_type=\"column\">\n\t\t\t<div class=\"elementor-widget-wrap elementor-element-populated\">\n\t\t\t\t\t\t<div class=\"elementor-element elementor-element-df2f847 elementor-widget elementor-widget-text-editor\" data-id=\"df2f847\" data-element_type=\"widget\" data-widget_type=\"text-editor.default\">\n\t\t\t\t<div class=\"elementor-widget-container\">\n\t\t\t\t\t\t\t<p><span lang=\"PT-BR\" xml:lang=\"PT-BR\" data-contrast=\"auto\">Em atendimento ao Objetivo de Desenvolvimento Sustent\u00e1vel &#8211; ODS 3, o projeto tem como objetivo geral <\/span><span lang=\"PT-BR\" xml:lang=\"PT-BR\" data-contrast=\"auto\">melhoria da sa\u00fade e bem-estar na S\u00e3o Remo, zona oeste de S\u00e3o Paulo, no que tange aos aspectos de comunica\u00e7\u00e3o e informa\u00e7\u00e3o sobre a coleta seletiva, tendo em vista os desafios e as oportunidades mais relevantes para o reaproveitamento de res\u00edduos org\u00e2nicos e secos recicl\u00e1veis, especialmente a sensibiliza\u00e7\u00e3o da comunidade para defini\u00e7\u00e3o de a\u00e7\u00f5es priorit\u00e1rias co-constru\u00eddas em parceria universidade-comunidade.<\/span><span data-ccp-props=\"{&quot;201341983&quot;:0,&quot;335551550&quot;:6,&quot;335551620&quot;:6,&quot;335559739&quot;:160,&quot;335559740&quot;:259}\">\u00a0<\/span><\/p>\t\t\t\t\t\t<\/div>\n\t\t\t\t<\/div>\n\t\t\t\t\t<\/div>\n\t\t<\/div>\n\t\t\t\t<div class=\"elementor-column elementor-col-50 elementor-inner-column elementor-element elementor-element-b071e72\" data-id=\"b071e72\" data-element_type=\"column\">\n\t\t\t<div class=\"elementor-widget-wrap elementor-element-populated\">\n\t\t\t\t\t\t<div class=\"elementor-element elementor-element-258ddac elementor-widget elementor-widget-image\" data-id=\"258ddac\" data-element_type=\"widget\" data-widget_type=\"image.default\">\n\t\t\t\t<div class=\"elementor-widget-container\">\n\t\t\t\t\t\t\t\t\t\t\t\t\t<img fetchpriority=\"high\" decoding=\"async\" width=\"450\" height=\"450\" src=\"https:\/\/sites.usp.br\/comunicasaoremo\/wp-content\/uploads\/sites\/1067\/2022\/07\/My-project-3.png\" class=\"attachment-ocean-thumb-ml size-ocean-thumb-ml wp-image-359\" alt=\"\" srcset=\"https:\/\/sites.usp.br\/comunicasaoremo\/wp-content\/uploads\/sites\/1067\/2022\/07\/My-project-3.png 1080w, https:\/\/sites.usp.br\/comunicasaoremo\/wp-content\/uploads\/sites\/1067\/2022\/07\/My-project-3-300x300.png 300w, https:\/\/sites.usp.br\/comunicasaoremo\/wp-content\/uploads\/sites\/1067\/2022\/07\/My-project-3-1024x1024.png 1024w, https:\/\/sites.usp.br\/comunicasaoremo\/wp-content\/uploads\/sites\/1067\/2022\/07\/My-project-3-150x150.png 150w, https:\/\/sites.usp.br\/comunicasaoremo\/wp-content\/uploads\/sites\/1067\/2022\/07\/My-project-3-768x768.png 768w, https:\/\/sites.usp.br\/comunicasaoremo\/wp-content\/uploads\/sites\/1067\/2022\/07\/My-project-3-100x100.png 100w, https:\/\/sites.usp.br\/comunicasaoremo\/wp-content\/uploads\/sites\/1067\/2022\/07\/My-project-3-45x45.png 45w\" sizes=\"(max-width: 450px) 100vw, 450px\" \/>\t\t\t\t\t\t\t\t\t\t\t\t\t<\/div>\n\t\t\t\t<\/div>\n\t\t\t\t\t<\/div>\n\t\t<\/div>\n\t\t\t\t\t<\/div>\n\t\t<\/section>\n\t\t\t\t\t<\/div>\n\t\t<\/div>\n\t\t\t\t\t<\/div>\n\t\t<\/section>\n\t\t\t\t<section class=\"elementor-section elementor-top-section elementor-element elementor-element-136149c elementor-section-boxed elementor-section-height-default elementor-section-height-default\" data-id=\"136149c\" data-element_type=\"section\">\n\t\t\t\t\t\t<div class=\"elementor-container elementor-column-gap-default\">\n\t\t\t\t\t<div class=\"elementor-column elementor-col-100 elementor-top-column elementor-element elementor-element-b3b6324\" data-id=\"b3b6324\" data-element_type=\"column\">\n\t\t\t<div class=\"elementor-widget-wrap elementor-element-populated\">\n\t\t\t\t\t\t<div class=\"elementor-element elementor-element-ec8ef89 elementor-widget__width-inherit elementor-arrows-position-inside elementor-widget elementor-widget-image-carousel\" data-id=\"ec8ef89\" data-element_type=\"widget\" data-settings=\"{&quot;slides_to_show&quot;:&quot;1&quot;,&quot;navigation&quot;:&quot;arrows&quot;,&quot;autoplay&quot;:&quot;no&quot;,&quot;infinite&quot;:&quot;yes&quot;,&quot;effect&quot;:&quot;slide&quot;,&quot;speed&quot;:500}\" data-widget_type=\"image-carousel.default\">\n\t\t\t\t<div class=\"elementor-widget-container\">\n\t\t\t\t\t<div class=\"elementor-image-carousel-wrapper swiper\" dir=\"ltr\">\n\t\t\t<div class=\"elementor-image-carousel swiper-wrapper\" aria-live=\"polite\">\n\t\t\t\t\t\t\t\t<div class=\"swiper-slide\" role=\"group\" aria-roledescription=\"slide\" aria-label=\"1 de 3\"><figure class=\"swiper-slide-inner\"><img decoding=\"async\" class=\"swiper-slide-image\" src=\"https:\/\/sites.usp.br\/comunicasaoremo\/wp-content\/uploads\/sites\/1067\/2022\/03\/1-MISSAO-1024x576.png\" alt=\"1 MISS\u00c3O\" \/><\/figure><\/div><div class=\"swiper-slide\" role=\"group\" aria-roledescription=\"slide\" aria-label=\"2 de 3\"><figure class=\"swiper-slide-inner\"><img decoding=\"async\" class=\"swiper-slide-image\" src=\"https:\/\/sites.usp.br\/comunicasaoremo\/wp-content\/uploads\/sites\/1067\/2022\/03\/2-VISAO-1024x576.png\" alt=\"2 VIS\u00c3O\" \/><\/figure><\/div><div class=\"swiper-slide\" role=\"group\" aria-roledescription=\"slide\" aria-label=\"3 de 3\"><figure class=\"swiper-slide-inner\"><img decoding=\"async\" class=\"swiper-slide-image\" src=\"https:\/\/sites.usp.br\/comunicasaoremo\/wp-content\/uploads\/sites\/1067\/2022\/03\/3-VALORES-1024x576.png\" alt=\"3 VALORES\" \/><\/figure><\/div>\t\t\t<\/div>\n\t\t\t\t\t\t\t\t\t\t\t\t<div class=\"elementor-swiper-button elementor-swiper-button-prev\" role=\"button\" tabindex=\"0\">\n\t\t\t\t\t\t<i aria-hidden=\"true\" class=\"eicon-chevron-left\"><\/i>\t\t\t\t\t<\/div>\n\t\t\t\t\t<div class=\"elementor-swiper-button elementor-swiper-button-next\" role=\"button\" tabindex=\"0\">\n\t\t\t\t\t\t<i aria-hidden=\"true\" class=\"eicon-chevron-right\"><\/i>\t\t\t\t\t<\/div>\n\t\t\t\t\n\t\t\t\t\t\t\t\t\t<\/div>\n\t\t\t\t<\/div>\n\t\t\t\t<\/div>\n\t\t\t\t\t<\/div>\n\t\t<\/div>\n\t\t\t\t\t<\/div>\n\t\t<\/section>\n\t\t\t\t<section class=\"elementor-section elementor-top-section elementor-element elementor-element-31380ca elementor-section-boxed elementor-section-height-default elementor-section-height-default\" data-id=\"31380ca\" data-element_type=\"section\">\n\t\t\t\t\t\t<div class=\"elementor-container elementor-column-gap-default\">\n\t\t\t\t\t<div class=\"elementor-column elementor-col-100 elementor-top-column elementor-element elementor-element-7575f5e\" data-id=\"7575f5e\" data-element_type=\"column\">\n\t\t\t<div class=\"elementor-widget-wrap elementor-element-populated\">\n\t\t\t\t\t\t<div class=\"elementor-element elementor-element-0f687dd elementor-widget elementor-widget-heading\" data-id=\"0f687dd\" data-element_type=\"widget\" data-widget_type=\"heading.default\">\n\t\t\t\t<div class=\"elementor-widget-container\">\n\t\t\t<h2 class=\"elementor-heading-title elementor-size-default\">Refer\u00eancias <\/h2>\t\t<\/div>\n\t\t\t\t<\/div>\n\t\t\t\t<div class=\"elementor-element elementor-element-0d3bbc1 elementor-widget elementor-widget-text-editor\" data-id=\"0d3bbc1\" data-element_type=\"widget\" data-widget_type=\"text-editor.default\">\n\t\t\t\t<div class=\"elementor-widget-container\">\n\t\t\t\t\t\t\t<p>Aqui destacamos refer\u00eancias relevantes utilizadas nesta proposta e que poder\u00e3o apoiar a execu\u00e7\u00e3o do projeto.<\/p><p>\u00a0<\/p><p>DUARTE, J. Comunica\u00e7\u00e3o P\u00fablica: Estado, Mercado, Sociedade E Interesse P\u00fablico. 3a.ed. S\u00e3o Paulo: Atlas, 2012<\/p><p>GRINOVER, M. M.; ZUQUIM, M. L. Did\u00e1ticas para an\u00e1lise urbana em \u00e1rea prec\u00e1ria: um estudo na S\u00e3o Remo em S\u00e3o Paulo. In: Revista de P\u00f3s-Gradua\u00e7\u00e3o em Arquitetura e Urbanismo. FAUUSP. S\u00e3o Paulo, v. 26, n. 49, e150617, 2019.<\/p><p>HASWANI, M. Comunica\u00e7\u00e3o P\u00fablica: bases e abrang\u00eancias. S\u00e3o Paulo: Saraiva, 2013.<\/p><p>KUNSCH, M.M. Planejamento de rela\u00e7\u00f5es p\u00fablicas na comunica\u00e7\u00e3o integrada. 4a. ed. S\u00e3o Paulo: Summus, 2003<\/p><p>NOBRE, H. H. Matos e; NOBRE, G. F. Comunica\u00e7\u00e3o P\u00fablica e Comunica\u00e7\u00e3o Pol\u00edtica: por uma intera\u00e7\u00e3o entre cidadania e democracia. Organicom, S\u00e3o Paulo, v. 10, n. 19, p. 16-26, 2013.<\/p><p>SUP; NPERIFERIAS. Sa\u00fade \u00fanica em periferias. FMVZ. Dispon\u00edvel em: \/www.saudeunicaemperiferias.com\/pt\/projetos-pt&gt;. Acesso<br \/>em 24\/07\/2021.<\/p>\t\t\t\t\t\t<\/div>\n\t\t\t\t<\/div>\n\t\t\t\t\t<\/div>\n\t\t<\/div>\n\t\t\t\t\t<\/div>\n\t\t<\/section>\n\t\t\t\t<\/div>\n\t\t","protected":false},"excerpt":{"rendered":"<p>Comunica S\u00e3o Remo A quest\u00e3o dos res\u00edduos s\u00f3lidos urbanos &#8211; RSU em favelas \u00e9 um problema enfrentado pela maior parte das cidades brasileiras e est\u00e1 relacionada ao manejo inadequado, frequentemente associada \u00e0 inefici\u00eancia de coletas, resist\u00eancia da popula\u00e7\u00e3o em direciona-los para pontos de entrega volunt\u00e1ria, disposi\u00e7\u00e3o irregular e exposi\u00e7\u00e3o dos res\u00edduos ao ar, ao solo [&hellip;]<\/p>\n","protected":false},"author":22764,"featured_media":0,"parent":0,"menu_order":0,"comment_status":"closed","ping_status":"closed","template":"elementor_header_footer","meta":{"ocean_post_layout":"","ocean_both_sidebars_style":"","ocean_both_sidebars_content_width":0,"ocean_both_sidebars_sidebars_width":0,"ocean_sidebar":"0","ocean_second_sidebar":"0","ocean_disable_margins":"enable","ocean_add_body_class":"","ocean_shortcode_before_top_bar":"","ocean_shortcode_after_top_bar":"","ocean_shortcode_before_header":"","ocean_shortcode_after_header":"","ocean_has_shortcode":"","ocean_shortcode_after_title":"","ocean_shortcode_before_footer_widgets":"","ocean_shortcode_after_footer_widgets":"","ocean_shortcode_before_footer_bottom":"","ocean_shortcode_after_footer_bottom":"","ocean_display_top_bar":"default","ocean_display_header":"default","ocean_header_style":"","ocean_center_header_left_menu":"0","ocean_custom_header_template":"0","ocean_custom_logo":0,"ocean_custom_retina_logo":0,"ocean_custom_logo_max_width":0,"ocean_custom_logo_tablet_max_width":0,"ocean_custom_logo_mobile_max_width":0,"ocean_custom_logo_max_height":0,"ocean_custom_logo_tablet_max_height":0,"ocean_custom_logo_mobile_max_height":0,"ocean_header_custom_menu":"0","ocean_menu_typo_font_family":"0","ocean_menu_typo_font_subset":"","ocean_menu_typo_font_size":0,"ocean_menu_typo_font_size_tablet":0,"ocean_menu_typo_font_size_mobile":0,"ocean_menu_typo_font_size_unit":"px","ocean_menu_typo_font_weight":"","ocean_menu_typo_font_weight_tablet":"","ocean_menu_typo_font_weight_mobile":"","ocean_menu_typo_transform":"","ocean_menu_typo_transform_tablet":"","ocean_menu_typo_transform_mobile":"","ocean_menu_typo_line_height":0,"ocean_menu_typo_line_height_tablet":0,"ocean_menu_typo_line_height_mobile":0,"ocean_menu_typo_line_height_unit":"","ocean_menu_typo_spacing":0,"ocean_menu_typo_spacing_tablet":0,"ocean_menu_typo_spacing_mobile":0,"ocean_menu_typo_spacing_unit":"","ocean_menu_link_color":"","ocean_menu_link_color_hover":"","ocean_menu_link_color_active":"","ocean_menu_link_background":"","ocean_menu_link_hover_background":"","ocean_menu_link_active_background":"","ocean_menu_social_links_bg":"","ocean_menu_social_hover_links_bg":"","ocean_menu_social_links_color":"","ocean_menu_social_hover_links_color":"","ocean_disable_title":"on","ocean_disable_heading":"default","ocean_post_title":"","ocean_post_subheading":"","ocean_post_title_style":"","ocean_post_title_background_color":"","ocean_post_title_background":0,"ocean_post_title_bg_image_position":"","ocean_post_title_bg_image_attachment":"","ocean_post_title_bg_image_repeat":"","ocean_post_title_bg_image_size":"","ocean_post_title_height":0,"ocean_post_title_bg_overlay":0.5,"ocean_post_title_bg_overlay_color":"","ocean_disable_breadcrumbs":"default","ocean_breadcrumbs_color":"","ocean_breadcrumbs_separator_color":"","ocean_breadcrumbs_links_color":"","ocean_breadcrumbs_links_hover_color":"","ocean_display_footer_widgets":"default","ocean_display_footer_bottom":"default","ocean_custom_footer_template":"0","footnotes":"","_links_to":"","_links_to_target":""},"class_list":["post-56","page","type-page","status-publish","hentry","entry"],"_links":{"self":[{"href":"https:\/\/sites.usp.br\/comunicasaoremo\/wp-json\/wp\/v2\/pages\/56","targetHints":{"allow":["GET"]}}],"collection":[{"href":"https:\/\/sites.usp.br\/comunicasaoremo\/wp-json\/wp\/v2\/pages"}],"about":[{"href":"https:\/\/sites.usp.br\/comunicasaoremo\/wp-json\/wp\/v2\/types\/page"}],"author":[{"embeddable":true,"href":"https:\/\/sites.usp.br\/comunicasaoremo\/wp-json\/wp\/v2\/users\/22764"}],"replies":[{"embeddable":true,"href":"https:\/\/sites.usp.br\/comunicasaoremo\/wp-json\/wp\/v2\/comments?post=56"}],"version-history":[{"count":4,"href":"https:\/\/sites.usp.br\/comunicasaoremo\/wp-json\/wp\/v2\/pages\/56\/revisions"}],"predecessor-version":[{"id":1087,"href":"https:\/\/sites.usp.br\/comunicasaoremo\/wp-json\/wp\/v2\/pages\/56\/revisions\/1087"}],"wp:attachment":[{"href":"https:\/\/sites.usp.br\/comunicasaoremo\/wp-json\/wp\/v2\/media?parent=56"}],"curies":[{"name":"wp","href":"https:\/\/api.w.org\/{rel}","templated":true}]}}