{"id":575,"date":"2022-07-19T13:15:52","date_gmt":"2022-07-19T16:15:52","guid":{"rendered":"https:\/\/sites.usp.br\/comunicasaoremo\/?page_id=575"},"modified":"2023-01-13T18:29:11","modified_gmt":"2023-01-13T21:29:11","slug":"reuso-criativo","status":"publish","type":"page","link":"https:\/\/sites.usp.br\/comunicasaoremo\/projetos\/reuso-criativo\/","title":{"rendered":"Reuso criativo"},"content":{"rendered":"\t\t<div data-elementor-type=\"wp-page\" data-elementor-id=\"575\" class=\"elementor elementor-575\" data-elementor-post-type=\"page\">\n\t\t\t\t\t\t<section class=\"elementor-section elementor-top-section elementor-element elementor-element-2ebe8b8 elementor-section-boxed elementor-section-height-default elementor-section-height-default\" data-id=\"2ebe8b8\" data-element_type=\"section\">\n\t\t\t\t\t\t<div class=\"elementor-container elementor-column-gap-default\">\n\t\t\t\t\t<div class=\"elementor-column elementor-col-100 elementor-top-column elementor-element elementor-element-1c3e424\" data-id=\"1c3e424\" data-element_type=\"column\">\n\t\t\t<div class=\"elementor-widget-wrap\">\n\t\t\t\t\t\t\t<\/div>\n\t\t<\/div>\n\t\t\t\t\t<\/div>\n\t\t<\/section>\n\t\t\t\t<section class=\"elementor-section elementor-top-section elementor-element elementor-element-f2ee0cb elementor-section-boxed elementor-section-height-default elementor-section-height-default\" data-id=\"f2ee0cb\" data-element_type=\"section\">\n\t\t\t\t\t\t<div class=\"elementor-container elementor-column-gap-default\">\n\t\t\t\t\t<div class=\"elementor-column elementor-col-100 elementor-top-column elementor-element elementor-element-672c705\" data-id=\"672c705\" data-element_type=\"column\">\n\t\t\t<div class=\"elementor-widget-wrap elementor-element-populated\">\n\t\t\t\t\t\t<div class=\"elementor-element elementor-element-11ac484 elementor-widget elementor-widget-heading\" data-id=\"11ac484\" data-element_type=\"widget\" data-widget_type=\"heading.default\">\n\t\t\t\t<div class=\"elementor-widget-container\">\n\t\t\t<h2 class=\"elementor-heading-title elementor-size-default\">Oficina de Reuso Criativo<\/h2>\t\t<\/div>\n\t\t\t\t<\/div>\n\t\t\t\t<section class=\"elementor-section elementor-inner-section elementor-element elementor-element-0c9f433 elementor-section-content-bottom elementor-section-boxed elementor-section-height-default elementor-section-height-default\" data-id=\"0c9f433\" data-element_type=\"section\">\n\t\t\t\t\t\t<div class=\"elementor-container elementor-column-gap-default\">\n\t\t\t\t\t<div class=\"elementor-column elementor-col-50 elementor-inner-column elementor-element elementor-element-94638bf\" data-id=\"94638bf\" data-element_type=\"column\">\n\t\t\t<div class=\"elementor-widget-wrap elementor-element-populated\">\n\t\t\t\t\t\t<div class=\"elementor-element elementor-element-d01f89a elementor-widget elementor-widget-text-editor\" data-id=\"d01f89a\" data-element_type=\"widget\" data-widget_type=\"text-editor.default\">\n\t\t\t\t<div class=\"elementor-widget-container\">\n\t\t\t\t\t\t\t<p><span style=\"font-weight: normal;\"><span style=\"font-size: 12pt; font-family: Arial; background-color: transparent; font-weight: 400; font-style: normal; font-variant: normal; white-space: pre-wrap;\"> \u00a0<\/span><\/span><\/p><p><span style=\"font-weight: 400;\">A Oficina de Reuso Criativo foi realizada na tarde dos dias 02 e 10 de maio, no espa\u00e7o cedido pelo projeto Alavanca. <\/span><\/p><p><span style=\"font-weight: 400;\">A Oficina foi realizada em dois dias. Na primeira data marcada, os participantes foram recebidos na sede do Alavanca, tendo sido apresentados os objetivos e orienta\u00e7\u00f5es da oficina, com demonstra\u00e7\u00e3o de poss\u00edveis produtos a serem desenvolvidos na atividade. Para tanto, foi necess\u00e1ria a coleta de res\u00edduos e materiais descartados, que poderiam ser transformados e usados na produ\u00e7\u00e3o de novos objetos,\u00a0 pelos pr\u00f3prios participantes. Deste modo, a S\u00e3o Remo foi percorrida, passando por pontos onde havia dep\u00f3sito de res\u00edduos.<\/span><\/p>\t\t\t\t\t\t<\/div>\n\t\t\t\t<\/div>\n\t\t\t\t\t<\/div>\n\t\t<\/div>\n\t\t\t\t<div class=\"elementor-column elementor-col-50 elementor-inner-column elementor-element elementor-element-296e66d\" data-id=\"296e66d\" data-element_type=\"column\">\n\t\t\t<div class=\"elementor-widget-wrap elementor-element-populated\">\n\t\t\t\t\t\t<div class=\"elementor-element elementor-element-7e04dff elementor-widget elementor-widget-image\" data-id=\"7e04dff\" data-element_type=\"widget\" data-widget_type=\"image.default\">\n\t\t\t\t<div class=\"elementor-widget-container\">\n\t\t\t\t\t\t\t\t\t\t\t\t\t<img fetchpriority=\"high\" decoding=\"async\" width=\"1024\" height=\"1024\" src=\"https:\/\/sites.usp.br\/comunicasaoremo\/wp-content\/uploads\/sites\/1067\/2022\/12\/Oficina-de-Reuso-Criativo-2-1024x1024.png\" class=\"attachment-large size-large wp-image-831\" alt=\"\" srcset=\"https:\/\/sites.usp.br\/comunicasaoremo\/wp-content\/uploads\/sites\/1067\/2022\/12\/Oficina-de-Reuso-Criativo-2-1024x1024.png 1024w, https:\/\/sites.usp.br\/comunicasaoremo\/wp-content\/uploads\/sites\/1067\/2022\/12\/Oficina-de-Reuso-Criativo-2-300x300.png 300w, https:\/\/sites.usp.br\/comunicasaoremo\/wp-content\/uploads\/sites\/1067\/2022\/12\/Oficina-de-Reuso-Criativo-2-150x150.png 150w, https:\/\/sites.usp.br\/comunicasaoremo\/wp-content\/uploads\/sites\/1067\/2022\/12\/Oficina-de-Reuso-Criativo-2-768x768.png 768w, https:\/\/sites.usp.br\/comunicasaoremo\/wp-content\/uploads\/sites\/1067\/2022\/12\/Oficina-de-Reuso-Criativo-2-600x600.png 600w, https:\/\/sites.usp.br\/comunicasaoremo\/wp-content\/uploads\/sites\/1067\/2022\/12\/Oficina-de-Reuso-Criativo-2-45x45.png 45w, https:\/\/sites.usp.br\/comunicasaoremo\/wp-content\/uploads\/sites\/1067\/2022\/12\/Oficina-de-Reuso-Criativo-2.png 1080w\" sizes=\"(max-width: 1024px) 100vw, 1024px\" \/>\t\t\t\t\t\t\t\t\t\t\t\t\t<\/div>\n\t\t\t\t<\/div>\n\t\t\t\t\t<\/div>\n\t\t<\/div>\n\t\t\t\t\t<\/div>\n\t\t<\/section>\n\t\t\t\t\t<\/div>\n\t\t<\/div>\n\t\t\t\t\t<\/div>\n\t\t<\/section>\n\t\t\t\t<section class=\"elementor-section elementor-top-section elementor-element elementor-element-beab476 elementor-section-boxed elementor-section-height-default elementor-section-height-default\" data-id=\"beab476\" data-element_type=\"section\">\n\t\t\t\t\t\t<div class=\"elementor-container elementor-column-gap-default\">\n\t\t\t\t\t<div class=\"elementor-column elementor-col-100 elementor-top-column elementor-element elementor-element-af8ad11\" data-id=\"af8ad11\" data-element_type=\"column\">\n\t\t\t<div class=\"elementor-widget-wrap elementor-element-populated\">\n\t\t\t\t\t\t<div class=\"elementor-element elementor-element-e70217e elementor-widget elementor-widget-text-editor\" data-id=\"e70217e\" data-element_type=\"widget\" data-widget_type=\"text-editor.default\">\n\t\t\t\t<div class=\"elementor-widget-container\">\n\t\t\t\t\t\t\t<p><span style=\"font-weight: 400;\">Durante o processo de coleta, os oficineiros deram instru\u00e7\u00f5es sobre como identificar mat\u00e9rias pass\u00edveis de uso e os cuidados necess\u00e1rios. Todos materiais foram organizados no espa\u00e7o do Alavanca para o segundo dia da oficina.\u00a0<\/span><\/p><p><span style=\"font-weight: 400;\">No segundo dia da oficina, novos objetos &#8211; como lumin\u00e1rias &#8211; foram produzidos pelos participantes, a partir dos materiais coletados, com ferramentas comuns, de f\u00e1cil acesso.<\/span><\/p>\t\t\t\t\t\t<\/div>\n\t\t\t\t<\/div>\n\t\t\t\t<div class=\"elementor-element elementor-element-24464cd elementor-widget elementor-widget-spacer\" data-id=\"24464cd\" data-element_type=\"widget\" data-widget_type=\"spacer.default\">\n\t\t\t\t<div class=\"elementor-widget-container\">\n\t\t\t\t\t<div class=\"elementor-spacer\">\n\t\t\t<div class=\"elementor-spacer-inner\"><\/div>\n\t\t<\/div>\n\t\t\t\t<\/div>\n\t\t\t\t<\/div>\n\t\t\t\t<div class=\"elementor-element elementor-element-2ef484e elementor-arrows-position-inside elementor-pagination-position-outside elementor-widget elementor-widget-image-carousel\" data-id=\"2ef484e\" data-element_type=\"widget\" data-settings=\"{&quot;slides_to_show&quot;:&quot;1&quot;,&quot;navigation&quot;:&quot;both&quot;,&quot;autoplay&quot;:&quot;yes&quot;,&quot;pause_on_hover&quot;:&quot;yes&quot;,&quot;pause_on_interaction&quot;:&quot;yes&quot;,&quot;autoplay_speed&quot;:5000,&quot;infinite&quot;:&quot;yes&quot;,&quot;effect&quot;:&quot;slide&quot;,&quot;speed&quot;:500}\" data-widget_type=\"image-carousel.default\">\n\t\t\t\t<div class=\"elementor-widget-container\">\n\t\t\t\t\t<div class=\"elementor-image-carousel-wrapper swiper\" dir=\"ltr\">\n\t\t\t<div class=\"elementor-image-carousel swiper-wrapper\" aria-live=\"off\">\n\t\t\t\t\t\t\t\t<div class=\"swiper-slide\" role=\"group\" aria-roledescription=\"slide\" aria-label=\"1 de 15\"><figure class=\"swiper-slide-inner\"><img decoding=\"async\" class=\"swiper-slide-image\" src=\"https:\/\/sites.usp.br\/comunicasaoremo\/wp-content\/uploads\/sites\/1067\/2022\/07\/20220502_141839-2-768x355.jpg\" alt=\"Lumin\u00e1rias produzidos pelos oficineiros e levadas como amostras\" \/><\/figure><\/div><div class=\"swiper-slide\" role=\"group\" aria-roledescription=\"slide\" aria-label=\"2 de 15\"><figure class=\"swiper-slide-inner\"><img decoding=\"async\" class=\"swiper-slide-image\" src=\"https:\/\/sites.usp.br\/comunicasaoremo\/wp-content\/uploads\/sites\/1067\/2022\/07\/20220502_150732-768x355.jpg\" alt=\"Grupo percorrendo a S\u00e3o Remo para coleta\" \/><\/figure><\/div><div class=\"swiper-slide\" role=\"group\" aria-roledescription=\"slide\" aria-label=\"3 de 15\"><figure class=\"swiper-slide-inner\"><img decoding=\"async\" class=\"swiper-slide-image\" src=\"https:\/\/sites.usp.br\/comunicasaoremo\/wp-content\/uploads\/sites\/1067\/2022\/07\/20220502_151523-768x355.jpg\" alt=\"Grupo percorrendo a S\u00e3o Remo para coleta\" \/><\/figure><\/div><div class=\"swiper-slide\" role=\"group\" aria-roledescription=\"slide\" aria-label=\"4 de 15\"><figure class=\"swiper-slide-inner\"><img decoding=\"async\" class=\"swiper-slide-image\" src=\"https:\/\/sites.usp.br\/comunicasaoremo\/wp-content\/uploads\/sites\/1067\/2022\/07\/20220502_155603-768x355.jpg\" alt=\"Material encontrado na coleta\" \/><\/figure><\/div><div class=\"swiper-slide\" role=\"group\" aria-roledescription=\"slide\" aria-label=\"5 de 15\"><figure class=\"swiper-slide-inner\"><img decoding=\"async\" class=\"swiper-slide-image\" src=\"https:\/\/sites.usp.br\/comunicasaoremo\/wp-content\/uploads\/sites\/1067\/2022\/07\/20220502_155622-768x355.jpg\" alt=\"Ponto de dep\u00f3sito de res\u00edduos\" \/><\/figure><\/div><div class=\"swiper-slide\" role=\"group\" aria-roledescription=\"slide\" aria-label=\"6 de 15\"><figure class=\"swiper-slide-inner\"><img decoding=\"async\" class=\"swiper-slide-image\" src=\"https:\/\/sites.usp.br\/comunicasaoremo\/wp-content\/uploads\/sites\/1067\/2022\/07\/20220502_160816-768x355.jpg\" alt=\"Grupo percorrendo a S\u00e3o Remo para coleta\" \/><\/figure><\/div><div class=\"swiper-slide\" role=\"group\" aria-roledescription=\"slide\" aria-label=\"7 de 15\"><figure class=\"swiper-slide-inner\"><img decoding=\"async\" class=\"swiper-slide-image\" src=\"https:\/\/sites.usp.br\/comunicasaoremo\/wp-content\/uploads\/sites\/1067\/2022\/07\/IMG-20220510-WA0012-768x576.jpg\" alt=\"Segundo dia do encontro, montagem de pe\u00e7as\" \/><\/figure><\/div><div class=\"swiper-slide\" role=\"group\" aria-roledescription=\"slide\" aria-label=\"8 de 15\"><figure class=\"swiper-slide-inner\"><img decoding=\"async\" class=\"swiper-slide-image\" src=\"https:\/\/sites.usp.br\/comunicasaoremo\/wp-content\/uploads\/sites\/1067\/2022\/07\/IMG-20220510-WA0013-768x576.jpg\" alt=\"Montagem das novas pe\u00e7as\" \/><\/figure><\/div><div class=\"swiper-slide\" role=\"group\" aria-roledescription=\"slide\" aria-label=\"9 de 15\"><figure class=\"swiper-slide-inner\"><img decoding=\"async\" class=\"swiper-slide-image\" src=\"https:\/\/sites.usp.br\/comunicasaoremo\/wp-content\/uploads\/sites\/1067\/2022\/07\/IMG-20220510-WA0120-768x576.jpg\" alt=\"Montagem das novas pe\u00e7as\" \/><\/figure><\/div><div class=\"swiper-slide\" role=\"group\" aria-roledescription=\"slide\" aria-label=\"10 de 15\"><figure class=\"swiper-slide-inner\"><img decoding=\"async\" class=\"swiper-slide-image\" src=\"https:\/\/sites.usp.br\/comunicasaoremo\/wp-content\/uploads\/sites\/1067\/2022\/07\/IMG-20220510-WA0218-768x576.jpg\" alt=\"Analise de objetos coletados\" \/><\/figure><\/div><div class=\"swiper-slide\" role=\"group\" aria-roledescription=\"slide\" aria-label=\"11 de 15\"><figure class=\"swiper-slide-inner\"><img decoding=\"async\" class=\"swiper-slide-image\" src=\"https:\/\/sites.usp.br\/comunicasaoremo\/wp-content\/uploads\/sites\/1067\/2022\/07\/IMG-20220510-WA0106-768x576.jpg\" alt=\"Participantes realizando a constru\u00e7\u00e3o das novas pe\u00e7as\" \/><\/figure><\/div><div class=\"swiper-slide\" role=\"group\" aria-roledescription=\"slide\" aria-label=\"12 de 15\"><figure class=\"swiper-slide-inner\"><img decoding=\"async\" class=\"swiper-slide-image\" src=\"https:\/\/sites.usp.br\/comunicasaoremo\/wp-content\/uploads\/sites\/1067\/2022\/07\/IMG-20220510-WA0093-768x576.jpg\" alt=\"Participantes realizando a constru\u00e7\u00e3o das novas pe\u00e7as\" \/><\/figure><\/div><div class=\"swiper-slide\" role=\"group\" aria-roledescription=\"slide\" aria-label=\"13 de 15\"><figure class=\"swiper-slide-inner\"><img decoding=\"async\" class=\"swiper-slide-image\" src=\"https:\/\/sites.usp.br\/comunicasaoremo\/wp-content\/uploads\/sites\/1067\/2022\/07\/IMG-20220510-WA0226-768x576.jpg\" alt=\"Participantes realizando a constru\u00e7\u00e3o das novas pe\u00e7as\" \/><\/figure><\/div><div class=\"swiper-slide\" role=\"group\" aria-roledescription=\"slide\" aria-label=\"14 de 15\"><figure class=\"swiper-slide-inner\"><img decoding=\"async\" class=\"swiper-slide-image\" src=\"https:\/\/sites.usp.br\/comunicasaoremo\/wp-content\/uploads\/sites\/1067\/2022\/07\/IMG-20220510-WA0229-768x576.jpg\" alt=\"Participantes realizando a constru\u00e7\u00e3o das novas pe\u00e7as\" \/><\/figure><\/div><div class=\"swiper-slide\" role=\"group\" aria-roledescription=\"slide\" aria-label=\"15 de 15\"><figure class=\"swiper-slide-inner\"><img decoding=\"async\" class=\"swiper-slide-image\" src=\"https:\/\/sites.usp.br\/comunicasaoremo\/wp-content\/uploads\/sites\/1067\/2022\/07\/IMG-20220510-WA0021-768x576.jpg\" alt=\"Avalia\u00e7\u00f5es da Oficina\" \/><\/figure><\/div>\t\t\t<\/div>\n\t\t\t\t\t\t\t\t\t\t\t\t<div class=\"elementor-swiper-button elementor-swiper-button-prev\" role=\"button\" tabindex=\"0\">\n\t\t\t\t\t\t<i aria-hidden=\"true\" class=\"eicon-chevron-left\"><\/i>\t\t\t\t\t<\/div>\n\t\t\t\t\t<div class=\"elementor-swiper-button elementor-swiper-button-next\" role=\"button\" tabindex=\"0\">\n\t\t\t\t\t\t<i aria-hidden=\"true\" class=\"eicon-chevron-right\"><\/i>\t\t\t\t\t<\/div>\n\t\t\t\t\n\t\t\t\t\t\t\t\t\t<div class=\"swiper-pagination\"><\/div>\n\t\t\t\t\t\t\t\t\t<\/div>\n\t\t\t\t<\/div>\n\t\t\t\t<\/div>\n\t\t\t\t\t<\/div>\n\t\t<\/div>\n\t\t\t\t\t<\/div>\n\t\t<\/section>\n\t\t\t\t<section class=\"elementor-section elementor-top-section elementor-element elementor-element-0462e97 elementor-section-boxed elementor-section-height-default elementor-section-height-default\" data-id=\"0462e97\" data-element_type=\"section\">\n\t\t\t\t\t\t<div class=\"elementor-container elementor-column-gap-default\">\n\t\t\t\t\t<div class=\"elementor-column elementor-col-100 elementor-top-column elementor-element elementor-element-1b16091\" data-id=\"1b16091\" data-element_type=\"column\">\n\t\t\t<div class=\"elementor-widget-wrap elementor-element-populated\">\n\t\t\t\t\t\t<div class=\"elementor-element elementor-element-c13783b elementor-widget elementor-widget-testimonial\" data-id=\"c13783b\" data-element_type=\"widget\" data-widget_type=\"testimonial.default\">\n\t\t\t\t<div class=\"elementor-widget-container\">\n\t\t\t\t\t<div class=\"elementor-testimonial-wrapper\">\n\t\t\t\t\t\t\t<div class=\"elementor-testimonial-content\">\u00d3timo!\n\nGostei de tudo, nota mil! \n\nQueremos mais uma oficina! Vou colocar meu abajur minha mesa de costura!<\/div>\n\t\t\t\n\t\t\t\t\t\t<div class=\"elementor-testimonial-meta elementor-has-image elementor-testimonial-image-position-aside\">\n\t\t\t\t<div class=\"elementor-testimonial-meta-inner\">\n\t\t\t\t\t\t\t\t\t\t\t<div class=\"elementor-testimonial-image\">\n\t\t\t\t\t\t\t<img decoding=\"async\" width=\"1080\" height=\"1080\" src=\"https:\/\/sites.usp.br\/comunicasaoremo\/wp-content\/uploads\/sites\/1067\/2022\/07\/Design-sem-nome-1.png\" class=\"attachment-full size-full wp-image-541\" alt=\"\" srcset=\"https:\/\/sites.usp.br\/comunicasaoremo\/wp-content\/uploads\/sites\/1067\/2022\/07\/Design-sem-nome-1.png 1080w, https:\/\/sites.usp.br\/comunicasaoremo\/wp-content\/uploads\/sites\/1067\/2022\/07\/Design-sem-nome-1-300x300.png 300w, https:\/\/sites.usp.br\/comunicasaoremo\/wp-content\/uploads\/sites\/1067\/2022\/07\/Design-sem-nome-1-1024x1024.png 1024w, https:\/\/sites.usp.br\/comunicasaoremo\/wp-content\/uploads\/sites\/1067\/2022\/07\/Design-sem-nome-1-150x150.png 150w, https:\/\/sites.usp.br\/comunicasaoremo\/wp-content\/uploads\/sites\/1067\/2022\/07\/Design-sem-nome-1-768x768.png 768w, https:\/\/sites.usp.br\/comunicasaoremo\/wp-content\/uploads\/sites\/1067\/2022\/07\/Design-sem-nome-1-600x600.png 600w, https:\/\/sites.usp.br\/comunicasaoremo\/wp-content\/uploads\/sites\/1067\/2022\/07\/Design-sem-nome-1-45x45.png 45w\" sizes=\"(max-width: 1080px) 100vw, 1080px\" \/>\t\t\t\t\t\t<\/div>\n\t\t\t\t\t\n\t\t\t\t\t\t\t\t\t\t<div class=\"elementor-testimonial-details\">\n\t\t\t\t\t\t\t\t\t\t\t\t\t\t<div class=\"elementor-testimonial-name\">B. <\/div>\n\t\t\t\t\t\t\t\t\t\t\t\t\t\t\t\t\t\t\t<\/div>\n\t\t\t\t\t\t\t\t\t<\/div>\n\t\t\t<\/div>\n\t\t\t\t\t<\/div>\n\t\t\t\t<\/div>\n\t\t\t\t<\/div>\n\t\t\t\t<div class=\"elementor-element elementor-element-ee69b86 elementor-widget elementor-widget-testimonial\" data-id=\"ee69b86\" data-element_type=\"widget\" data-widget_type=\"testimonial.default\">\n\t\t\t\t<div class=\"elementor-widget-container\">\n\t\t\t\t\t<div class=\"elementor-testimonial-wrapper\">\n\t\t\t\t\t\t\t<div class=\"elementor-testimonial-content\">Importante e necess\u00e1rio. E agora posso desde iluminar mais a casa, dar de presente, oficina e at\u00e9 mesmo vender. A sustentabilidade nos da infinitas possibilidades. <\/div>\n\t\t\t\n\t\t\t\t\t\t<div class=\"elementor-testimonial-meta elementor-has-image elementor-testimonial-image-position-aside\">\n\t\t\t\t<div class=\"elementor-testimonial-meta-inner\">\n\t\t\t\t\t\t\t\t\t\t\t<div class=\"elementor-testimonial-image\">\n\t\t\t\t\t\t\t<img decoding=\"async\" width=\"1080\" height=\"1080\" src=\"https:\/\/sites.usp.br\/comunicasaoremo\/wp-content\/uploads\/sites\/1067\/2022\/07\/Design-sem-nome-6.png\" class=\"attachment-full size-full wp-image-543\" alt=\"\" srcset=\"https:\/\/sites.usp.br\/comunicasaoremo\/wp-content\/uploads\/sites\/1067\/2022\/07\/Design-sem-nome-6.png 1080w, https:\/\/sites.usp.br\/comunicasaoremo\/wp-content\/uploads\/sites\/1067\/2022\/07\/Design-sem-nome-6-300x300.png 300w, https:\/\/sites.usp.br\/comunicasaoremo\/wp-content\/uploads\/sites\/1067\/2022\/07\/Design-sem-nome-6-1024x1024.png 1024w, https:\/\/sites.usp.br\/comunicasaoremo\/wp-content\/uploads\/sites\/1067\/2022\/07\/Design-sem-nome-6-150x150.png 150w, https:\/\/sites.usp.br\/comunicasaoremo\/wp-content\/uploads\/sites\/1067\/2022\/07\/Design-sem-nome-6-768x768.png 768w, https:\/\/sites.usp.br\/comunicasaoremo\/wp-content\/uploads\/sites\/1067\/2022\/07\/Design-sem-nome-6-600x600.png 600w, https:\/\/sites.usp.br\/comunicasaoremo\/wp-content\/uploads\/sites\/1067\/2022\/07\/Design-sem-nome-6-45x45.png 45w\" sizes=\"(max-width: 1080px) 100vw, 1080px\" \/>\t\t\t\t\t\t<\/div>\n\t\t\t\t\t\n\t\t\t\t\t\t\t\t\t\t<div class=\"elementor-testimonial-details\">\n\t\t\t\t\t\t\t\t\t\t\t\t\t\t<div class=\"elementor-testimonial-name\">sem nome<\/div>\n\t\t\t\t\t\t\t\t\t\t\t\t\t\t\t\t\t\t\t<\/div>\n\t\t\t\t\t\t\t\t\t<\/div>\n\t\t\t<\/div>\n\t\t\t\t\t<\/div>\n\t\t\t\t<\/div>\n\t\t\t\t<\/div>\n\t\t\t\t\t<\/div>\n\t\t<\/div>\n\t\t\t\t\t<\/div>\n\t\t<\/section>\n\t\t\t\t<section class=\"elementor-section elementor-top-section elementor-element elementor-element-fd005c2 elementor-section-boxed elementor-section-height-default elementor-section-height-default\" data-id=\"fd005c2\" data-element_type=\"section\">\n\t\t\t\t\t\t<div class=\"elementor-container elementor-column-gap-default\">\n\t\t\t\t\t<div class=\"elementor-column elementor-col-100 elementor-top-column elementor-element elementor-element-b0eede9\" data-id=\"b0eede9\" data-element_type=\"column\">\n\t\t\t<div class=\"elementor-widget-wrap elementor-element-populated\">\n\t\t\t\t\t\t<div class=\"elementor-element elementor-element-0a34b88 elementor-widget__width-initial elementor-widget elementor-widget-text-editor\" data-id=\"0a34b88\" data-element_type=\"widget\" data-widget_type=\"text-editor.default\">\n\t\t\t\t<div class=\"elementor-widget-container\">\n\t\t\t\t\t\t\t<p>Apoio:<\/p>\t\t\t\t\t\t<\/div>\n\t\t\t\t<\/div>\n\t\t\t\t<div class=\"elementor-element elementor-element-4a470fe elementor-widget elementor-widget-image\" data-id=\"4a470fe\" data-element_type=\"widget\" data-widget_type=\"image.default\">\n\t\t\t\t<div class=\"elementor-widget-container\">\n\t\t\t\t\t\t\t\t\t\t\t\t\t<img loading=\"lazy\" decoding=\"async\" width=\"150\" height=\"150\" src=\"https:\/\/sites.usp.br\/comunicasaoremo\/wp-content\/uploads\/sites\/1067\/2022\/12\/sucata-quantica-150x150.png\" class=\"attachment-thumbnail size-thumbnail wp-image-832\" alt=\"\" srcset=\"https:\/\/sites.usp.br\/comunicasaoremo\/wp-content\/uploads\/sites\/1067\/2022\/12\/sucata-quantica-150x150.png 150w, https:\/\/sites.usp.br\/comunicasaoremo\/wp-content\/uploads\/sites\/1067\/2022\/12\/sucata-quantica-45x45.png 45w\" sizes=\"(max-width: 150px) 100vw, 150px\" \/>\t\t\t\t\t\t\t\t\t\t\t\t\t<\/div>\n\t\t\t\t<\/div>\n\t\t\t\t\t<\/div>\n\t\t<\/div>\n\t\t\t\t\t<\/div>\n\t\t<\/section>\n\t\t\t\t<\/div>\n\t\t","protected":false},"excerpt":{"rendered":"<p>Oficina de Reuso Criativo \u00a0 A Oficina de Reuso Criativo foi realizada na tarde dos dias 02 e 10 de maio, no espa\u00e7o cedido pelo projeto Alavanca. A Oficina foi realizada em dois dias. Na primeira data marcada, os participantes foram recebidos na sede do Alavanca, tendo sido apresentados os objetivos e orienta\u00e7\u00f5es da oficina, [&hellip;]<\/p>\n","protected":false},"author":22764,"featured_media":0,"parent":113,"menu_order":0,"comment_status":"closed","ping_status":"closed","template":"","meta":{"ocean_post_layout":"","ocean_both_sidebars_style":"","ocean_both_sidebars_content_width":0,"ocean_both_sidebars_sidebars_width":0,"ocean_sidebar":"0","ocean_second_sidebar":"0","ocean_disable_margins":"enable","ocean_add_body_class":"","ocean_shortcode_before_top_bar":"","ocean_shortcode_after_top_bar":"","ocean_shortcode_before_header":"","ocean_shortcode_after_header":"","ocean_has_shortcode":"","ocean_shortcode_after_title":"","ocean_shortcode_before_footer_widgets":"","ocean_shortcode_after_footer_widgets":"","ocean_shortcode_before_footer_bottom":"","ocean_shortcode_after_footer_bottom":"","ocean_display_top_bar":"default","ocean_display_header":"default","ocean_header_style":"","ocean_center_header_left_menu":"0","ocean_custom_header_template":"0","ocean_custom_logo":0,"ocean_custom_retina_logo":0,"ocean_custom_logo_max_width":0,"ocean_custom_logo_tablet_max_width":0,"ocean_custom_logo_mobile_max_width":0,"ocean_custom_logo_max_height":0,"ocean_custom_logo_tablet_max_height":0,"ocean_custom_logo_mobile_max_height":0,"ocean_header_custom_menu":"0","ocean_menu_typo_font_family":"0","ocean_menu_typo_font_subset":"","ocean_menu_typo_font_size":0,"ocean_menu_typo_font_size_tablet":0,"ocean_menu_typo_font_size_mobile":0,"ocean_menu_typo_font_size_unit":"px","ocean_menu_typo_font_weight":"","ocean_menu_typo_font_weight_tablet":"","ocean_menu_typo_font_weight_mobile":"","ocean_menu_typo_transform":"","ocean_menu_typo_transform_tablet":"","ocean_menu_typo_transform_mobile":"","ocean_menu_typo_line_height":0,"ocean_menu_typo_line_height_tablet":0,"ocean_menu_typo_line_height_mobile":0,"ocean_menu_typo_line_height_unit":"","ocean_menu_typo_spacing":0,"ocean_menu_typo_spacing_tablet":0,"ocean_menu_typo_spacing_mobile":0,"ocean_menu_typo_spacing_unit":"","ocean_menu_link_color":"","ocean_menu_link_color_hover":"","ocean_menu_link_color_active":"","ocean_menu_link_background":"","ocean_menu_link_hover_background":"","ocean_menu_link_active_background":"","ocean_menu_social_links_bg":"","ocean_menu_social_hover_links_bg":"","ocean_menu_social_links_color":"","ocean_menu_social_hover_links_color":"","ocean_disable_title":"on","ocean_disable_heading":"default","ocean_post_title":"","ocean_post_subheading":"","ocean_post_title_style":"","ocean_post_title_background_color":"","ocean_post_title_background":0,"ocean_post_title_bg_image_position":"","ocean_post_title_bg_image_attachment":"","ocean_post_title_bg_image_repeat":"","ocean_post_title_bg_image_size":"","ocean_post_title_height":0,"ocean_post_title_bg_overlay":0.5,"ocean_post_title_bg_overlay_color":"","ocean_disable_breadcrumbs":"default","ocean_breadcrumbs_color":"","ocean_breadcrumbs_separator_color":"","ocean_breadcrumbs_links_color":"","ocean_breadcrumbs_links_hover_color":"","ocean_display_footer_widgets":"default","ocean_display_footer_bottom":"default","ocean_custom_footer_template":"0","footnotes":"","_links_to":"","_links_to_target":""},"class_list":["post-575","page","type-page","status-publish","hentry","entry"],"_links":{"self":[{"href":"https:\/\/sites.usp.br\/comunicasaoremo\/wp-json\/wp\/v2\/pages\/575","targetHints":{"allow":["GET"]}}],"collection":[{"href":"https:\/\/sites.usp.br\/comunicasaoremo\/wp-json\/wp\/v2\/pages"}],"about":[{"href":"https:\/\/sites.usp.br\/comunicasaoremo\/wp-json\/wp\/v2\/types\/page"}],"author":[{"embeddable":true,"href":"https:\/\/sites.usp.br\/comunicasaoremo\/wp-json\/wp\/v2\/users\/22764"}],"replies":[{"embeddable":true,"href":"https:\/\/sites.usp.br\/comunicasaoremo\/wp-json\/wp\/v2\/comments?post=575"}],"version-history":[{"count":4,"href":"https:\/\/sites.usp.br\/comunicasaoremo\/wp-json\/wp\/v2\/pages\/575\/revisions"}],"predecessor-version":[{"id":1099,"href":"https:\/\/sites.usp.br\/comunicasaoremo\/wp-json\/wp\/v2\/pages\/575\/revisions\/1099"}],"up":[{"embeddable":true,"href":"https:\/\/sites.usp.br\/comunicasaoremo\/wp-json\/wp\/v2\/pages\/113"}],"wp:attachment":[{"href":"https:\/\/sites.usp.br\/comunicasaoremo\/wp-json\/wp\/v2\/media?parent=575"}],"curies":[{"name":"wp","href":"https:\/\/api.w.org\/{rel}","templated":true}]}}