{"id":693,"date":"2022-09-02T10:06:07","date_gmt":"2022-09-02T13:06:07","guid":{"rendered":"https:\/\/sites.usp.br\/comunicasaoremo\/?page_id=693"},"modified":"2023-01-13T18:33:55","modified_gmt":"2023-01-13T21:33:55","slug":"alimentos","status":"publish","type":"page","link":"https:\/\/sites.usp.br\/comunicasaoremo\/projetos\/alimentos\/","title":{"rendered":"ALIMENTOS"},"content":{"rendered":"\t\t<div data-elementor-type=\"wp-page\" data-elementor-id=\"693\" class=\"elementor elementor-693\" data-elementor-post-type=\"page\">\n\t\t\t\t\t\t<section class=\"elementor-section elementor-top-section elementor-element elementor-element-1c7448d elementor-section-boxed elementor-section-height-default elementor-section-height-default\" data-id=\"1c7448d\" data-element_type=\"section\">\n\t\t\t\t\t\t<div class=\"elementor-container elementor-column-gap-default\">\n\t\t\t\t\t<div class=\"elementor-column elementor-col-100 elementor-top-column elementor-element elementor-element-f2592bd\" data-id=\"f2592bd\" data-element_type=\"column\">\n\t\t\t<div class=\"elementor-widget-wrap elementor-element-populated\">\n\t\t\t\t\t\t<section class=\"elementor-section elementor-inner-section elementor-element elementor-element-c380665 elementor-section-boxed elementor-section-height-default elementor-section-height-default\" data-id=\"c380665\" data-element_type=\"section\">\n\t\t\t\t\t\t<div class=\"elementor-container elementor-column-gap-default\">\n\t\t\t\t\t<div class=\"elementor-column elementor-col-50 elementor-inner-column elementor-element elementor-element-263a202\" data-id=\"263a202\" data-element_type=\"column\">\n\t\t\t<div class=\"elementor-widget-wrap elementor-element-populated\">\n\t\t\t\t\t\t<div class=\"elementor-element elementor-element-32badfa elementor-widget elementor-widget-heading\" data-id=\"32badfa\" data-element_type=\"widget\" data-widget_type=\"heading.default\">\n\t\t\t\t<div class=\"elementor-widget-container\">\n\t\t\t<h2 class=\"elementor-heading-title elementor-size-default\">Oficina de Aproveitamento integral de alimentos<\/h2>\t\t<\/div>\n\t\t\t\t<\/div>\n\t\t\t\t<div class=\"elementor-element elementor-element-9135030 elementor-widget elementor-widget-text-editor\" data-id=\"9135030\" data-element_type=\"widget\" data-widget_type=\"text-editor.default\">\n\t\t\t\t<div class=\"elementor-widget-container\">\n\t\t\t\t\t\t\t<p><span style=\"font-weight: 400;\">A oficina de alimentos foi realizada no dia 03 de agosto de 2022 na Associa\u00e7\u00e3o dos Moradores da comunidade S\u00e3o Remo.<\/span><\/p>\t\t\t\t\t\t<\/div>\n\t\t\t\t<\/div>\n\t\t\t\t\t<\/div>\n\t\t<\/div>\n\t\t\t\t<div class=\"elementor-column elementor-col-50 elementor-inner-column elementor-element elementor-element-084a215\" data-id=\"084a215\" data-element_type=\"column\">\n\t\t\t<div class=\"elementor-widget-wrap elementor-element-populated\">\n\t\t\t\t\t\t<div class=\"elementor-element elementor-element-bf85c84 elementor-widget elementor-widget-image\" data-id=\"bf85c84\" data-element_type=\"widget\" data-widget_type=\"image.default\">\n\t\t\t\t<div class=\"elementor-widget-container\">\n\t\t\t\t\t\t\t\t\t\t\t\t\t<img fetchpriority=\"high\" decoding=\"async\" width=\"843\" height=\"843\" src=\"https:\/\/sites.usp.br\/comunicasaoremo\/wp-content\/uploads\/sites\/1067\/2022\/09\/alimentos.png\" class=\"attachment-large size-large wp-image-715\" alt=\"\" srcset=\"https:\/\/sites.usp.br\/comunicasaoremo\/wp-content\/uploads\/sites\/1067\/2022\/09\/alimentos.png 843w, https:\/\/sites.usp.br\/comunicasaoremo\/wp-content\/uploads\/sites\/1067\/2022\/09\/alimentos-300x300.png 300w, https:\/\/sites.usp.br\/comunicasaoremo\/wp-content\/uploads\/sites\/1067\/2022\/09\/alimentos-150x150.png 150w, https:\/\/sites.usp.br\/comunicasaoremo\/wp-content\/uploads\/sites\/1067\/2022\/09\/alimentos-768x768.png 768w, https:\/\/sites.usp.br\/comunicasaoremo\/wp-content\/uploads\/sites\/1067\/2022\/09\/alimentos-600x600.png 600w, https:\/\/sites.usp.br\/comunicasaoremo\/wp-content\/uploads\/sites\/1067\/2022\/09\/alimentos-45x45.png 45w\" sizes=\"(max-width: 843px) 100vw, 843px\" \/>\t\t\t\t\t\t\t\t\t\t\t\t\t<\/div>\n\t\t\t\t<\/div>\n\t\t\t\t\t<\/div>\n\t\t<\/div>\n\t\t\t\t\t<\/div>\n\t\t<\/section>\n\t\t\t\t\t<\/div>\n\t\t<\/div>\n\t\t\t\t\t<\/div>\n\t\t<\/section>\n\t\t\t\t<section class=\"elementor-section elementor-top-section elementor-element elementor-element-7efc634 elementor-section-boxed elementor-section-height-default elementor-section-height-default\" data-id=\"7efc634\" data-element_type=\"section\">\n\t\t\t\t\t\t<div class=\"elementor-container elementor-column-gap-default\">\n\t\t\t\t\t<div class=\"elementor-column elementor-col-100 elementor-top-column elementor-element elementor-element-e3e2894\" data-id=\"e3e2894\" data-element_type=\"column\">\n\t\t\t<div class=\"elementor-widget-wrap elementor-element-populated\">\n\t\t\t\t\t\t<div class=\"elementor-element elementor-element-48a835b elementor-widget elementor-widget-text-editor\" data-id=\"48a835b\" data-element_type=\"widget\" data-widget_type=\"text-editor.default\">\n\t\t\t\t<div class=\"elementor-widget-container\">\n\t\t\t\t\t\t\t<p><span style=\"font-weight: 400;\">A oficina teve in\u00edcio com Vilma apresentando o coletivo e explicando, em seguida, a import\u00e2ncia do consumo de produtos org\u00e2nicos e do aproveitamento integral deles. Ap\u00f3s isso, iniciou-se a prepara\u00e7\u00e3o das receitas, come\u00e7ando pela produ\u00e7\u00e3o de um pat\u00ea feito a partir da biomassa de banana verde. Como op\u00e7\u00e3o de receita doce, foi ensinado como se produz gel\u00e9ia da casca de maracuj\u00e1. Para ambas as receitas, foram feitas indica\u00e7\u00f5es de como conservar o alimento e de comercializa\u00e7\u00e3o, para gera\u00e7\u00e3o de renda.<\/span><\/p>\t\t\t\t\t\t<\/div>\n\t\t\t\t<\/div>\n\t\t\t\t<div class=\"elementor-element elementor-element-b8d6de6 elementor-arrows-position-inside elementor-pagination-position-outside elementor-widget elementor-widget-image-carousel\" data-id=\"b8d6de6\" data-element_type=\"widget\" data-settings=\"{&quot;slides_to_show&quot;:&quot;1&quot;,&quot;navigation&quot;:&quot;both&quot;,&quot;autoplay&quot;:&quot;yes&quot;,&quot;pause_on_hover&quot;:&quot;yes&quot;,&quot;pause_on_interaction&quot;:&quot;yes&quot;,&quot;autoplay_speed&quot;:5000,&quot;infinite&quot;:&quot;yes&quot;,&quot;effect&quot;:&quot;slide&quot;,&quot;speed&quot;:500}\" data-widget_type=\"image-carousel.default\">\n\t\t\t\t<div class=\"elementor-widget-container\">\n\t\t\t\t\t<div class=\"elementor-image-carousel-wrapper swiper\" dir=\"ltr\">\n\t\t\t<div class=\"elementor-image-carousel swiper-wrapper\" aria-live=\"off\">\n\t\t\t\t\t\t\t\t<div class=\"swiper-slide\" role=\"group\" aria-roledescription=\"slide\" aria-label=\"1 de 9\"><figure class=\"swiper-slide-inner\"><img decoding=\"async\" class=\"swiper-slide-image\" src=\"https:\/\/sites.usp.br\/comunicasaoremo\/wp-content\/uploads\/sites\/1067\/2022\/09\/20220803_145951-1024x768.jpg\" alt=\"Vilma explicando\" \/><figcaption class=\"elementor-image-carousel-caption\">Vilma explicando <\/figcaption><\/figure><\/div><div class=\"swiper-slide\" role=\"group\" aria-roledescription=\"slide\" aria-label=\"2 de 9\"><figure class=\"swiper-slide-inner\"><img decoding=\"async\" class=\"swiper-slide-image\" src=\"https:\/\/sites.usp.br\/comunicasaoremo\/wp-content\/uploads\/sites\/1067\/2022\/09\/20220803_150537-768x1024.jpg\" alt=\"Prepara\u00e7\u00e3o da biomassa\" \/><figcaption class=\"elementor-image-carousel-caption\">Prepara\u00e7\u00e3o da biomassa<\/figcaption><\/figure><\/div><div class=\"swiper-slide\" role=\"group\" aria-roledescription=\"slide\" aria-label=\"3 de 9\"><figure class=\"swiper-slide-inner\"><img decoding=\"async\" class=\"swiper-slide-image\" src=\"https:\/\/sites.usp.br\/comunicasaoremo\/wp-content\/uploads\/sites\/1067\/2022\/09\/20220803_151418-768x1024.jpg\" alt=\"Prepara\u00e7\u00e3o da biomassa\" \/><figcaption class=\"elementor-image-carousel-caption\">Prepara\u00e7\u00e3o da biomassa<\/figcaption><\/figure><\/div><div class=\"swiper-slide\" role=\"group\" aria-roledescription=\"slide\" aria-label=\"4 de 9\"><figure class=\"swiper-slide-inner\"><img decoding=\"async\" class=\"swiper-slide-image\" src=\"https:\/\/sites.usp.br\/comunicasaoremo\/wp-content\/uploads\/sites\/1067\/2022\/09\/20220803_152021-1024x768.jpg\" alt=\"Prepara\u00e7\u00e3o do pat\u00ea de biomassa\" \/><figcaption class=\"elementor-image-carousel-caption\">Prepara\u00e7\u00e3o do pat\u00ea de biomassa<\/figcaption><\/figure><\/div><div class=\"swiper-slide\" role=\"group\" aria-roledescription=\"slide\" aria-label=\"5 de 9\"><figure class=\"swiper-slide-inner\"><img decoding=\"async\" class=\"swiper-slide-image\" src=\"https:\/\/sites.usp.br\/comunicasaoremo\/wp-content\/uploads\/sites\/1067\/2022\/09\/20220803_153518-768x1024.jpg\" alt=\"Pat\u00ea de biomassa preparado durante a oficina\" \/><figcaption class=\"elementor-image-carousel-caption\">Pat\u00ea de biomassa preparado durante a oficina<\/figcaption><\/figure><\/div><div class=\"swiper-slide\" role=\"group\" aria-roledescription=\"slide\" aria-label=\"6 de 9\"><figure class=\"swiper-slide-inner\"><img decoding=\"async\" class=\"swiper-slide-image\" src=\"https:\/\/sites.usp.br\/comunicasaoremo\/wp-content\/uploads\/sites\/1067\/2022\/09\/20220803_160202-1024x768.jpg\" alt=\"Torradas com pat\u00ea de biomassa\" \/><figcaption class=\"elementor-image-carousel-caption\">Torradas com pat\u00ea de biomassa<\/figcaption><\/figure><\/div><div class=\"swiper-slide\" role=\"group\" aria-roledescription=\"slide\" aria-label=\"7 de 9\"><figure class=\"swiper-slide-inner\"><img decoding=\"async\" class=\"swiper-slide-image\" src=\"https:\/\/sites.usp.br\/comunicasaoremo\/wp-content\/uploads\/sites\/1067\/2022\/09\/20220803_155431-768x1024.jpg\" alt=\"Prepara\u00e7\u00e3o da gel\u00e9ia de maracuj\u00e1\" \/><figcaption class=\"elementor-image-carousel-caption\">Prepara\u00e7\u00e3o da gel\u00e9ia de maracuj\u00e1 <\/figcaption><\/figure><\/div><div class=\"swiper-slide\" role=\"group\" aria-roledescription=\"slide\" aria-label=\"8 de 9\"><figure class=\"swiper-slide-inner\"><img decoding=\"async\" class=\"swiper-slide-image\" src=\"https:\/\/sites.usp.br\/comunicasaoremo\/wp-content\/uploads\/sites\/1067\/2022\/09\/20220803_155936-1024x768.jpg\" alt=\"Torradas com gel\u00e9ia de maracuj\u00e1\" \/><figcaption class=\"elementor-image-carousel-caption\">Torradas com gel\u00e9ia de maracuj\u00e1<\/figcaption><\/figure><\/div><div class=\"swiper-slide\" role=\"group\" aria-roledescription=\"slide\" aria-label=\"9 de 9\"><figure class=\"swiper-slide-inner\"><img decoding=\"async\" class=\"swiper-slide-image\" src=\"https:\/\/sites.usp.br\/comunicasaoremo\/wp-content\/uploads\/sites\/1067\/2022\/09\/20220803_145507-1024x768.jpg\" alt=\"Participantes da oficina de alimentos\" \/><figcaption class=\"elementor-image-carousel-caption\">Participantes da oficina de alimentos<\/figcaption><\/figure><\/div>\t\t\t<\/div>\n\t\t\t\t\t\t\t\t\t\t\t\t<div class=\"elementor-swiper-button elementor-swiper-button-prev\" role=\"button\" tabindex=\"0\">\n\t\t\t\t\t\t<i aria-hidden=\"true\" class=\"eicon-chevron-left\"><\/i>\t\t\t\t\t<\/div>\n\t\t\t\t\t<div class=\"elementor-swiper-button elementor-swiper-button-next\" role=\"button\" tabindex=\"0\">\n\t\t\t\t\t\t<i aria-hidden=\"true\" class=\"eicon-chevron-right\"><\/i>\t\t\t\t\t<\/div>\n\t\t\t\t\n\t\t\t\t\t\t\t\t\t<div class=\"swiper-pagination\"><\/div>\n\t\t\t\t\t\t\t\t\t<\/div>\n\t\t\t\t<\/div>\n\t\t\t\t<\/div>\n\t\t\t\t\t<\/div>\n\t\t<\/div>\n\t\t\t\t\t<\/div>\n\t\t<\/section>\n\t\t\t\t<section class=\"elementor-section elementor-top-section elementor-element elementor-element-d57b9c1 elementor-section-boxed elementor-section-height-default elementor-section-height-default\" data-id=\"d57b9c1\" data-element_type=\"section\">\n\t\t\t\t\t\t<div class=\"elementor-container elementor-column-gap-default\">\n\t\t\t\t\t<div class=\"elementor-column elementor-col-100 elementor-top-column elementor-element elementor-element-9cbb167\" data-id=\"9cbb167\" data-element_type=\"column\">\n\t\t\t<div class=\"elementor-widget-wrap elementor-element-populated\">\n\t\t\t\t\t\t<div class=\"elementor-element elementor-element-c8106a3 elementor-widget__width-initial elementor-widget elementor-widget-text-editor\" data-id=\"c8106a3\" data-element_type=\"widget\" data-widget_type=\"text-editor.default\">\n\t\t\t\t<div class=\"elementor-widget-container\">\n\t\t\t\t\t\t\t<p>Apoio:<\/p>\t\t\t\t\t\t<\/div>\n\t\t\t\t<\/div>\n\t\t\t\t<div class=\"elementor-element elementor-element-678b6bc elementor-widget elementor-widget-image\" data-id=\"678b6bc\" data-element_type=\"widget\" data-widget_type=\"image.default\">\n\t\t\t\t<div class=\"elementor-widget-container\">\n\t\t\t\t\t\t\t\t\t\t\t\t\t<img decoding=\"async\" width=\"150\" height=\"150\" src=\"https:\/\/sites.usp.br\/comunicasaoremo\/wp-content\/uploads\/sites\/1067\/2022\/09\/gau-150x150.jpg\" class=\"attachment-thumbnail size-thumbnail wp-image-724\" alt=\"\" srcset=\"https:\/\/sites.usp.br\/comunicasaoremo\/wp-content\/uploads\/sites\/1067\/2022\/09\/gau-150x150.jpg 150w, https:\/\/sites.usp.br\/comunicasaoremo\/wp-content\/uploads\/sites\/1067\/2022\/09\/gau-45x45.jpg 45w, https:\/\/sites.usp.br\/comunicasaoremo\/wp-content\/uploads\/sites\/1067\/2022\/09\/gau.jpg 225w\" sizes=\"(max-width: 150px) 100vw, 150px\" \/>\t\t\t\t\t\t\t\t\t\t\t\t\t<\/div>\n\t\t\t\t<\/div>\n\t\t\t\t\t<\/div>\n\t\t<\/div>\n\t\t\t\t\t<\/div>\n\t\t<\/section>\n\t\t\t\t<\/div>\n\t\t","protected":false},"excerpt":{"rendered":"<p>Oficina de Aproveitamento integral de alimentos A oficina de alimentos foi realizada no dia 03 de agosto de 2022 na Associa\u00e7\u00e3o dos Moradores da comunidade S\u00e3o Remo. A oficina teve in\u00edcio com Vilma apresentando o coletivo e explicando, em seguida, a import\u00e2ncia do consumo de produtos org\u00e2nicos e do aproveitamento integral deles. Ap\u00f3s isso, iniciou-se [&hellip;]<\/p>\n","protected":false},"author":22764,"featured_media":0,"parent":113,"menu_order":0,"comment_status":"closed","ping_status":"closed","template":"","meta":{"ocean_post_layout":"","ocean_both_sidebars_style":"","ocean_both_sidebars_content_width":0,"ocean_both_sidebars_sidebars_width":0,"ocean_sidebar":"","ocean_second_sidebar":"","ocean_disable_margins":"enable","ocean_add_body_class":"","ocean_shortcode_before_top_bar":"","ocean_shortcode_after_top_bar":"","ocean_shortcode_before_header":"","ocean_shortcode_after_header":"","ocean_has_shortcode":"","ocean_shortcode_after_title":"","ocean_shortcode_before_footer_widgets":"","ocean_shortcode_after_footer_widgets":"","ocean_shortcode_before_footer_bottom":"","ocean_shortcode_after_footer_bottom":"","ocean_display_top_bar":"default","ocean_display_header":"default","ocean_header_style":"","ocean_center_header_left_menu":"","ocean_custom_header_template":"","ocean_custom_logo":0,"ocean_custom_retina_logo":0,"ocean_custom_logo_max_width":0,"ocean_custom_logo_tablet_max_width":0,"ocean_custom_logo_mobile_max_width":0,"ocean_custom_logo_max_height":0,"ocean_custom_logo_tablet_max_height":0,"ocean_custom_logo_mobile_max_height":0,"ocean_header_custom_menu":"","ocean_menu_typo_font_family":"","ocean_menu_typo_font_subset":"","ocean_menu_typo_font_size":0,"ocean_menu_typo_font_size_tablet":0,"ocean_menu_typo_font_size_mobile":0,"ocean_menu_typo_font_size_unit":"px","ocean_menu_typo_font_weight":"","ocean_menu_typo_font_weight_tablet":"","ocean_menu_typo_font_weight_mobile":"","ocean_menu_typo_transform":"","ocean_menu_typo_transform_tablet":"","ocean_menu_typo_transform_mobile":"","ocean_menu_typo_line_height":0,"ocean_menu_typo_line_height_tablet":0,"ocean_menu_typo_line_height_mobile":0,"ocean_menu_typo_line_height_unit":"","ocean_menu_typo_spacing":0,"ocean_menu_typo_spacing_tablet":0,"ocean_menu_typo_spacing_mobile":0,"ocean_menu_typo_spacing_unit":"","ocean_menu_link_color":"","ocean_menu_link_color_hover":"","ocean_menu_link_color_active":"","ocean_menu_link_background":"","ocean_menu_link_hover_background":"","ocean_menu_link_active_background":"","ocean_menu_social_links_bg":"","ocean_menu_social_hover_links_bg":"","ocean_menu_social_links_color":"","ocean_menu_social_hover_links_color":"","ocean_disable_title":"default","ocean_disable_heading":"default","ocean_post_title":"","ocean_post_subheading":"","ocean_post_title_style":"","ocean_post_title_background_color":"","ocean_post_title_background":0,"ocean_post_title_bg_image_position":"","ocean_post_title_bg_image_attachment":"","ocean_post_title_bg_image_repeat":"","ocean_post_title_bg_image_size":"","ocean_post_title_height":0,"ocean_post_title_bg_overlay":0.5,"ocean_post_title_bg_overlay_color":"","ocean_disable_breadcrumbs":"default","ocean_breadcrumbs_color":"","ocean_breadcrumbs_separator_color":"","ocean_breadcrumbs_links_color":"","ocean_breadcrumbs_links_hover_color":"","ocean_display_footer_widgets":"default","ocean_display_footer_bottom":"default","ocean_custom_footer_template":"","footnotes":"","_links_to":"","_links_to_target":""},"class_list":["post-693","page","type-page","status-publish","hentry","entry"],"_links":{"self":[{"href":"https:\/\/sites.usp.br\/comunicasaoremo\/wp-json\/wp\/v2\/pages\/693","targetHints":{"allow":["GET"]}}],"collection":[{"href":"https:\/\/sites.usp.br\/comunicasaoremo\/wp-json\/wp\/v2\/pages"}],"about":[{"href":"https:\/\/sites.usp.br\/comunicasaoremo\/wp-json\/wp\/v2\/types\/page"}],"author":[{"embeddable":true,"href":"https:\/\/sites.usp.br\/comunicasaoremo\/wp-json\/wp\/v2\/users\/22764"}],"replies":[{"embeddable":true,"href":"https:\/\/sites.usp.br\/comunicasaoremo\/wp-json\/wp\/v2\/comments?post=693"}],"version-history":[{"count":4,"href":"https:\/\/sites.usp.br\/comunicasaoremo\/wp-json\/wp\/v2\/pages\/693\/revisions"}],"predecessor-version":[{"id":1105,"href":"https:\/\/sites.usp.br\/comunicasaoremo\/wp-json\/wp\/v2\/pages\/693\/revisions\/1105"}],"up":[{"embeddable":true,"href":"https:\/\/sites.usp.br\/comunicasaoremo\/wp-json\/wp\/v2\/pages\/113"}],"wp:attachment":[{"href":"https:\/\/sites.usp.br\/comunicasaoremo\/wp-json\/wp\/v2\/media?parent=693"}],"curies":[{"name":"wp","href":"https:\/\/api.w.org\/{rel}","templated":true}]}}