{"id":753,"date":"2022-12-28T16:37:27","date_gmt":"2022-12-28T19:37:27","guid":{"rendered":"https:\/\/sites.usp.br\/comunicasaoremo\/?page_id=753"},"modified":"2023-01-11T16:17:50","modified_gmt":"2023-01-11T19:17:50","slug":"texteis","status":"publish","type":"page","link":"https:\/\/sites.usp.br\/comunicasaoremo\/projetos\/texteis\/","title":{"rendered":"T\u00caXTEIS"},"content":{"rendered":"\t\t<div data-elementor-type=\"wp-page\" data-elementor-id=\"753\" class=\"elementor elementor-753\" data-elementor-post-type=\"page\">\n\t\t\t\t\t\t<section class=\"elementor-section elementor-top-section elementor-element elementor-element-db55447 elementor-section-boxed elementor-section-height-default elementor-section-height-default\" data-id=\"db55447\" data-element_type=\"section\">\n\t\t\t\t\t\t<div class=\"elementor-container elementor-column-gap-default\">\n\t\t\t\t\t<div class=\"elementor-column elementor-col-100 elementor-top-column elementor-element elementor-element-3c8da09\" data-id=\"3c8da09\" data-element_type=\"column\">\n\t\t\t<div class=\"elementor-widget-wrap elementor-element-populated\">\n\t\t\t\t\t\t<section class=\"elementor-section elementor-inner-section elementor-element elementor-element-57ee256 elementor-section-boxed elementor-section-height-default elementor-section-height-default\" data-id=\"57ee256\" data-element_type=\"section\">\n\t\t\t\t\t\t<div class=\"elementor-container elementor-column-gap-default\">\n\t\t\t\t\t<div class=\"elementor-column elementor-col-50 elementor-inner-column elementor-element elementor-element-ff63952\" data-id=\"ff63952\" data-element_type=\"column\">\n\t\t\t<div class=\"elementor-widget-wrap elementor-element-populated\">\n\t\t\t\t\t\t<div class=\"elementor-element elementor-element-400b8dd elementor-widget elementor-widget-heading\" data-id=\"400b8dd\" data-element_type=\"widget\" data-widget_type=\"heading.default\">\n\t\t\t\t<div class=\"elementor-widget-container\">\n\t\t\t<h2 class=\"elementor-heading-title elementor-size-default\">Oficina de Text\u00eais<\/h2>\t\t<\/div>\n\t\t\t\t<\/div>\n\t\t\t\t<div class=\"elementor-element elementor-element-235eed3 elementor-widget elementor-widget-text-editor\" data-id=\"235eed3\" data-element_type=\"widget\" data-widget_type=\"text-editor.default\">\n\t\t\t\t<div class=\"elementor-widget-container\">\n\t\t\t\t\t\t\t<p><span style=\"font-weight: 400;\">A oficina T\u00eaxtil foi realizada no dia 10 de agosto de 2022, no CCInter &#8211; Santa Dulce, em S\u00e3o Remo.<\/span><\/p><p><span style=\"font-weight: 400;\">Na data marcada, os integrantes da equipe Comunica S\u00e3o Remo e os participantes da oficina se encontraram no local e as primeiras atividades realizadas foram a produ\u00e7\u00e3o dos teares manuais, feito com cavaletes e pregos, e a separa\u00e7\u00e3o dos tecidos- recolhidos previamente no Bom Retiro, por membros do Comunica &#8211; por cores.<\/span><\/p>\t\t\t\t\t\t<\/div>\n\t\t\t\t<\/div>\n\t\t\t\t\t<\/div>\n\t\t<\/div>\n\t\t\t\t<div class=\"elementor-column elementor-col-50 elementor-inner-column elementor-element elementor-element-b40a1da\" data-id=\"b40a1da\" data-element_type=\"column\">\n\t\t\t<div class=\"elementor-widget-wrap elementor-element-populated\">\n\t\t\t\t\t\t<div class=\"elementor-element elementor-element-b4911a4 elementor-widget elementor-widget-image\" data-id=\"b4911a4\" data-element_type=\"widget\" data-widget_type=\"image.default\">\n\t\t\t\t<div class=\"elementor-widget-container\">\n\t\t\t\t\t\t\t\t\t\t\t\t\t<img fetchpriority=\"high\" decoding=\"async\" width=\"904\" height=\"904\" src=\"https:\/\/sites.usp.br\/comunicasaoremo\/wp-content\/uploads\/sites\/1067\/2022\/12\/WhatsApp-Image-2022-12-28-at-15.50.25.jpeg\" class=\"attachment-large size-large wp-image-843\" alt=\"\" srcset=\"https:\/\/sites.usp.br\/comunicasaoremo\/wp-content\/uploads\/sites\/1067\/2022\/12\/WhatsApp-Image-2022-12-28-at-15.50.25.jpeg 904w, https:\/\/sites.usp.br\/comunicasaoremo\/wp-content\/uploads\/sites\/1067\/2022\/12\/WhatsApp-Image-2022-12-28-at-15.50.25-300x300.jpeg 300w, https:\/\/sites.usp.br\/comunicasaoremo\/wp-content\/uploads\/sites\/1067\/2022\/12\/WhatsApp-Image-2022-12-28-at-15.50.25-150x150.jpeg 150w, https:\/\/sites.usp.br\/comunicasaoremo\/wp-content\/uploads\/sites\/1067\/2022\/12\/WhatsApp-Image-2022-12-28-at-15.50.25-768x768.jpeg 768w, https:\/\/sites.usp.br\/comunicasaoremo\/wp-content\/uploads\/sites\/1067\/2022\/12\/WhatsApp-Image-2022-12-28-at-15.50.25-600x600.jpeg 600w, https:\/\/sites.usp.br\/comunicasaoremo\/wp-content\/uploads\/sites\/1067\/2022\/12\/WhatsApp-Image-2022-12-28-at-15.50.25-45x45.jpeg 45w\" sizes=\"(max-width: 904px) 100vw, 904px\" \/>\t\t\t\t\t\t\t\t\t\t\t\t\t<\/div>\n\t\t\t\t<\/div>\n\t\t\t\t\t<\/div>\n\t\t<\/div>\n\t\t\t\t\t<\/div>\n\t\t<\/section>\n\t\t\t\t\t<\/div>\n\t\t<\/div>\n\t\t\t\t\t<\/div>\n\t\t<\/section>\n\t\t\t\t<section class=\"elementor-section elementor-top-section elementor-element elementor-element-4baad6e elementor-section-boxed elementor-section-height-default elementor-section-height-default\" data-id=\"4baad6e\" data-element_type=\"section\">\n\t\t\t\t\t\t<div class=\"elementor-container elementor-column-gap-default\">\n\t\t\t\t\t<div class=\"elementor-column elementor-col-100 elementor-top-column elementor-element elementor-element-2cfe6bd\" data-id=\"2cfe6bd\" data-element_type=\"column\">\n\t\t\t<div class=\"elementor-widget-wrap elementor-element-populated\">\n\t\t\t\t\t\t<div class=\"elementor-element elementor-element-8ce7303 elementor-widget elementor-widget-text-editor\" data-id=\"8ce7303\" data-element_type=\"widget\" data-widget_type=\"text-editor.default\">\n\t\t\t\t<div class=\"elementor-widget-container\">\n\t\t\t\t\t\t\t<p><span style=\"font-weight: 400;\">Em seguida, houve a apresenta\u00e7\u00e3o, mediante <\/span><i><span style=\"font-weight: 400;\">power point<\/span><\/i><span style=\"font-weight: 400;\">, explicando a import\u00e2ncia do consumo circular, apresentando algumas marcas que realizam a customiza\u00e7\u00e3o de roupas e dando dicas de qual a melhor forma de comercializar as roupas e acess\u00f3rios produzidos com retalhos resgatados, introduzindo desde a cria\u00e7\u00e3o do nome e da logomarca da loja at\u00e9 as plataformas virtuais que possibilitam a venda.<\/span><\/p><p><span style=\"font-weight: 400;\">Por fim, foi servido o lanche oferecido pelo CCInter e os participantes puderam escolher tecidos e produzir suas pr\u00f3prias pe\u00e7as sob a orienta\u00e7\u00e3o do J\u00fanior Costa.<\/span><\/p>\t\t\t\t\t\t<\/div>\n\t\t\t\t<\/div>\n\t\t\t\t\t<\/div>\n\t\t<\/div>\n\t\t\t\t\t<\/div>\n\t\t<\/section>\n\t\t\t\t<section class=\"elementor-section elementor-top-section elementor-element elementor-element-e5e74c0 elementor-section-boxed elementor-section-height-default elementor-section-height-default\" data-id=\"e5e74c0\" data-element_type=\"section\">\n\t\t\t\t\t\t<div class=\"elementor-container elementor-column-gap-default\">\n\t\t\t\t\t<div class=\"elementor-column elementor-col-100 elementor-top-column elementor-element elementor-element-97189e3\" data-id=\"97189e3\" data-element_type=\"column\">\n\t\t\t<div class=\"elementor-widget-wrap elementor-element-populated\">\n\t\t\t\t\t\t<div class=\"elementor-element elementor-element-ca94f97 elementor-widget elementor-widget-spacer\" data-id=\"ca94f97\" data-element_type=\"widget\" data-widget_type=\"spacer.default\">\n\t\t\t\t<div class=\"elementor-widget-container\">\n\t\t\t\t\t<div class=\"elementor-spacer\">\n\t\t\t<div class=\"elementor-spacer-inner\"><\/div>\n\t\t<\/div>\n\t\t\t\t<\/div>\n\t\t\t\t<\/div>\n\t\t\t\t<div class=\"elementor-element elementor-element-0cad90a elementor-arrows-position-inside elementor-pagination-position-outside elementor-widget elementor-widget-image-carousel\" data-id=\"0cad90a\" data-element_type=\"widget\" data-settings=\"{&quot;slides_to_show&quot;:&quot;1&quot;,&quot;navigation&quot;:&quot;both&quot;,&quot;autoplay&quot;:&quot;yes&quot;,&quot;pause_on_hover&quot;:&quot;yes&quot;,&quot;pause_on_interaction&quot;:&quot;yes&quot;,&quot;autoplay_speed&quot;:5000,&quot;infinite&quot;:&quot;yes&quot;,&quot;effect&quot;:&quot;slide&quot;,&quot;speed&quot;:500}\" data-widget_type=\"image-carousel.default\">\n\t\t\t\t<div class=\"elementor-widget-container\">\n\t\t\t\t\t<div class=\"elementor-image-carousel-wrapper swiper\" dir=\"ltr\">\n\t\t\t<div class=\"elementor-image-carousel swiper-wrapper\" aria-live=\"off\">\n\t\t\t\t\t\t\t\t<div class=\"swiper-slide\" role=\"group\" aria-roledescription=\"slide\" aria-label=\"1 de 8\"><figure class=\"swiper-slide-inner\"><img decoding=\"async\" class=\"swiper-slide-image\" src=\"https:\/\/sites.usp.br\/comunicasaoremo\/wp-content\/uploads\/sites\/1067\/2022\/12\/WhatsApp-Image-2022-12-28-at-16.02.24-2-e1672257306879-768x744.jpeg\" alt=\"Apresenta\u00e7\u00e3o\" \/><figcaption class=\"elementor-image-carousel-caption\">Apresenta\u00e7\u00e3o <\/figcaption><\/figure><\/div><div class=\"swiper-slide\" role=\"group\" aria-roledescription=\"slide\" aria-label=\"2 de 8\"><figure class=\"swiper-slide-inner\"><img decoding=\"async\" class=\"swiper-slide-image\" src=\"https:\/\/sites.usp.br\/comunicasaoremo\/wp-content\/uploads\/sites\/1067\/2022\/12\/WhatsApp-Image-2022-12-28-at-16.02.24-768x576.jpeg\" alt=\"Apresenta\u00e7\u00e3o\" \/><figcaption class=\"elementor-image-carousel-caption\">Apresenta\u00e7\u00e3o<\/figcaption><\/figure><\/div><div class=\"swiper-slide\" role=\"group\" aria-roledescription=\"slide\" aria-label=\"3 de 8\"><figure class=\"swiper-slide-inner\"><img decoding=\"async\" class=\"swiper-slide-image\" src=\"https:\/\/sites.usp.br\/comunicasaoremo\/wp-content\/uploads\/sites\/1067\/2022\/12\/3.png\" alt=\"Separa\u00e7\u00e3o dos tecidos\" \/><figcaption class=\"elementor-image-carousel-caption\">Separa\u00e7\u00e3o dos tecidos<\/figcaption><\/figure><\/div><div class=\"swiper-slide\" role=\"group\" aria-roledescription=\"slide\" aria-label=\"4 de 8\"><figure class=\"swiper-slide-inner\"><img decoding=\"async\" class=\"swiper-slide-image\" src=\"https:\/\/sites.usp.br\/comunicasaoremo\/wp-content\/uploads\/sites\/1067\/2022\/12\/WhatsApp-Image-2022-12-28-at-16.04.38-768x576.jpeg\" alt=\"Separa\u00e7\u00e3o dos tecidos\" \/><figcaption class=\"elementor-image-carousel-caption\">Separa\u00e7\u00e3o dos tecidos<\/figcaption><\/figure><\/div><div class=\"swiper-slide\" role=\"group\" aria-roledescription=\"slide\" aria-label=\"5 de 8\"><figure class=\"swiper-slide-inner\"><img decoding=\"async\" class=\"swiper-slide-image\" src=\"https:\/\/sites.usp.br\/comunicasaoremo\/wp-content\/uploads\/sites\/1067\/2022\/12\/4-768x575.png\" alt=\"Separa\u00e7\u00e3o dos tecidos\" \/><figcaption class=\"elementor-image-carousel-caption\">Separa\u00e7\u00e3o dos tecidos<\/figcaption><\/figure><\/div><div class=\"swiper-slide\" role=\"group\" aria-roledescription=\"slide\" aria-label=\"6 de 8\"><figure class=\"swiper-slide-inner\"><img decoding=\"async\" class=\"swiper-slide-image\" src=\"https:\/\/sites.usp.br\/comunicasaoremo\/wp-content\/uploads\/sites\/1067\/2022\/12\/5-768x578.png\" alt=\"Montagem\" \/><figcaption class=\"elementor-image-carousel-caption\">Montagem<\/figcaption><\/figure><\/div><div class=\"swiper-slide\" role=\"group\" aria-roledescription=\"slide\" aria-label=\"7 de 8\"><figure class=\"swiper-slide-inner\"><img decoding=\"async\" class=\"swiper-slide-image\" src=\"https:\/\/sites.usp.br\/comunicasaoremo\/wp-content\/uploads\/sites\/1067\/2022\/12\/1.png\" alt=\"Montagem\" \/><figcaption class=\"elementor-image-carousel-caption\">Montagem<\/figcaption><\/figure><\/div><div class=\"swiper-slide\" role=\"group\" aria-roledescription=\"slide\" aria-label=\"8 de 8\"><figure class=\"swiper-slide-inner\"><img decoding=\"async\" class=\"swiper-slide-image\" src=\"https:\/\/sites.usp.br\/comunicasaoremo\/wp-content\/uploads\/sites\/1067\/2022\/12\/6-768x561.png\" alt=\"Participantes da oficina\" \/><figcaption class=\"elementor-image-carousel-caption\">Participantes da oficina<\/figcaption><\/figure><\/div>\t\t\t<\/div>\n\t\t\t\t\t\t\t\t\t\t\t\t<div class=\"elementor-swiper-button elementor-swiper-button-prev\" role=\"button\" tabindex=\"0\">\n\t\t\t\t\t\t<i aria-hidden=\"true\" class=\"eicon-chevron-left\"><\/i>\t\t\t\t\t<\/div>\n\t\t\t\t\t<div class=\"elementor-swiper-button elementor-swiper-button-next\" role=\"button\" tabindex=\"0\">\n\t\t\t\t\t\t<i aria-hidden=\"true\" class=\"eicon-chevron-right\"><\/i>\t\t\t\t\t<\/div>\n\t\t\t\t\n\t\t\t\t\t\t\t\t\t<div class=\"swiper-pagination\"><\/div>\n\t\t\t\t\t\t\t\t\t<\/div>\n\t\t\t\t<\/div>\n\t\t\t\t<\/div>\n\t\t\t\t<div class=\"elementor-element elementor-element-501cc54 elementor-widget elementor-widget-testimonial\" data-id=\"501cc54\" data-element_type=\"widget\" data-widget_type=\"testimonial.default\">\n\t\t\t\t<div class=\"elementor-widget-container\">\n\t\t\t\t\t<div class=\"elementor-testimonial-wrapper\">\n\t\t\t\t\t\t\t<div class=\"elementor-testimonial-content\">Achei bem interessante, um aprendizado que pode trazer muito para todos participantes, \ne eu espero participar outras vezes e aprender um pouco mais <\/div>\n\t\t\t\n\t\t\t\t\t\t<div class=\"elementor-testimonial-meta elementor-has-image elementor-testimonial-image-position-aside\">\n\t\t\t\t<div class=\"elementor-testimonial-meta-inner\">\n\t\t\t\t\t\t\t\t\t\t\t<div class=\"elementor-testimonial-image\">\n\t\t\t\t\t\t\t<img decoding=\"async\" width=\"1080\" height=\"1080\" src=\"https:\/\/sites.usp.br\/comunicasaoremo\/wp-content\/uploads\/sites\/1067\/2022\/07\/Design-sem-nome-1.png\" class=\"attachment-full size-full wp-image-541\" alt=\"\" srcset=\"https:\/\/sites.usp.br\/comunicasaoremo\/wp-content\/uploads\/sites\/1067\/2022\/07\/Design-sem-nome-1.png 1080w, https:\/\/sites.usp.br\/comunicasaoremo\/wp-content\/uploads\/sites\/1067\/2022\/07\/Design-sem-nome-1-300x300.png 300w, https:\/\/sites.usp.br\/comunicasaoremo\/wp-content\/uploads\/sites\/1067\/2022\/07\/Design-sem-nome-1-1024x1024.png 1024w, https:\/\/sites.usp.br\/comunicasaoremo\/wp-content\/uploads\/sites\/1067\/2022\/07\/Design-sem-nome-1-150x150.png 150w, https:\/\/sites.usp.br\/comunicasaoremo\/wp-content\/uploads\/sites\/1067\/2022\/07\/Design-sem-nome-1-768x768.png 768w, https:\/\/sites.usp.br\/comunicasaoremo\/wp-content\/uploads\/sites\/1067\/2022\/07\/Design-sem-nome-1-600x600.png 600w, https:\/\/sites.usp.br\/comunicasaoremo\/wp-content\/uploads\/sites\/1067\/2022\/07\/Design-sem-nome-1-45x45.png 45w\" sizes=\"(max-width: 1080px) 100vw, 1080px\" \/>\t\t\t\t\t\t<\/div>\n\t\t\t\t\t\n\t\t\t\t\t\t\t\t\t\t<div class=\"elementor-testimonial-details\">\n\t\t\t\t\t\t\t\t\t\t\t\t\t\t<div class=\"elementor-testimonial-name\">Cristina<\/div>\n\t\t\t\t\t\t\t\t\t\t\t\t\t\t\t\t\t\t\t<\/div>\n\t\t\t\t\t\t\t\t\t<\/div>\n\t\t\t<\/div>\n\t\t\t\t\t<\/div>\n\t\t\t\t<\/div>\n\t\t\t\t<\/div>\n\t\t\t\t<div class=\"elementor-element elementor-element-0fbcd1e elementor-widget elementor-widget-testimonial\" data-id=\"0fbcd1e\" data-element_type=\"widget\" data-widget_type=\"testimonial.default\">\n\t\t\t\t<div class=\"elementor-widget-container\">\n\t\t\t\t\t<div class=\"elementor-testimonial-wrapper\">\n\t\t\t\t\t\t\t<div class=\"elementor-testimonial-content\"><span style=\"font-family: &quot;Bree Serif&quot;, sans-serif; font-size: 16px; font-style: normal; font-variant-ligatures: normal; font-variant-caps: normal; font-weight: 400; letter-spacing: 0.1px; word-spacing: 1.6px;\">Eu achei que o trabalho  que voc\u00eas est\u00e3o elaborando conosco \u00e9 algo muito importante para o aprendizado nosso, principalmente depois da pandemia que  deixou as pessoas muito acuado dentro de casa e acredito que o projeto pode trazer muita inspira\u00e7\u00e3o principalmente para n\u00f3s mulheres, futuras empreendedoras.\nAcredito que deveria ter mais para incentivar outras mulheres a participarem, e a tarde foi muito maravilhosa<\/span><\/div>\n\t\t\t\n\t\t\t\t\t\t<div class=\"elementor-testimonial-meta elementor-has-image elementor-testimonial-image-position-aside\">\n\t\t\t\t<div class=\"elementor-testimonial-meta-inner\">\n\t\t\t\t\t\t\t\t\t\t\t<div class=\"elementor-testimonial-image\">\n\t\t\t\t\t\t\t<img decoding=\"async\" width=\"1080\" height=\"1080\" src=\"https:\/\/sites.usp.br\/comunicasaoremo\/wp-content\/uploads\/sites\/1067\/2022\/07\/Design-sem-nome-6.png\" class=\"attachment-full size-full wp-image-543\" alt=\"\" srcset=\"https:\/\/sites.usp.br\/comunicasaoremo\/wp-content\/uploads\/sites\/1067\/2022\/07\/Design-sem-nome-6.png 1080w, https:\/\/sites.usp.br\/comunicasaoremo\/wp-content\/uploads\/sites\/1067\/2022\/07\/Design-sem-nome-6-300x300.png 300w, https:\/\/sites.usp.br\/comunicasaoremo\/wp-content\/uploads\/sites\/1067\/2022\/07\/Design-sem-nome-6-1024x1024.png 1024w, https:\/\/sites.usp.br\/comunicasaoremo\/wp-content\/uploads\/sites\/1067\/2022\/07\/Design-sem-nome-6-150x150.png 150w, https:\/\/sites.usp.br\/comunicasaoremo\/wp-content\/uploads\/sites\/1067\/2022\/07\/Design-sem-nome-6-768x768.png 768w, https:\/\/sites.usp.br\/comunicasaoremo\/wp-content\/uploads\/sites\/1067\/2022\/07\/Design-sem-nome-6-600x600.png 600w, https:\/\/sites.usp.br\/comunicasaoremo\/wp-content\/uploads\/sites\/1067\/2022\/07\/Design-sem-nome-6-45x45.png 45w\" sizes=\"(max-width: 1080px) 100vw, 1080px\" \/>\t\t\t\t\t\t<\/div>\n\t\t\t\t\t\n\t\t\t\t\t\t\t\t\t\t<div class=\"elementor-testimonial-details\">\n\t\t\t\t\t\t\t\t\t\t\t\t\t\t<div class=\"elementor-testimonial-name\">Edneide<\/div>\n\t\t\t\t\t\t\t\t\t\t\t\t\t\t\t\t\t\t\t<\/div>\n\t\t\t\t\t\t\t\t\t<\/div>\n\t\t\t<\/div>\n\t\t\t\t\t<\/div>\n\t\t\t\t<\/div>\n\t\t\t\t<\/div>\n\t\t\t\t\t<\/div>\n\t\t<\/div>\n\t\t\t\t\t<\/div>\n\t\t<\/section>\n\t\t\t\t<\/div>\n\t\t","protected":false},"excerpt":{"rendered":"<p>Oficina de Text\u00eais A oficina T\u00eaxtil foi realizada no dia 10 de agosto de 2022, no CCInter &#8211; Santa Dulce, em S\u00e3o Remo. Na data marcada, os integrantes da equipe Comunica S\u00e3o Remo e os participantes da oficina se encontraram no local e as primeiras atividades realizadas foram a produ\u00e7\u00e3o dos teares manuais, feito com [&hellip;]<\/p>\n","protected":false},"author":22764,"featured_media":0,"parent":113,"menu_order":0,"comment_status":"closed","ping_status":"closed","template":"","meta":{"ocean_post_layout":"","ocean_both_sidebars_style":"","ocean_both_sidebars_content_width":0,"ocean_both_sidebars_sidebars_width":0,"ocean_sidebar":"","ocean_second_sidebar":"","ocean_disable_margins":"enable","ocean_add_body_class":"","ocean_shortcode_before_top_bar":"","ocean_shortcode_after_top_bar":"","ocean_shortcode_before_header":"","ocean_shortcode_after_header":"","ocean_has_shortcode":"","ocean_shortcode_after_title":"","ocean_shortcode_before_footer_widgets":"","ocean_shortcode_after_footer_widgets":"","ocean_shortcode_before_footer_bottom":"","ocean_shortcode_after_footer_bottom":"","ocean_display_top_bar":"default","ocean_display_header":"default","ocean_header_style":"","ocean_center_header_left_menu":"","ocean_custom_header_template":"","ocean_custom_logo":0,"ocean_custom_retina_logo":0,"ocean_custom_logo_max_width":0,"ocean_custom_logo_tablet_max_width":0,"ocean_custom_logo_mobile_max_width":0,"ocean_custom_logo_max_height":0,"ocean_custom_logo_tablet_max_height":0,"ocean_custom_logo_mobile_max_height":0,"ocean_header_custom_menu":"","ocean_menu_typo_font_family":"","ocean_menu_typo_font_subset":"","ocean_menu_typo_font_size":0,"ocean_menu_typo_font_size_tablet":0,"ocean_menu_typo_font_size_mobile":0,"ocean_menu_typo_font_size_unit":"px","ocean_menu_typo_font_weight":"","ocean_menu_typo_font_weight_tablet":"","ocean_menu_typo_font_weight_mobile":"","ocean_menu_typo_transform":"","ocean_menu_typo_transform_tablet":"","ocean_menu_typo_transform_mobile":"","ocean_menu_typo_line_height":0,"ocean_menu_typo_line_height_tablet":0,"ocean_menu_typo_line_height_mobile":0,"ocean_menu_typo_line_height_unit":"","ocean_menu_typo_spacing":0,"ocean_menu_typo_spacing_tablet":0,"ocean_menu_typo_spacing_mobile":0,"ocean_menu_typo_spacing_unit":"","ocean_menu_link_color":"","ocean_menu_link_color_hover":"","ocean_menu_link_color_active":"","ocean_menu_link_background":"","ocean_menu_link_hover_background":"","ocean_menu_link_active_background":"","ocean_menu_social_links_bg":"","ocean_menu_social_hover_links_bg":"","ocean_menu_social_links_color":"","ocean_menu_social_hover_links_color":"","ocean_disable_title":"default","ocean_disable_heading":"default","ocean_post_title":"","ocean_post_subheading":"","ocean_post_title_style":"","ocean_post_title_background_color":"","ocean_post_title_background":0,"ocean_post_title_bg_image_position":"","ocean_post_title_bg_image_attachment":"","ocean_post_title_bg_image_repeat":"","ocean_post_title_bg_image_size":"","ocean_post_title_height":0,"ocean_post_title_bg_overlay":0.5,"ocean_post_title_bg_overlay_color":"","ocean_disable_breadcrumbs":"default","ocean_breadcrumbs_color":"","ocean_breadcrumbs_separator_color":"","ocean_breadcrumbs_links_color":"","ocean_breadcrumbs_links_hover_color":"","ocean_display_footer_widgets":"default","ocean_display_footer_bottom":"default","ocean_custom_footer_template":"","footnotes":"","_links_to":"","_links_to_target":""},"class_list":["post-753","page","type-page","status-publish","hentry","entry"],"_links":{"self":[{"href":"https:\/\/sites.usp.br\/comunicasaoremo\/wp-json\/wp\/v2\/pages\/753","targetHints":{"allow":["GET"]}}],"collection":[{"href":"https:\/\/sites.usp.br\/comunicasaoremo\/wp-json\/wp\/v2\/pages"}],"about":[{"href":"https:\/\/sites.usp.br\/comunicasaoremo\/wp-json\/wp\/v2\/types\/page"}],"author":[{"embeddable":true,"href":"https:\/\/sites.usp.br\/comunicasaoremo\/wp-json\/wp\/v2\/users\/22764"}],"replies":[{"embeddable":true,"href":"https:\/\/sites.usp.br\/comunicasaoremo\/wp-json\/wp\/v2\/comments?post=753"}],"version-history":[{"count":4,"href":"https:\/\/sites.usp.br\/comunicasaoremo\/wp-json\/wp\/v2\/pages\/753\/revisions"}],"predecessor-version":[{"id":1057,"href":"https:\/\/sites.usp.br\/comunicasaoremo\/wp-json\/wp\/v2\/pages\/753\/revisions\/1057"}],"up":[{"embeddable":true,"href":"https:\/\/sites.usp.br\/comunicasaoremo\/wp-json\/wp\/v2\/pages\/113"}],"wp:attachment":[{"href":"https:\/\/sites.usp.br\/comunicasaoremo\/wp-json\/wp\/v2\/media?parent=753"}],"curies":[{"name":"wp","href":"https:\/\/api.w.org\/{rel}","templated":true}]}}