{"id":82,"date":"2022-03-15T11:51:14","date_gmt":"2022-03-15T14:51:14","guid":{"rendered":"https:\/\/sites.usp.br\/comunicasaoremo\/?page_id=82"},"modified":"2022-07-08T09:56:34","modified_gmt":"2022-07-08T12:56:34","slug":"sao-remo","status":"publish","type":"page","link":"https:\/\/sites.usp.br\/comunicasaoremo\/sao-remo\/","title":{"rendered":"S\u00c3O REMO"},"content":{"rendered":"\t\t<div data-elementor-type=\"wp-page\" data-elementor-id=\"82\" class=\"elementor elementor-82\" data-elementor-post-type=\"page\">\n\t\t\t\t\t\t<section class=\"elementor-section elementor-top-section elementor-element elementor-element-5cbdcce elementor-section-boxed elementor-section-height-default elementor-section-height-default\" data-id=\"5cbdcce\" data-element_type=\"section\">\n\t\t\t\t\t\t<div class=\"elementor-container elementor-column-gap-default\">\n\t\t\t\t\t<div class=\"elementor-column elementor-col-100 elementor-top-column elementor-element elementor-element-f1aa887\" data-id=\"f1aa887\" data-element_type=\"column\">\n\t\t\t<div class=\"elementor-widget-wrap elementor-element-populated\">\n\t\t\t\t\t\t<div class=\"elementor-element elementor-element-557c3bf elementor-widget elementor-widget-heading\" data-id=\"557c3bf\" data-element_type=\"widget\" data-widget_type=\"heading.default\">\n\t\t\t\t<div class=\"elementor-widget-container\">\n\t\t\t<h2 class=\"elementor-heading-title elementor-size-default\">A S\u00c3O REMO<\/h2>\t\t<\/div>\n\t\t\t\t<\/div>\n\t\t\t\t\t<\/div>\n\t\t<\/div>\n\t\t\t\t\t<\/div>\n\t\t<\/section>\n\t\t\t\t<section class=\"elementor-section elementor-top-section elementor-element elementor-element-907f06c elementor-section-boxed elementor-section-height-default elementor-section-height-default\" data-id=\"907f06c\" data-element_type=\"section\">\n\t\t\t\t\t\t<div class=\"elementor-container elementor-column-gap-default\">\n\t\t\t\t\t<div class=\"elementor-column elementor-col-50 elementor-top-column elementor-element elementor-element-60fcf9b\" data-id=\"60fcf9b\" data-element_type=\"column\">\n\t\t\t<div class=\"elementor-widget-wrap elementor-element-populated\">\n\t\t\t\t\t\t<div class=\"elementor-element elementor-element-195d49d elementor-widget elementor-widget-text-editor\" data-id=\"195d49d\" data-element_type=\"widget\" data-widget_type=\"text-editor.default\">\n\t\t\t\t<div class=\"elementor-widget-container\">\n\t\t\t\t\t\t\t<p>Comunidade da favela S\u00e3o Remo, situada a oeste da cidade de S\u00e3o Paulo &#8211; SP, composta por 2.496 fam\u00edlias (IBGE, 2019). A S\u00e3o Remo surgiu como um alojamento provis\u00f3rio dos trabalhadores migrantes \u00e0 S\u00e3o Paulo, absorvidos como m\u00e3o de obra \u00e0 constru\u00e7\u00e3o do Campus Butant\u00e3 &#8211; USP. Quando a obra se encerrou, os trabalhadores se fixaram no local, surgindo, assim, a S\u00e3o Remo e com&nbsp;ela suas lutas pela propriedade da terra e melhorias. Se no in\u00edcio a media\u00e7\u00e3o se dava pela absor\u00e7\u00e3o de m\u00e3o de obra para a&nbsp;constru\u00e7\u00e3o do campus, hoje se d\u00e1 na oferta dos postos de trabalho em servi\u00e7os gerais nas unidades da USP. O \u201cDiagn\u00f3stico&nbsp;preliminar s\u00f3cio territorial do assentamento S\u00e3o Remo\u201d, da Companhia de Desenvolvimento Habitacional e Urbano (CDHU), de&nbsp;2016, aponta que 70% das moradias t\u00eam ao menos um trabalhador dentro da USP. A escolaridade e a forma\u00e7\u00e3o t\u00e9cnica \u00e9 baixa&nbsp;em toda a comunidade, permeada pelo estigma da viol\u00eancia e da criminalidade atribu\u00eddo \u00e0s favelas e mediados pelas rela\u00e7\u00f5es de&nbsp;trabalho.<\/p>\t\t\t\t\t\t<\/div>\n\t\t\t\t<\/div>\n\t\t\t\t\t<\/div>\n\t\t<\/div>\n\t\t\t\t<div class=\"elementor-column elementor-col-50 elementor-top-column elementor-element elementor-element-e54a6e8\" data-id=\"e54a6e8\" data-element_type=\"column\">\n\t\t\t<div class=\"elementor-widget-wrap elementor-element-populated\">\n\t\t\t\t\t\t<div class=\"elementor-element elementor-element-7c57ff8 elementor-widget elementor-widget-google_maps\" data-id=\"7c57ff8\" data-element_type=\"widget\" data-widget_type=\"google_maps.default\">\n\t\t\t\t<div class=\"elementor-widget-container\">\n\t\t\t\t\t<div class=\"elementor-custom-embed\">\n\t\t\t<iframe loading=\"lazy\"\n\t\t\t\t\tsrc=\"https:\/\/maps.google.com\/maps?q=s%C3%A3o%20remo&#038;t=m&#038;z=10&#038;output=embed&#038;iwloc=near\"\n\t\t\t\t\ttitle=\"s\u00e3o remo\"\n\t\t\t\t\taria-label=\"s\u00e3o remo\"\n\t\t\t><\/iframe>\n\t\t<\/div>\n\t\t\t\t<\/div>\n\t\t\t\t<\/div>\n\t\t\t\t\t<\/div>\n\t\t<\/div>\n\t\t\t\t\t<\/div>\n\t\t<\/section>\n\t\t\t\t<section class=\"elementor-section elementor-top-section elementor-element elementor-element-5e8de72 elementor-section-boxed elementor-section-height-default elementor-section-height-default\" data-id=\"5e8de72\" data-element_type=\"section\">\n\t\t\t\t\t\t<div class=\"elementor-container elementor-column-gap-default\">\n\t\t\t\t\t<div class=\"elementor-column elementor-col-100 elementor-top-column elementor-element elementor-element-b2c09ae\" data-id=\"b2c09ae\" data-element_type=\"column\">\n\t\t\t<div class=\"elementor-widget-wrap elementor-element-populated\">\n\t\t\t\t\t\t<div class=\"elementor-element elementor-element-8dcd6ac elementor-widget elementor-widget-text-editor\" data-id=\"8dcd6ac\" data-element_type=\"widget\" data-widget_type=\"text-editor.default\">\n\t\t\t\t<div class=\"elementor-widget-container\">\n\t\t\t\t\t\t\t<p>A S\u00e3o Remo compreende uma \u00e1rea de 82.000.000 m2, em terreno cont\u00edguo \u00e0 Cidade Universit\u00e1ria, sede da Universidade de S\u00e3o&nbsp;Paulo (SEHAB\/HABITASAMPA, 2016).&nbsp;<\/p><p>Entre os empecilhos que dificultam a disposi\u00e7\u00e3o adequada dos res\u00edduos \u2013 n\u00facleo do presente Projeto, encontra-se a aus\u00eancia de&nbsp;um sistema de coleta que atenda tais espa\u00e7os de forma integral. Em muitos locais, o relevo \u00edngreme e o estreitamento das vias de&nbsp;acesso dificultam o fluxo do ve\u00edculo de coleta, fator que implica na disposi\u00e7\u00e3o dos res\u00edduos a c\u00e9u aberto em vias p\u00fablicas, quintais,&nbsp;encostas e terrenos baldios. A situa\u00e7\u00e3o de sa\u00fade, nestes locais, pode ser agravada pela disposi\u00e7\u00e3o inadequada de res\u00edduos, uma vez que diversas doen\u00e7as, como a leptospirose, disenteria, dengue,&nbsp;giard\u00edase e toxoplasmose, s\u00e3o transmitidas por vetores (ratos, moscas, mosquitos, baratas e aves) relacionados aos RSU.<br><\/p>\t\t\t\t\t\t<\/div>\n\t\t\t\t<\/div>\n\t\t\t\t\t<\/div>\n\t\t<\/div>\n\t\t\t\t\t<\/div>\n\t\t<\/section>\n\t\t\t\t<section class=\"elementor-section elementor-top-section elementor-element elementor-element-041e6f7 elementor-section-boxed elementor-section-height-default elementor-section-height-default\" data-id=\"041e6f7\" data-element_type=\"section\">\n\t\t\t\t\t\t<div class=\"elementor-container elementor-column-gap-default\">\n\t\t\t\t\t<div class=\"elementor-column elementor-col-100 elementor-top-column elementor-element elementor-element-89be717\" data-id=\"89be717\" data-element_type=\"column\">\n\t\t\t<div class=\"elementor-widget-wrap elementor-element-populated\">\n\t\t\t\t\t\t<div class=\"elementor-element elementor-element-e6f41b0 elementor-widget elementor-widget-text-editor\" data-id=\"e6f41b0\" data-element_type=\"widget\" data-widget_type=\"text-editor.default\">\n\t\t\t\t<div class=\"elementor-widget-container\">\n\t\t\t\t\t\t\t<p>O Concurso\u00a0<a href=\"https:\/\/sites.usp.br\/comunicasaoremo\/?page_id=121&amp;preview=true\" target=\"_blank\" rel=\"noopener\">&#8220;A vitrine do nosso mundo&#8221;<\/a>\u00a0foi um meio para\u00a0 a leitura sobre territ\u00f3rio do ponto de vista dos moradores, al\u00e9m das reuni\u00f5es realizadas com a Comunidade, que permitiram uma leitura parcial, al\u00e9m da estrutura\u00e7\u00e3o do plano estrat\u00e9gico.\u00a0<\/p>\t\t\t\t\t\t<\/div>\n\t\t\t\t<\/div>\n\t\t\t\t\t<\/div>\n\t\t<\/div>\n\t\t\t\t\t<\/div>\n\t\t<\/section>\n\t\t\t\t<\/div>\n\t\t","protected":false},"excerpt":{"rendered":"<p>A S\u00c3O REMO Comunidade da favela S\u00e3o Remo, situada a oeste da cidade de S\u00e3o Paulo &#8211; SP, composta por 2.496 fam\u00edlias (IBGE, 2019). A S\u00e3o Remo surgiu como um alojamento provis\u00f3rio dos trabalhadores migrantes \u00e0 S\u00e3o Paulo, absorvidos como m\u00e3o de obra \u00e0 constru\u00e7\u00e3o do Campus Butant\u00e3 &#8211; USP. Quando a obra se encerrou, [&hellip;]<\/p>\n","protected":false},"author":22764,"featured_media":0,"parent":0,"menu_order":0,"comment_status":"closed","ping_status":"closed","template":"elementor_header_footer","meta":{"ocean_post_layout":"","ocean_both_sidebars_style":"","ocean_both_sidebars_content_width":0,"ocean_both_sidebars_sidebars_width":0,"ocean_sidebar":"0","ocean_second_sidebar":"0","ocean_disable_margins":"enable","ocean_add_body_class":"","ocean_shortcode_before_top_bar":"","ocean_shortcode_after_top_bar":"","ocean_shortcode_before_header":"","ocean_shortcode_after_header":"","ocean_has_shortcode":"","ocean_shortcode_after_title":"","ocean_shortcode_before_footer_widgets":"","ocean_shortcode_after_footer_widgets":"","ocean_shortcode_before_footer_bottom":"","ocean_shortcode_after_footer_bottom":"","ocean_display_top_bar":"default","ocean_display_header":"default","ocean_header_style":"","ocean_center_header_left_menu":"0","ocean_custom_header_template":"0","ocean_custom_logo":0,"ocean_custom_retina_logo":0,"ocean_custom_logo_max_width":0,"ocean_custom_logo_tablet_max_width":0,"ocean_custom_logo_mobile_max_width":0,"ocean_custom_logo_max_height":0,"ocean_custom_logo_tablet_max_height":0,"ocean_custom_logo_mobile_max_height":0,"ocean_header_custom_menu":"0","ocean_menu_typo_font_family":"0","ocean_menu_typo_font_subset":"","ocean_menu_typo_font_size":0,"ocean_menu_typo_font_size_tablet":0,"ocean_menu_typo_font_size_mobile":0,"ocean_menu_typo_font_size_unit":"px","ocean_menu_typo_font_weight":"","ocean_menu_typo_font_weight_tablet":"","ocean_menu_typo_font_weight_mobile":"","ocean_menu_typo_transform":"","ocean_menu_typo_transform_tablet":"","ocean_menu_typo_transform_mobile":"","ocean_menu_typo_line_height":0,"ocean_menu_typo_line_height_tablet":0,"ocean_menu_typo_line_height_mobile":0,"ocean_menu_typo_line_height_unit":"","ocean_menu_typo_spacing":0,"ocean_menu_typo_spacing_tablet":0,"ocean_menu_typo_spacing_mobile":0,"ocean_menu_typo_spacing_unit":"","ocean_menu_link_color":"","ocean_menu_link_color_hover":"","ocean_menu_link_color_active":"","ocean_menu_link_background":"","ocean_menu_link_hover_background":"","ocean_menu_link_active_background":"","ocean_menu_social_links_bg":"","ocean_menu_social_hover_links_bg":"","ocean_menu_social_links_color":"","ocean_menu_social_hover_links_color":"","ocean_disable_title":"on","ocean_disable_heading":"default","ocean_post_title":"","ocean_post_subheading":"","ocean_post_title_style":"","ocean_post_title_background_color":"","ocean_post_title_background":0,"ocean_post_title_bg_image_position":"","ocean_post_title_bg_image_attachment":"","ocean_post_title_bg_image_repeat":"","ocean_post_title_bg_image_size":"","ocean_post_title_height":0,"ocean_post_title_bg_overlay":0.5,"ocean_post_title_bg_overlay_color":"","ocean_disable_breadcrumbs":"default","ocean_breadcrumbs_color":"","ocean_breadcrumbs_separator_color":"","ocean_breadcrumbs_links_color":"","ocean_breadcrumbs_links_hover_color":"","ocean_display_footer_widgets":"default","ocean_display_footer_bottom":"default","ocean_custom_footer_template":"0","footnotes":"","_links_to":"","_links_to_target":""},"class_list":["post-82","page","type-page","status-publish","hentry","entry"],"_links":{"self":[{"href":"https:\/\/sites.usp.br\/comunicasaoremo\/wp-json\/wp\/v2\/pages\/82","targetHints":{"allow":["GET"]}}],"collection":[{"href":"https:\/\/sites.usp.br\/comunicasaoremo\/wp-json\/wp\/v2\/pages"}],"about":[{"href":"https:\/\/sites.usp.br\/comunicasaoremo\/wp-json\/wp\/v2\/types\/page"}],"author":[{"embeddable":true,"href":"https:\/\/sites.usp.br\/comunicasaoremo\/wp-json\/wp\/v2\/users\/22764"}],"replies":[{"embeddable":true,"href":"https:\/\/sites.usp.br\/comunicasaoremo\/wp-json\/wp\/v2\/comments?post=82"}],"version-history":[{"count":4,"href":"https:\/\/sites.usp.br\/comunicasaoremo\/wp-json\/wp\/v2\/pages\/82\/revisions"}],"predecessor-version":[{"id":462,"href":"https:\/\/sites.usp.br\/comunicasaoremo\/wp-json\/wp\/v2\/pages\/82\/revisions\/462"}],"wp:attachment":[{"href":"https:\/\/sites.usp.br\/comunicasaoremo\/wp-json\/wp\/v2\/media?parent=82"}],"curies":[{"name":"wp","href":"https:\/\/api.w.org\/{rel}","templated":true}]}}