{"id":1102,"date":"2017-12-11T07:48:50","date_gmt":"2017-12-11T09:48:50","guid":{"rendered":"http:\/\/sites.usp.br\/construinova\/?page_id=1102"},"modified":"2026-03-20T13:13:49","modified_gmt":"2026-03-20T16:13:49","slug":"bibliografia","status":"publish","type":"page","link":"https:\/\/sites.usp.br\/construinova\/ingresso\/bibliografia\/","title":{"rendered":"Bibliografia 2026"},"content":{"rendered":"<p style=\"text-align: center;\"><strong>Segue abaixo a bibliografia dividida por eixo de pesquisa para o exame escrito do processo seletivo do curso de mestrado de 2026. <\/strong><\/p>\n<p style=\"text-align: center;\"><strong><span style=\"color: #ff0000;\">*As provas s\u00e3o espec\u00edficas para cada linha de pesquisa, versando somente sobre a bibliografia especificada para cada uma delas.<\/span><br \/>\n<\/strong><\/p>\n<p>&nbsp;<\/p>\n<ol>\n<li><strong>BIM: Building Information Modeling<span style=\"color: #ff0000;\"> (Confirmada)<\/span><\/strong><\/li>\n<\/ol>\n<p>SACKS, R. et al. <strong>Manual de BIM<\/strong>: um guia de modelagem da informa\u00e7\u00e3o da constru\u00e7\u00e3o para arquitetos, engenheiros, gerentes, construtores e incorporadores. 3. ed. Porto Alegre: Bookman, 2021. 585 p.<\/p>\n<p>&nbsp;<\/p>\n<ol start=\"2\">\n<li><strong> Desempenho, tecnologia e gest\u00e3o de sistemas prediais <span style=\"color: #ff0000;\">(Confirmada)<\/span><\/strong><\/li>\n<\/ol>\n<div>Bessa, V M T; Prado, RTA. Reduction of carbon dioxide emissions by solar water heating systems and passive technologies in social housing. Energy Policy 83 (2015) 138\u2013150.<\/div>\n<div>Ferreira, Fabiana L; Prado, RTA. Measurement of albedo and analysis of its influence the surface temperature of building roof materials. 37 (2005) 295-300.<\/div>\n<div>Givoni, B. Climate considerations in building and urban design. Van Nostrand Reinhold, USA, 1998.<\/div>\n<div>BRUGNERA, R. R.; MATEUS, R.; ROSSIGNOLO, J. A.; CHVATAL, K. M. S. Escrit\u00f3rios de planta livre: o impacto de diferentes solu\u00e7\u00f5es de fachada na efici\u00eancia energ\u00e9tica. Ambiente Constru\u00eddo, Porto Alegre, v. 19, n. 3, p. 295-315, jul.\/set. 2019.<\/div>\n<div>Lan Wang; Eric Wai Ming Lee; Richard K.K. Yuen;Wei Feng;Cooling load forecasting-based predictive optimisation for chiller plants. Energy &amp; Buildings 198 (2019) 261\u2013274.<\/div>\n<div>Allouhi;Y. El Fouih; T. Kousksou; A. Jamil; Y. Zeraouli; Y. Mourad. Energy consumption and efficiency in buildings: current status and future trends. Journal of Cleaner Production 109 (2015) 118 \u2013 130.<\/div>\n<div>Energy efficiency strategies for Brazilian social housing considering a life cycle perspective: Optimisation between thermal autonomy, energy consumption and costs.Energy and Buildings 295 (2023) 113254.<\/div>\n<div>Optimal retrofit solutions considering thermal comfort and intervention costs for the Mediterranean social housing stock. Energy and Buildings 259 (2022) 111915.<\/div>\n<p>&nbsp;<\/p>\n<ol start=\"3\">\n<li><strong> Tecnologia e gest\u00e3o em projetos <span style=\"color: #ff0000;\">(confirmada)<\/span><\/strong><\/li>\n<\/ol>\n<p>MURGUIA, D., BRIOSO, X., CONEJO, L. R..\u00a0<a href=\"https:\/\/sites.usp.br\/construinova\/wp-content\/uploads\/sites\/97\/2019\/12\/Process-integration-framework.pdf\" data-saferedirecturl=\"https:\/\/www.google.com\/url?q=https:\/\/sites.usp.br\/construinova\/wp-content\/uploads\/sites\/97\/2019\/12\/Process-integration-framework.pdf&amp;source=gmail&amp;ust=1771584814713000&amp;usg=AOvVaw23gRR_2OFL6Lpc1enKzyoI\"><strong>Process integration framework for the design phase of a residential building<\/strong><\/a><strong>.<\/strong>\u00a0\u00a0 <span style=\"color: #333333;\">Creative Construction Conference 2017, CCC 2017, 19-22 June 2017, Primosten, Croatia<\/span><\/p>\n<p>MASSIMIANO LO TURCO, V.D., BOCCONCINO,M.M..\u00a0<a href=\"https:\/\/sites.usp.br\/construinova\/wp-content\/uploads\/sites\/97\/2019\/12\/Tomada_Decisao_BIM-QA-QC-in-the-architectural-design-process.pdf\" data-saferedirecturl=\"https:\/\/www.google.com\/url?q=https:\/\/sites.usp.br\/construinova\/wp-content\/uploads\/sites\/97\/2019\/12\/Tomada_Decisao_BIM-QA-QC-in-the-architectural-design-process.pdf&amp;source=gmail&amp;ust=1771584814713000&amp;usg=AOvVaw3RwI3EmtlHKTUvp0lK2wGB\"><strong>BIM-QA\/QC in the architectural design process<\/strong><\/a><strong>.\u00a0<\/strong>Architectural Engineering and Design Management. Vol.14 N.3, 2018: 239-254.<\/p>\n<p>KNOTTEN,V., LAEDRE,O., HANSEN,G.K.\u00a0<a href=\"https:\/\/sites.usp.br\/construinova\/wp-content\/uploads\/sites\/97\/2019\/12\/Workshop_1Building-design-management-key-success-factors.pdf\" data-saferedirecturl=\"https:\/\/www.google.com\/url?q=https:\/\/sites.usp.br\/construinova\/wp-content\/uploads\/sites\/97\/2019\/12\/Workshop_1Building-design-management-key-success-factors.pdf&amp;source=gmail&amp;ust=1771584814713000&amp;usg=AOvVaw3XjsUHh0zuJbxaR7wMDRFr\"><strong>Building design management- key success factors<\/strong><\/a><strong>.\u00a0<\/strong>Architectural Engineering and Design Management.\u00a0Vol.13 N.6, 2017: 479-493.<\/p>\n<p>SOUZA,F.R. Tese (Doutorado).\u00a0<a href=\"https:\/\/teses.usp.br\/teses\/disponiveis\/3\/3146\/tde-11052016-115144\/publico\/FlaviaRodriguesdeSouza_PPGEC_Corrigida_2015.pdf\" data-saferedirecturl=\"https:\/\/www.google.com\/url?q=https:\/\/teses.usp.br\/teses\/disponiveis\/3\/3146\/tde-11052016-115144\/publico\/FlaviaRodriguesdeSouza_PPGEC_Corrigida_2015.pdf&amp;source=gmail&amp;ust=1771584814713000&amp;usg=AOvVaw2BSgX0rEihQ7aTpnwGZ14D\"><strong>A gest\u00e3o do processo de projeto em empresas incorporadoras e construtoras<\/strong><\/a><strong>.<\/strong>\u00a0S\u00e3o Paulo: Escola Polit\u00e9cnica da Universidade de S\u00e3o Paulo, 2015.<\/p>\n<p>ROKIO, Matias; AHOLA, Tuomas; ALKKI, Lauri; ST\u00c5HLE, Matias.\u00a0<strong>Projects as drivers of sustainability: How the adoption of the reuse principle affects the front-end of a construction project<\/strong>.\u00a0<em>International Journal of Project Management<\/em>, v. 42, n. 7, p. 102647, 2024. DOI:\u00a0<a href=\"https:\/\/doi.org\/10.1016\/j.ijproman.2024.102647\" data-saferedirecturl=\"https:\/\/www.google.com\/url?q=https:\/\/doi.org\/10.1016\/j.ijproman.2024.102647&amp;source=gmail&amp;ust=1771584814714000&amp;usg=AOvVaw3AFssM-2rdz31MlzlqFM8L\">https:\/\/doi.org\/10.1016\/j.ijproman.2024.102647<\/a>.<\/p>\n<p>DI MADDALONI, Francesco; SABINI, Luca<strong>.\u00a0<\/strong><strong>Very important, yet very neglected: Where do local communities stand when examining social sustainability in major construction projects?\u00a0<\/strong>International Journal of Project Management, v. 40, p. 778\u2013797, 2022. DOI: 10.1016\/j.ijproman.2022.08.007<\/p>\n<p>AGRI, Merve Erturk; LE, An; TO, Quan Phung.\u00a0<strong>AI integration in architectural design and management: professionals\u2019 perspectives.<\/strong>\u00a0Architectural Engineering and Design Management, [s.\u202fl.], publicado online em 28 ago. 2025. DOI:\u00a0<a href=\"https:\/\/doi.org\/10.1080\/17452007.2025.2548911\" data-saferedirecturl=\"https:\/\/www.google.com\/url?q=https:\/\/doi.org\/10.1080\/17452007.2025.2548911&amp;source=gmail&amp;ust=1771584814714000&amp;usg=AOvVaw0OO_v6yg2bIowBDe5IxM0p\">https:\/\/doi.org\/10.1080\/17452007.2025.2548911<\/a><\/p>\n<p>AL-QAZZAZ, Ihab; OSORIO-SANDOVAL, Carlos Arturo; TOKBOLAT, Serik; THERMOU, Georgia.\u00a0<strong>A BIM-based decision support system for circularity and sustainability assessment in the early design stages<\/strong>.Architectural Engineering and Design Management, [s. l.], publicado online em 03 out. 2025. DOI:\u00a0<a href=\"https:\/\/doi.org\/10.1080\/17452007.2025.2566094\" data-saferedirecturl=\"https:\/\/www.google.com\/url?q=https:\/\/doi.org\/10.1080\/17452007.2025.2566094&amp;source=gmail&amp;ust=1771584814714000&amp;usg=AOvVaw1ueIJiBrPUL4EeEIQA4c3R\">https:\/\/doi.org\/10.1080\/17452007.2025.2566094<\/a>.<\/p>\n<p>OSEI-KYEI, Robert; NARBAEV, Timur; FALANA, Justina; OTTAVIANI, Filippo Maria.<\/p>\n<p><strong>Artificial intelligence in achieving carbon-neutral buildings: a critical analysis of the emerging techniques, their applications and challenges.\u00a0<\/strong>Architectural Engineering and Design Management, [s. l.], publicado online em 22 dez. 2025. DOI:\u00a0<a href=\"https:\/\/doi.org\/10.1080\/17452007.2025.2596708\" data-saferedirecturl=\"https:\/\/www.google.com\/url?q=https:\/\/doi.org\/10.1080\/17452007.2025.2596708&amp;source=gmail&amp;ust=1771584814714000&amp;usg=AOvVaw2RGYultcZAhQ0u2P5CVlkm\">https:\/\/doi.org\/10.1080\/17452007.2025.2596708<\/a>.<\/p>\n<p>&nbsp;<\/p>\n<ol start=\"4\">\n<li><strong> Tecnologia e gest\u00e3o na produ\u00e7\u00e3o <span style=\"color: #ff0000;\">(Confirmada)<\/span><\/strong><\/li>\n<\/ol>\n<p>AMBROZEWICZ, Paulo Henrique Laporte. <a href=\"http:\/\/sites.usp.br\/construinova\/wp-content\/uploads\/sites\/97\/2026\/03\/Item-bibliografia-TGP.pdf\"><strong>Qualidade na pr\u00e1tica: Conceitos e Ferramentas. Unidade I \u2013 Qualidade: conceitos e abordagem<\/strong>. Curitiba: Servi\u00e7o Nacional de Aprendizagem Industrial<\/a>. Departamento Regional do Paran\u00e1, 2003. pp.13-39.<\/p>\n<p>BARROS, Mercia M. S. B. <a href=\"http:\/\/sites.usp.br\/construinova\/wp-content\/uploads\/sites\/97\/2017\/12\/Tecnologias-construtivas-vADAPTADA-PARA-POS-GRADUA\u00c7\u00c3O-COMPACT.pdf\"><strong>Tecnologias construtivas para produ\u00e7\u00e3o de edif\u00edcios no Brasil: perspectivas e desafios.<\/strong><\/a> Departamento de Engenharia de Constru\u00e7\u00e3o Civil. Escola Polit\u00e9cnica USP, 2013. <strong>Documento interno<\/strong>.<\/p>\n<p>LIBRAIS, C. F; SOUZA, U.E.L. <a href=\"http:\/\/sites.usp.br\/construinova\/wp-content\/uploads\/sites\/97\/2017\/12\/BT_00316-Carlus-Fabr\u00edcio-Ubiraci-Souza.pdf\"><strong>Produtividade da m\u00e3o-de-obra no assentamento de revestimento cer\u00e2mico interno de parede.<\/strong><\/a> S\u00e3o Paulo, 2002. BT\/PCC\/316.<\/p>\n<p>Picchi, F. <a href=\"http:\/\/sites.usp.br\/construinova\/wp-content\/uploads\/sites\/97\/2017\/12\/PICCHI-Oportunidades-de-aplica\u00e7\u00e3o.pdf\"><strong>Oportunidades para aplica\u00e7\u00e3o de Lean Thinking na constru\u00e7\u00e3o<\/strong><\/a><strong>.<\/strong> Revista Ambiente Constru\u00eddo, Porto Alegre, v.3 n.1, p. 7-23, jan.\/mar. 2003. ISSN 1415-8876. ANTAC.<\/p>\n<p>Vivancos, A. G. <a href=\"http:\/\/sites.usp.br\/construinova\/wp-content\/uploads\/sites\/97\/2017\/12\/Disserta\u00e7\u00e3o-Adriano-Vivancos-Cap\u00edtulo-3.pdf\"><strong>Estruturas organizacionais de empresas construtoras de edifica\u00e7\u00f5es e a implanta\u00e7\u00e3o de sistemas de gest\u00e3o da qualidade: caracteriza\u00e7\u00e3o e processo de mudan\u00e7a.<\/strong><\/a> Extrato \u2013 Cap\u00edtulo 2 \u2013 Estruturas organizacionais. Texto da disserta\u00e7\u00e3o de mestrado. Orientador: Francisco Cardoso. S\u00e3o Paulo. 2000. <strong>Documento interno.<\/strong><\/p>\n<p>ZIMMERMANN, Joana; OVIEDO-HAITO, Ricardo Juan Jos\u00e9.<a href=\"https:\/\/sites.usp.br\/construinova\/wp-content\/uploads\/sites\/97\/2024\/12\/Zimmermann-and-Oviedo-Haito-Entac2022-1183.pdf\"><strong> Fontes internas de vantagem competitiva vinculadas com a Constru\u00e7\u00e3o 4.0 em empresas de constru\u00e7\u00e3o.<\/strong> <\/a>In: <strong>ENCONTRO NACIONAL DE TECNOLOGIA DO AMBIENTE CONSTRU\u00cdDO<\/strong>, 19., 2022. Anais [&#8230;]. Porto Alegre: ANTAC, 2022. p. 1\u201313.<\/p>\n<p>CARDOSO, L. R. A.; FRESCHI, G. R. .<strong> <a href=\"https:\/\/sites.usp.br\/construinova\/wp-content\/uploads\/sites\/97\/2024\/12\/Cardoso_2022_IOP_Conf._Ser.__Earth_Environ._Sci._1101_042001.pdf\">Industrialization of housing construction in Brazil: current situation and trends.<\/a><\/strong> In: <strong>World Building Congress<\/strong> 2022, 2022, Melbourne. IOP Conf. Series: Earth and Environmental Science, 2022. v. 1101.<\/p>\n<p>SILVA, F. B.; BARROS, M. M. S. B. <a href=\"https:\/\/sites.usp.br\/construinova\/wp-content\/uploads\/sites\/97\/2024\/12\/Silva-e-Barros-Entac-2012-0207.pdf\"><strong>Planejamento de processos de constru\u00e7\u00e3o para a produ\u00e7\u00e3o industrializada em larga escala de edif\u00edcios habitacionais: um modelo baseado na ind\u00fastria de manufatura<\/strong><\/a>. In: <strong>XIV Encontro Nacional de Tecnologia do Ambiente Constru\u00eddo<\/strong>, 2012, Juiz de Fora. Anais do XIV Encontro Nacional de Tecnologia do Ambiente Constru\u00eddo, 2012.<\/p>\n<p>&nbsp;<\/p>\n<ol start=\"5\">\n<li><strong> Real Estate: economia setorial e mercados <span style=\"color: #ff0000;\">(Confirmada)<\/span><\/strong><\/li>\n<\/ol>\n<p>Real Estate: Fundamentos para An\u00e1lise de Investimentos. Rio de Janeiro: Editora Elsevier Ltda., 2011, v.1. p.440. ROCHA-LIMA JUNIOR, Jo\u00e3o da, MONETTI, Eliane, ALENCAR, C. T.<\/p>\n<p>&nbsp;<\/p>\n<ol start=\"6\">\n<li><strong> Simula\u00e7\u00e3o computacional <span style=\"color: #ff0000;\">(Confirmada)<\/span><\/strong><\/li>\n<\/ol>\n<p>Building Performance Simulation for Design and Operation. Jan L.M. Hensen, Roberto Lamberts. 2nd Edition. London, 2019. DOIhttps:\/\/<a href=\"http:\/\/doi.org\/10.1201\/9780429402296\">doi.org\/10.1201\/9780429402296<\/a><\/p>\n<p>Efici\u00eancia energ\u00e9tica na arquitetura. Roberto Lamberts, Luciano Dutra Pereira, Fernando Oscar Ruttkay.\u00a0 S\u00e3o Paulo, PW Editores, 1997. 188 p.<\/p>\n<p>M.L.Boutet, A.L.Hern\u00e1ndez, G.J.Jacobo. Thermo \u2013 lighting optimization proposal for school buildings in subtropical hot \u2013 humid climates: Monitoring and computer simulation on autumn period. Energy and Buildings, v 128, p 785 &#8211; 797, 2016. <a href=\"https:\/\/doi.org\/10.1016\/j.enbuild.2016.07.028\">https:\/\/doi.org\/10.1016\/j.enbuild.2016.07.028<\/a><\/p>\n<p>&nbsp;<\/p>\n","protected":false},"excerpt":{"rendered":"<p>Segue abaixo a bibliografia dividida por eixo de pesquisa para o exame escrito do processo [&hellip;]<\/p>\n","protected":false},"author":259,"featured_media":0,"parent":334,"menu_order":0,"comment_status":"closed","ping_status":"closed","template":"","meta":{"footnotes":"","_links_to":"","_links_to_target":""},"class_list":["post-1102","page","type-page","status-publish","hentry"],"_links":{"self":[{"href":"https:\/\/sites.usp.br\/construinova\/wp-json\/wp\/v2\/pages\/1102","targetHints":{"allow":["GET"]}}],"collection":[{"href":"https:\/\/sites.usp.br\/construinova\/wp-json\/wp\/v2\/pages"}],"about":[{"href":"https:\/\/sites.usp.br\/construinova\/wp-json\/wp\/v2\/types\/page"}],"author":[{"embeddable":true,"href":"https:\/\/sites.usp.br\/construinova\/wp-json\/wp\/v2\/users\/259"}],"replies":[{"embeddable":true,"href":"https:\/\/sites.usp.br\/construinova\/wp-json\/wp\/v2\/comments?post=1102"}],"version-history":[{"count":6,"href":"https:\/\/sites.usp.br\/construinova\/wp-json\/wp\/v2\/pages\/1102\/revisions"}],"predecessor-version":[{"id":3193,"href":"https:\/\/sites.usp.br\/construinova\/wp-json\/wp\/v2\/pages\/1102\/revisions\/3193"}],"up":[{"embeddable":true,"href":"https:\/\/sites.usp.br\/construinova\/wp-json\/wp\/v2\/pages\/334"}],"wp:attachment":[{"href":"https:\/\/sites.usp.br\/construinova\/wp-json\/wp\/v2\/media?parent=1102"}],"curies":[{"name":"wp","href":"https:\/\/api.w.org\/{rel}","templated":true}]}}