{"id":1379,"date":"2018-10-16T11:07:06","date_gmt":"2018-10-16T14:07:06","guid":{"rendered":"http:\/\/sites.usp.br\/construinova\/?page_id=1379"},"modified":"2025-07-31T10:47:59","modified_gmt":"2025-07-31T13:47:59","slug":"pre-mestrado","status":"publish","type":"page","link":"https:\/\/sites.usp.br\/construinova\/ingresso\/pre-mestrado\/","title":{"rendered":"Pr\u00e9-mestrado"},"content":{"rendered":"<p style=\"text-align: center;\"><span style=\"color: #ff0000;\"><strong>O Programa de Pr\u00e9-mestrado \u00e9 voltado apenas a alunos(as) regularmente matriculados(as) no curso de gradua\u00e7\u00e3o da Escola Polit\u00e9cnica da Universidade de S\u00e3o Paulo.<\/strong><\/span><\/p>\n<p>&nbsp;<\/p>\n<hr \/>\n<p>&nbsp;<\/p>\n<p style=\"text-align: center;\"><strong>EDITAL DE ABERTURA DE INSCRI\u00c7\u00d5ES AO PROCESSO SELETIVO 2023 <\/strong><\/p>\n<p style=\"text-align: center;\"><strong>M\u00d3DULO INOVA\u00c7\u00c3O NA CONSTRU\u00c7\u00c3O CIVIL &#8211; PR\u00c9-MESTRADO<\/strong><\/p>\n<p>&nbsp;<\/p>\n<p>O M\u00f3dulo Inova\u00e7\u00e3o na Constru\u00e7\u00e3o Civil &#8211; Pr\u00e9-Mestrado &#8211; PPMConstruInova \u00e9 voltado a alunos regularmente matriculados no curso de gradua\u00e7\u00e3o da Escola Polit\u00e9cnica da Universidade de S\u00e3o Paulo.<\/p>\n<p>O Coordenador da Comiss\u00e3o Coordenadora do M\u00f3dulo Inova\u00e7\u00e3o na Constru\u00e7\u00e3o Civil &#8211; Pr\u00e9-Mestrado da Escola Polit\u00e9cnica da Universidade de S\u00e3o Paulo torna p\u00fablico que estar\u00e3o abertas as inscri\u00e7\u00f5es para a sele\u00e7\u00e3o de candidatos ao M\u00f3dulo Inova\u00e7\u00e3o na Constru\u00e7\u00e3o Civil &#8211; Pr\u00e9-Mestrado conforme as normas do processo seletivo descritas abaixo.<\/p>\n<p>Os interessados em participar do Processo Seletivo 2023, para ingresso no <strong>M\u00f3dulo Inova\u00e7\u00e3o na Constru\u00e7\u00e3o Civil &#8211; Pr\u00e9-Mestrado<\/strong><strong> da Escola Polit\u00e9cnica da Universidade de S\u00e3o Paulo,<\/strong> dever\u00e3o se inscrever conforme instru\u00e7\u00f5es a seguir.<\/p>\n<p><strong>Cabe aos interessados se informarem sobre o <\/strong><strong><a href=\"https:\/\/sites.usp.br\/construinova\/wp-content\/uploads\/sites\/97\/2020\/11\/Projeto-Pol\u00edtico-Pedag\u00f3gico-Pr\u00e9-mestrado-ConstruInova.pdf\">Projeto Pedag\u00f3gico e o Regimento do Programa de Pr\u00e9-Mestrado em Inova\u00e7\u00e3o na Constru\u00e7\u00e3o Civil<\/a><\/strong>, <strong>dispon\u00edveis na p\u00e1gina eletr\u00f4nica do ConstruInova Poli\/USP &#8211; Programa de Mestrado Profissional em Inova\u00e7\u00e3o na Constru\u00e7\u00e3o Civil (http:\/\/sites.usp.br\/construinova\/).<\/strong><\/p>\n<p>O presente edital \u00e9 v\u00e1lido somente para ingresso no ano letivo de 2023.<\/p>\n<ol>\n<li>Das Vagas<\/li>\n<\/ol>\n<p>O programa disponibiliza o n\u00famero m\u00e1ximo de 10 (dez) vagas. O Programa n\u00e3o se obriga a preencher todas as vagas oferecidas.<\/p>\n<ol start=\"2\">\n<li>Da inscri\u00e7\u00e3o<\/li>\n<\/ol>\n<p>O per\u00edodo de inscri\u00e7\u00e3o e apresenta\u00e7\u00e3o da documenta\u00e7\u00e3o vai de <strong>18 a 21 de Novembro de 2022<\/strong>. Para ter sua inscri\u00e7\u00e3o efetivada, o candidato dever\u00e1 enviar por e-mail os documentos abaixo relacionados, para a secret\u00e1ria do Programa de Mestrado em Inova\u00e7\u00e3o na Constru\u00e7\u00e3o Civil da Escola Polit\u00e9cnica da USP (eliany.funary@usp.br), durante o per\u00edodo de inscri\u00e7\u00f5es especificado, com assunto do email indicando \u201cInscri\u00e7\u00e3o Pr\u00e9-Mestrado ConstruInova 2023\u201d .<\/p>\n<p>Os documentos obrigat\u00f3rios s\u00e3o:<\/p>\n<ul>\n<li><a href=\"https:\/\/sites.usp.br\/construinova\/wp-content\/uploads\/sites\/97\/2021\/11\/Ficha-de-Inscricao.doc\">ficha de inscri\u00e7\u00e3o<\/a> (dispon\u00edvel no site do ConstruInova Poli\/USP &#8211; Programa de Mestrado Profissional em Inova\u00e7\u00e3o na Constru\u00e7\u00e3o Civil &#8211; http:\/\/sites.usp.br\/construinova\/), onde o candidato dever\u00e1 indicar o eixo de pesquisa pretendido (Tecnologia e gest\u00e3o na produ\u00e7\u00e3o; Tecnologia e gest\u00e3o em projetos; Desempenho, tecnologia e gest\u00e3o de sistemas prediais; Materiais e componentes de constru\u00e7\u00e3o; Gest\u00e3o habitacional urbana; <em>BIM<\/em>: <em>Building Information Modeling<\/em> e Simula\u00e7\u00e3o computacional; ou Real Estate: economia setorial e mercados) e o orientador pretendido;<\/li>\n<li>c\u00f3pia simples do hist\u00f3rico escolar do curso de gradua\u00e7\u00e3o, atualizado at\u00e9 2020-1;<\/li>\n<li>c\u00f3pia simples do curr\u00edculo Lattes (http:\/\/lattes.cnpq.br\/).<\/li>\n<\/ul>\n<p>Candidatos que n\u00e3o apresentarem toda a documenta\u00e7\u00e3o solicitada at\u00e9 a data limite estabelecida ser\u00e3o desclassificados.<\/p>\n<p style=\"padding-left: 40px;\">3. Da sele\u00e7\u00e3o<\/p>\n<p>A) Haver\u00e1 uma comiss\u00e3o de sele\u00e7\u00e3o constitu\u00edda preferencialmente por tr\u00eas docentes, que avaliar\u00e1 a documenta\u00e7\u00e3o dos candidatos. Candidatos que tiverem a documenta\u00e7\u00e3o completa e v\u00e1lida ter\u00e3o a sua inscri\u00e7\u00e3o deferida. Seus nomes ser\u00e3o divulgados no <em>website<\/em> do Programa at\u00e9 o dia <strong>23 de novembro de 2022<\/strong>.<\/p>\n<p>B) Apenas os candidatos que tiverem as suas inscri\u00e7\u00f5es deferidas poder\u00e3o participar do processo seletivo, que ser\u00e1 composto da seguinte forma:<\/p>\n<p>Avalia\u00e7\u00e3o curricular: a an\u00e1lise curricular ser\u00e1 feita com base na avalia\u00e7\u00e3o do curr\u00edculo Lattes e do hist\u00f3rico escolar do candidato, visando a verificar seu desempenho acad\u00eamico, eventual experi\u00eancia em pesquisa e produ\u00e7\u00e3o acad\u00eamica. Ser\u00e1 verificado se o candidato atende \u00e0 condi\u00e7\u00e3o indispens\u00e1vel para a op\u00e7\u00e3o pelo PPMConstruInova, qual seja, a de que tenha conclu\u00eddo pelo menos 80% dos cr\u00e9ditos at\u00e9 o 7\u00ba semestre ideal do seu curso de origem (inclusive).<\/p>\n<p>C) Candidatos que obtiverem nota inferior a 7,0 (sete) na avalia\u00e7\u00e3o ser\u00e3o desclassificados.<\/p>\n<p>A lista dos candidatos aprovados no processo seletivo e respectivo orientador ser\u00e1 publicada no <em>website<\/em> do Programa no dia <strong>25\/11\/2022<\/strong>. A divulga\u00e7\u00e3o do resultado apresentar\u00e1 lista de candidatos aprovados em ordem alfab\u00e9tica.<\/p>\n<ol start=\"4\">\n<li>Das matr\u00edculas<\/li>\n<\/ol>\n<p>Para a realiza\u00e7\u00e3o das matr\u00edculas o candidato aprovado dever\u00e1:<\/p>\n<ol style=\"list-style-type: upper-alpha;\">\n<li>Preparar, juntamente com o seu orientador, um projeto de pesquisa de Inicia\u00e7\u00e3o Cient\u00edfica ou Tecnol\u00f3gica. Esse projeto poder\u00e1 ser vinculado a uma bolsa ou, caso n\u00e3o seja, sua atividade dever\u00e1 ser aprovada por mecanismo da Escola Polit\u00e9cnica da USP e cadastrado no Sistema Atena.<\/li>\n<li>Estabelecer, juntamente com o seu orientador, um plano de disciplinas de p\u00f3s-gradua\u00e7\u00e3o a serem cursadas ao longo de 2023.<\/li>\n<li>Matricular-se nas disciplinas de gradua\u00e7\u00e3o de sua habilita\u00e7\u00e3o ou \u00eanfase segundo os procedimentos regimentais para o ano de 2023 da Escola e da Universidade. Caso necess\u00e1rio, poder\u00e1 se informar sobre tais procedimentos junto \u00e0 respectiva secretaria da CoC.<\/li>\n<li>Matricular-se nas disciplinas de p\u00f3s-gradua\u00e7\u00e3o para o ano de 2023 segundo o plano de disciplinas acordado com o orientador e observando os procedimentos regimentais da Escola e da Universidade.<\/li>\n<\/ol>\n","protected":false},"excerpt":{"rendered":"<p>O Programa de Pr\u00e9-mestrado \u00e9 voltado apenas a alunos(as) regularmente matriculados(as) no curso de gradua\u00e7\u00e3o [&hellip;]<\/p>\n","protected":false},"author":259,"featured_media":0,"parent":334,"menu_order":0,"comment_status":"closed","ping_status":"closed","template":"","meta":{"footnotes":"","_links_to":"","_links_to_target":""},"class_list":["post-1379","page","type-page","status-publish","hentry"],"_links":{"self":[{"href":"https:\/\/sites.usp.br\/construinova\/wp-json\/wp\/v2\/pages\/1379","targetHints":{"allow":["GET"]}}],"collection":[{"href":"https:\/\/sites.usp.br\/construinova\/wp-json\/wp\/v2\/pages"}],"about":[{"href":"https:\/\/sites.usp.br\/construinova\/wp-json\/wp\/v2\/types\/page"}],"author":[{"embeddable":true,"href":"https:\/\/sites.usp.br\/construinova\/wp-json\/wp\/v2\/users\/259"}],"replies":[{"embeddable":true,"href":"https:\/\/sites.usp.br\/construinova\/wp-json\/wp\/v2\/comments?post=1379"}],"version-history":[{"count":5,"href":"https:\/\/sites.usp.br\/construinova\/wp-json\/wp\/v2\/pages\/1379\/revisions"}],"predecessor-version":[{"id":3055,"href":"https:\/\/sites.usp.br\/construinova\/wp-json\/wp\/v2\/pages\/1379\/revisions\/3055"}],"up":[{"embeddable":true,"href":"https:\/\/sites.usp.br\/construinova\/wp-json\/wp\/v2\/pages\/334"}],"wp:attachment":[{"href":"https:\/\/sites.usp.br\/construinova\/wp-json\/wp\/v2\/media?parent=1379"}],"curies":[{"name":"wp","href":"https:\/\/api.w.org\/{rel}","templated":true}]}}