{"id":145,"date":"2014-05-13T12:31:24","date_gmt":"2014-05-13T15:31:24","guid":{"rendered":"http:\/\/sites.usp.brpadrao2\/?page_id=145"},"modified":"2025-04-30T11:37:03","modified_gmt":"2025-04-30T14:37:03","slug":"linhas_pesquisa","status":"publish","type":"page","link":"https:\/\/sites.usp.br\/construinova\/institucional\/linhas_pesquisa\/","title":{"rendered":"Linhas de Pesquisa"},"content":{"rendered":"<p><span style=\"color: #346a94;\">\u00a0<\/span><span style=\"color: #000000;\"><strong>Tecnologia e gest\u00e3o na produ\u00e7\u00e3o<\/strong><\/span><\/p>\n<p style=\"text-align: justify;\">A Constru\u00e7\u00e3o \u00e9 a atividade central da cadeia produtiva da Constru\u00e7\u00e3o Civil e nela a Tecnologia e a Produ\u00e7\u00e3o t\u00eam papeis preponderantes. Fazer evoluir os conhecimentos relacionados aos aspectos cient\u00edficos e tecnol\u00f3gicos envolvidos na produ\u00e7\u00e3o de obras civis, em conson\u00e2ncia com as necessidades das organiza\u00e7\u00f5es do setor e da sociedade, e formar profissionais com capacidade para inovar e trazer resultados para suas organiza\u00e7\u00f5es e para a sociedade, s\u00e3o grandes desafios. Nesse contexto, s\u00e3o esperados contribui\u00e7\u00f5es e impactos como: [i] incremento da qualidade e aumento da produtividade; desenvolvimento de pol\u00edticas p\u00fablicas, normas, procedimentos e referenciais t\u00e9cnicos; [ii] \u2013 aprofundamento da tem\u00e1tica da gest\u00e3o com base em indicadores, que subsidiem a tomada de decis\u00f5es nas diferentes etapas da produ\u00e7\u00e3o; da tem\u00e1tica do planejamento, organiza\u00e7\u00e3o e gest\u00e3o da produ\u00e7\u00e3o; aumento da sustentabilidade da produ\u00e7\u00e3o, com canteiros de obras mais sustent\u00e1veis; [iii] racionaliza\u00e7\u00e3o de processos construtivos, sua evolu\u00e7\u00e3o tecnol\u00f3gica e melhoria do desempenho dos sistemas resultantes; desenvolvimento de novas tecnologias construtivas; [iv] Constru\u00e7\u00e3o 4.0, no sentido de industrializar a constru\u00e7\u00e3o, usando constru\u00e7\u00e3o offsite\/modular, e integrando e conectando os processo f\u00edsicos e gerenciais com o uso de tecnologias da Ind\u00fastria 4.0.<\/p>\n<ul style=\"text-align: center;\">\n<li style=\"text-align: left;\">Prof. Dr. Fl\u00e1vio Leal Maranh\u00e3o<\/li>\n<li style=\"text-align: left;\">Prof. Dr. Francisco Ferreira Cardoso<\/li>\n<li style=\"text-align: left;\">Prof. Dr. Luiz Reynaldo de Azevedo Cardoso<\/li>\n<li style=\"text-align: left;\">Prof. Dr. Ricardo Juan Jos\u00e9 Oviedo Haito<\/li>\n<\/ul>\n<hr \/>\n<p style=\"text-align: left;\"><strong>Tecnologia e gest\u00e3o em projetos<\/strong><\/p>\n<p style=\"text-align: justify;\">Sendo a produ\u00e7\u00e3o, na Constru\u00e7\u00e3o Civil, realizada por projetos, esta linha de pesquisa assume particular relev\u00e2ncia para os resultados dos empreendimentos; os profissionais devem compreender e adaptar conhecimentos de gest\u00e3o em um contexto t\u00e9cnica e socialmente bastante complexo, com a interven\u00e7\u00e3o de muitos agentes, demandando solu\u00e7\u00f5es inovadoras para a abordagem e solu\u00e7\u00e3o dos problemas t\u00edpicos dos projetos do setor. Trata-se de uma \u00e1rea de conhecimento aplicado ao planejamento, coordena\u00e7\u00e3o e avalia\u00e7\u00e3o de projetos; mas, tamb\u00e9m, \u00e0 gest\u00e3o de empresas de projeto e organiza\u00e7\u00f5es projetizadas, de modo geral. Apresenta interfaces com todas as demais linhas de pesquisa do programa e, particularmente, com maior intensidade, em rela\u00e7\u00e3o \u00e0 Tecnologia e gest\u00e3o na produ\u00e7\u00e3o e BIM &#8211; Building Information Modeling<\/p>\n<ul style=\"text-align: center;\">\n<li style=\"text-align: left;\">Profa. Dra. Fl\u00e1via Rodrigues de Souza<\/li>\n<li style=\"text-align: left;\">Prof. Dr. Silvio B. Melhado<\/li>\n<\/ul>\n<hr \/>\n<p style=\"text-align: left;\"><strong>Desempenho, tecnologia e gest\u00e3o de sistemas prediais<\/strong><\/p>\n<p style=\"text-align: justify;\">Os Sistemas Prediais s\u00e3o sistemas f\u00edsicos, integrados a edif\u00edcios, e t\u00eam por finalidade dar suporte \u00e0s atividades dos usu\u00e1rios, supri-los com os insumos prediais necess\u00e1rios e propiciar os servi\u00e7os requeridos. Uma edifica\u00e7\u00e3o sem os sistemas prediais n\u00e3o permite o desenvolvimento das atividades pelos usu\u00e1rios, ou seja, n\u00e3o entra em opera\u00e7\u00e3o. Considerando-se que nos \u00faltimos anos ocorreram mudan\u00e7as nas tecnologias tendo em vista o uso mais eficiente da \u00e1gua e da energia, al\u00e9m do aumento da complexidade dos sistemas prediais, motivados por necessidades de gerenciamento do uso da \u00e1gua, do uso de \u00e1gua n\u00e3o pot\u00e1vel e do uso da energia solar, \u00e9 inevit\u00e1vel o desenvolvimento de pesquisas tendo em vista a capacita\u00e7\u00e3o de profissionais para o atendimento da sociedade. Neste contexto, s\u00e3o esperadas pesquisas relacionadas \u00e0: [1] desempenho de sistemas e componentes hidr\u00e1ulicos e de energia; [2] modelos matem\u00e1ticos de simula\u00e7\u00e3o de vaz\u00f5es de \u00e1gua e de esgotos sanit\u00e1rios; [3] modelos matem\u00e1ticos de apoio \u00e0 decis\u00e3o de sistemas de \u00e1gua n\u00e3o pot\u00e1vel; [4] gerenciamento de facilidades. Desse modo, as pesquisas desenvolvidas ir\u00e3o ampliar e organizar o conhecimento sob o comportamento de novos sistemas e permitir\u00e3o melhorar a a\u00e7\u00e3o dos agentes envolvidos nesta \u00e1rea, sejam estes, gestores de pol\u00edticas p\u00fablicas e concession\u00e1rias, governantes, meio t\u00e9cnico e acad\u00eamico.<\/p>\n<ul style=\"text-align: center;\">\n<li style=\"text-align: left;\">Profa. Dra. Brenda Chaves Coelho Leite<\/li>\n<li style=\"text-align: left;\">Prof. Dr. Daniel Setrak Sowmy<\/li>\n<li style=\"text-align: left;\">Profa. Dra. L\u00facia Helena de Oliveira<\/li>\n<\/ul>\n<hr \/>\n<p style=\"text-align: left;\"><strong>Materiais e componentes de constru\u00e7\u00e3o<\/strong><\/p>\n<p style=\"text-align: justify;\">A \u00e1rea de &#8220;Materiais e componentes de constru\u00e7\u00e3o civil&#8221; tem por objetivo ampliar o conhecimento cient\u00edfico e tecnol\u00f3gico dos materiais e componentes mais utilizados ou inovadores no setor da constru\u00e7\u00e3o civil, com vis\u00e3o sist\u00eamica e moderna de desempenho, englobando impacto ambiental, qualidade e durabilidade dos edif\u00edcios e obras de infraestrutura<\/p>\n<ul style=\"text-align: center;\">\n<li style=\"text-align: left;\">Profa. Dra. Renata Monte<\/li>\n<li style=\"text-align: left;\">Prof. Dr. Roberto Cesar de Oliveira Romano (credenciamento espec\u00edfico)<\/li>\n<\/ul>\n<hr \/>\n<p style=\"text-align: left;\"><strong>Gest\u00e3o habitacional e urbana <\/strong><\/p>\n<p style=\"text-align: justify;\">A \u00e1rea &#8220;Gest\u00e3o habitacional urbana&#8221; tem por objetivo melhorar o padr\u00e3o das moradias e do ambiente urbano, por meio de estudo, an\u00e1lise e proposi\u00e7\u00e3o de modelos de gest\u00e3o habitacional adequados ao contexto das cidades brasileiras e de pa\u00edses em desenvolvimento. Entre os v\u00e1rios modelos, destacam-se as diferentes formas de provis\u00e3o em habita\u00e7\u00e3o social. As principais pesquisas envolvem os novos empreendimentos habitacionais tanto nas etapas de\u00a0 planejamento, projeto e p\u00f3s-ocupa\u00e7\u00e3o assim como a melhoria em assentamentos j\u00e1 constru\u00eddos e\/ou deteriorados.<\/p>\n<p style=\"text-align: justify;\">Esta \u00e1rea se situa dentro da Engenharia e Planejamento Urbanos que privilegia o enfoque tecnol\u00f3gico da quest\u00e3o urbana. Seus objetivos gerais s\u00e3o desenvolver estudos voltados para a realidade urbana e habitacional da popula\u00e7\u00e3o brasileira e contribuir para a eleva\u00e7\u00e3o da qualidade de vida nas cidades e para a amplia\u00e7\u00e3o do acesso \u00e0 moradia e aos servi\u00e7os urbanos de forma sustent\u00e1vel.<\/p>\n<ul style=\"text-align: center;\">\n<li style=\"text-align: left;\">Prof. Dr. Alex Abiko<\/li>\n<\/ul>\n<hr \/>\n<p style=\"text-align: left;\"><strong>BIM: Building Information Modeling e Simula\u00e7\u00e3o computacional<\/strong><\/p>\n<p style=\"text-align: justify;\">A Constru\u00e7\u00e3o Civil, quando comparada a outros setores, revela grande atraso, especialmente na produtividade e no impacto ambiental, dentre outros aspectos. Uma das principais raz\u00f5es para esse atraso, identificada por pesquisas que focaram o tema, \u00e9 a baixa ado\u00e7\u00e3o de tecnologias da informa\u00e7\u00e3o no setor. Dentre as que podem trazer maior benef\u00edcio est\u00e3o a Modelagem da Informa\u00e7\u00e3o da Constru\u00e7\u00e3o (BIM) e a Simula\u00e7\u00e3o Computacional. Apesar de seu car\u00e1ter pr\u00e1tico e aplicado, estas metodologias envolvem conceitos e t\u00e9cnicas complexas, que exigem forma\u00e7\u00e3o adequada do profissional. Um mestre formado nesta linha de pesquisa ser\u00e1 capaz de identificar oportunidades na \u00e1rea em que atua para modernizar processos de projeto e constru\u00e7\u00e3o, desenvolvendo solu\u00e7\u00f5es inovadoras.<\/p>\n<ul style=\"text-align: center;\">\n<li style=\"text-align: left;\">Profa. Dra. Brenda Chaves Coelho Leite<\/li>\n<li style=\"text-align: left;\">Prof. Dr. Eduardo Toledo Santos<\/li>\n<li style=\"text-align: left;\">Prof. Dr. Fabiano Rog\u00e9rio Corr\u00eaa<\/li>\n<li style=\"text-align: left;\">Prof. Dr. Jos\u00e9 Rodolfo Scarati Martins<\/li>\n<li style=\"text-align: left;\">Prof. Dr. Sergio Leal Ferreira<\/li>\n<\/ul>\n<hr \/>\n<p style=\"text-align: left;\"><strong>Real Estate: economia setorial e mercados<\/strong><\/p>\n<p style=\"text-align: justify;\">O real estate (empreendimentos imobili\u00e1rios, de base imobili\u00e1ria e de infraestrutura) \u00e9 um segmento da economia de grande express\u00e3o e mercado, que demanda informa\u00e7\u00f5es qualificadas para planejamento. No Brasil faltam informa\u00e7\u00f5es de comportamento dos mercados, como tamb\u00e9m falta qualifica\u00e7\u00e3o no meio para atingir um padr\u00e3o t\u00e9cnico compat\u00edvel com os recursos p\u00fablicos e privados que s\u00e3o historicamente aplicados e para responder ao desafio de captar os investimentos estrangeiros interessados no mercado nacional. Temas vinculados a: [i] compreender uma avalia\u00e7\u00e3o hist\u00f3rica e continuada, traduzida em indicadores e par\u00e2metros, que sirvam de fundamento para o tra\u00e7ado de cen\u00e1rios de planejamento e de estrat\u00e9gias de a\u00e7\u00e3o; [ii] \u2013 trabalhar com os neg\u00f3cios e os produtos imobili\u00e1rios, sua estrutura, inser\u00e7\u00e3o de mercado, fatores de competitividade, meios de funding e indicadores da qualidade e riscos e; [iii] estabelecer doutrinas de gest\u00e3o, compat\u00edveis com as particularidades estruturais dos empreendimentos do setor, sedimentando o conhecimento e difundindo as novas fronteiras atingidas no processo de evolu\u00e7\u00e3o e na inova\u00e7\u00e3o, contidos nessas doutrinas.<\/p>\n<ul>\n<li style=\"text-align: left;\">Prof. Dr. Claudio Tavares de Alencar<\/li>\n<li style=\"text-align: left;\">Profa. Dra. Eliane Monetti<\/li>\n<li style=\"text-align: left;\">Prof. Dr. Jo\u00e3o da Rocha Lima Junior<\/li>\n<\/ul>\n","protected":false},"excerpt":{"rendered":"<p>\u00a0Tecnologia e gest\u00e3o na produ\u00e7\u00e3o A Constru\u00e7\u00e3o \u00e9 a atividade central da cadeia produtiva da [&hellip;]<\/p>\n","protected":false},"author":1,"featured_media":0,"parent":89,"menu_order":0,"comment_status":"closed","ping_status":"closed","template":"","meta":{"footnotes":"","_links_to":"","_links_to_target":""},"class_list":["post-145","page","type-page","status-publish","hentry"],"_links":{"self":[{"href":"https:\/\/sites.usp.br\/construinova\/wp-json\/wp\/v2\/pages\/145","targetHints":{"allow":["GET"]}}],"collection":[{"href":"https:\/\/sites.usp.br\/construinova\/wp-json\/wp\/v2\/pages"}],"about":[{"href":"https:\/\/sites.usp.br\/construinova\/wp-json\/wp\/v2\/types\/page"}],"author":[{"embeddable":true,"href":"https:\/\/sites.usp.br\/construinova\/wp-json\/wp\/v2\/users\/1"}],"replies":[{"embeddable":true,"href":"https:\/\/sites.usp.br\/construinova\/wp-json\/wp\/v2\/comments?post=145"}],"version-history":[{"count":6,"href":"https:\/\/sites.usp.br\/construinova\/wp-json\/wp\/v2\/pages\/145\/revisions"}],"predecessor-version":[{"id":2926,"href":"https:\/\/sites.usp.br\/construinova\/wp-json\/wp\/v2\/pages\/145\/revisions\/2926"}],"up":[{"embeddable":true,"href":"https:\/\/sites.usp.br\/construinova\/wp-json\/wp\/v2\/pages\/89"}],"wp:attachment":[{"href":"https:\/\/sites.usp.br\/construinova\/wp-json\/wp\/v2\/media?parent=145"}],"curies":[{"name":"wp","href":"https:\/\/api.w.org\/{rel}","templated":true}]}}