{"id":1537,"date":"2019-04-08T08:55:51","date_gmt":"2019-04-08T11:55:51","guid":{"rendered":"http:\/\/sites.usp.br\/construinova\/?page_id=1537"},"modified":"2022-01-25T15:10:42","modified_gmt":"2022-01-25T18:10:42","slug":"requisicao-de-auxilio-financeiro","status":"publish","type":"page","link":"https:\/\/sites.usp.br\/construinova\/requisicao-de-auxilio-financeiro\/","title":{"rendered":"Requisi\u00e7\u00e3o de aux\u00edlio financeiro"},"content":{"rendered":"<p>A crit\u00e9rio da CCP, o Programa poder\u00e1 conceder aux\u00edlio financeiro para a participa\u00e7\u00e3o de alunos e alunas em eventos cient\u00edficos para apresenta\u00e7\u00e3o de trabalho.<\/p>\n<p>&nbsp;<\/p>\n<p><span style=\"color: #ff9900;\"><strong>CRIT\u00c9RIOS PARA CONCESS\u00c3O DE AUX\u00cdLIO PARA PARTICIPA\u00c7\u00c3O EM EVENTOS T\u00c9CNICO-CIENT\u00cdFICOS<\/strong><\/span><\/p>\n<p><span style=\"color: #ff9900;\"><strong>PARA DISCENTES<\/strong><\/span><\/p>\n<ol>\n<li><span style=\"color: #333333;\">Cada aluno poder\u00e1 pedir apenas um aux\u00edlio por ano.<\/span><\/li>\n<li><span style=\"color: #333333;\">Poder\u00e1 ser concedido aux\u00edlio no valor de R$ 650,00 para eventos nacionais ou $500,00 para eventos internacionais<\/span><\/li>\n<li><span style=\"color: #333333;\">Itens financi\u00e1veis:<\/span><\/li>\n<\/ol>\n<p><span style=\"color: #333333;\">Taxa de inscri\u00e7\u00e3o<\/span><\/p>\n<p><span style=\"color: #333333;\">Despesas com translado<\/span><\/p>\n<p><span style=\"color: #333333;\">Estadia<\/span><\/p>\n<p><span style=\"color: #333333;\">Alimenta\u00e7\u00e3o (fica pendente a verifica\u00e7\u00e3o da possibilidade de financiar este item)<\/span><\/p>\n<ol start=\"4\">\n<li><span style=\"color: #333333;\">A solicita\u00e7\u00e3o \u00e9 analisada em reuni\u00e3o nas inst\u00e2ncias da CCP e CPG. A partir da aprova\u00e7\u00e3o na CPG a libera\u00e7\u00e3o do valor solicitado leva at\u00e9 30 dias. Somente ap\u00f3s a libera\u00e7\u00e3o do empenho o aluno estar\u00e1 autorizado a pagar as despesas.<\/span><\/li>\n<li><span style=\"color: #333333;\">O aluno dever\u00e1 consultar o <a style=\"color: #333333;\" href=\"https:\/\/sites.usp.br\/construinova\/reunioes-ccp-e-cpg\/\">calend\u00e1rio de reuni\u00f5es da CCP e CPG<\/a> e considerar ainda os 30 dias para libera\u00e7\u00e3o do empenho para saber a anteced\u00eancia com que a solicita\u00e7\u00e3o do aux\u00edlio deve ser feita.<\/span><\/li>\n<li><span style=\"color: #333333;\">N\u00e3o ser\u00e1 concedido reembolso, portanto a despesa somente poder\u00e1 ser paga pelo aluno ap\u00f3s a comunica\u00e7\u00e3o de libera\u00e7\u00e3o do empenho.<\/span><\/li>\n<li><span style=\"color: #333333;\">Para a solicita\u00e7\u00e3o do aux\u00edlio o aluno dever\u00e1 apresentar os seguintes documentos:<\/span>\n<ul>\n<li><span style=\"color: #333333;\"><a style=\"color: #333333;\" href=\"https:\/\/sites.usp.br\/construinova\/wp-content\/uploads\/sites\/97\/2019\/04\/Requisi\u00e7\u00e3o-de-aux\u00edlio-financeiro.docx\">formul\u00e1rio de requisi\u00e7\u00e3o de aux\u00edlio financeiro<\/a>;<\/span><\/li>\n<li><span style=\"color: #333333;\">comprovante de aceite do artigo para publica\u00e7\u00e3o e apresenta\u00e7\u00e3o, fornecido pela organiza\u00e7\u00e3o do evento;<\/span><\/li>\n<li><span style=\"color: #333333;\">c\u00f3pia do artigo;<\/span><\/li>\n<li><span style=\"color: #333333;\">folder ou link da p\u00e1gina eletr\u00f4nica do evento.<\/span><\/li>\n<\/ul>\n<\/li>\n<li><span style=\"color: #333333;\">Para a concess\u00e3o do aux\u00edlio, a CCP analisar\u00e1 tamb\u00e9m a relev\u00e2ncia t\u00e9cnico-cient\u00edfica do evento para a \u00e1rea de pesquisa do aluno.<\/span><\/li>\n<li><span style=\"color: #333333;\">O solicitante dever\u00e1, obrigatoriamente, estar matriculado no programa como aluno regular e o artigo dever\u00e1 estar em coautoria com o orientador.<\/span><\/li>\n<li><span style=\"color: #333333;\">O n\u00famero de pedidos atendidos ser\u00e1 limitado \u00e0 verba dispon\u00edvel no per\u00edodo.<\/span><\/li>\n<li><span style=\"color: #333333;\">Os valores gastos com verba do Programa n\u00e3o poder\u00e3o ser pagos com cart\u00e3o de cr\u00e9dito.<\/span><\/li>\n<\/ol>\n<p><span style=\"color: #333333;\"><strong>Presta\u00e7\u00e3o de contas<\/strong><\/span><\/p>\n<p><span style=\"color: #333333;\">Ap\u00f3s a realiza\u00e7\u00e3o do evento o aluno dever\u00e1 obrigatoriamente apresentar os seguintes documentos<strong>: <\/strong><\/span><\/p>\n<p><span style=\"color: #333333;\">Certificado ou documento de comprova\u00e7\u00e3o de participa\u00e7\u00e3o no evento;<\/span><\/p>\n<p><span style=\"color: #333333;\">Relat\u00f3rio de atividades destacando a contribui\u00e7\u00e3o do evento para a forma\u00e7\u00e3o do aluno;<\/span><\/p>\n<p><span style=\"color: #333333;\">Nota fiscal ou recibo com CNPJ em nome da Escola Polit\u00e9cnica (CNPJ 63.025.530\/0024-09), mencionando o nome do aluno beneficiado.<\/span><\/p>\n<p><span style=\"color: #333333;\"><strong>\u00a0<\/strong><\/span><\/p>\n<p><span style=\"color: #333333;\"><strong>PARA DOCENTES<\/strong><\/span><\/p>\n<p><span style=\"color: #333333;\">O docente dever\u00e1 estar credenciado no Programa e ter orientados ativos<\/span><\/p>\n<p><span style=\"color: #333333;\">O docente dever\u00e1 ser coautor com o orientado no artigo a ser apresentado no evento<\/span><\/p>\n<p><span style=\"color: #333333;\">Poder\u00e1 ser concedido aux\u00edlio no valor da inscri\u00e7\u00e3o ao evento, seja no pa\u00eds ou no exterior.<\/span><\/p>\n<p><span style=\"color: #333333;\">Itens financi\u00e1veis:<\/span><\/p>\n<p><span style=\"color: #333333;\">Taxa de inscri\u00e7\u00e3o<\/span><\/p>\n<p><span style=\"color: #333333;\">Despesas com translado<\/span><\/p>\n<p><span style=\"color: #333333;\">Di\u00e1rias<\/span><\/p>\n<p><span style=\"color: #333333;\">A solicita\u00e7\u00e3o \u00e9 analisada em reuni\u00e3o nas inst\u00e2ncias da CCP e CPG.\u00a0 A partir da aprova\u00e7\u00e3o na CPG a libera\u00e7\u00e3o do valor solicitado leva at\u00e9 30 dias. Somente ap\u00f3s a libera\u00e7\u00e3o do empenho o aluno estar\u00e1 autorizado a pagar as despesas.<\/span><\/p>\n<p><span style=\"color: #333333;\">O docente dever\u00e1 consultar o <a style=\"color: #333333;\" href=\"https:\/\/sites.usp.br\/construinova\/reunioes-ccp-e-cpg\/\">calend\u00e1rio de reuni\u00f5es da CCP e CPG<\/a> e considerar ainda os 30 dias para libera\u00e7\u00e3o do empenho para saber a anteced\u00eancia com que a solicita\u00e7\u00e3o do aux\u00edlio deve ser feita.<\/span><\/p>\n<p><span style=\"color: #333333;\">N\u00e3o ser\u00e1 concedido reembolso, portanto a despesa somente poder\u00e1 ser paga pelo docente ap\u00f3s a comunica\u00e7\u00e3o de libera\u00e7\u00e3o do empenho.<\/span><\/p>\n<p><span style=\"color: #333333;\">Para a solicita\u00e7\u00e3o do aux\u00edlio o docente dever\u00e1 apresentar os seguintes documentos:<\/span><\/p>\n<ul>\n<li><span style=\"color: #333333;\"><a style=\"color: #333333;\" href=\"https:\/\/sites.usp.br\/construinova\/wp-content\/uploads\/sites\/97\/2019\/04\/Requisi\u00e7\u00e3o-de-aux\u00edlio-financeiro.docx\">formul\u00e1rio de requisi\u00e7\u00e3o de aux\u00edlio financeiro<\/a>;<\/span><\/li>\n<li><span style=\"color: #333333;\">comprovante de aceite do artigo para publica\u00e7\u00e3o e apresenta\u00e7\u00e3o, fornecido pela organiza\u00e7\u00e3o do evento;<\/span><\/li>\n<li><span style=\"color: #333333;\">c\u00f3pia do artigo;<\/span><\/li>\n<li><span style=\"color: #333333;\">folder ou link da p\u00e1gina eletr\u00f4nica do evento.<\/span><\/li>\n<\/ul>\n<p><span style=\"color: #333333;\">Para a concess\u00e3o do aux\u00edlio, a CCP analisar\u00e1 tamb\u00e9m a relev\u00e2ncia t\u00e9cnico-cient\u00edfica do evento.<\/span><\/p>\n<p><span style=\"color: #333333;\">O n\u00famero de pedidos atendidos ser\u00e1 limitado \u00e0 verba dispon\u00edvel no per\u00edodo.<\/span><\/p>\n<p><span style=\"color: #333333;\">Os valores gastos com verba do Programa n\u00e3o poder\u00e3o ser pagos com cart\u00e3o de cr\u00e9dito.<\/span><\/p>\n<p><span style=\"color: #333333;\"><strong>Presta\u00e7\u00e3o de contas<\/strong><\/span><\/p>\n<p><span style=\"color: #333333;\">Ap\u00f3s a realiza\u00e7\u00e3o do evento o docente dever\u00e1 obrigatoriamente apresentar os seguintes documentos<strong>: <\/strong><\/span><\/p>\n<p><span style=\"color: #333333;\">Comprova\u00e7\u00e3o da participa\u00e7\u00e3o no evento;<\/span><\/p>\n<p><span style=\"color: #333333;\">Relat\u00f3rio de atividades destacando a contribui\u00e7\u00e3o do evento para a forma\u00e7\u00e3o do aluno;<\/span><\/p>\n<p><span style=\"color: #333333;\">Nota fiscal ou recibo com CNPJ em nome da Escola Polit\u00e9cnica (CNPJ 63.025.530\/0024-09), mencionando o nome do beneficiado.<\/span><\/p>\n","protected":false},"excerpt":{"rendered":"<p>A crit\u00e9rio da CCP, o Programa poder\u00e1 conceder aux\u00edlio financeiro para a participa\u00e7\u00e3o de alunos [&hellip;]<\/p>\n","protected":false},"author":259,"featured_media":0,"parent":0,"menu_order":0,"comment_status":"closed","ping_status":"closed","template":"","meta":{"footnotes":"","_links_to":"","_links_to_target":""},"class_list":["post-1537","page","type-page","status-publish","hentry"],"_links":{"self":[{"href":"https:\/\/sites.usp.br\/construinova\/wp-json\/wp\/v2\/pages\/1537","targetHints":{"allow":["GET"]}}],"collection":[{"href":"https:\/\/sites.usp.br\/construinova\/wp-json\/wp\/v2\/pages"}],"about":[{"href":"https:\/\/sites.usp.br\/construinova\/wp-json\/wp\/v2\/types\/page"}],"author":[{"embeddable":true,"href":"https:\/\/sites.usp.br\/construinova\/wp-json\/wp\/v2\/users\/259"}],"replies":[{"embeddable":true,"href":"https:\/\/sites.usp.br\/construinova\/wp-json\/wp\/v2\/comments?post=1537"}],"version-history":[{"count":4,"href":"https:\/\/sites.usp.br\/construinova\/wp-json\/wp\/v2\/pages\/1537\/revisions"}],"predecessor-version":[{"id":2213,"href":"https:\/\/sites.usp.br\/construinova\/wp-json\/wp\/v2\/pages\/1537\/revisions\/2213"}],"wp:attachment":[{"href":"https:\/\/sites.usp.br\/construinova\/wp-json\/wp\/v2\/media?parent=1537"}],"curies":[{"name":"wp","href":"https:\/\/api.w.org\/{rel}","templated":true}]}}