{"id":1613,"date":"2019-06-07T13:36:13","date_gmt":"2019-06-07T16:36:13","guid":{"rendered":"http:\/\/sites.usp.br\/construinova\/?page_id=1613"},"modified":"2019-06-07T13:36:13","modified_gmt":"2019-06-07T16:36:13","slug":"passe-escolar","status":"publish","type":"page","link":"https:\/\/sites.usp.br\/construinova\/passe-escolar\/","title":{"rendered":"Passe escolar"},"content":{"rendered":"<p>Para solicitar passe escolar acesse a <a href=\"https:\/\/sites.usp.br\/sas\/passe-escolar\/\">p\u00e1gina do SAS<\/a> e veja a documenta\u00e7\u00e3o necess\u00e1ria.<\/p>\n<p><a href=\"https:\/\/sites.usp.br\/construinova\/wp-content\/uploads\/sites\/97\/2019\/06\/Passe-escolar.doc\">Formul\u00e1rio de solicita\u00e7\u00e3o de passe escolar<\/a>.<\/p>\n","protected":false},"excerpt":{"rendered":"<p>Para solicitar passe escolar acesse a p\u00e1gina do SAS e veja a documenta\u00e7\u00e3o necess\u00e1ria. Formul\u00e1rio [&hellip;]<\/p>\n","protected":false},"author":259,"featured_media":0,"parent":0,"menu_order":0,"comment_status":"closed","ping_status":"closed","template":"","meta":{"footnotes":"","_links_to":"","_links_to_target":""},"class_list":["post-1613","page","type-page","status-publish","hentry"],"_links":{"self":[{"href":"https:\/\/sites.usp.br\/construinova\/wp-json\/wp\/v2\/pages\/1613","targetHints":{"allow":["GET"]}}],"collection":[{"href":"https:\/\/sites.usp.br\/construinova\/wp-json\/wp\/v2\/pages"}],"about":[{"href":"https:\/\/sites.usp.br\/construinova\/wp-json\/wp\/v2\/types\/page"}],"author":[{"embeddable":true,"href":"https:\/\/sites.usp.br\/construinova\/wp-json\/wp\/v2\/users\/259"}],"replies":[{"embeddable":true,"href":"https:\/\/sites.usp.br\/construinova\/wp-json\/wp\/v2\/comments?post=1613"}],"version-history":[{"count":1,"href":"https:\/\/sites.usp.br\/construinova\/wp-json\/wp\/v2\/pages\/1613\/revisions"}],"predecessor-version":[{"id":1615,"href":"https:\/\/sites.usp.br\/construinova\/wp-json\/wp\/v2\/pages\/1613\/revisions\/1615"}],"wp:attachment":[{"href":"https:\/\/sites.usp.br\/construinova\/wp-json\/wp\/v2\/media?parent=1613"}],"curies":[{"name":"wp","href":"https:\/\/api.w.org\/{rel}","templated":true}]}}