{"id":2519,"date":"2023-08-08T08:42:48","date_gmt":"2023-08-08T11:42:48","guid":{"rendered":"https:\/\/sites.usp.br\/construinova\/?page_id=2519"},"modified":"2025-09-24T13:13:59","modified_gmt":"2025-09-24T16:13:59","slug":"passagem-de-alunoa-especial-para-regular-somente-para-ingressantes","status":"publish","type":"page","link":"https:\/\/sites.usp.br\/construinova\/passagem-de-alunoa-especial-para-regular-somente-para-ingressantes\/","title":{"rendered":"Passagem de aluno(a) especial para regular (somente para ingressantes)"},"content":{"rendered":"<div>Candidatos e candidatas aprovadas no processo seletivo de mestrado recebem a indica\u00e7\u00e3o de um(a) orientador(a) e a partir da divulga\u00e7\u00e3o do resultado ter\u00e3o o prazo de <b><u>at\u00e9<\/u><\/b> <strong>um ano<\/strong> para se matricularem como <b>alunos(as) regulares<\/b>. Enquanto isso, ficam matriculados na condi\u00e7\u00e3o de <b>alunos(as) especiais<\/b> cursando as disciplinas que posteriormente poder\u00e3o ser aproveitadas no curso regular. Somente no ato da matr\u00edcula como aluno(a) regular \u00e9 que ser\u00e1 exigida a apresenta\u00e7\u00e3o do projeto de pesquisa e o certificado de ingl\u00eas. Nesse meio tempo, enquanto se \u00e9 aluno(a) especial, o projeto de pesquisa dever\u00e1 ser elaborado pelo(a) aluno(a) e aprovado pelo(a) orientador(a).<\/div>\n<div><\/div>\n<div><\/div>\n<div><\/div>\n<div>A partir da aprova\u00e7\u00e3o no processo seletivo at\u00e9 o prazo de um ano, o(a) aluno(a) pode solicitar a matr\u00edcula como aluno(a) regular a qualquer momento, desde que atenda aos requisitos acima.<\/div>\n<div><\/div>\n<div><\/div>\n<div><\/div>\n<div>Para solicitar a matr\u00edcula regular, envie, para o email da secretaria, o projeto de pesquisa, o certificado de ingl\u00eas e os formul\u00e1rios S<a href=\"https:\/\/sites.usp.br\/construinova\/wp-content\/uploads\/sites\/97\/2024\/03\/Solicitacao-de-regularizacao-e-aproveitamento-de-creditos.docx\">olicita\u00e7\u00e3o de regulariza\u00e7\u00e3o e aproveitamento de cr\u00e9ditos<\/a> e <a href=\"https:\/\/sites.usp.br\/construinova\/wp-content\/uploads\/sites\/97\/2023\/08\/Anuencia-de-orientador-para-regularizacao-de-matricula.docx\">Anu\u00eancia do(a) orientador(a)<\/a><\/div>\n<div><\/div>\n<div>\n<div><\/div>\n<div>Recomenda-se que alunos ingressantes regularizem sua matr\u00edcula antes de publicar artigos em peri\u00f3dicos ou congressos, pois artigos publicados ou aceitos antes do in\u00edcio do prazo regular n\u00e3o s\u00e3o considerados para atribui\u00e7\u00e3o de cr\u00e9ditos especiais e tampouco para cumprir requisito de dep\u00f3sito final da disserta\u00e7\u00e3o.<\/div>\n<div><\/div>\n<\/div>\n","protected":false},"excerpt":{"rendered":"<p>Candidatos e candidatas aprovadas no processo seletivo de mestrado recebem a indica\u00e7\u00e3o de um(a) orientador(a) [&hellip;]<\/p>\n","protected":false},"author":259,"featured_media":0,"parent":0,"menu_order":0,"comment_status":"closed","ping_status":"closed","template":"","meta":{"footnotes":"","_links_to":"","_links_to_target":""},"class_list":["post-2519","page","type-page","status-publish","hentry"],"_links":{"self":[{"href":"https:\/\/sites.usp.br\/construinova\/wp-json\/wp\/v2\/pages\/2519","targetHints":{"allow":["GET"]}}],"collection":[{"href":"https:\/\/sites.usp.br\/construinova\/wp-json\/wp\/v2\/pages"}],"about":[{"href":"https:\/\/sites.usp.br\/construinova\/wp-json\/wp\/v2\/types\/page"}],"author":[{"embeddable":true,"href":"https:\/\/sites.usp.br\/construinova\/wp-json\/wp\/v2\/users\/259"}],"replies":[{"embeddable":true,"href":"https:\/\/sites.usp.br\/construinova\/wp-json\/wp\/v2\/comments?post=2519"}],"version-history":[{"count":4,"href":"https:\/\/sites.usp.br\/construinova\/wp-json\/wp\/v2\/pages\/2519\/revisions"}],"predecessor-version":[{"id":3109,"href":"https:\/\/sites.usp.br\/construinova\/wp-json\/wp\/v2\/pages\/2519\/revisions\/3109"}],"wp:attachment":[{"href":"https:\/\/sites.usp.br\/construinova\/wp-json\/wp\/v2\/media?parent=2519"}],"curies":[{"name":"wp","href":"https:\/\/api.w.org\/{rel}","templated":true}]}}