{"id":2734,"date":"2024-07-25T15:32:36","date_gmt":"2024-07-25T18:32:36","guid":{"rendered":"https:\/\/sites.usp.br\/construinova\/?page_id=2734"},"modified":"2025-07-25T15:10:01","modified_gmt":"2025-07-25T18:10:01","slug":"2016-2015","status":"publish","type":"page","link":"https:\/\/sites.usp.br\/construinova\/dissertacoes-concluidas\/2016-2015\/","title":{"rendered":"2016 &#8211; 2015"},"content":{"rendered":"<h4><strong>Clique nos t\u00edtulos e acesse as disserta\u00e7\u00f5es do Programa conclu\u00eddas em 2015 ou 2016:<\/strong><\/h4>\n<table style=\"border-style: solid; border-color: #055e6f;\">\n<tbody>\n<tr>\n<td style=\"width: 20.3489%; border-color: #055e6f; border-style: solid; text-align: center; background-color: #fcb421;\"><strong>Autor<\/strong><\/td>\n<td style=\"width: 31.9046%; border-color: #055e6f; border-style: solid; text-align: center; background-color: #fcb421;\"><strong>T\u00edtulo<\/strong><\/td>\n<td style=\"width: 12.8733%; border-color: #055e6f; border-style: solid; text-align: center; background-color: #fcb421;\"><strong>Data Defesa<\/strong><\/td>\n<td style=\"width: 16.9858%; border-color: #055e6f; border-style: solid; text-align: center; background-color: #fcb421;\"><strong>Eixo de Pesquisa<\/strong><\/td>\n<td style=\"width: 28.9325%; border-color: #055e6f; border-style: solid; text-align: center; background-color: #fcb421;\"><strong><span id=\"cursoDoAlunoAcao\" class=\"conteudo\">Orientador(a)<\/span><\/strong><\/td>\n<\/tr>\n<tr style=\"height: 96px;\">\n<td style=\"width: 20.3489%; height: 96px; border-color: #055e6f; border-style: solid; text-align: center;\">Franks Talbenkas Veras Maia<\/td>\n<td style=\"width: 31.9046%; height: 96px; border-color: #055e6f; border-style: solid; text-align: center;\">&nbsp;<\/p>\n<p><a href=\"http:\/\/www.teses.usp.br\/teses\/disponiveis\/3\/3153\/tde-13032017-112353\/pt-br.php\">Efici\u00eancia de emendas por traspasse em armaduras verticais da alvenaria estrutural de blocos de concre<\/a><a href=\"http:\/\/www.teses.usp.br\/teses\/disponiveis\/3\/3153\/tde-13032017-112353\/pt-br.php\">to<\/a><\/p>\n<p>&nbsp;<\/td>\n<td style=\"width: 12.8733%; height: 96px; border-color: #055e6f; border-style: solid; text-align: center;\">19\/12\/2016<\/td>\n<td style=\"width: 16.9858%; height: 96px; border-color: #055e6f; border-style: solid; text-align: center;\">Tecnologia e gest\u00e3o na produ\u00e7\u00e3o<\/td>\n<td style=\"width: 28.9325%; height: 96px; border-color: #055e6f; border-style: solid; text-align: center;\"><span id=\"cursoDoAlunoAcao\" class=\"conteudo\">Profa. Dra.<\/span> Mercia Maria Semensato Bottura de Barros<\/td>\n<\/tr>\n<tr style=\"height: 96px;\">\n<td style=\"width: 20.3489%; height: 96px; border-color: #055e6f; border-style: solid; text-align: center;\">Karina Matias Coelho<\/td>\n<td style=\"width: 31.9046%; height: 96px; border-color: #055e6f; border-style: solid; text-align: center;\">&nbsp;<\/p>\n<p><a href=\"http:\/\/www.teses.usp.br\/teses\/disponiveis\/3\/3153\/tde-13032017-100600\/publico\/KarinaMatiasCoelhoCorr17.pdf\">A implementa\u00e7\u00e3o e o uso da modelagem da informa\u00e7\u00e3o da constru\u00e7\u00e3o em empresas de projeto de arquitetura<\/a><\/p>\n<p>&nbsp;<\/td>\n<td style=\"width: 12.8733%; height: 96px; border-color: #055e6f; border-style: solid; text-align: center;\">28\/11\/2016<\/td>\n<td style=\"width: 16.9858%; height: 96px; border-color: #055e6f; border-style: solid; text-align: center;\">Tecnologia e gest\u00e3o em projetos<\/td>\n<td style=\"width: 28.9325%; height: 96px; border-color: #055e6f; border-style: solid; text-align: center;\"><span id=\"cursoDoAlunoAcao\" class=\"conteudo\">Prof. Dr.<\/span> Silvio Burrattino Melhado<\/td>\n<\/tr>\n<tr style=\"height: 120px;\">\n<td style=\"width: 20.3489%; height: 120px; border-color: #055e6f; border-style: solid; text-align: center;\">C\u00e9sar Luiz Silva<\/td>\n<td style=\"width: 31.9046%; height: 120px; border-color: #055e6f; border-style: solid; text-align: center;\">&nbsp;<\/p>\n<p><a href=\"http:\/\/www.teses.usp.br\/teses\/disponiveis\/3\/3153\/tde-23022017-113912\/publico\/CesarLuizSilvaCorr17.pdf\">Proposta de metodologia alternativa para controle de qualidade da aplica\u00e7\u00e3o estrutural do concreto projeto refor\u00e7ado com fibras de a\u00e7o<\/a><\/p>\n<p>&nbsp;<\/td>\n<td style=\"width: 12.8733%; height: 120px; border-color: #055e6f; border-style: solid; text-align: center;\">27\/10\/2016<\/td>\n<td style=\"width: 16.9858%; height: 120px; border-color: #055e6f; border-style: solid; text-align: center;\">Materiais e componentes de constru\u00e7\u00e3o<\/td>\n<td style=\"width: 28.9325%; height: 120px; border-color: #055e6f; border-style: solid; text-align: center;\"><span id=\"cursoDoAlunoAcao\" class=\"conteudo\">Prof. Dr.<\/span> Antonio Domingues de Figueiredo<\/td>\n<\/tr>\n<tr style=\"height: 120px;\">\n<td style=\"width: 20.3489%; height: 120px; border-color: #055e6f; border-style: solid; text-align: center;\">Felipe Niski Zveibil<\/td>\n<td style=\"width: 31.9046%; height: 120px; border-color: #055e6f; border-style: solid; text-align: center;\">&nbsp;<\/p>\n<p><a href=\"http:\/\/www.teses.usp.br\/index.php?option=com_jumi&amp;fileid=17&amp;Itemid=160&amp;lang=pt-br&amp;id=D7A6D0797BBD\">Projeto Crescimento: Engenharia de materiais e economia solid\u00e1ria voltados para os desafios socioambientais da atualidade<\/a><\/p>\n<p>&nbsp;<\/td>\n<td style=\"width: 12.8733%; height: 120px; border-color: #055e6f; border-style: solid; text-align: center;\">26\/09\/2016<\/td>\n<td style=\"width: 16.9858%; height: 120px; border-color: #055e6f; border-style: solid; text-align: center;\">Materiais e componentes de constru\u00e7\u00e3o<\/td>\n<td style=\"width: 28.9325%; height: 120px; border-color: #055e6f; border-style: solid; text-align: center;\"><span id=\"cursoDoAlunoAcao\" class=\"conteudo\">Prof. Dr.<\/span> Rafael Giuliano Pileggi<\/td>\n<\/tr>\n<tr style=\"height: 96px;\">\n<td style=\"width: 20.3489%; height: 96px; border-color: #055e6f; border-style: solid; text-align: center;\">Antonio Ivo de Barros Mainardi Neto<\/td>\n<td style=\"width: 31.9046%; height: 96px; border-color: #055e6f; border-style: solid; text-align: center;\">&nbsp;<\/p>\n<p><a href=\"http:\/\/www.teses.usp.br\/teses\/disponiveis\/3\/3153\/tde-24082016-075727\/pt-br.php\">Verifica\u00e7\u00e3o de regras para aprova\u00e7\u00e3o de projetos de arquitetura em BIM para esta\u00e7\u00f5es de metr\u00f4<\/a><\/p>\n<p>&nbsp;<\/td>\n<td style=\"width: 12.8733%; height: 96px; border-color: #055e6f; border-style: solid; text-align: center;\">23\/06\/2016<\/td>\n<td style=\"width: 16.9858%; height: 96px; border-color: #055e6f; border-style: solid; text-align: center;\">BIM: Building Information Modeling<\/td>\n<td style=\"width: 28.9325%; height: 96px; border-color: #055e6f; border-style: solid; text-align: center;\"><span id=\"cursoDoAlunoAcao\" class=\"conteudo\">Prof. Dr.<\/span> Eduardo Toledo Santos<\/td>\n<\/tr>\n<tr style=\"height: 120px;\">\n<td style=\"width: 20.3489%; height: 120px; border-color: #055e6f; border-style: solid; text-align: center;\">Maria Alice Camargo Gonzales<\/td>\n<td style=\"width: 31.9046%; height: 120px; border-color: #055e6f; border-style: solid; text-align: center;\">&nbsp;<\/p>\n<p><a href=\"http:\/\/www.teses.usp.br\/teses\/disponiveis\/3\/3153\/tde-30092016-114032\/pt-br.php\">Ferramenta para concep\u00e7\u00e3o, projeto e opera\u00e7\u00e3o de espa\u00e7os para ensino de engenharia que incentivem a criatividade e a inova\u00e7\u00e3o<\/a><\/p>\n<p>&nbsp;<\/td>\n<td style=\"width: 12.8733%; height: 120px; border-color: #055e6f; border-style: solid; text-align: center;\">17\/06\/2016<\/td>\n<td style=\"width: 16.9858%; height: 120px; border-color: #055e6f; border-style: solid; text-align: center;\">Tecnologia e gest\u00e3o na produ\u00e7\u00e3o<\/td>\n<td style=\"width: 28.9325%; height: 120px; border-color: #055e6f; border-style: solid; text-align: center;\"><span id=\"cursoDoAlunoAcao\" class=\"conteudo\">Prof. Dr.<\/span> Francisco Ferreira Cardoso<\/td>\n<\/tr>\n<tr style=\"height: 96px;\">\n<td style=\"width: 20.3489%; height: 96px; border-color: #055e6f; border-style: solid; text-align: center;\">Carolina Yumi Kubo Takagaki<\/td>\n<td style=\"width: 31.9046%; height: 96px; border-color: #055e6f; border-style: solid; text-align: center;\">&nbsp;<\/p>\n<p><a href=\"http:\/\/www.teses.usp.br\/teses\/disponiveis\/3\/3153\/tde-23082016-152027\/pt-br.php\">Regras de verifica\u00e7\u00e3o e valida\u00e7\u00e3o de modelos BIM para sistemas prediais hidr\u00e1ulicos e sanit\u00e1rios<\/a><\/p>\n<p>&nbsp;<\/td>\n<td style=\"width: 12.8733%; height: 96px; border-color: #055e6f; border-style: solid; text-align: center;\">10\/06\/2016<\/td>\n<td style=\"width: 16.9858%; height: 96px; border-color: #055e6f; border-style: solid; text-align: center;\">Desempenho, tecnologia e gest\u00e3o de sistemas prediais<\/td>\n<td style=\"width: 28.9325%; height: 96px; border-color: #055e6f; border-style: solid; text-align: center;\"><span id=\"cursoDoAlunoAcao\" class=\"conteudo\">Profa. Dra.<\/span> L\u00facia Helena de Oliveira<\/td>\n<\/tr>\n<tr style=\"height: 72px;\">\n<td style=\"width: 20.3489%; height: 72px; border-color: #055e6f; border-style: solid; text-align: center;\">Fernanda Andrade Ferrari<\/td>\n<td style=\"width: 31.9046%; height: 72px; border-color: #055e6f; border-style: solid; text-align: center;\">&nbsp;<\/p>\n<p><a href=\"http:\/\/www.teses.usp.br\/teses\/disponiveis\/3\/3153\/tde-23082016-152604\/pt-br.php\">A introdu\u00e7\u00e3o da modelagem da informa\u00e7\u00e3o da constru\u00e7\u00e3o em um banco p\u00fablico brasileiro<\/a><\/p>\n<p>&nbsp;<\/td>\n<td style=\"width: 12.8733%; height: 72px; border-color: #055e6f; border-style: solid; text-align: center;\">08\/06\/2016<\/td>\n<td style=\"width: 16.9858%; height: 72px; border-color: #055e6f; border-style: solid; text-align: center;\">Tecnologia e gest\u00e3o em projetos<\/td>\n<td style=\"width: 28.9325%; height: 72px; border-color: #055e6f; border-style: solid; text-align: center;\"><span id=\"cursoDoAlunoAcao\" class=\"conteudo\">Prof. Dr.<\/span> Silvio Burrattino Melhado<\/td>\n<\/tr>\n<tr style=\"height: 72px;\">\n<td style=\"width: 20.3489%; height: 72px; border-color: #055e6f; border-style: solid; text-align: center;\">Paulo Henrique Aveniente Santos<\/td>\n<td style=\"width: 31.9046%; height: 72px; border-color: #055e6f; border-style: solid; text-align: center;\">&nbsp;<\/p>\n<p><a href=\"http:\/\/sites.usp.br\/construinova\/wp-content\/uploads\/sites\/97\/2016\/07\/PauloHenriqueAvenienteSantosCorr16.pdf\">Sistema de orienta\u00e7\u00e3o t\u00e9cnica ao cliente do varejo de material de constru\u00e7\u00e3o<\/a><\/p>\n<p>&nbsp;<\/td>\n<td style=\"width: 12.8733%; height: 72px; border-color: #055e6f; border-style: solid; text-align: center;\">06\/06\/2016<\/td>\n<td style=\"width: 16.9858%; height: 72px; border-color: #055e6f; border-style: solid; text-align: center;\">\u00a0BIM: Building Information Modeling<\/td>\n<td style=\"width: 28.9325%; height: 72px; border-color: #055e6f; border-style: solid; text-align: center;\"><span id=\"cursoDoAlunoAcao\" class=\"conteudo\">Prof. Dr.<\/span> Eduardo Toledo Santos<\/td>\n<\/tr>\n<tr style=\"height: 96px;\">\n<td style=\"width: 20.3489%; height: 96px; border-color: #055e6f; border-style: solid; text-align: center;\">Carla Andrade da Silva<\/td>\n<td style=\"width: 31.9046%; height: 96px; border-color: #055e6f; border-style: solid; text-align: center;\">&nbsp;<\/p>\n<p><a href=\"http:\/\/www.teses.usp.br\/teses\/disponiveis\/3\/3153\/tde-23082016-145606\/pt-br.php\">Diretrizes para sele\u00e7\u00e3o tecnol\u00f3gica de veda\u00e7\u00f5es verticais externas de edif\u00edcios em estrutura met\u00e1lica<\/a><\/p>\n<p>&nbsp;<\/td>\n<td style=\"width: 12.8733%; height: 96px; border-color: #055e6f; border-style: solid; text-align: center;\">30\/05\/2016<\/td>\n<td style=\"width: 16.9858%; height: 96px; border-color: #055e6f; border-style: solid; text-align: center;\">Tecnologia e gest\u00e3o na produ\u00e7\u00e3o<\/td>\n<td style=\"width: 28.9325%; height: 96px; border-color: #055e6f; border-style: solid; text-align: center;\"><span id=\"cursoDoAlunoAcao\" class=\"conteudo\">Profa. Dra.<\/span> Mercia Maria Semensato Bottura de Barros<\/td>\n<\/tr>\n<tr style=\"height: 72px;\">\n<td style=\"width: 20.3489%; height: 72px; border-color: #055e6f; border-style: solid; text-align: center;\">Samuel Sfreddo Gosch<\/td>\n<td style=\"width: 31.9046%; height: 72px; border-color: #055e6f; border-style: solid; text-align: center;\">&nbsp;<\/p>\n<p><a href=\"http:\/\/www.teses.usp.br\/index.php?option=com_jumi&amp;fileid=38&amp;Itemid=183&amp;id=C7A734EAB75C\">Gest\u00e3o da inova\u00e7\u00e3o em empresa construtora: proposta para estrutura\u00e7\u00e3o de um processo<\/a><\/p>\n<p>&nbsp;<\/td>\n<td style=\"width: 12.8733%; height: 72px; border-color: #055e6f; border-style: solid; text-align: center;\">03\/05\/2016<\/td>\n<td style=\"width: 16.9858%; height: 72px; border-color: #055e6f; border-style: solid; text-align: center;\">Tecnologia e gest\u00e3o na produ\u00e7\u00e3o<\/td>\n<td style=\"width: 28.9325%; height: 72px; border-color: #055e6f; border-style: solid; text-align: center;\"><span id=\"cursoDoAlunoAcao\" class=\"conteudo\">Profa. Dra.<\/span> Mercia Maria Semensato Bottura de Barros<\/td>\n<\/tr>\n<tr style=\"height: 96px;\">\n<td style=\"width: 20.3489%; height: 96px; border-color: #055e6f; border-style: solid; text-align: center;\">Gustavo dos Santos Guimar\u00e3es de Aguiar<\/td>\n<td style=\"width: 31.9046%; height: 96px; border-color: #055e6f; border-style: solid; text-align: center;\">&nbsp;<\/p>\n<p><a href=\"http:\/\/www.teses.usp.br\/teses\/disponiveis\/3\/3153\/tde-23082016-150658\/pt-br.php\">Inova\u00e7\u00e3o em log\u00edstica de canteiro de obras na constru\u00e7\u00e3o de edif\u00edcios<\/a><\/p>\n<p>&nbsp;<\/td>\n<td style=\"width: 12.8733%; height: 96px; border-color: #055e6f; border-style: solid; text-align: center;\">20\/04\/2016<\/td>\n<td style=\"width: 16.9858%; height: 96px; border-color: #055e6f; border-style: solid; text-align: center;\">Tecnologia e gest\u00e3o na produ\u00e7\u00e3o<\/td>\n<td style=\"width: 28.9325%; height: 96px; border-color: #055e6f; border-style: solid; text-align: center;\"><span id=\"cursoDoAlunoAcao\" class=\"conteudo\">Prof. Dr.<\/span> Francisco Ferreira Cardoso<\/td>\n<\/tr>\n<tr style=\"height: 96px;\">\n<td style=\"width: 20.3489%; height: 96px; border-color: #055e6f; border-style: solid; text-align: center;\">Naira Ery Asano<\/td>\n<td style=\"width: 31.9046%; height: 96px; border-color: #055e6f; border-style: solid; text-align: center;\">&nbsp;<\/p>\n<p><a href=\"http:\/\/www.teses.usp.br\/index.php?option=com_jumi&amp;fileid=38&amp;Itemid=183&amp;id=A7A641021B2A\">Tecnologia construtiva de revestimento externo de argamassa com proje\u00e7\u00e3o cont\u00ednua<\/a><\/p>\n<p>&nbsp;<\/td>\n<td style=\"width: 12.8733%; height: 96px; border-color: #055e6f; border-style: solid; text-align: center;\">11\/03\/2016<\/td>\n<td style=\"width: 16.9858%; height: 96px; border-color: #055e6f; border-style: solid; text-align: center;\">Tecnologia e gest\u00e3o na produ\u00e7\u00e3o<\/td>\n<td style=\"width: 28.9325%; height: 96px; border-color: #055e6f; border-style: solid; text-align: center;\"><span id=\"cursoDoAlunoAcao\" class=\"conteudo\">Profa. Dra.<\/span> Mercia Maria Semensato Bottura de Barros<\/td>\n<\/tr>\n<tr style=\"height: 72px;\">\n<td style=\"width: 20.3489%; height: 72px; border-color: #055e6f; border-style: solid; text-align: center;\">Caio Marranghello Mingione<\/td>\n<td style=\"width: 31.9046%; height: 72px; border-color: #055e6f; border-style: solid; text-align: center;\">&nbsp;<\/p>\n<p><a href=\"http:\/\/www.teses.usp.br\/index.php?option=com_jumi&amp;fileid=38&amp;Itemid=183&amp;id=37A6D0712BB3\">Produtividade na montagem de estruturas de a\u00e7o para edif\u00edcios<\/a><\/p>\n<p>&nbsp;<\/td>\n<td style=\"width: 12.8733%; height: 72px; border-color: #055e6f; border-style: solid; text-align: center;\">23\/02\/2016<\/td>\n<td style=\"width: 16.9858%; height: 72px; border-color: #055e6f; border-style: solid; text-align: center;\">Tecnologia e gest\u00e3o na produ\u00e7\u00e3o<\/td>\n<td style=\"width: 28.9325%; height: 72px; border-color: #055e6f; border-style: solid; text-align: center;\"><span id=\"cursoDoAlunoAcao\" class=\"conteudo\">Prof. Dr.<\/span> Ubiraci Espinelli Lemes de Souza<\/td>\n<\/tr>\n<tr style=\"height: 120px;\">\n<td style=\"width: 20.3489%; height: 120px; border-color: #055e6f; border-style: solid; text-align: center;\">Julianna Lajut<\/td>\n<td style=\"width: 31.9046%; height: 120px; border-color: #055e6f; border-style: solid; text-align: center;\">&nbsp;<\/p>\n<p><a href=\"http:\/\/www.teses.usp.br\/index.php?option=com_jumi&amp;fileid=38&amp;Itemid=183&amp;id=67A6D059BB96\">An\u00e1lise do impacto do novo plano diretor estrat\u00e9gico da cidade de S\u00e3o Paulo no planejamento de produtos residenciais<\/a><\/p>\n<p>&nbsp;<\/td>\n<td style=\"width: 12.8733%; height: 120px; border-color: #055e6f; border-style: solid; text-align: center;\">17\/02\/2016<\/td>\n<td style=\"width: 16.9858%; height: 120px; border-color: #055e6f; border-style: solid; text-align: center;\">Real Estate: economia setorial e mercados<\/td>\n<td style=\"width: 28.9325%; height: 120px; border-color: #055e6f; border-style: solid; text-align: center;\"><span id=\"cursoDoAlunoAcao\" class=\"conteudo\">Prof. Dr.<\/span> Claudio Tavares de Alencar<\/td>\n<\/tr>\n<tr style=\"height: 96px;\">\n<td style=\"width: 20.3489%; height: 96px; border-color: #055e6f; border-style: solid; text-align: center;\">Carlos Eduardo Grazina<\/td>\n<td style=\"width: 31.9046%; height: 96px; border-color: #055e6f; border-style: solid; text-align: center;\">&nbsp;<\/p>\n<p><a href=\"http:\/\/www.teses.usp.br\/index.php?option=com_jumi&amp;fileid=38&amp;Itemid=183&amp;id=C7A6E41243DC\">Valoriza\u00e7\u00e3o da participa\u00e7\u00e3o da engenharia de produ\u00e7\u00e3o no projeto simult\u00e2neo de empresa construtora-incorporadora<\/a><\/p>\n<p>&nbsp;<\/td>\n<td style=\"width: 12.8733%; height: 96px; border-color: #055e6f; border-style: solid; text-align: center;\">12\/02\/2016<\/td>\n<td style=\"width: 16.9858%; height: 96px; border-color: #055e6f; border-style: solid; text-align: center;\">Tecnologia e gest\u00e3o na produ\u00e7\u00e3o<\/td>\n<td style=\"width: 28.9325%; height: 96px; border-color: #055e6f; border-style: solid; text-align: center;\"><span id=\"cursoDoAlunoAcao\" class=\"conteudo\">Prof. Dr.<\/span> Francisco Ferreira Cardoso<\/td>\n<\/tr>\n<tr style=\"height: 72px;\">\n<td style=\"width: 20.3489%; height: 72px; border-color: #055e6f; border-style: solid; text-align: center;\">Patr\u00edcia Alves do Nascimento<\/td>\n<td style=\"width: 31.9046%; height: 72px; border-color: #055e6f; border-style: solid; text-align: center;\">&nbsp;<\/p>\n<p><a href=\"http:\/\/www.teses.usp.br\/index.php?option=com_jumi&amp;fileid=38&amp;Itemid=183&amp;id=77A56D307677\">Compras sustent\u00e1veis em empresas construtoras de edif\u00edcios<\/a><\/p>\n<p>&nbsp;<\/td>\n<td style=\"width: 12.8733%; height: 72px; border-color: #055e6f; border-style: solid; text-align: center;\">21\/01\/2016<\/td>\n<td style=\"width: 16.9858%; height: 72px; border-color: #055e6f; border-style: solid; text-align: center;\">Tecnologia e gest\u00e3o na produ\u00e7\u00e3o<\/td>\n<td style=\"width: 28.9325%; height: 72px; border-color: #055e6f; border-style: solid; text-align: center;\"><span id=\"cursoDoAlunoAcao\" class=\"conteudo\">Prof. Dr.<\/span> Francisco Ferreira Cardoso<\/td>\n<\/tr>\n<tr style=\"height: 96px;\">\n<td style=\"width: 20.3489%; height: 96px; border-color: #055e6f; border-style: solid; text-align: center;\">Carolina Paula de Castilho<\/td>\n<td style=\"width: 31.9046%; height: 96px; border-color: #055e6f; border-style: solid; text-align: center;\">&nbsp;<\/p>\n<p><a href=\"http:\/\/sites.usp.br\/construinova\/wp-content\/uploads\/sites\/97\/2016\/07\/Carolina-Castilho1.pdf\">Avalia\u00e7\u00e3o durante opera\u00e7\u00e3o de sistemas prediais de \u00e1gua n\u00e3o pot\u00e1vel<\/a><\/p>\n<p>&nbsp;<\/td>\n<td style=\"width: 12.8733%; height: 96px; border-color: #055e6f; border-style: solid; text-align: center;\">21\/01\/2016<\/td>\n<td style=\"width: 16.9858%; height: 96px; border-color: #055e6f; border-style: solid; text-align: center;\">Desempenho, tecnologia e gest\u00e3o de sistemas prediais<\/td>\n<td style=\"width: 28.9325%; height: 96px; border-color: #055e6f; border-style: solid; text-align: center;\"><span id=\"cursoDoAlunoAcao\" class=\"conteudo\">Profa. Dra.<\/span> L\u00facia Helena de Oliveira<\/td>\n<\/tr>\n<tr style=\"height: 96px;\">\n<td style=\"width: 20.3489%; height: 96px; border-color: #055e6f; border-style: solid; text-align: center;\">Silvia Scalzo Cardoso<\/td>\n<td style=\"width: 31.9046%; height: 96px; border-color: #055e6f; border-style: solid; text-align: center;\">&nbsp;<\/p>\n<p><a href=\"http:\/\/www.teses.usp.br\/index.php?option=com_jumi&amp;fileid=38&amp;Itemid=183&amp;id=97A25CC6D109\">Tecnologia construtiva de fachada em chapas delgadas estruturadas em light steel framing<\/a><\/p>\n<p>&nbsp;<\/td>\n<td style=\"width: 12.8733%; height: 96px; border-color: #055e6f; border-style: solid; text-align: center;\">20\/01\/2016<\/td>\n<td style=\"width: 16.9858%; height: 96px; border-color: #055e6f; border-style: solid; text-align: center;\">Tecnologia e gest\u00e3o na produ\u00e7\u00e3o<\/td>\n<td style=\"width: 28.9325%; height: 96px; border-color: #055e6f; border-style: solid; text-align: center;\"><span id=\"cursoDoAlunoAcao\" class=\"conteudo\">Profa. Dra.<\/span> Mercia Maria Semensato Bottura de Barros<\/td>\n<\/tr>\n<tr style=\"height: 72px;\">\n<td style=\"width: 20.3489%; height: 72px; border-color: #055e6f; border-style: solid; text-align: center;\">Daniel Oliveira Fraz\u00e3o da Silva<\/td>\n<td style=\"width: 31.9046%; height: 72px; border-color: #055e6f; border-style: solid; text-align: center;\">&nbsp;<\/p>\n<p><a href=\"http:\/\/www.teses.usp.br\/index.php?option=com_jumi&amp;fileid=38&amp;Itemid=183&amp;id=47A8E09F05C4\">Reaproveitamento de lamas residuais do processo de fabrica\u00e7\u00e3o do concreto<\/a><\/p>\n<p>&nbsp;<\/td>\n<td style=\"width: 12.8733%; height: 72px; border-color: #055e6f; border-style: solid; text-align: center;\">21\/12\/2015<\/td>\n<td style=\"width: 16.9858%; height: 72px; border-color: #055e6f; border-style: solid; text-align: center;\">Materiais e componentes de constru\u00e7\u00e3o<\/td>\n<td style=\"width: 28.9325%; height: 72px; border-color: #055e6f; border-style: solid; text-align: center;\"><span id=\"cursoDoAlunoAcao\" class=\"conteudo\">Prof. Dr.<\/span> S\u00e9rgio Cirelli Angulo<\/td>\n<\/tr>\n<\/tbody>\n<\/table>\n<p style=\"text-align: left;\">\n","protected":false},"excerpt":{"rendered":"<p>Clique nos t\u00edtulos e acesse as disserta\u00e7\u00f5es do Programa conclu\u00eddas em 2015 ou 2016: Autor [&hellip;]<\/p>\n","protected":false},"author":24123,"featured_media":0,"parent":344,"menu_order":5,"comment_status":"closed","ping_status":"closed","template":"","meta":{"footnotes":"","_links_to":"","_links_to_target":""},"class_list":["post-2734","page","type-page","status-publish","hentry"],"_links":{"self":[{"href":"https:\/\/sites.usp.br\/construinova\/wp-json\/wp\/v2\/pages\/2734","targetHints":{"allow":["GET"]}}],"collection":[{"href":"https:\/\/sites.usp.br\/construinova\/wp-json\/wp\/v2\/pages"}],"about":[{"href":"https:\/\/sites.usp.br\/construinova\/wp-json\/wp\/v2\/types\/page"}],"author":[{"embeddable":true,"href":"https:\/\/sites.usp.br\/construinova\/wp-json\/wp\/v2\/users\/24123"}],"replies":[{"embeddable":true,"href":"https:\/\/sites.usp.br\/construinova\/wp-json\/wp\/v2\/comments?post=2734"}],"version-history":[{"count":4,"href":"https:\/\/sites.usp.br\/construinova\/wp-json\/wp\/v2\/pages\/2734\/revisions"}],"predecessor-version":[{"id":3004,"href":"https:\/\/sites.usp.br\/construinova\/wp-json\/wp\/v2\/pages\/2734\/revisions\/3004"}],"up":[{"embeddable":true,"href":"https:\/\/sites.usp.br\/construinova\/wp-json\/wp\/v2\/pages\/344"}],"wp:attachment":[{"href":"https:\/\/sites.usp.br\/construinova\/wp-json\/wp\/v2\/media?parent=2734"}],"curies":[{"name":"wp","href":"https:\/\/api.w.org\/{rel}","templated":true}]}}