{"id":287,"date":"2016-01-29T17:23:53","date_gmt":"2016-01-29T19:23:53","guid":{"rendered":"http:\/\/sites.usp.br\/construinova\/?page_id=287"},"modified":"2019-11-01T17:24:49","modified_gmt":"2019-11-01T20:24:49","slug":"apresentacao","status":"publish","type":"page","link":"https:\/\/sites.usp.br\/construinova\/institucional\/apresentacao\/","title":{"rendered":"Apresenta\u00e7\u00e3o"},"content":{"rendered":"<p>O crescimento econ\u00f4mico do pa\u00eds tem induzido o aumento da atividade no setor da Constru\u00e7\u00e3o Civil, exigindo profissionais com forma\u00e7\u00e3o s\u00f3lida e alta capacita\u00e7\u00e3o para propor solu\u00e7\u00f5es de elevado conte\u00fado de inova\u00e7\u00e3o, diante das demandas de resultados quanto \u00e0 qualidade, custos e prazos, sem, no entanto, abrir m\u00e3o de um eficiente desempenho t\u00e9cnico e ambiental. Em realidade, ap\u00f3s um per\u00edodo prolongado de escassez de investimentos, o setor encontra-se despreparado tecnol\u00f3gica e gerencialmente para o novo cen\u00e1rio que se apresenta.<\/p>\n<p>O <strong>ConstruInova &#8211; Mestrado Profissional em Inova\u00e7\u00e3o na Constru\u00e7\u00e3o Civil<\/strong>, aprovado pela CAPES, vem preencher uma importante lacuna na forma\u00e7\u00e3o em p\u00f3s-gradua\u00e7\u00e3o voltada \u00e0 atua\u00e7\u00e3o no setor da Constru\u00e7\u00e3o Civil, oferecendo t\u00e9cnicas e instrumentos para <a>a utiliza\u00e7\u00e3o aplicada<\/a>\u00a0dos conhecimentos acad\u00eamicos no exerc\u00edcio da inova\u00e7\u00e3o, em clara associa\u00e7\u00e3o com a experi\u00eancia profissional.<\/p>\n<p>Diante dos desafios tecnol\u00f3gicos e de gest\u00e3o que se apresentam, com este Programa busca-se formar lideran\u00e7as transformadoras, com vis\u00e3o sist\u00eamica dos processos, das oportunidades e das formas de supera\u00e7\u00e3o dos entraves pr\u00f3prios do setor.<\/p>\n<p>&nbsp;<\/p>\n<p><strong>P\u00fablico-Alvo<\/strong>: Profissionais <a>de alto n\u00edvel,<\/a>\u00a0 atuantes em empresas p\u00fablicas e privadas e l\u00edderes pertencentes aos diversos segmentos da cadeia produtiva da Constru\u00e7\u00e3o Civil. O perfil ser\u00e1 composto por uma parcela de profissionais experientes e outra constitu\u00edda por jovens profissionais que demonstrem grande potencial de desenvolvimento e aplica\u00e7\u00e3o de solu\u00e7\u00f5es inovadoras em constru\u00e7\u00e3o civil.<\/p>\n<p>&nbsp;<\/p>\n<p><strong>Perfil do Egresso<\/strong>: Profissionais capazes de planejar, desenvolver e implementar aplica\u00e7\u00f5es inovadoras dos conhecimentos cient\u00edficos, tecnol\u00f3gicos e de gest\u00e3o necess\u00e1rios \u00e0 melhoria do desempenho de empresas, produtos e processos do setor da Constru\u00e7\u00e3o Civil.<\/p>\n","protected":false},"excerpt":{"rendered":"<p>O crescimento econ\u00f4mico do pa\u00eds tem induzido o aumento da atividade no setor da Constru\u00e7\u00e3o [&hellip;]<\/p>\n","protected":false},"author":177,"featured_media":0,"parent":89,"menu_order":0,"comment_status":"closed","ping_status":"closed","template":"","meta":{"footnotes":"","_links_to":"","_links_to_target":""},"class_list":["post-287","page","type-page","status-publish","hentry"],"_links":{"self":[{"href":"https:\/\/sites.usp.br\/construinova\/wp-json\/wp\/v2\/pages\/287","targetHints":{"allow":["GET"]}}],"collection":[{"href":"https:\/\/sites.usp.br\/construinova\/wp-json\/wp\/v2\/pages"}],"about":[{"href":"https:\/\/sites.usp.br\/construinova\/wp-json\/wp\/v2\/types\/page"}],"author":[{"embeddable":true,"href":"https:\/\/sites.usp.br\/construinova\/wp-json\/wp\/v2\/users\/177"}],"replies":[{"embeddable":true,"href":"https:\/\/sites.usp.br\/construinova\/wp-json\/wp\/v2\/comments?post=287"}],"version-history":[{"count":4,"href":"https:\/\/sites.usp.br\/construinova\/wp-json\/wp\/v2\/pages\/287\/revisions"}],"predecessor-version":[{"id":1713,"href":"https:\/\/sites.usp.br\/construinova\/wp-json\/wp\/v2\/pages\/287\/revisions\/1713"}],"up":[{"embeddable":true,"href":"https:\/\/sites.usp.br\/construinova\/wp-json\/wp\/v2\/pages\/89"}],"wp:attachment":[{"href":"https:\/\/sites.usp.br\/construinova\/wp-json\/wp\/v2\/media?parent=287"}],"curies":[{"name":"wp","href":"https:\/\/api.w.org\/{rel}","templated":true}]}}