{"id":2968,"date":"2025-07-15T11:41:34","date_gmt":"2025-07-15T14:41:34","guid":{"rendered":"https:\/\/sites.usp.br\/construinova\/?page_id=2968"},"modified":"2025-07-23T14:33:25","modified_gmt":"2025-07-23T17:33:25","slug":"exame-de-qualificacao","status":"publish","type":"page","link":"https:\/\/sites.usp.br\/construinova\/exame-de-qualificacao\/","title":{"rendered":"Exame de qualifica\u00e7\u00e3o"},"content":{"rendered":"<h3>PROCEDIMENTOS PARA REALIZA\u00c7\u00c3O DO EXAME DE QUALIFICA\u00c7\u00c3O<\/h3>\n<p>O exame de qualifica\u00e7\u00e3o \u00e9 exigido para alunos(as) regularmente matriculados a partir de <span style=\"color: #333300;\">28\/09\/2022. O(a) aluno(a) s\u00f3 poder\u00e1 realizar o exame de qualifica\u00e7\u00e3o tendo cumprido pelo menos 32 cr\u00e9ditos.<\/span><\/p>\n<p><span style=\"color: #ff9900;\"><strong>1) INSCRI\u00c7\u00c3O NO EXAME DE QUALIFICA\u00c7\u00c3O<\/strong><\/span><\/p>\n<p><strong>ALUNO (A) :<\/strong> O prazo para inscri\u00e7\u00e3o no exame de qualifica\u00e7\u00e3o est\u00e1 em sua Ficha de Aluno no Janus. Solicite a inscri\u00e7\u00e3o na qualifica\u00e7\u00e3o com pelo menos 5 dias de anteced\u00eancia, pelo e-mail inovacao.construinova@usp.br, anexando os seguintes documentos:<\/p>\n<ul>\n<li>Comprovante de submiss\u00e3o ou publica\u00e7\u00e3o de artigo ou produ\u00e7\u00e3o t\u00e9cnica (pode ser o email de recebimento\/aceite).<\/li>\n<li>c\u00f3pia do artigo submetido ou aceito ou da produ\u00e7\u00e3o t\u00e9cnica<\/li>\n<li>formul\u00e1rio <a href=\"https:\/\/sites.usp.br\/construinova\/wp-content\/uploads\/sites\/97\/2023\/11\/Formulario-de-inscricao-no-Exame-de-Qualificacao.docx\">Solicita\u00e7\u00e3o de inscri\u00e7\u00e3o no Exame de Qualifica\u00e7\u00e3o <\/a><\/li>\n<\/ul>\n<p>Depois de lan\u00e7ada a inscri\u00e7\u00e3o no exame de qualifica\u00e7\u00e3o, o prazo para realiza\u00e7\u00e3o do exame \u00e9 de 90 dias (a data m\u00e1xima constar\u00e1 na Ficha de Aluno(a) no Janus).<\/p>\n<p><strong>ORIENTADOR (A) : <\/strong>Enviar o <a href=\"https:\/\/sites.usp.br\/construinova\/wp-content\/uploads\/sites\/97\/2022\/03\/Formulario-para-proposta-de-banca_-novo-regimento-1.doc\">formul\u00e1rio de proposta de banca<\/a> para inovacao.construinova@usp.br at\u00e9 a data de fechamento da pauta da reuni\u00e3o da CCP.\u00a0\u00a0(ver <a href=\"https:\/\/sites.usp.br\/construinova\/reunioes-ccp-e-cpg\/\">datas das reuni\u00f5es da CCP<\/a>).<\/p>\n<p>&nbsp;<\/p>\n<p><span style=\"color: #ff9900;\"><strong>2) REALIZA\u00c7\u00c3O DO EXAME DE QUALIFICA\u00c7\u00c3O<\/strong><\/span><\/p>\n<p>Aprovada a banca pela CCP, o(a) orientador(a) dever\u00e1 agendar a data do exame com o(a) aluno(a) e membros da banca.<\/p>\n<p>Informar a secretaria do agendamento pelo email para inovacao.construinova@usp.br com as informa\u00e7\u00f5es abaixo.<\/p>\n<p style=\"margin: 0cm; margin-bottom: .0001pt;\">Aluno(a):<\/p>\n<p style=\"margin: 0cm; margin-bottom: .0001pt;\">Orientador: Prof(a). Dr(a).<\/p>\n<p style=\"margin: 0cm; margin-bottom: .0001pt;\">T\u00edtulo:<\/p>\n<p style=\"margin: 0cm; margin-bottom: .0001pt;\">Data\/hor\u00e1rio:<\/p>\n<p style=\"margin: 0cm; margin-bottom: .0001pt;\">Modalidade: (\u00a0 \u00a0) presencial, (\u00a0 \u00a0) remota ou (\u00a0 \u00a0) h\u00edbrida<\/p>\n<p>&nbsp;<\/p>\n<p>Em caso de exames remotos solicitar aprova\u00e7\u00e3o da CCP por meio do formul\u00e1rio <a href=\"https:\/\/sites.usp.br\/construinova\/wp-content\/uploads\/sites\/97\/2025\/07\/Declaracao-de-Participacao-MODALIDADE-DE-DEFESA.doc\">Declara\u00e7\u00e3o de participa\u00e7\u00e3o em defesa \u2013 modalidade presencial, remota ou h\u00edbrida<\/a>.\u00a0 O(a) orientador(a) gera o link do convite do Google meet e envia para os membros da banca. O relat\u00f3rio de qualifica\u00e7\u00e3o deve ser enviado diretamente para a banca, com pelo menos 15 dias de anteced\u00eancia.<\/p>\n","protected":false},"excerpt":{"rendered":"<p>PROCEDIMENTOS PARA REALIZA\u00c7\u00c3O DO EXAME DE QUALIFICA\u00c7\u00c3O O exame de qualifica\u00e7\u00e3o \u00e9 exigido para alunos(as) [&hellip;]<\/p>\n","protected":false},"author":259,"featured_media":0,"parent":0,"menu_order":0,"comment_status":"closed","ping_status":"closed","template":"","meta":{"footnotes":"","_links_to":"","_links_to_target":""},"class_list":["post-2968","page","type-page","status-publish","hentry"],"_links":{"self":[{"href":"https:\/\/sites.usp.br\/construinova\/wp-json\/wp\/v2\/pages\/2968","targetHints":{"allow":["GET"]}}],"collection":[{"href":"https:\/\/sites.usp.br\/construinova\/wp-json\/wp\/v2\/pages"}],"about":[{"href":"https:\/\/sites.usp.br\/construinova\/wp-json\/wp\/v2\/types\/page"}],"author":[{"embeddable":true,"href":"https:\/\/sites.usp.br\/construinova\/wp-json\/wp\/v2\/users\/259"}],"replies":[{"embeddable":true,"href":"https:\/\/sites.usp.br\/construinova\/wp-json\/wp\/v2\/comments?post=2968"}],"version-history":[{"count":4,"href":"https:\/\/sites.usp.br\/construinova\/wp-json\/wp\/v2\/pages\/2968\/revisions"}],"predecessor-version":[{"id":2984,"href":"https:\/\/sites.usp.br\/construinova\/wp-json\/wp\/v2\/pages\/2968\/revisions\/2984"}],"wp:attachment":[{"href":"https:\/\/sites.usp.br\/construinova\/wp-json\/wp\/v2\/media?parent=2968"}],"curies":[{"name":"wp","href":"https:\/\/api.w.org\/{rel}","templated":true}]}}