{"id":305,"date":"2016-07-18T11:05:48","date_gmt":"2016-07-18T14:05:48","guid":{"rendered":"http:\/\/sites.usp.br\/construinova\/?page_id=305"},"modified":"2025-07-31T11:03:05","modified_gmt":"2025-07-31T14:03:05","slug":"coordenacao","status":"publish","type":"page","link":"https:\/\/sites.usp.br\/construinova\/institucional\/coordenacao\/","title":{"rendered":"Comiss\u00e3o Coordenadora do Programa (CCP)"},"content":{"rendered":"<p><strong>Coordenador:<\/strong>\u00a0 Prof. Dr. Fabiano Rogerio Corr\u00eaa (<a href=\"mailto:fabiano.correa@usp.br\">fabiano.correa@usp.br<\/a>, tel: 3091 5462)<\/p>\n<p><strong>Suplente:<\/strong> Prof. Dr. Eduardo Toledo Santos (<a href=\"mailto:etoledo@usp.br\">etoledo@usp.br<\/a>, tel: 3091 5284)<\/p>\n<p>&nbsp;<\/p>\n<hr \/>\n<p>&nbsp;<\/p>\n<p>A Comiss\u00e3o Coordenadora do Programa (CCP), composta por orientadores e orientadoras credenciadas e pela representa\u00e7\u00e3o discente, re\u00fane-se <a href=\"https:\/\/sites.usp.br\/construinova\/reunioes-ccp-e-cpg\/\">mensalmente<\/a> para deliberar sobre assuntos referentes ao curso.<\/p>\n<p><strong>Membros da CCP &#8211; ConstruInova:<\/strong><\/p>\n<p>Prof. Dr. Fabiano Rogerio Corr\u00eaa\u00a0(titular)<br \/>\nProf. Dr. Claudio Tavares de Alencar (suplente)<\/p>\n<p>Prof\u00aa Dr\u00aa. Eduardo Toledo Santos (titular)<br \/>\nProf. Dr. Luiz Reynaldo de Azevedo Cardoso (suplente)<\/p>\n<p>Prof\u00aa Dr\u00aa. L\u00facia Helena de Oliveira (titular)<br \/>\nProf\u00aa. Dr\u00aa. Renata Monte (suplente)<\/p>\n<p>&nbsp;<\/p>\n","protected":false},"excerpt":{"rendered":"<p>Coordenador:\u00a0 Prof. Dr. Fabiano Rogerio Corr\u00eaa (fabiano.correa@usp.br, tel: 3091 5462) Suplente: Prof. Dr. Eduardo Toledo [&hellip;]<\/p>\n","protected":false},"author":177,"featured_media":0,"parent":89,"menu_order":0,"comment_status":"closed","ping_status":"closed","template":"","meta":{"footnotes":"","_links_to":"","_links_to_target":""},"class_list":["post-305","page","type-page","status-publish","hentry"],"_links":{"self":[{"href":"https:\/\/sites.usp.br\/construinova\/wp-json\/wp\/v2\/pages\/305","targetHints":{"allow":["GET"]}}],"collection":[{"href":"https:\/\/sites.usp.br\/construinova\/wp-json\/wp\/v2\/pages"}],"about":[{"href":"https:\/\/sites.usp.br\/construinova\/wp-json\/wp\/v2\/types\/page"}],"author":[{"embeddable":true,"href":"https:\/\/sites.usp.br\/construinova\/wp-json\/wp\/v2\/users\/177"}],"replies":[{"embeddable":true,"href":"https:\/\/sites.usp.br\/construinova\/wp-json\/wp\/v2\/comments?post=305"}],"version-history":[{"count":6,"href":"https:\/\/sites.usp.br\/construinova\/wp-json\/wp\/v2\/pages\/305\/revisions"}],"predecessor-version":[{"id":3067,"href":"https:\/\/sites.usp.br\/construinova\/wp-json\/wp\/v2\/pages\/305\/revisions\/3067"}],"up":[{"embeddable":true,"href":"https:\/\/sites.usp.br\/construinova\/wp-json\/wp\/v2\/pages\/89"}],"wp:attachment":[{"href":"https:\/\/sites.usp.br\/construinova\/wp-json\/wp\/v2\/media?parent=305"}],"curies":[{"name":"wp","href":"https:\/\/api.w.org\/{rel}","templated":true}]}}