{"id":326,"date":"2016-07-22T10:02:42","date_gmt":"2016-07-22T13:02:42","guid":{"rendered":"http:\/\/sites.usp.br\/construinova\/?page_id=326"},"modified":"2025-12-09T09:30:49","modified_gmt":"2025-12-09T12:30:49","slug":"calendario-escolar","status":"publish","type":"page","link":"https:\/\/sites.usp.br\/construinova\/datas-importantes\/calendario-escolar\/","title":{"rendered":"Calend\u00e1rio Acad\u00eamico"},"content":{"rendered":"<p>&nbsp;<\/p>\n<h4><strong>CALEND\u00c1RIO ESCOLAR\u00a0 2026 \u2013 P\u00d3S-GRADUA\u00c7\u00c3O<\/strong><\/h4>\n<table style=\"width: 96.5415%; height: 384px;\" border=\"1\" cellspacing=\"0\" cellpadding=\"3\">\n<colgroup>\n<col width=\"183\" \/>\n<col span=\"3\" width=\"143\" \/> <\/colgroup>\n<tbody>\n<tr style=\"height: 24px;\">\n<td style=\"width: 29.8046%; height: 24px; background-color: #fcb421; border-color: #008ba1;\"><\/td>\n<td style=\"width: 23.2899%; height: 24px; background-color: #fcb421; border-color: #008ba1;\"><span style=\"color: #333333;\"><strong>1\u00ba PER\u00cdODO<\/strong><\/span><\/td>\n<td style=\"width: 23.2899%; height: 24px; background-color: #fcb421; border-color: #008ba1;\"><span style=\"color: #333333;\"><strong>2\u00ba PER\u00cdODO<\/strong><\/span><\/td>\n<td style=\"width: 120.827%; height: 24px; background-color: #fcb421; border-color: #008ba1;\"><span style=\"color: #333333;\"><strong>3\u00ba PER\u00cdODO<\/strong><\/span><\/td>\n<\/tr>\n<tr style=\"height: 48px;\">\n<td style=\"width: 29.8046%; background-color: #055e6f; height: 48px; border-color: #008ba1;\"><span style=\"color: #ffffff;\">PR\u00c9-MATR\u00cdCULA DOS ALUNOS REGULARES<\/span><br \/>\n<span style=\"color: #ffffff;\">(PELO SISTEMA JANUS)<\/span><\/td>\n<td style=\"width: 23.2899%; background-color: #055e6f; height: 48px; border-color: #008ba1;\"><span style=\"color: #ffffff;\">05\/01 a 18\/01\/2026<\/span><\/td>\n<td style=\"width: 23.2899%; background-color: #055e6f; height: 48px; border-color: #008ba1;\"><span style=\"color: #ffffff;\">05\/01 a 18\/01\/2026<\/span><\/td>\n<td style=\"width: 120.827%; background-color: #055e6f; height: 48px; border-color: #008ba1;\"><span style=\"color: #ffffff;\">01\/07 a 05\/07\/2026<\/span><\/td>\n<\/tr>\n<tr style=\"height: 48px;\">\n<td style=\"width: 29.8046%; background-color: #055e6f; height: 48px; border-color: #008ba1;\"><span style=\"color: #ffffff;\">AVAL DOS ORIENTADORES<\/span><br \/>\n<span style=\"color: #ffffff;\">(PELO SISTEMA JANUS)<\/span><\/td>\n<td style=\"width: 23.2899%; background-color: #055e6f; height: 48px; border-color: #008ba1;\"><span style=\"color: #ffffff;\">19\/01 a 25\/01\/2026<\/span><\/td>\n<td style=\"width: 23.2899%; background-color: #055e6f; height: 48px; border-color: #008ba1;\"><span style=\"color: #ffffff;\">19\/01 a 25\/01\/2026<\/span><\/td>\n<td style=\"width: 120.827%; background-color: #055e6f; height: 48px; border-color: #008ba1;\"><span style=\"color: #ffffff;\">06\/07 a 12\/07\/2026<\/span><\/td>\n<\/tr>\n<tr style=\"height: 48px;\">\n<td style=\"width: 29.8046%; background-color: #055e6f; height: 48px; border-color: #008ba1;\"><span style=\"color: #ffffff;\">DEFERIMENTO DOS MINISTRANTES<\/span><br \/>\n<span style=\"color: #ffffff;\">(PELO SISTEMA JANUS)<\/span><\/td>\n<td style=\"width: 23.2899%; background-color: #055e6f; height: 48px; border-color: #008ba1;\"><span style=\"color: #ffffff;\">26\/01 a 01\/02\/2026<\/span><\/td>\n<td style=\"width: 23.2899%; background-color: #055e6f; height: 48px; border-color: #008ba1;\"><span style=\"color: #ffffff;\">26\/01 a 01\/02\/2026<\/span><\/td>\n<td style=\"width: 120.827%; background-color: #055e6f; height: 48px; border-color: #008ba1;\"><span style=\"color: #ffffff;\">13\/07 a 19\/07\/2026<\/span><\/td>\n<\/tr>\n<tr style=\"height: 48px;\">\n<td style=\"width: 29.8046%; background-color: #055e6f; height: 48px; border-color: #008ba1;\"><span style=\"color: #ffffff;\">MATR\u00cdCULA DOS ALUNOS REGULARES NOVOS E ALUNOS ESPECIAIS<\/span><\/td>\n<td style=\"width: 23.2899%; background-color: #055e6f; height: 48px; border-color: #008ba1;\"><span style=\"color: #ffffff;\">09 e 10\/02\/2026<\/span><\/td>\n<td style=\"width: 23.2899%; background-color: #055e6f; height: 48px; border-color: #008ba1;\"><span style=\"color: #ffffff;\">09 e 10\/02\/2026<\/span><\/td>\n<td style=\"width: 120.827%; background-color: #055e6f; height: 48px; border-color: #008ba1;\"><span style=\"color: #ffffff;\">24 e 25\/08\/2026<\/span><\/td>\n<\/tr>\n<tr style=\"height: 24px;\">\n<td style=\"width: 29.8046%; background-color: #055e6f; height: 24px; border-color: #008ba1;\"><span style=\"color: #ffffff;\">IN\u00cdCIO DO PER\u00cdODO LETIVO<\/span><\/td>\n<td style=\"width: 23.2899%; background-color: #055e6f; height: 24px; border-color: #008ba1;\"><span style=\"color: #ffffff;\">02\/03\/2026<\/span><\/td>\n<td style=\"width: 23.2899%; background-color: #055e6f; height: 24px; border-color: #008ba1;\"><span style=\"color: #ffffff;\">08\/06\/2026<\/span><\/td>\n<td style=\"width: 120.827%; background-color: #055e6f; height: 24px; border-color: #008ba1;\"><span style=\"color: #ffffff;\">14\/09\/2026<\/span><\/td>\n<\/tr>\n<tr style=\"height: 120px;\">\n<td style=\"width: 29.8046%; background-color: #055e6f; height: 120px; border-color: #008ba1;\"><span style=\"color: #ffffff;\">RETIFICA\u00c7\u00c3O DE MATR\u00cdCULA &#8211; <strong>INCLUS\u00c3O E EXCLUS\u00c3O DE DISCIPLINAS<\/strong><\/span><br \/>\n<span style=\"color: #ffffff;\">(Secretaria do Programa)*Para alunos regulares que<\/span><br \/>\n<span style=\"color: #ffffff;\">fizeram matr\u00edcula em<\/span><br \/>\n<span style=\"color: #ffffff;\">disciplina(s) antes do in\u00edcio do per\u00edodo<\/span><\/td>\n<td style=\"width: 23.2899%; background-color: #055e6f; height: 120px; border-color: #008ba1;\"><span style=\"color: #ffffff;\">16 e 17\/03\/2026<\/span><\/td>\n<td style=\"width: 23.2899%; background-color: #055e6f; height: 120px; border-color: #008ba1;\"><span style=\"color: #ffffff;\">22 e 23\/06\/2026<\/span><\/td>\n<td style=\"width: 120.827%; background-color: #055e6f; height: 120px; border-color: #008ba1;\"><span style=\"color: #ffffff;\">28 e 29\/09\/2026<\/span><\/td>\n<\/tr>\n<tr style=\"height: 24px;\">\n<td style=\"width: 29.8046%; background-color: #055e6f; height: 24px; border-color: #008ba1;\"><span style=\"color: #ffffff;\">PRAZO FINAL PARA ENTREGA DAS NOTAS<\/span><\/td>\n<td style=\"width: 23.2899%; background-color: #055e6f; height: 24px; border-color: #008ba1;\"><span style=\"color: #ffffff;\">60 dias ap\u00f3s o t\u00e9rmino do per\u00edodo letivo<\/span><\/td>\n<td style=\"width: 23.2899%; background-color: #055e6f; height: 24px; border-color: #008ba1;\"><span style=\"color: #ffffff;\">60 dias ap\u00f3s o t\u00e9rmino do per\u00edodo letivo<\/span><\/td>\n<td style=\"width: 120.827%; background-color: #055e6f; height: 24px; border-color: #008ba1;\"><span style=\"color: #ffffff;\">60 dias ap\u00f3s o t\u00e9rmino do per\u00edodo letivo<\/span><\/td>\n<\/tr>\n<\/tbody>\n<\/table>\n<p>&nbsp;<\/p>\n<h4><strong>CALEND\u00c1RIO ESCOLAR\u00a0 2025 \u2013 P\u00d3S-GRADUA\u00c7\u00c3O<\/strong><\/h4>\n<table style=\"width: 96.6311%; height: 384px;\" border=\"1\" cellspacing=\"0\" cellpadding=\"3\">\n<colgroup>\n<col width=\"183\" \/>\n<col span=\"3\" width=\"143\" \/> <\/colgroup>\n<tbody>\n<tr style=\"height: 24px;\">\n<td style=\"width: 29.8046%; background-color: #fcb421; height: 24px; border-style: solid; border-color: #008ba1;\"><\/td>\n<td style=\"width: 23.2899%; background-color: #fcb421; height: 24px; border-style: solid; border-color: #008ba1;\"><strong>1\u00ba PER\u00cdODO<\/strong><\/td>\n<td style=\"width: 23.2899%; background-color: #fcb421; height: 24px; border-style: solid; border-color: #008ba1;\"><strong>2\u00ba PER\u00cdODO<\/strong><\/td>\n<td style=\"width: 134.174%; background-color: #fcb421; height: 24px; border-style: solid; border-color: #008ba1;\"><strong>3\u00ba PER\u00cdODO<\/strong><\/td>\n<\/tr>\n<tr style=\"height: 48px;\">\n<td style=\"width: 29.8046%; height: 48px; border-style: solid; border-color: #008ba1; background-color: #055e6f;\"><span style=\"color: #ffffff;\">PR\u00c9-MATR\u00cdCULA DOS ALUNOS REGULARES<\/span><br \/>\n<span style=\"color: #ffffff;\">(PELO SISTEMA JANUS)<\/span><\/td>\n<td style=\"width: 23.2899%; height: 48px; border-style: solid; border-color: #008ba1; background-color: #055e6f;\"><span style=\"color: #ffffff;\">06 a 19\/01\/2025<\/span><\/td>\n<td style=\"width: 23.2899%; height: 48px; border-style: solid; border-color: #008ba1; background-color: #055e6f;\"><span style=\"color: #ffffff;\">06 a 19\/01\/2025<\/span><\/td>\n<td style=\"width: 134.174%; height: 48px; border-style: solid; border-color: #008ba1; background-color: #055e6f;\"><span style=\"color: #ffffff;\">01 a 06\/07\/2025<\/span><\/td>\n<\/tr>\n<tr style=\"height: 48px;\">\n<td style=\"width: 29.8046%; height: 48px; border-style: solid; border-color: #008ba1; background-color: #055e6f;\"><span style=\"color: #ffffff;\">AVAL DOS ORIENTADORES<\/span><br \/>\n<span style=\"color: #ffffff;\">(PELO SISTEMA JANUS)<\/span><\/td>\n<td style=\"width: 23.2899%; height: 48px; border-style: solid; border-color: #008ba1; background-color: #055e6f;\"><span style=\"color: #ffffff;\">20 a 26\/01\/2025<\/span><\/td>\n<td style=\"width: 23.2899%; height: 48px; border-style: solid; border-color: #008ba1; background-color: #055e6f;\"><span style=\"color: #ffffff;\">20 a 26\/01\/2025<\/span><\/td>\n<td style=\"width: 134.174%; height: 48px; border-style: solid; border-color: #008ba1; background-color: #055e6f;\"><span style=\"color: #ffffff;\">07 a 13\/07\/2025<\/span><\/td>\n<\/tr>\n<tr style=\"height: 48px;\">\n<td style=\"width: 29.8046%; height: 48px; border-style: solid; border-color: #008ba1; background-color: #055e6f;\"><span style=\"color: #ffffff;\">DEFERIMENTO DOS MINISTRANTES<\/span><br \/>\n<span style=\"color: #ffffff;\">(PELO SISTEMA JANUS)<\/span><\/td>\n<td style=\"width: 23.2899%; height: 48px; border-style: solid; border-color: #008ba1; background-color: #055e6f;\"><span style=\"color: #ffffff;\">27\/01 a 02\/02\/2025<\/span><\/td>\n<td style=\"width: 23.2899%; height: 48px; border-style: solid; border-color: #008ba1; background-color: #055e6f;\"><span style=\"color: #ffffff;\">27\/01 a 02\/02\/2025<\/span><\/td>\n<td style=\"width: 134.174%; height: 48px; border-style: solid; border-color: #008ba1; background-color: #055e6f;\"><span style=\"color: #ffffff;\">14 a 20\/07\/2025<\/span><\/td>\n<\/tr>\n<tr style=\"height: 48px;\">\n<td style=\"width: 29.8046%; height: 48px; border-style: solid; border-color: #008ba1; background-color: #055e6f;\"><span style=\"color: #ffffff;\">MATR\u00cdCULA DOS ALUNOS REGULARES NOVOS E ALUNOS ESPECIAIS<\/span><\/td>\n<td style=\"width: 23.2899%; height: 48px; border-style: solid; border-color: #008ba1; background-color: #055e6f;\"><span style=\"color: #ffffff;\">17 e 18\/02\/2025<\/span><\/td>\n<td style=\"width: 23.2899%; height: 48px; border-style: solid; border-color: #008ba1; background-color: #055e6f;\"><span style=\"color: #ffffff;\">17 e 18\/02\/2025<\/span><\/td>\n<td style=\"width: 134.174%; height: 48px; border-style: solid; border-color: #008ba1; background-color: #055e6f;\"><span style=\"color: #ffffff;\">25 e 26\/08\/2025<\/span><\/td>\n<\/tr>\n<tr style=\"height: 24px;\">\n<td style=\"width: 29.8046%; height: 24px; border-style: solid; border-color: #008ba1; background-color: #055e6f;\"><span style=\"color: #ffffff;\">IN\u00cdCIO DO PER\u00cdODO LETIVO<\/span><\/td>\n<td style=\"width: 23.2899%; height: 24px; border-style: solid; border-color: #008ba1; background-color: #055e6f;\"><span style=\"color: #ffffff;\">10\/03\/2025<\/span><\/td>\n<td style=\"width: 23.2899%; height: 24px; border-style: solid; border-color: #008ba1; background-color: #055e6f;\"><span style=\"color: #ffffff;\">16\/06\/2025<\/span><\/td>\n<td style=\"width: 134.174%; height: 24px; border-style: solid; border-color: #008ba1; background-color: #055e6f;\"><span style=\"color: #ffffff;\">15\/09\/2025<\/span><\/td>\n<\/tr>\n<tr style=\"height: 120px;\">\n<td style=\"width: 29.8046%; height: 120px; border-style: solid; border-color: #008ba1; background-color: #055e6f;\"><span style=\"color: #ffffff;\">RETIFICA\u00c7\u00c3O DE MATR\u00cdCULA &#8211; <strong>INCLUS\u00c3O E EXCLUS\u00c3O DE DISCIPLINAS<\/strong><\/span><br \/>\n<span style=\"color: #ffffff;\">(Secretaria do Programa)*Para alunos regulares que<\/span><br \/>\n<span style=\"color: #ffffff;\">fizeram matr\u00edcula em<\/span><br \/>\n<span style=\"color: #ffffff;\">disciplina(s) antes do in\u00edcio do per\u00edodo<\/span><\/td>\n<td style=\"width: 23.2899%; height: 120px; border-style: solid; border-color: #008ba1; background-color: #055e6f;\"><span style=\"color: #ffffff;\">24 e 25\/03\/2025<\/span><\/td>\n<td style=\"width: 23.2899%; height: 120px; border-style: solid; border-color: #008ba1; background-color: #055e6f;\"><span style=\"color: #ffffff;\">30\/06 e 01\/07\/2025<\/span><\/td>\n<td style=\"width: 134.174%; height: 120px; border-style: solid; border-color: #008ba1; background-color: #055e6f;\"><span style=\"color: #ffffff;\">29 e 30\/09\/2025<\/span><\/td>\n<\/tr>\n<tr style=\"height: 24px;\">\n<td style=\"width: 29.8046%; height: 24px; border-style: solid; border-color: #008ba1; background-color: #055e6f;\"><span style=\"color: #ffffff;\">PRAZO FINAL PARA ENTREGA DAS NOTAS<\/span><\/td>\n<td style=\"width: 23.2899%; height: 24px; border-style: solid; border-color: #008ba1; background-color: #055e6f;\"><span style=\"color: #ffffff;\">60 dias ap\u00f3s o t\u00e9rmino do per\u00edodo letivo<\/span><\/td>\n<td style=\"width: 23.2899%; height: 24px; border-style: solid; border-color: #008ba1; background-color: #055e6f;\"><span style=\"color: #ffffff;\">60 dias ap\u00f3s o t\u00e9rmino do per\u00edodo letivo<\/span><\/td>\n<td style=\"width: 134.174%; height: 24px; border-style: solid; border-color: #008ba1; background-color: #055e6f;\"><span style=\"color: #ffffff;\">60 dias ap\u00f3s o t\u00e9rmino do per\u00edodo letivo<\/span><\/td>\n<\/tr>\n<\/tbody>\n<\/table>\n<h3><\/h3>\n<p>&nbsp;<\/p>\n","protected":false},"excerpt":{"rendered":"<p>&nbsp; CALEND\u00c1RIO ESCOLAR\u00a0 2026 \u2013 P\u00d3S-GRADUA\u00c7\u00c3O 1\u00ba PER\u00cdODO 2\u00ba PER\u00cdODO 3\u00ba PER\u00cdODO PR\u00c9-MATR\u00cdCULA DOS ALUNOS [&hellip;]<\/p>\n","protected":false},"author":177,"featured_media":0,"parent":330,"menu_order":0,"comment_status":"closed","ping_status":"closed","template":"","meta":{"footnotes":"","_links_to":"","_links_to_target":""},"class_list":["post-326","page","type-page","status-publish","hentry"],"_links":{"self":[{"href":"https:\/\/sites.usp.br\/construinova\/wp-json\/wp\/v2\/pages\/326","targetHints":{"allow":["GET"]}}],"collection":[{"href":"https:\/\/sites.usp.br\/construinova\/wp-json\/wp\/v2\/pages"}],"about":[{"href":"https:\/\/sites.usp.br\/construinova\/wp-json\/wp\/v2\/types\/page"}],"author":[{"embeddable":true,"href":"https:\/\/sites.usp.br\/construinova\/wp-json\/wp\/v2\/users\/177"}],"replies":[{"embeddable":true,"href":"https:\/\/sites.usp.br\/construinova\/wp-json\/wp\/v2\/comments?post=326"}],"version-history":[{"count":5,"href":"https:\/\/sites.usp.br\/construinova\/wp-json\/wp\/v2\/pages\/326\/revisions"}],"predecessor-version":[{"id":3149,"href":"https:\/\/sites.usp.br\/construinova\/wp-json\/wp\/v2\/pages\/326\/revisions\/3149"}],"up":[{"embeddable":true,"href":"https:\/\/sites.usp.br\/construinova\/wp-json\/wp\/v2\/pages\/330"}],"wp:attachment":[{"href":"https:\/\/sites.usp.br\/construinova\/wp-json\/wp\/v2\/media?parent=326"}],"curies":[{"name":"wp","href":"https:\/\/api.w.org\/{rel}","templated":true}]}}