{"id":330,"date":"2016-07-22T10:07:50","date_gmt":"2016-07-22T13:07:50","guid":{"rendered":"http:\/\/sites.usp.br\/construinova\/?page_id=330"},"modified":"2024-07-24T14:29:20","modified_gmt":"2024-07-24T17:29:20","slug":"datas-importantes","status":"publish","type":"page","link":"https:\/\/sites.usp.br\/construinova\/datas-importantes\/","title":{"rendered":"Datas Importantes"},"content":{"rendered":"<p>Estes links apresentam datas relevantes no tocante ao programa ConstruInova. Fique atento:<\/p>\n<ul>\n<li><a href=\"https:\/\/sites.usp.br\/construinova\/datas-importantes\/calendario-escolar\/\">Calend\u00e1rio acad\u00eamico<\/a> &#8211; datas de matr\u00edcula, retifica\u00e7\u00e3o de matr\u00edcula e per\u00edodos letivos;<\/li>\n<li><a href=\"https:\/\/sites.usp.br\/construinova\/proximas-defesas\/\">Pr\u00f3ximas defesas<\/a> &#8211; agenda de defesas, qualifica\u00e7\u00f5es e apresenta\u00e7\u00f5es de relat\u00f3rios semestrais;<\/li>\n<li><a href=\"https:\/\/sites.usp.br\/construinova\/relatorios-semestrais-de-avaliacao\/\">Relat\u00f3rios semestrais<\/a> &#8211; prazos de entrega dos relat\u00f3rios semestrais;<\/li>\n<li><a href=\"https:\/\/sites.usp.br\/construinova\/reunioes-ccp-e-cpg\/\">Reuni\u00f5es CCP e CPG<\/a> &#8211; datas das reuni\u00f5es dos colegiados da P\u00f3s-gradua\u00e7\u00e3o da Escola Polit\u00e9cnica e respectivas datas de fechamento de pauta.<\/li>\n<\/ul>\n<p>&nbsp;<\/p>\n","protected":false},"excerpt":{"rendered":"<p>Estes links apresentam datas relevantes no tocante ao programa ConstruInova. Fique atento: Calend\u00e1rio acad\u00eamico &#8211; [&hellip;]<\/p>\n","protected":false},"author":177,"featured_media":0,"parent":0,"menu_order":0,"comment_status":"closed","ping_status":"closed","template":"","meta":{"footnotes":"","_links_to":"","_links_to_target":""},"class_list":["post-330","page","type-page","status-publish","hentry"],"_links":{"self":[{"href":"https:\/\/sites.usp.br\/construinova\/wp-json\/wp\/v2\/pages\/330","targetHints":{"allow":["GET"]}}],"collection":[{"href":"https:\/\/sites.usp.br\/construinova\/wp-json\/wp\/v2\/pages"}],"about":[{"href":"https:\/\/sites.usp.br\/construinova\/wp-json\/wp\/v2\/types\/page"}],"author":[{"embeddable":true,"href":"https:\/\/sites.usp.br\/construinova\/wp-json\/wp\/v2\/users\/177"}],"replies":[{"embeddable":true,"href":"https:\/\/sites.usp.br\/construinova\/wp-json\/wp\/v2\/comments?post=330"}],"version-history":[{"count":5,"href":"https:\/\/sites.usp.br\/construinova\/wp-json\/wp\/v2\/pages\/330\/revisions"}],"predecessor-version":[{"id":2730,"href":"https:\/\/sites.usp.br\/construinova\/wp-json\/wp\/v2\/pages\/330\/revisions\/2730"}],"wp:attachment":[{"href":"https:\/\/sites.usp.br\/construinova\/wp-json\/wp\/v2\/media?parent=330"}],"curies":[{"name":"wp","href":"https:\/\/api.w.org\/{rel}","templated":true}]}}