{"id":332,"date":"2016-07-22T10:07:19","date_gmt":"2016-07-22T13:07:19","guid":{"rendered":"http:\/\/sites.usp.br\/construinova\/?page_id=332"},"modified":"2024-07-24T14:29:49","modified_gmt":"2024-07-24T17:29:49","slug":"para-alunos","status":"publish","type":"page","link":"https:\/\/sites.usp.br\/construinova\/para-alunos\/","title":{"rendered":"Curso"},"content":{"rendered":"<p>O Mestrado Profissional em Inova\u00e7\u00e3o na Constru\u00e7\u00e3o Civil \u00e9 um curso de p\u00f3s-gradua\u00e7\u00e3o stricto sensu, gratuito e oferecido na modalidade presencial. Ele est\u00e1 estruturado em linhas de pesquisa abrangendo as\u00a0 seguintes \u00e1reas:<\/p>\n<ul>\n<li>Tecnologia e Gest\u00e3o na Produ\u00e7\u00e3o;<\/li>\n<li>Tecnologia e Gest\u00e3o em Projetos;<\/li>\n<li>Desempenho;<\/li>\n<li>Tecnologia e Gest\u00e3o de Sistemas Prediais;<\/li>\n<li>Materiais e Componentes de Constru\u00e7\u00e3o;<\/li>\n<li>BIM: Building Information Modeling e Simula\u00e7\u00e3o Computacional;<\/li>\n<li>Real Estate: Economia Setorial e Mercados.<\/li>\n<\/ul>\n<p>&nbsp;<\/p>\n<p>Para mais informa\u00e7\u00f5es em rela\u00e7\u00e3o \u00e0s linhas de pesquisa, <a href=\"https:\/\/sites.usp.br\/construinova\/institucional\/linhas_pesquisa\/\">clique aqui<\/a>.<\/p>\n","protected":false},"excerpt":{"rendered":"<p>O Mestrado Profissional em Inova\u00e7\u00e3o na Constru\u00e7\u00e3o Civil \u00e9 um curso de p\u00f3s-gradua\u00e7\u00e3o stricto sensu, [&hellip;]<\/p>\n","protected":false},"author":177,"featured_media":0,"parent":0,"menu_order":0,"comment_status":"closed","ping_status":"closed","template":"","meta":{"footnotes":"","_links_to":"","_links_to_target":""},"class_list":["post-332","page","type-page","status-publish","hentry"],"_links":{"self":[{"href":"https:\/\/sites.usp.br\/construinova\/wp-json\/wp\/v2\/pages\/332","targetHints":{"allow":["GET"]}}],"collection":[{"href":"https:\/\/sites.usp.br\/construinova\/wp-json\/wp\/v2\/pages"}],"about":[{"href":"https:\/\/sites.usp.br\/construinova\/wp-json\/wp\/v2\/types\/page"}],"author":[{"embeddable":true,"href":"https:\/\/sites.usp.br\/construinova\/wp-json\/wp\/v2\/users\/177"}],"replies":[{"embeddable":true,"href":"https:\/\/sites.usp.br\/construinova\/wp-json\/wp\/v2\/comments?post=332"}],"version-history":[{"count":4,"href":"https:\/\/sites.usp.br\/construinova\/wp-json\/wp\/v2\/pages\/332\/revisions"}],"predecessor-version":[{"id":2731,"href":"https:\/\/sites.usp.br\/construinova\/wp-json\/wp\/v2\/pages\/332\/revisions\/2731"}],"wp:attachment":[{"href":"https:\/\/sites.usp.br\/construinova\/wp-json\/wp\/v2\/media?parent=332"}],"curies":[{"name":"wp","href":"https:\/\/api.w.org\/{rel}","templated":true}]}}