{"id":344,"date":"2016-07-22T10:26:52","date_gmt":"2016-07-22T13:26:52","guid":{"rendered":"http:\/\/sites.usp.br\/construinova\/?page_id=344"},"modified":"2025-07-25T14:27:03","modified_gmt":"2025-07-25T17:27:03","slug":"dissertacoes-concluidas","status":"publish","type":"page","link":"https:\/\/sites.usp.br\/construinova\/dissertacoes-concluidas\/","title":{"rendered":"Disserta\u00e7\u00f5es Conclu\u00eddas"},"content":{"rendered":"<h4>Clique em um link para acessar as disserta\u00e7\u00f5es conclu\u00eddas no per\u00edodo correspondente:<\/h4>\n<p style=\"text-align: center;\"><a href=\"https:\/\/sites.usp.br\/construinova\/dissertacoes-concluidas\/2026-2025\/\"><strong>2025<\/strong><\/a><\/p>\n<p style=\"text-align: center;\"><strong><a href=\"https:\/\/sites.usp.br\/construinova\/dissertacoes-concluidas\/2024-2023\/\">2024 &#8211; 2023<\/a><\/strong><\/p>\n<p style=\"text-align: center;\"><a href=\"https:\/\/sites.usp.br\/construinova\/dissertacoes-concluidas\/2022-2021\/\"><strong>2022 &#8211; 2021<\/strong><\/a><\/p>\n<p style=\"text-align: center;\"><a href=\"https:\/\/sites.usp.br\/construinova\/dissertacoes-concluidas\/2020-2019\/\"><strong>2020 &#8211; 2019<\/strong><\/a><\/p>\n<p style=\"text-align: center;\"><a href=\"https:\/\/sites.usp.br\/construinova\/dissertacoes-concluidas\/2018-2017\/\"><strong>2018 &#8211; 2017<\/strong><\/a><\/p>\n<h4 style=\"text-align: center;\"><a href=\"https:\/\/sites.usp.br\/construinova\/dissertacoes-concluidas\/2016-2015\/\">2016 &#8211; 2015<\/a><\/h4>\n<h4 style=\"text-align: center;\"><\/h4>\n<p style=\"text-align: center;\">\n","protected":false},"excerpt":{"rendered":"<p>Clique em um link para acessar as disserta\u00e7\u00f5es conclu\u00eddas no per\u00edodo correspondente: 2025 2024 &#8211; [&hellip;]<\/p>\n","protected":false},"author":177,"featured_media":0,"parent":0,"menu_order":0,"comment_status":"closed","ping_status":"closed","template":"","meta":{"footnotes":"","_links_to":"","_links_to_target":""},"class_list":["post-344","page","type-page","status-publish","hentry"],"_links":{"self":[{"href":"https:\/\/sites.usp.br\/construinova\/wp-json\/wp\/v2\/pages\/344","targetHints":{"allow":["GET"]}}],"collection":[{"href":"https:\/\/sites.usp.br\/construinova\/wp-json\/wp\/v2\/pages"}],"about":[{"href":"https:\/\/sites.usp.br\/construinova\/wp-json\/wp\/v2\/types\/page"}],"author":[{"embeddable":true,"href":"https:\/\/sites.usp.br\/construinova\/wp-json\/wp\/v2\/users\/177"}],"replies":[{"embeddable":true,"href":"https:\/\/sites.usp.br\/construinova\/wp-json\/wp\/v2\/comments?post=344"}],"version-history":[{"count":5,"href":"https:\/\/sites.usp.br\/construinova\/wp-json\/wp\/v2\/pages\/344\/revisions"}],"predecessor-version":[{"id":2997,"href":"https:\/\/sites.usp.br\/construinova\/wp-json\/wp\/v2\/pages\/344\/revisions\/2997"}],"wp:attachment":[{"href":"https:\/\/sites.usp.br\/construinova\/wp-json\/wp\/v2\/media?parent=344"}],"curies":[{"name":"wp","href":"https:\/\/api.w.org\/{rel}","templated":true}]}}