{"id":355,"date":"2016-07-22T10:37:15","date_gmt":"2016-07-22T13:37:15","guid":{"rendered":"http:\/\/sites.usp.br\/construinova\/?page_id=355"},"modified":"2025-07-31T10:18:54","modified_gmt":"2025-07-31T13:18:54","slug":"normas-2","status":"publish","type":"page","link":"https:\/\/sites.usp.br\/construinova\/normas-2\/","title":{"rendered":"Normas"},"content":{"rendered":"<p><b>Normas atualmente em vigor (a partir de 30\/10\/2019):<\/b><\/p>\n<ul>\n<li><a href=\"http:\/\/sites.usp.br\/construinova\/wp-content\/uploads\/sites\/97\/2016\/07\/Regimento-P\u00f3s-Gradua\u00e7\u00e3o-USP-28-03-2018.pdf\">Regimento da P\u00f3s-Gradua\u00e7\u00e3o USP<\/a> (Resolu\u00e7\u00e3o n\u00ba 7493 em vigor a partir de 29\/03\/2018)<\/li>\n<li><a href=\"http:\/\/www.leginf.usp.br\/?resolucao=resolucao-copgr-no-7612-de-21-de-fevereiro-de-2019\">Regimento da CPG-Poli<\/a> (Resolu\u00e7\u00e3o CoPGr N\u00ba 7612, de 21\/02\/2019)<\/li>\n<li><a href=\"https:\/\/leginf.usp.br\/?resolucao=resolucao-copgr-no-8329-de-28-de-setembro-de-2022\">Regulamento do ConstruInova<\/a> (Resolu\u00e7\u00e3o CoPGr 8329, em vigor a partir de 28\/09\/2022)<\/li>\n<li><a href=\"https:\/\/sites.usp.br\/construinova\/wp-content\/uploads\/sites\/97\/2019\/10\/EP_MP_InovacaoConstrucaoCivil_AprovadoCaN_16Out19.pdf\">Regulamento do ConstruInova<\/a> (Resolu\u00e7\u00e3o CoPGr 7856, de 25\/10\/2019 a 27\/09\/2022)<\/li>\n<\/ul>\n<p>&nbsp;<\/p>\n<p><b>Normas do programa (Regimento de P\u00f3s-Gradua\u00e7\u00e3o &#8211; Resolu\u00e7\u00e3o n\u00ba 6542\/2013 em vigor a partir de 20\/04\/2013 at\u00e9 29\/10\/2019)<\/b><\/p>\n<ul>\n<li><a href=\"http:\/\/www.leginf.usp.br\/?resolucao=resolucao-no-6542-de-18-de-abril-de-2013-2\">Regimento da P\u00f3s-Gradua\u00e7\u00e3o da USP<\/a><\/li>\n<li><a href=\"http:\/\/www.leginf.usp.br\/?resolucao=resolucao-copgr-6689-de-22-de-janeiro-de-2014\">Regimento da CPG-Poli<\/a><\/li>\n<li><a title=\"Regulamento do Programa de P\u00f3s-Gradua\u00e7\u00e3o\" href=\"http:\/\/www.leginf.usp.br\/?resolucao=resolucao-copgr-6995-de-25-de-novembro-de-2014\" target=\"_blank\" rel=\"noopener noreferrer\">Regulamento do ConstruInova<\/a><\/li>\n<\/ul>\n<p>&nbsp;<\/p>\n<p><strong>Normas do programa (Regimento de P\u00f3s-Gradua\u00e7\u00e3o &#8211; Resolu\u00e7\u00e3o n\u00ba 5473 em vigor de 18\/09\/2008 at\u00e9 19\/04\/2013)<\/strong><\/p>\n<ul>\n<li><a href=\"http:\/\/www.prpg.usp.br\/uploads\/norma-CCP-MP-emInovacaonaConstrucao-EP.pdf\" target=\"_blank\" rel=\"noopener noreferrer\">Regulamento do Construinova<\/a><\/li>\n<\/ul>\n","protected":false},"excerpt":{"rendered":"<p>Normas atualmente em vigor (a partir de 30\/10\/2019): Regimento da P\u00f3s-Gradua\u00e7\u00e3o USP (Resolu\u00e7\u00e3o n\u00ba 7493 [&hellip;]<\/p>\n","protected":false},"author":177,"featured_media":0,"parent":0,"menu_order":0,"comment_status":"closed","ping_status":"closed","template":"","meta":{"footnotes":"","_links_to":"","_links_to_target":""},"class_list":["post-355","page","type-page","status-publish","hentry"],"_links":{"self":[{"href":"https:\/\/sites.usp.br\/construinova\/wp-json\/wp\/v2\/pages\/355","targetHints":{"allow":["GET"]}}],"collection":[{"href":"https:\/\/sites.usp.br\/construinova\/wp-json\/wp\/v2\/pages"}],"about":[{"href":"https:\/\/sites.usp.br\/construinova\/wp-json\/wp\/v2\/types\/page"}],"author":[{"embeddable":true,"href":"https:\/\/sites.usp.br\/construinova\/wp-json\/wp\/v2\/users\/177"}],"replies":[{"embeddable":true,"href":"https:\/\/sites.usp.br\/construinova\/wp-json\/wp\/v2\/comments?post=355"}],"version-history":[{"count":5,"href":"https:\/\/sites.usp.br\/construinova\/wp-json\/wp\/v2\/pages\/355\/revisions"}],"predecessor-version":[{"id":3036,"href":"https:\/\/sites.usp.br\/construinova\/wp-json\/wp\/v2\/pages\/355\/revisions\/3036"}],"wp:attachment":[{"href":"https:\/\/sites.usp.br\/construinova\/wp-json\/wp\/v2\/media?parent=355"}],"curies":[{"name":"wp","href":"https:\/\/api.w.org\/{rel}","templated":true}]}}