{"id":357,"date":"2016-07-22T10:37:27","date_gmt":"2016-07-22T13:37:27","guid":{"rendered":"http:\/\/sites.usp.br\/construinova\/?page_id=357"},"modified":"2025-08-13T12:40:21","modified_gmt":"2025-08-13T15:40:21","slug":"formularios","status":"publish","type":"page","link":"https:\/\/sites.usp.br\/construinova\/formularios\/","title":{"rendered":"Formul\u00e1rios"},"content":{"rendered":"<h3><span style=\"color: #ff0000;\">*em caso de dificuldades para download dos arquivos, utilize o navegador Internet Explorer<\/span><\/h3>\n<h3>Formul\u00e1rios para discentes<\/h3>\n<p><a href=\"https:\/\/sites.usp.br\/construinova\/wp-content\/uploads\/sites\/97\/2023\/08\/Anuencia-de-orientador-para-regularizacao-de-matricula.docx\">Anu\u00eancia do(a) orientador(a) para regulariza\u00e7\u00e3o de matr\u00edcula de aluno(a) ingressante<\/a><\/p>\n<p><a href=\"https:\/\/sites.usp.br\/construinova\/wp-content\/uploads\/sites\/97\/2024\/02\/Prorrogacao-emergencial_resolucaoCoPGr8082_2021.doc\">Pedido de prorroga\u00e7\u00e3o emergencial de prazo Circ. CoPGr 8082\/2021- COVID<\/a><\/p>\n<p><a href=\"http:\/\/sites.usp.br\/construinova\/wp-content\/uploads\/sites\/97\/2016\/07\/Formul\u00e1rio_retifica\u00e7\u00e3o_matr\u00edcula.doc\">Retifica\u00e7\u00e3o de matr\u00edcula (inclus\u00e3o e exclus\u00e3o de disciplinas)<\/a><\/p>\n<p><a href=\"https:\/\/sites.usp.br\/construinova\/wp-content\/uploads\/sites\/97\/2022\/09\/Formulario-creditos_especiais-ConstruINOVA-novo-regimento.doc\">Pedido de cr\u00e9ditos especiais<\/a><\/p>\n<p><a href=\"http:\/\/sites.usp.br\/construinova\/wp-content\/uploads\/sites\/97\/2016\/07\/requerimento_matricula-1.doc\">Requerimento de matr\u00edcula<\/a><\/p>\n<p><a href=\"https:\/\/sites.usp.br\/construinova\/wp-content\/uploads\/sites\/97\/2023\/11\/Formulario-de-inscricao-no-Exame-de-Qualificacao.docx\">Solicita\u00e7\u00e3o de inscri\u00e7\u00e3o no Exame de Qualifica\u00e7\u00e3o<\/a><\/p>\n<p><a href=\"https:\/\/sites.usp.br\/construinova\/wp-content\/uploads\/sites\/97\/2025\/06\/Solicitacao-de-trancamento.doc\">Solicita\u00e7\u00e3o de trancamento de matr\u00edcula<\/a><\/p>\n<p><a href=\"http:\/\/sites.usp.br\/construinova\/wp-content\/uploads\/sites\/97\/2016\/07\/Transfer\u00eancia_de_Orientador.doc\">Transfer\u00eancia de Orientador<\/a><\/p>\n<p><a href=\"http:\/\/sites.usp.br\/construinova\/wp-content\/uploads\/sites\/97\/2016\/07\/Pedido-de-desligamento.doc\">Pedido de desligamento<\/a><\/p>\n<p><a href=\"http:\/\/sites.usp.br\/construinova\/wp-content\/uploads\/sites\/97\/2016\/07\/Formul\u00e1rio-de-Aproveitamento-de-Cr\u00e9ditos-Mudan\u00e7a-de-Especial-para-Regular.doc\">Formul\u00e1rio de aproveitamento de cr\u00e9ditos cursados como aluno especial<\/a><\/p>\n<p><a href=\"https:\/\/sites.usp.br\/construinova\/wp-content\/uploads\/sites\/97\/2023\/06\/Aproveitamento-de-creditos-em-disciplinas-cursadas-fora-da-USP.docx\">Aproveitamento de cr\u00e9ditos em disciplinas cursadas fora da USP<\/a><\/p>\n<p><a href=\"http:\/\/sites.usp.br\/construinova\/wp-content\/uploads\/sites\/97\/2016\/07\/Autoriza\u00e7\u00e3o-Entrada-CAEC.doc\">Autoriza\u00e7\u00e3o de acesso ao pr\u00e9dio<\/a><\/p>\n<p><a href=\"http:\/\/sites.usp.br\/construinova\/wp-content\/uploads\/sites\/97\/2016\/07\/Requisi\u00e7\u00e3o-de-aux\u00edlio-financeiro.docx\">Requisi\u00e7\u00e3o de aux\u00edlio financeiro<\/a><\/p>\n<p><a href=\"https:\/\/sites.usp.br\/construinova\/wp-content\/uploads\/sites\/97\/2019\/03\/Passe-escolar-declara\u00e7\u00e3o-de-frequ\u00eancia.doc\">Declara\u00e7\u00e3o de frequ\u00eancia para passe escolar<\/a><\/p>\n<p><a href=\"https:\/\/sites.usp.br\/construinova\/wp-content\/uploads\/sites\/97\/2020\/04\/Mudan\u00e7a-de-regimento-2019_2020.doc\">Formul\u00e1rio de mudan\u00e7a de regimento de p\u00f3s-gradua\u00e7\u00e3o<\/a><\/p>\n<p>&nbsp;<\/p>\n<h3 class=\"contentheading\"><strong>Formul\u00e1rios para dep\u00f3sito da disserta\u00e7\u00e3o<\/strong><\/h3>\n<p class=\"contentheading\"><a href=\"https:\/\/www.poli.usp.br\/bibliotecas\/servicos\/publicacoes-online\">Crit\u00e9rios para padroniza\u00e7\u00e3o dos exemplares de disserta\u00e7\u00e3o<\/a><\/p>\n<p><a href=\"https:\/\/sites.usp.br\/construinova\/wp-content\/uploads\/sites\/97\/2021\/05\/NOVO-formulario-de-deposito-CPG-deposito-digital.doc\">Formul\u00e1rio de dep\u00f3sito da disserta\u00e7\u00e3o<\/a><\/p>\n<h3><\/h3>\n<p>&nbsp;<\/p>\n<h3>Formul\u00e1rios para pr\u00e9-mestrado<\/h3>\n<p><a href=\"http:\/\/sites.usp.br\/construinova\/wp-content\/uploads\/sites\/97\/2016\/07\/Ficha-de-Inscri\u00e7\u00e3o-1.docm\"> Ficha de inscri\u00e7\u00e3o para alunos de gradua\u00e7\u00e3o da Escola Polit\u00e9cnica<\/a><\/p>\n<p>&nbsp;<\/p>\n<h3>Formul\u00e1rios para docentes<\/h3>\n<p><a href=\"https:\/\/sites.usp.br\/construinova\/wp-content\/uploads\/sites\/97\/2024\/11\/Credenciamento-de-orientador-coorientador_04.11.2024.docx\">(Re)credenciamento de orientador<\/a><\/p>\n<p><a href=\"https:\/\/sites.usp.br\/construinova\/wp-content\/uploads\/sites\/97\/2021\/05\/Proposta-de-Disciplina.doc\">(Re)credenciamento de disciplina<\/a><\/p>\n<p><a href=\"http:\/\/sites.usp.br\/construinova\/wp-content\/uploads\/sites\/97\/2016\/07\/Parecer-de-recredenciamento-de-Disciplina.doc\">Parecer sobre (re)credenciamento de disciplina<\/a><\/p>\n<p><a href=\"http:\/\/sites.usp.br\/construinova\/wp-content\/uploads\/sites\/97\/2016\/07\/Formulario-de-proposta-de-banca-3\u00ba-relat\u00f3rio.doc\">Proposta de banca para 3\u00ba relat\u00f3rio de avalia\u00e7\u00e3o<\/a><\/p>\n<p><a href=\"http:\/\/sites.usp.br\/construinova\/wp-content\/uploads\/sites\/97\/2016\/07\/Formulario-para-proposta-de-banca-1.doc\">Proposta de banca para defesa (Regimento antigo)<\/a><\/p>\n<p><a href=\"https:\/\/sites.usp.br\/construinova\/wp-content\/uploads\/sites\/97\/2022\/03\/Formulario-para-proposta-de-banca_-novo-regimento-1.doc\">Proposta de banca para defesa\/qualifica\u00e7\u00e3o (Regimento em vigor a partir de <span id=\"cursoDoAlunoAcao\" class=\"conteudo\"><span id=\"novoReg1\">29\/03\/2018)<\/span><\/span><\/a><\/p>\n<p><a href=\"https:\/\/sites.usp.br\/construinova\/wp-content\/uploads\/sites\/97\/2025\/07\/Declaracao-de-Participacao-MODALIDADE-DE-DEFESA.doc\">Declara\u00e7\u00e3o de participa\u00e7\u00e3o em defesa\/qualifica\u00e7\u00e3o &#8211; modalidade presencial, remota ou h\u00edbrida<\/a><\/p>\n<p><a href=\"http:\/\/sites.usp.br\/construinova\/wp-content\/uploads\/sites\/97\/2016\/07\/Cadastro-professor-externo.doc\"><span style=\"color: #333333;\">Cadastro de professores externos para bancas (portugu\u00eas)<\/span><\/a><\/p>\n<p><a href=\"http:\/\/sites.usp.br\/construinova\/wp-content\/uploads\/sites\/97\/2016\/07\/Cadastro-professor-externo-em-ingl\u00eas.doc\">Cadastro de professores externos estrangeiros para bancas (ingl\u00eas)<\/a><\/p>\n<h3><\/h3>\n<p>&nbsp;<\/p>\n<h3>Formul\u00e1rios para uso da CCP<\/h3>\n<p><a href=\"https:\/\/sites.usp.br\/construinova\/wp-content\/uploads\/sites\/97\/2021\/09\/FormularioParecerCredenciamentoOrientadoresCCP.docx\">Parecer sobre pedido de (re)credenciamento docente<\/a><\/p>\n<p>&nbsp;<\/p>\n","protected":false},"excerpt":{"rendered":"<p>*em caso de dificuldades para download dos arquivos, utilize o navegador Internet Explorer Formul\u00e1rios para [&hellip;]<\/p>\n","protected":false},"author":177,"featured_media":0,"parent":0,"menu_order":0,"comment_status":"closed","ping_status":"closed","template":"","meta":{"footnotes":"","_links_to":"","_links_to_target":""},"class_list":["post-357","page","type-page","status-publish","hentry"],"_links":{"self":[{"href":"https:\/\/sites.usp.br\/construinova\/wp-json\/wp\/v2\/pages\/357","targetHints":{"allow":["GET"]}}],"collection":[{"href":"https:\/\/sites.usp.br\/construinova\/wp-json\/wp\/v2\/pages"}],"about":[{"href":"https:\/\/sites.usp.br\/construinova\/wp-json\/wp\/v2\/types\/page"}],"author":[{"embeddable":true,"href":"https:\/\/sites.usp.br\/construinova\/wp-json\/wp\/v2\/users\/177"}],"replies":[{"embeddable":true,"href":"https:\/\/sites.usp.br\/construinova\/wp-json\/wp\/v2\/comments?post=357"}],"version-history":[{"count":5,"href":"https:\/\/sites.usp.br\/construinova\/wp-json\/wp\/v2\/pages\/357\/revisions"}],"predecessor-version":[{"id":3086,"href":"https:\/\/sites.usp.br\/construinova\/wp-json\/wp\/v2\/pages\/357\/revisions\/3086"}],"wp:attachment":[{"href":"https:\/\/sites.usp.br\/construinova\/wp-json\/wp\/v2\/media?parent=357"}],"curies":[{"name":"wp","href":"https:\/\/api.w.org\/{rel}","templated":true}]}}