{"id":361,"date":"2016-07-22T10:38:53","date_gmt":"2016-07-22T13:38:53","guid":{"rendered":"http:\/\/sites.usp.br\/construinova\/?page_id=361"},"modified":"2025-07-31T10:52:54","modified_gmt":"2025-07-31T13:52:54","slug":"faq","status":"publish","type":"page","link":"https:\/\/sites.usp.br\/construinova\/faq\/","title":{"rendered":"Perguntas Frequentes &#8211; FAQ"},"content":{"rendered":"<h3><strong>Quais as diferen\u00e7as entre o Mestrado Acad\u00eamico e o Mestrado Profissional?<\/strong><\/h3>\n<p>Veja este <a href=\"https:\/\/www.capes.gov.br\/images\/stories\/download\/artigos\/Artigo_30_08_07.pdf\">documento da CAPES<\/a>.<\/p>\n<h3><\/h3>\n<p>&nbsp;<\/p>\n<h3><strong>Como \u00e9 o ingresso no ConstruInova?<\/strong><\/h3>\n<p>Atrav\u00e9s de <a href=\"http:\/\/sites.usp.br\/construinova\/processo-seletivo\/\">Processo Seletivo<\/a>, realizado uma vez por ano.<\/p>\n<h3><\/h3>\n<p>&nbsp;<\/p>\n<h3><strong>Quantas disciplinas preciso cursar?<\/strong><\/h3>\n<p>\u00c9 necess\u00e1rio cursar um total de 48 cr\u00e9ditos em disciplinas ao longo do curso, sendo que cada disciplina do Programa vale 8 cr\u00e9ditos. O(a) aluno(a) acessa o <a href=\"https:\/\/sites.usp.br\/construinova\/para-alunos\/disciplinas\/\">elenco de disciplinas<\/a> do ano e\u00a0seleciona as de seu interesse, sempre com a anu\u00eancia do(a) orientador(a). Alguns desses cr\u00e9ditos \u00a0podem ser obtidos atrav\u00e9s de publica\u00e7\u00f5es, o chamados <a href=\"http:\/\/sites.usp.br\/construinova\/pedido-de-creditos-especiais\/\">cr\u00e9ditos especiais<\/a>.<\/p>\n<p>&nbsp;<\/p>\n<h3><strong>Qual o prazo para finalizar o curso?<\/strong><\/h3>\n<p>O\u00a0prazo para dep\u00f3sito do trabalho de conclus\u00e3o \u00e9 de at\u00e9 30 (trinta) meses.<\/p>\n<h3><\/h3>\n<p>&nbsp;<\/p>\n<h3><strong>Qual o hor\u00e1rio das aulas?\u00a0 <\/strong><\/h3>\n<p>As aulas s\u00e3o presenciais, das 17h \u00e0s 20h, ministradas no edif\u00edcio da Engenharia Civil e Ambiental da Escola Polit\u00e9cnica, na Cidade Universit\u00e1ria (Capital).\u00a0Consulte o <a href=\"https:\/\/sites.usp.br\/construinova\/para-alunos\/disciplinas\/\">elenco de disciplinas<\/a> do ano.<\/p>\n<h3><\/h3>\n<p>&nbsp;<\/p>\n<h3><strong>Qual o valor do curso?<\/strong><\/h3>\n<p>O curso \u00e9 gratuito.<\/p>\n<h3><\/h3>\n<p>&nbsp;<\/p>\n<h3><strong>O ConstruInova oferece bolsas de pesquisa?<\/strong><\/h3>\n<p>O ConstruInova \u00e9 um mestrado profissional, portanto n\u00e3o oferece bolsas de fomento \u00e0 pesquisa.<\/p>\n<h3><\/h3>\n<p>&nbsp;<\/p>\n<h3><strong>N\u00e3o sou formado em engenharia. Posso cursar o mestrado do ConstruInova?<\/strong><\/h3>\n<p>Sim, \u00e9 poss\u00edvel cursar o mestrado sendo graduado em outras \u00e1reas.<\/p>\n<h3><\/h3>\n<p>&nbsp;<\/p>\n<h3><strong>Posso cursar o doutorado com o t\u00edtulo de Mestre Profissional do ConstruInova?<\/strong><\/h3>\n<p>Sim, o ConstruInova \u00e9 um curso stricto sensu, permitindo que seus mestres e mestras egressos cursem o doutorado.<\/p>\n<p>&nbsp;<\/p>\n<h3><strong>Quais s\u00e3o as linhas de pesquisa do ConstruInova?<\/strong><\/h3>\n<p>Consulte <a href=\"https:\/\/sites.usp.br\/construinova\/institucional\/linhas_pesquisa\/\">aqui<\/a> as linhas de pesquisa e os respectivos orientadores de cada \u00e1rea.<\/p>\n","protected":false},"excerpt":{"rendered":"<p>Quais as diferen\u00e7as entre o Mestrado Acad\u00eamico e o Mestrado Profissional? Veja este documento da [&hellip;]<\/p>\n","protected":false},"author":177,"featured_media":0,"parent":0,"menu_order":0,"comment_status":"closed","ping_status":"closed","template":"","meta":{"footnotes":"","_links_to":"","_links_to_target":""},"class_list":["post-361","page","type-page","status-publish","hentry"],"_links":{"self":[{"href":"https:\/\/sites.usp.br\/construinova\/wp-json\/wp\/v2\/pages\/361","targetHints":{"allow":["GET"]}}],"collection":[{"href":"https:\/\/sites.usp.br\/construinova\/wp-json\/wp\/v2\/pages"}],"about":[{"href":"https:\/\/sites.usp.br\/construinova\/wp-json\/wp\/v2\/types\/page"}],"author":[{"embeddable":true,"href":"https:\/\/sites.usp.br\/construinova\/wp-json\/wp\/v2\/users\/177"}],"replies":[{"embeddable":true,"href":"https:\/\/sites.usp.br\/construinova\/wp-json\/wp\/v2\/comments?post=361"}],"version-history":[{"count":6,"href":"https:\/\/sites.usp.br\/construinova\/wp-json\/wp\/v2\/pages\/361\/revisions"}],"predecessor-version":[{"id":3061,"href":"https:\/\/sites.usp.br\/construinova\/wp-json\/wp\/v2\/pages\/361\/revisions\/3061"}],"wp:attachment":[{"href":"https:\/\/sites.usp.br\/construinova\/wp-json\/wp\/v2\/media?parent=361"}],"curies":[{"name":"wp","href":"https:\/\/api.w.org\/{rel}","templated":true}]}}