{"id":369,"date":"2016-07-22T10:40:32","date_gmt":"2016-07-22T13:40:32","guid":{"rendered":"http:\/\/sites.usp.br\/construinova\/?page_id=369"},"modified":"2026-04-13T13:00:07","modified_gmt":"2026-04-13T16:00:07","slug":"processo-seletivo","status":"publish","type":"page","link":"https:\/\/sites.usp.br\/construinova\/processo-seletivo\/","title":{"rendered":"Processo Seletivo"},"content":{"rendered":"<h3><span style=\"color: #ff0000;\"><strong><br \/>\n<\/strong> <\/span><\/h3>\n<h2 style=\"text-align: center;\">Sele\u00e7\u00e3o de Mestrado 2026<\/h2>\n<h4><\/h4>\n<h4><\/h4>\n<h3 style=\"text-align: center;\"><strong>Processo Seletivo para o Mestrado Profissional em Inova\u00e7\u00e3o na Constru\u00e7\u00e3o Civil (ConstruInova) 2026<\/strong><\/h3>\n<p><strong><span style=\"color: #ff0000;\">** Acesse <a href=\"http:\/\/sites.usp.br\/construinova\/wp-content\/uploads\/sites\/97\/2026\/04\/Lista-de-classificados-na-prova-para-site.pdf\">aqui<\/a> a lista de candidatos e candidatas classificadas na prova escrita.<\/span><\/strong><\/p>\n<h4>* Acesse <a href=\"http:\/\/sites.usp.br\/construinova\/wp-content\/uploads\/sites\/97\/2026\/03\/Habilitados-para-a-prova-escrita-2026.pdf\">aqui <\/a>a lista de candidatos e candidatas com inscri\u00e7\u00e3o habilitada no processo seletivo do ConstruInova.<\/h4>\n<p><strong>Processo Seletivo para o Mestrado Profissional em Inova\u00e7\u00e3o na Constru\u00e7\u00e3o Civil (ConstruInova) 2026<\/strong><\/p>\n<p><strong>\u00a0<\/strong>A Escola Polit\u00e9cnica da Universidade de S\u00e3o Paulo torna p\u00fablico aos (\u00e0s) interessados (as) que ser\u00e3o abertas as inscri\u00e7\u00f5es para o processo seletivo de ingresso no Programa de Mestrado Profissional em Inova\u00e7\u00e3o na Constru\u00e7\u00e3o Civil (ConstruInova), para o ano de 2026. O presente edital contempla ampla concorr\u00eancia e pol\u00edticas de inclus\u00e3o por meio de a\u00e7\u00f5es afirmativas para Mestrado Profissional, e ter\u00e1 validade de um ano a partir da data de divulga\u00e7\u00e3o dos resultados.<\/p>\n<p>Os (As) candidatos (as) aprovados (as) devem declarar ci\u00eancia do Regimento da P\u00f3s-Gradua\u00e7\u00e3o da Universidade de S\u00e3o Paulo e dos Regulamentos da Comiss\u00e3o de P\u00f3s-Gradua\u00e7\u00e3o da Escola Polit\u00e9cnica e do Programa de Mestrado Profissional em Inova\u00e7\u00e3o na Constru\u00e7\u00e3o Civil.<\/p>\n<p>&nbsp;<\/p>\n<ol>\n<li><strong>Objetivos do Programa de P\u00f3s-Gradua\u00e7\u00e3o<\/strong><\/li>\n<\/ol>\n<p>O ConstruInova \u2013 Mestrado Profissional em Inova\u00e7\u00e3o na Constru\u00e7\u00e3o Civil vem preencher uma importante lacuna na forma\u00e7\u00e3o em p\u00f3s-gradua\u00e7\u00e3o voltada \u00e0 atua\u00e7\u00e3o no setor da Constru\u00e7\u00e3o Civil, oferecendo t\u00e9cnicas e instrumentos para a utiliza\u00e7\u00e3o aplicada dos conhecimentos acad\u00eamicos no exerc\u00edcio da inova\u00e7\u00e3o, em clara associa\u00e7\u00e3o com a experi\u00eancia profissional. Diante dos desafios tecnol\u00f3gicos e de gest\u00e3o que se apresentam, com este Programa busca-se formar lideran\u00e7as transformadoras, com vis\u00e3o sist\u00eamica dos processos, das oportunidades e das formas de supera\u00e7\u00e3o dos entraves pr\u00f3prios do setor.<\/p>\n<p>P\u00fablico-Alvo: Profissionais de alto n\u00edvel, atuantes em empresas p\u00fablicas e privadas e l\u00edderes pertencentes aos diversos segmentos da cadeia produtiva da Constru\u00e7\u00e3o Civil. O perfil ser\u00e1 composto por uma parcela de profissionais experientes e outra constitu\u00edda por jovens profissionais que demonstrem grande potencial de desenvolvimento e aplica\u00e7\u00e3o de solu\u00e7\u00f5es inovadoras em constru\u00e7\u00e3o civil.<\/p>\n<p>Perfil do Egresso: Profissionais capazes de planejar, desenvolver e implementar aplica\u00e7\u00f5es inovadoras dos conhecimentos cient\u00edficos, tecnol\u00f3gicos e de gest\u00e3o necess\u00e1rios \u00e0 melhoria do desempenho de empresas, produtos e processos do setor da Constru\u00e7\u00e3o Civil.<\/p>\n<p>O Programa de P\u00f3s-Gradua\u00e7\u00e3o compreende as seguintes linhas de pesquisa:<\/p>\n<ul>\n<li><em>Building Information Modeling (BIM) e Simula\u00e7\u00e3o Computacional;<\/em><\/li>\n<li><em>Desempenho, Tecnologia e Gest\u00e3o de Sistemas Prediais;<\/em><\/li>\n<li><em>Real Estate: Economia Setorial, Mercados e Infraestrutura Urbana;<\/em><\/li>\n<li><em>Tecnologia e Gest\u00e3o na Produ\u00e7\u00e3o e em Projetos;<\/em><\/li>\n<\/ul>\n<p><strong>2. Da inscri\u00e7\u00e3o<\/strong><\/p>\n<p>Para ter sua inscri\u00e7\u00e3o efetivada, o (a) candidato (a) dever\u00e1 preencher a ficha de inscri\u00e7\u00e3o e dever\u00e3o ser enviados os seguintes documentos, em formato PDF, para a secretaria do Programa, por meio do <a href=\"https:\/\/forms.gle\/K6y4ygq5ashe4Kr19\">formul\u00e1rio online<\/a> durante o per\u00edodo de inscri\u00e7\u00f5es especificado no item 6:<\/p>\n<p>a) Hist\u00f3rico escolar do curso de gradua\u00e7\u00e3o;<\/p>\n<p>b) Diploma de gradua\u00e7\u00e3o ou atestado de conclus\u00e3o de curso;<\/p>\n<p>c) Curr\u00edculo;<\/p>\n<p>d) Pr\u00e9-projeto de pesquisa (m\u00e1ximo duas p\u00e1ginas, constando objetivo, m\u00e9todo e resultados esperados), preferencialmente ligado \u00e0s suas atividades profissionais na empresa em que trabalha ou um problema efetivo desta empresa. Deve ser inclu\u00eddo, dentro dos resultados esperados, ao menos um produto t\u00e9cnico tecnol\u00f3gico (veja o anexo para maiores informa\u00e7\u00f5es) que nos permitir\u00e1 medir o impacto da sua pesquisa.<\/p>\n<p>e) Carta de recomenda\u00e7\u00e3o da empresa em que trabalha. Na aus\u00eancia de v\u00ednculo empregat\u00edcio, alternativamente, aceitar-se-\u00e1 carta de recomenda\u00e7\u00e3o de docente universit\u00e1rio (n\u00e3o disponibilizamos modelo de carta de recomenda\u00e7\u00e3o)<\/p>\n<p>f)\u00a0<a href=\"https:\/\/sites.usp.br\/construinova\/wp-content\/uploads\/sites\/97\/2024\/12\/Copia-de-Cadastros-PJ_PF_CLIENTE-SGC-20212.xlsx\">Formul\u00e1rio de pagamento da taxa de inscri\u00e7\u00e3o<\/a><\/p>\n<p>g) documento de identidade<\/p>\n<p>h) Comprovante de recolhimento da taxa de inscri\u00e7\u00e3o no valor de R$ 200,00 (duzentos reais) por meio de dep\u00f3sito simples na conta a seguir. <span style=\"color: #ff0000;\"><strong>N\u00e3o ser\u00e1 aceito pagamento por PIX.<\/strong><\/span><\/p>\n<p>Titular da conta: FDTE \u2013 Funda\u00e7\u00e3o para o Desenvolvimento Tecnol\u00f3gico da Engenharia<br \/>\nCNPJ: 43.588.755\/0001-61<br \/>\nBanco Ita\u00fa 341<br \/>\nAg\u00eancia 0393<br \/>\nC\/C 03346-9<\/p>\n<p>O pagamento dever\u00e1 ser realizado at\u00e9 a data limite de inscri\u00e7\u00e3o no processo seletivo.<\/p>\n<p>N\u00e3o haver\u00e1 devolu\u00e7\u00e3o da taxa de inscri\u00e7\u00e3o mesmo em caso de desist\u00eancia, reprova\u00e7\u00e3o, ou da n\u00e3o efetiva\u00e7\u00e3o da inscri\u00e7\u00e3o por apresenta\u00e7\u00e3o de documenta\u00e7\u00e3o incompleta ou ainda do n\u00e3o comparecimento para realiza\u00e7\u00e3o do processo seletivo.<\/p>\n<p>Os (As) candidatos (as) com a documenta\u00e7\u00e3o completa e inscri\u00e7\u00e3o deferida ter\u00e3o seus nomes divulgados na p\u00e1gina eletr\u00f4nica do Programa (www.construinova.poli.usp.br) at\u00e9 o dia 17 de mar\u00e7o de 2026 e estar\u00e3o automaticamente convocados a realizar as demais etapas do processo seletivo.<\/p>\n<p><strong>3. A\u00e7\u00f5es afirmativas<\/strong><\/p>\n<p>A pol\u00edtica de inclus\u00e3o por meio de a\u00e7\u00f5es afirmativas deste edital caracteriza-se por meio de b\u00f4nus atribu\u00edveis aos seguintes segmentos e requisitos na primeira fase do processo seletivo:<\/p>\n<p>3.1. pessoas negras, pretas e pardas, mediante autodeclara\u00e7\u00e3o, sendo considerado apenas o fen\u00f3tipo, exclu\u00eddos crit\u00e9rios de gen\u00e9tica e ascend\u00eancia.<\/p>\n<p>3.2. pessoas ind\u00edgenas, mediante autodeclara\u00e7\u00e3o e apresenta\u00e7\u00e3o de fotoc\u00f3pia do Registro Administrativo de Nascimento de Ind\u00edgena (RANI), ou declara\u00e7\u00e3o de lideran\u00e7a da Comunidade Ind\u00edgena sobre a condi\u00e7\u00e3o \u00e9tnica da pessoa ingressante, com n\u00famero de identidade, endere\u00e7o e telefone de contato.<\/p>\n<p>3.3. quilombolas, mediante: a) c\u00f3pia da declara\u00e7\u00e3o original expedida pela Funda\u00e7\u00e3o Cultural Palmares na qual conste o reconhecimento oficial do quilombo ao qual o candidato perten\u00e7a; ou b) declara\u00e7\u00e3o original da comunidade quilombola, emitida no ano vigente, com a assinatura de duas lideran\u00e7as. Para os quilombos em processo de reconhecimento pela Funda\u00e7\u00e3o Cultural Palmares, ser\u00e1 aceito um documento que comprove a abertura de processo de reconhecimento nesta Funda\u00e7\u00e3o.<\/p>\n<p>3.4. pessoas com defici\u00eancia: a) Laudo m\u00e9dico (via original com no m\u00e1ximo um ano de emiss\u00e3o) que contenha: parecer descritivo elaborado pelo m\u00e9dico, em receitu\u00e1rio pr\u00f3prio; o c\u00f3digo da defici\u00eancia nos termos da Classifica\u00e7\u00e3o Internacional de Doen\u00e7as CID; a categoria de defici\u00eancia classificada segundo o artigo 5o, \u00a7 1o do Decreto no 3.298, de 20 de dezembro de 1999, alterado pelo Decreto no 5.296, de 2 de dezembro de 2004, ou que atenda a S\u00famula 377 do Superior Tribunal de Justi\u00e7a ou b) Laudo com a avalia\u00e7\u00e3o da defici\u00eancia de maneira biopsicossocial conforme a Lei No 13.146, de 6 de julho de 2015.<\/p>\n<p>3.5. pessoas transidentit\u00e1rias (travestis, transexuais e transg\u00eaneres), mediante autodeclara\u00e7\u00e3o.<\/p>\n<p>[Par\u00e1grafo \u00fanico] A confirma\u00e7\u00e3o da autodeclara\u00e7\u00e3o, entregue no ato da inscri\u00e7\u00e3o do Processo Seletivo, ser\u00e1 realizada pela pr\u00f3pria banca do processo seletivo.<\/p>\n<ol start=\"4\">\n<li><strong>Das vagas e sele\u00e7\u00e3o<\/strong><\/li>\n<\/ol>\n<p>Neste processo seletivo ser\u00e3o oferecidas 25 vagas, distribu\u00eddas nas linhas do programa de acordo com a disponibilidade de orientadores, n\u00e3o sendo obrigat\u00f3rio o preenchimento total destas vagas.<\/p>\n<p>A sele\u00e7\u00e3o ser\u00e1 realizada em duas etapas, fundamentada nos seguintes elementos de avalia\u00e7\u00e3o:<\/p>\n<ol>\n<li><strong>Etapa 1<\/strong>: Prova escrita de conhecimentos<\/li>\n<\/ol>\n<p>Eliminat\u00f3ria, com nota m\u00ednima 7,0 (sete) e com peso de cinquenta por cento (50%) da m\u00e9dia final. Para os (as) candidatos (as) considerados (as) por meio de a\u00e7\u00f5es afirmativas, ser\u00e1 atribu\u00eddo um b\u00f4nus de 1 ponto a mais \u00e0 nota obtida na prova escrita.<\/p>\n<p>a.1) O exame consistir\u00e1 em respostas dissertativas a quest\u00f5es sobre temas relativos aos eixos de pesquisa do Programa, que constam em sua p\u00e1gina eletr\u00f4nica. O (A) candidato (a) ser\u00e1 avaliado (a) pela capacidade de versar sobre conceitos das \u00e1reas espec\u00edficas, assim como pela qualidade de seu texto. A <a href=\"https:\/\/sites.usp.br\/construinova\/ingresso\/bibliografia\/\">bibliografia recomendada<\/a> ser\u00e1 disponibilizada na p\u00e1gina eletr\u00f4nica do Programa at\u00e9 a data de abertura das inscri\u00e7\u00f5es.<\/p>\n<p>a.2) A prova ser\u00e1 realizada remotamente, pela internet. O (A) candidato (a) dever\u00e1 acessar a plataforma virtual que ser\u00e1 indicada pelo Programa, com login e senha a serem previamente informados, responder as quest\u00f5es propostas e subir os arquivos de respostas para ent\u00e3o finalizar o envio da prova.<\/p>\n<p>a.3) A corre\u00e7\u00e3o das provas \u00e9 feita com anonimato do(a) candidato(a), n\u00e3o devendo constar nas folhas de resposta o nome da(o) candidata(o).<\/p>\n<p>a.4) Os(As) candidatos(as) aprovados(as) na Etapa 1 ter\u00e3o seus nomes publicados no site do programa, e estar\u00e3o automaticamente convocados(as) para a Etapa 2.<\/p>\n<ol>\n<li><strong>Etapa 2<\/strong>: Os(As) candidatos(as) aprovados(as) na Etapa 1 ser\u00e3o avaliados segundo outros quesitos descritos a seguir.<\/li>\n<\/ol>\n<p>b.1) An\u00e1lise de curr\u00edculo \u2013 verifica\u00e7\u00e3o se o curr\u00edculo profissional do(a) candidato(a) \u00e9 compat\u00edvel com as exig\u00eancias de forma\u00e7\u00e3o e conhecimentos b\u00e1sicos do Programa;<\/p>\n<p>b.2) An\u00e1lise do pr\u00e9-projeto \u2013 avalia\u00e7\u00e3o da proposta preliminar de pesquisa do(a) candidato(a) no que tange \u00e0 sua correspond\u00eancia com os projetos e linhas de pesquisa do Programa;<\/p>\n<p>b.3) Avalia\u00e7\u00e3o de argui\u00e7\u00e3o oral \u2013 argui\u00e7\u00e3o dos(as) candidatos(as) relativa \u00e0s quest\u00f5es respondidas na prova escrita, ao pr\u00e9-projeto de pesquisa e \u00e0 sua experi\u00eancia profissional;<\/p>\n<p>Os quesitos b.1, b.2, b.3 t\u00eam um peso conjunto de cinquenta por cento (50%) da m\u00e9dia final. Para os (as) candidatos (as) considerados (as) por meio de a\u00e7\u00f5es afirmativas, ser\u00e1 atribu\u00eddo um b\u00f4nus de 1 ponto \u00e0 m\u00e9dia da Etapa 2.<\/p>\n<p>A m\u00e9dia final m\u00ednima para aprova\u00e7\u00e3o \u00e9 7,0 (sete).<\/p>\n<p>Os(As) candidatos(as) com as maiores notas por linha de pesquisa, e considerando o n\u00famero de vagas, ser\u00e3o os(as) aprovados(as). Os(as) candidatos(as) aprovados(as) no processo seletivo ter\u00e3o seus nomes divulgados em lista de aprovados a ser disponibilizada na p\u00e1gina eletr\u00f4nica do Programa (http:\/\/www.construinova.poli.usp.br) no dia 14 de abril de 2026.<\/p>\n<p>Pedidos de revis\u00e3o de notas, devidamente fundamentados, ser\u00e3o recebidos na Secretaria do Programa at\u00e9 30 de abril de 2026.<\/p>\n<p><strong>5. Da matr\u00edcula<\/strong><\/p>\n<p>Os(as) candidatos(as) aprovados(as) dever\u00e3o preencher as informa\u00e7\u00f5es solicitadas no \u00a0<a href=\"https:\/\/forms.gle\/3aQmcVVRpF1LJpT29\">formul\u00e1rio online<\/a>, atrav\u00e9s do qual tamb\u00e9m dever\u00e3o carregar os documentos escaneados listados abaixo, at\u00e9 13 de maio de 2026, para realizar a matr\u00edcula. Para a entrega eletr\u00f4nica, n\u00e3o \u00e9 necess\u00e1rio que os documentos sejam autenticados, mas para a regulariza\u00e7\u00e3o da matr\u00edcula, c\u00f3pias autenticadas conforme indicado dever\u00e3o ser entregues posteriormente na Secretaria do Departamento de Engenharia de Constru\u00e7\u00e3o Civil.<\/p>\n<p>Os documentos exigidos para matr\u00edcula como aluno regular s\u00e3o:<\/p>\n<p>a) C\u00f3pia simples do hist\u00f3rico escolar de Gradua\u00e7\u00e3o;<\/p>\n<p>b) C\u00f3pia autenticada do diploma de Gradua\u00e7\u00e3o;<\/p>\n<p>c) C\u00f3pia autenticada do RG e CPF (ou c\u00f3pia do RNE \u2013 Registro Nacional de Estrangeiros);<\/p>\n<p>d) 1 foto, formato 3\u00d74;<\/p>\n<p>e) <a href=\"https:\/\/sites.usp.br\/construinova\/wp-content\/uploads\/sites\/97\/2023\/05\/requerimento_matricula.doc\">Requerimento de matr\u00edcula;<\/a><\/p>\n<p>f) C\u00f3pia do Curr\u00edculo Lattes atualizado, cadastrado na plataforma CNPq;<\/p>\n<p>g) Plano de Pesquisa aprovado por um orientador credenciado no Programa;<\/p>\n<p>h) Certificado de aprova\u00e7\u00e3o em um dos seguintes exames de l\u00edngua inglesa, dentro da validade estabelecida pelas institui\u00e7\u00f5es que os emitem:<\/p>\n<ul>\n<li><em>Test of English as Foreign Language \u2013 TOEFL, <\/em>com pontua\u00e7\u00e3o m\u00ednima de 460 pontos para TOEFL ITP. Para o <em>Internet<\/em><em>\u2010based<\/em><em>\u2010Test <\/em>\u2013 <em>IBT <\/em>a pontua\u00e7\u00e3o m\u00ednima exigida \u00e9 de 42 pontos;<\/li>\n<li><em>International English Language Testing System<\/em> <em>\u2013 IELTS<\/em>, com pontua\u00e7\u00e3o m\u00ednima de 4 pontos (academic ou general);<\/li>\n<li><em>Certificate in Advanced English <\/em>\u2013 CAE ou <em>Certificate of Proficiency in English <\/em>\u2013 CPE (University of Cambridge);<\/li>\n<li><em>International Test of English Proficiency \u2013 iTEP Academic Plus, com pontua\u00e7\u00e3o m\u00ednima de 2,5 pontos <\/em><\/li>\n<li>Certificado de Profici\u00eancia em Ingl\u00eas do Centro Interdepartamental de L\u00ednguas da Faculdade de Filosofia, Letras e Ci\u00eancias Humanas da Universidade de S\u00e3o Paulo: nota m\u00ednima de 7,0 (sete), v\u00e1lido para o Programa de P\u00f3s-Gradua\u00e7\u00e3o em Engenharia Civil da Escola Polit\u00e9cnica, com validade de at\u00e9 dois anos.<\/li>\n<\/ul>\n<p>Ser\u00e3o aceitas as vers\u00f5es \u201cHome Edition\u201d dos certificados acima, quando houver.<\/p>\n<p>i) <a href=\"https:\/\/sites.usp.br\/construinova\/wp-content\/uploads\/sites\/97\/2023\/05\/Anuencia-de-orientador-para-regularizacao-de-matricula.docx\">Anu\u00eancia do orientador para regulariza\u00e7\u00e3o de matr\u00edcula<\/a><\/p>\n<p>Os(As) estudantes estrangeiros(as) somente poder\u00e3o ser matriculados(as) mediante apresenta\u00e7\u00e3o do visto tempor\u00e1rio,\u00a0que ser\u00e1 v\u00e1lido por,\u00a0no m\u00e1ximo, 60 dias. Ap\u00f3s tal prazo, se n\u00e3o for cadastrado o n\u00famero do RNE, o(a) aluno(a) ser\u00e1\u00a0automaticamente desligado(a) pelo sistema.<\/p>\n<p>Alunos(as) aprovados(as) no processo seletivo que n\u00e3o apresentarem toda a documenta\u00e7\u00e3o exigida acima para matr\u00edcula como aluno(a) regular poder\u00e3o ser matriculados(as) como alunos(as) especiais, durante o prazo de vig\u00eancia da validade deste edital.<\/p>\n<p><strong>\u00a06. <\/strong><strong>Do calend\u00e1rio de sele\u00e7\u00e3o<\/strong><\/p>\n<p>Per\u00edodo de inscri\u00e7\u00f5es: <strong>15\/12\/2025 a 01\/03\/2026<\/strong><\/p>\n<p>An\u00e1lise da documenta\u00e7\u00e3o e convoca\u00e7\u00e3o para a prova (Etapa 1):<strong> 02\/03 a 17\/03\/2026<\/strong><\/p>\n<p>Prova: <strong>24\/03\/2026, das 09h \u00e0s 12h<\/strong><\/p>\n<p>Publica\u00e7\u00e3o dos classificados para a Etapa 2: <strong>01\/04\/2026<\/strong><\/p>\n<p>Exame de argui\u00e7\u00e3o oral: <strong>07 e 08\/04\/2026<\/strong><\/p>\n<p>Comunica\u00e7\u00e3o dos resultados: <strong>14\/04\/2026<\/strong><\/p>\n<p>Matr\u00edcula dos ingressantes: <strong>12 e 13\/05\/2026<\/strong><\/p>\n<p>In\u00edcio das aulas: <strong>08\/06\/2026<\/strong><\/p>\n<p>ANEXO: Produtos T\u00e9cnico-Tecnol\u00f3gicos (\u00c1rea CAPES: Engenharias I)<\/p>\n<p>Ser\u00e3o considerados os seguintes Produtos:<\/p>\n<ul>\n<li>Produto bibliogr\u00e1fico: artigo publicado em revista t\u00e9cnica ou de divulga\u00e7\u00e3o;<\/li>\n<li>Ativos de Propriedade Intelectual: Patente depositada, concedida ou licenciada; Desenho Industrial;<\/li>\n<li>Tecnologia social;<\/li>\n<li>Software \/ Aplicativo (programa de computador);<\/li>\n<li>Norma ou Marco regulat\u00f3rias;<\/li>\n<li>Relat\u00f3rio t\u00e9cnico conclusivo: relat\u00f3rio t\u00e9cnico conclusivo per se, processos de gest\u00e3o elaborado, pesquisa de mercado elaborado, \u201csimula\u00e7\u00f5es, cenariza\u00e7\u00e3o e jogos aplicados\u201d, valora\u00e7\u00e3o de tecnologia elaborado, modelo de neg\u00f3cio inovador elaborado, ferramenta gerencial elaborada, \u201cpareceres e\/ou notas t\u00e9cnicas sobre vig\u00eancia, aplica\u00e7\u00e3o ou interpreta\u00e7\u00e3o de normas elaborados\u201d;<\/li>\n<li>Manual\/Protocolo;<\/li>\n<li>Base de dados t\u00e9cnico-cient\u00edfica;<\/li>\n<li>Processo\/Tecnologia e Produto\/Material n\u00e3o patente\u00e1vel<\/li>\n<\/ul>\n<p>&nbsp;<\/p>\n<h3><span style=\"color: #ff9900;\">D\u00favidas sobre o funcionamento do curso? Veja as principais informa\u00e7\u00f5es <a href=\"https:\/\/sites.usp.br\/construinova\/faq\/\">aqui<\/a>.<\/span><\/h3>\n<p>&nbsp;<\/p>\n<p><a href=\"https:\/\/forms.gle\/2offTfg6bUifqjhU6\"><img loading=\"lazy\" decoding=\"async\" class=\"alignnone wp-image-1076 size-full\" src=\"https:\/\/sites.usp.br\/construinova\/wp-content\/uploads\/sites\/97\/2017\/11\/botao_inscricao.png\" alt=\"\" width=\"271\" height=\"127\" srcset=\"https:\/\/sites.usp.br\/construinova\/wp-content\/uploads\/sites\/97\/2017\/11\/botao_inscricao.png 271w, https:\/\/sites.usp.br\/construinova\/wp-content\/uploads\/sites\/97\/2017\/11\/botao_inscricao-220x102.png 220w\" sizes=\"auto, (max-width: 271px) 100vw, 271px\" \/><\/a><\/p>\n<p>Veja no link abaixo a publica\u00e7\u00e3o do edital no di\u00e1rio oficial.<\/p>\n<p>https:\/\/doe.sp.gov.br\/executivo\/universidade-de-sao-paulo\/edital-n-02-de-24-de-novembro-de-2025-2025112413412961482511<\/p>\n<p>&nbsp;<\/p>\n","protected":false},"excerpt":{"rendered":"<p>Sele\u00e7\u00e3o de Mestrado 2026 Processo Seletivo para o Mestrado Profissional em Inova\u00e7\u00e3o na Constru\u00e7\u00e3o Civil [&hellip;]<\/p>\n","protected":false},"author":177,"featured_media":0,"parent":0,"menu_order":0,"comment_status":"closed","ping_status":"closed","template":"","meta":{"footnotes":"","_links_to":"","_links_to_target":""},"class_list":["post-369","page","type-page","status-publish","hentry"],"_links":{"self":[{"href":"https:\/\/sites.usp.br\/construinova\/wp-json\/wp\/v2\/pages\/369","targetHints":{"allow":["GET"]}}],"collection":[{"href":"https:\/\/sites.usp.br\/construinova\/wp-json\/wp\/v2\/pages"}],"about":[{"href":"https:\/\/sites.usp.br\/construinova\/wp-json\/wp\/v2\/types\/page"}],"author":[{"embeddable":true,"href":"https:\/\/sites.usp.br\/construinova\/wp-json\/wp\/v2\/users\/177"}],"replies":[{"embeddable":true,"href":"https:\/\/sites.usp.br\/construinova\/wp-json\/wp\/v2\/comments?post=369"}],"version-history":[{"count":5,"href":"https:\/\/sites.usp.br\/construinova\/wp-json\/wp\/v2\/pages\/369\/revisions"}],"predecessor-version":[{"id":3210,"href":"https:\/\/sites.usp.br\/construinova\/wp-json\/wp\/v2\/pages\/369\/revisions\/3210"}],"wp:attachment":[{"href":"https:\/\/sites.usp.br\/construinova\/wp-json\/wp\/v2\/media?parent=369"}],"curies":[{"name":"wp","href":"https:\/\/api.w.org\/{rel}","templated":true}]}}