{"id":385,"date":"2016-07-22T17:09:18","date_gmt":"2016-07-22T20:09:18","guid":{"rendered":"http:\/\/sites.usp.br\/construinova\/?page_id=385"},"modified":"2025-07-31T10:58:54","modified_gmt":"2025-07-31T13:58:54","slug":"laboratorios","status":"publish","type":"page","link":"https:\/\/sites.usp.br\/construinova\/laboratorios\/","title":{"rendered":"Laborat\u00f3rios"},"content":{"rendered":"<p>O programa conta com estrutura laboratorial de amplo espectro de abrang\u00eancia, nas suas diferentes sub\u00e1reas. A atua\u00e7\u00e3o desses laborat\u00f3rios est\u00e1 em sintonia com o desenvolvimento das atividades-fim da USP, ou seja, ensino de gradua\u00e7\u00e3o e p\u00f3s-gradua\u00e7\u00e3o, pesquisa e presta\u00e7\u00e3o de servi\u00e7os \u00e0 Comunidade. Os laborat\u00f3rios assumem o papel de centros catalisadores, aglutinando os recursos humanos do Departamento, tanto docentes, quanto t\u00e9cnicos e discentes, possibilitando a realiza\u00e7\u00e3o de projetos interdisciplinares. A grande maioria das teses, disserta\u00e7\u00f5es, trabalhos de formatura de gradua\u00e7\u00e3o e Inicia\u00e7\u00e3o Cient\u00edfica \u00e9 desenvolvida com a utiliza\u00e7\u00e3o dessa infra-estrutura.<\/p>\n<p>Boa parte dos laborat\u00f3rios tem car\u00e1ter multi-usu\u00e1rios, sendo utilizados por qualquer integrante do Programa, bem como de outros programas de p\u00f3s-gradua\u00e7\u00e3o do pa\u00eds, gerando cada vez mais a\u00e7\u00f5es e projetos multidisciplinares. Al\u00e9m da estrutura mantida diretamente pelo Programa, est\u00e1 tamb\u00e9m dispon\u00edvel a mais completa estrutura laboratorial da Am\u00e9rica do Sul reunida nas diversas unidades da USP, IPT, IPEN, ABCP, CTH e CIRRA, que cobrem virtualmente todas as \u00e1reas de conhecimento da Engenharia Civil e da Engenharia Ambiental.<\/p>\n<p>Est\u00e3o dispon\u00edveis e s\u00e3o utilizados rotineiramente equipamentos como microsc\u00f3pios eletr\u00f4nicos de varredura (um deles capaz de operar no modo ambiental com GEG foi adquirido em cons\u00f3rcio com dois outros programas), difra\u00e7\u00e3o de raios X (inclusive de amostras em hidrata\u00e7\u00e3o, diferentes temperaturas e com alta velocidade), BETs, fluoresc\u00eancia de raios X, granul\u00f4metros laser, re\u00f4metros de pasta e de concreto (projetado e constru\u00eddo pela equipe do programa), equipamentos para an\u00e1lises din\u00e2micas, espectrofot\u00f4metros ao infravermelho, radar meteorol\u00f3gico, canal de ondas rand\u00f4micas, simula\u00e7\u00e3o anal\u00f3gica de manobras e amarra\u00e7\u00e3o de navios, cromat\u00f3grafo a g\u00e1s, medidor de carbono org\u00e2nico total, espectrofot\u00f4metro computadorizado e incubadora de foto-per\u00edodo, nanofiltra\u00e7\u00e3o osmose reversa, dentre outros.<\/p>\n<p>Os professores do Programa possuem elevada intera\u00e7\u00e3o com o setor produtivo, que se manifesta em v\u00e1rios conv\u00eanios de pesquisa com longa dura\u00e7\u00e3o, financiados com recursos de empresas privadas atra\u00eddas pela capacita\u00e7\u00e3o pessoal e laboratorial existente, beneficiando o Programa. Integrantes que fazem parte destes conv\u00eanios desenvolvem projetos dentro de uma equipe multi-institucional e multi-disciplinar, contam com recursos laboratoriais e financeiros adequados e incorporam a cultura e t\u00e9cnicas de intera\u00e7\u00e3o com o setor produtivo por meio de projetos de pesquisa, e n\u00e3o apenas simples consultorias t\u00e9cnicas.<\/p>\n<p>A seguir, s\u00e3o discriminados os diversos laborat\u00f3rios do Programa.<\/p>\n<p><strong>&#8211; Laborat\u00f3rio de Materiais e Componentes \u2013 LABMAT<\/strong><\/p>\n<p>O Laborat\u00f3rio de Ensaios em Materiais e Componentes de Constru\u00e7\u00e3o Civil est\u00e1 capacitado para o preparo e ensaio da maioria dos materiais e componentes da Constru\u00e7\u00e3o Civil, tais como aglomerantes hidr\u00e1ulicos e a\u00e9reos, pastas, aglomerantes org\u00e2nicos, agregados, argamassas para v\u00e1rias finalidades, concretos em geral, blocos, artefatos, pr\u00e9-moldados e componentes para pisos, veda\u00e7\u00f5es, fachadas e coberturas. A sala de prensas universais possui tr\u00eas prensas com capacidade de 200, 60 e 50 toneladas, com controle de velocidade, carregamento e deforma\u00e7\u00e3o. As salas de mistura disp\u00f5em de betoneiras e argamassadeiras de v\u00e1rios tipos e capacidades, desde as tradicionais de eixo inclinado, at\u00e9 as de eixo vertical sistema contra corrente.<\/p>\n<p><strong>&#8211; Laborat\u00f3rio de Corros\u00e3o de Armaduras \u2013 LABCORR<\/strong><\/p>\n<p>O Laborat\u00f3rio de Corros\u00e3o de Armaduras da Escola Polit\u00e9cnica \u00e9 o mais completo do pa\u00eds. Equipado principalmente com recursos do Projeto Tem\u00e1tico da FAPESP que teve in\u00edcio em 1993 e foi renovado em 2004, o laborat\u00f3rio conta com equipamentos que totalizam mais de US$ 350.000,00, como: potenciostatos, c\u00e2mara de carbonata\u00e7\u00e3o, n\u00e9voa salina e equipamentos port\u00e1teis para determina\u00e7\u00e3o &#8220;in situ&#8221; da corros\u00e3o em estruturas de concreto, possibilitando estimar seu grau de deteriora\u00e7\u00e3o. Esse Laborat\u00f3rio d\u00e1 suporte ao maior grupo nacional de pesquisa sobre o tema de corros\u00e3o e reparo de armaduras para concreto armado, visando o desenvolvimento de um equipamento que ser\u00e1 objeto de patente, utilizado para determinar a taxa de corros\u00e3o do a\u00e7o no interior do concreto.<\/p>\n<p><strong>&#8211; Laborat\u00f3rio de Tecnologia e Gest\u00e3o da Produ\u00e7\u00e3o \u2013 LTGP<\/strong><\/p>\n<p>Este Laborat\u00f3rio possui os equipamentos e instrumentos necess\u00e1rios para o desenvolvimento dos programas experimentais ligados ao desenvolvimento tecnol\u00f3gico dos m\u00e9todos, processos e sistemas construtivos. Sua infra-estrutura permite a realiza\u00e7\u00e3o de diversos tipos de ensaios para a avalia\u00e7\u00e3o do desempenho de materiais, componentes e elementos construtivos, inclusive com sua realiza\u00e7\u00e3o em corpos de prova de grandes dimens\u00f5es como, por exemplo:<\/p>\n<p>&#8211; Ensaio de compress\u00e3o de paredes em escala natural (1,20&#215;2,80 m<sup>2<\/sup>);<\/p>\n<p>&#8211; Ensaio de cisalhamento em paredes em escala natural (1,50&#215;1,50 m<sup>2<\/sup>);<\/p>\n<p>&#8211; Ensaio para avalia\u00e7\u00e3o da capacidade de absorver deforma\u00e7\u00f5es em pain\u00e9is de alvenaria de grandes dimens\u00f5es (1,80 x 2,80 m<sup>2<\/sup>).<\/p>\n<p>Permite, ainda, a aplica\u00e7\u00e3o, em ambiente controlado, das t\u00e9cnicas e m\u00e9todos construtivos, frequentemente utilizados nos canteiros de obras, com objetivo de an\u00e1lise e desenvolvimento de alternativas, visando incrementar a qualidade e produtividade destas t\u00e9cnicas.<\/p>\n<p>Est\u00e1 tamb\u00e9m equipado com dispositivos que permitem a coleta de dados referentes a t\u00e9cnicas e m\u00e9todos de produ\u00e7\u00e3o dos edif\u00edcios em campo, nos canteiros de obras de empresas construtoras atuantes no mercado, bem como o desenvolvimento de sistemas de controle da qualidade de produ\u00e7\u00e3o desses servi\u00e7os e, de maneira geral, a implanta\u00e7\u00e3o de novas tecnologias em canteiros de obra.<\/p>\n<p><strong>&#8211; Laborat\u00f3rio de Sistemas Prediais \u2013 LSP<\/strong><\/p>\n<p>Este laborat\u00f3rio, que conta com \u00e1rea de 400 m<sup>2<\/sup>, est\u00e1 capacitado a executar tanto ensaios horizontais, como ensaios verticais &#8211; Torre de ensaios com cinco pavimentos, \u00fanica no pa\u00eds com esta finalidade -, propiciando a realiza\u00e7\u00e3o de pesquisas sobre sistemas hidr\u00e1ulicos de abastecimento e distribui\u00e7\u00e3o de \u00e1gua fria e quente, esgoto, \u00e1guas pluviais, energia el\u00e9trica, ventila\u00e7\u00e3o, ar condicionado, inc\u00eandio, g\u00e1s combust\u00edvel, transporte, conserva\u00e7\u00e3o de energia em edif\u00edcios e automa\u00e7\u00e3o predial.<\/p>\n<p>Possui um sistema moderno de aquisi\u00e7\u00e3o de dados e controle, distribu\u00eddo por todo o laborat\u00f3rio, gerenciado por microcomputador, equipamento de gest\u00e3o de rede e controladores, com capacidade de leitura de 30 vari\u00e1veis anal\u00f3gicas a cada minuto, podendo ser expandido para 300 vari\u00e1veis.<\/p>\n<p>Possui uma oficina com torno, m\u00e1quinas de corte, solda e um conjunto bastante completo de ferramentas. Sensores, instrumenta\u00e7\u00e3o e novos m\u00f3dulos de coleta de dados foram adquiridos, possibilitando a cria\u00e7\u00e3o de novos campos de pesquisas.<\/p>\n<p><strong>&#8211; Laborat\u00f3rio de Suporte ao Projeto \u2013 LABCAD<\/strong><\/p>\n<p>Os pesquisadores do LABCAD concentram suas \u00e1reas de atua\u00e7\u00e3o em linhas de pesquisa que t\u00eam por objetivo estudar a aplica\u00e7\u00e3o de modelos matem\u00e1ticos computacionais no projeto de sistemas de Engenharia, visando \u00e0 otimiza\u00e7\u00e3o de recursos, melhoria do desempenho e aumento da confiabilidade. Preocupam-se tamb\u00e9m com as aplica\u00e7\u00f5es da tecnologia gr\u00e1fica na atividade do projeto.<\/p>\n<p>Para isso contam com diversos computadores compat\u00edveis com o ambiente Windows, um computador compat\u00edvel com o sistema operacional MAC-OS, o Power Computing Tower 200 para desenvolvimento de pesquisa em confiabilidade matem\u00e1tica aplicada ao projeto, uma m\u00e1quina de comando num\u00e9rico da Roland Digital Group e uma sala did\u00e1tica equipada com esta\u00e7\u00f5es gr\u00e1ficas compat\u00edveis com o sistema operacional Unix, al\u00e9m de scanner 3-D e mesas digitalizadoras. Disp\u00f5e ainda de um cluster de computadores com 12 processadores para desenvolvimento de estudos CFD (Computer Fluid Dynamics) em \u00e1reas como de conforto t\u00e9rmico de ambientes ventilados.<\/p>\n<p>&nbsp;<\/p>\n<p><strong><u>Biblioteca<\/u><\/strong><\/p>\n<p>O Servi\u00e7o de Bibliotecas da Escola Polit\u00e9cnica \u00e9 uma das maiores unidades prestadoras de servi\u00e7os de informa\u00e7\u00e3o do Conjunto de Base do Sistema Integrado de Bibliotecas da USP &#8211; SIBI-USP (<a href=\"http:\/\/www.usp.br\/sibi\">www.usp.br\/sibi<\/a>). Comp\u00f5e-se da Biblioteca Central e de 8 bibliotecas descentralizadas (<a href=\"http:\/\/www.poli.usp.br\/Bibliotecas\">www.poli.usp.br\/Bibliotecas<\/a>), entre as quais a Biblioteca de Engenharia Civil. O acervo da Biblioteca da Engenharia Civil compreende cerca de 17.000 livros, 96.000 fasc\u00edculos de peri\u00f3dicos, 4.500 teses e disserta\u00e7\u00f5es, al\u00e9m de recursos multimeios e outros. Os pesquisadores do Programa t\u00eam ainda f\u00e1cil acesso ao acervo das demais bibliotecas da Escola Polit\u00e9cnica, composto por cerca de 94.000 livros, 100.000 fasc\u00edculos de peri\u00f3dicos, 20.000 teses e disserta\u00e7\u00f5es. O Servi\u00e7o de Bibliotecas da Escola Polit\u00e9cnica da USP mant\u00e9m assinaturas de mais de 1000 peri\u00f3dicos impressos e 600 em meio eletr\u00f4nico, incluindo todos os principais peri\u00f3dicos da \u00e1rea de Engenharia Civil (226 t\u00edtulos correntes e 533 cole\u00e7\u00f5es). Pedidos de compra de livros nacionais e estrangeiros v\u00eam sendo prontamente atendidos. Diversos bancos de dados bibliogr\u00e1ficos em CD-ROM est\u00e3o dispon\u00edveis para consulta dos usu\u00e1rios. Entre as principais bases dispon\u00edveis est\u00e3o Compendex\/EV-2, Computer DataBase\/IAC, Dissertation Abstracts, Derwent (patentes), ERL-WebSpirs, ISSN on line, Journal of Citation Reports, MathSciNet, Metadex e Web of Sciece.O Servi\u00e7o de Bibliotecas mant\u00e9m um conv\u00eanio com a British Library que permite que uma c\u00f3pia de qualquer documento do acervo daquela biblioteca seja colocada \u00e0 disposi\u00e7\u00e3o do consulente em menos do que 48 horas.Outros conv\u00eanios s\u00e3o mantidos com a NACO\/Library of Congress, ISTEC, University of California, CEPAL\/UN, WorldCat. Conv\u00eanios Nacionais s\u00e3o mantidos com IB\/CT, CCN, COMUT, Rede Antares e Teses Brasileiras, REBAE e Biblioteca Nacional. O acervo \u00e9 atual e informatizado e bibliotec\u00e1rias altamente qualificadas auxiliam os consulentes nas suas pesquisas bibliogr\u00e1ficas e na obten\u00e7\u00e3o de artigos (inclusive via Internet, por interm\u00e9dio dos m\u00faltiplos sistemas &#8220;on-line&#8221; disponibilizados pela FAPESP, tais como o PROBE e SCIELO, ou por empr\u00e9stimo interbibliotecas). O cat\u00e1logo do acervo do sistema de bibliotecas da Escola Polit\u00e9cnica \u00e9 acess\u00edvel tamb\u00e9m atrav\u00e9s da Intranet da Escola Polit\u00e9cnica e da Internet (sistema Dedalus &#8211; <a href=\"http:\/\/www.poli.usp.br\/Bibliotecas\">www.poli.usp.br\/Bibliotecas<\/a>). Anualmente, no in\u00edcio do per\u00edodo letivo, \u00e9 programada uma palestra da equipe de bibliotec\u00e1rias da Engenharia Civil para os alunos da P\u00f3s-gradua\u00e7\u00e3o, de modo a familiariz\u00e1-los com todas as facilidades oferecidas pelo Sistema Integrado de Bibliotecas da USP.<\/p>\n<p>&nbsp;<\/p>\n<p>&nbsp;<\/p>\n","protected":false},"excerpt":{"rendered":"<p>O programa conta com estrutura laboratorial de amplo espectro de abrang\u00eancia, nas suas diferentes sub\u00e1reas. [&hellip;]<\/p>\n","protected":false},"author":177,"featured_media":0,"parent":0,"menu_order":0,"comment_status":"closed","ping_status":"closed","template":"","meta":{"footnotes":"","_links_to":"","_links_to_target":""},"class_list":["post-385","page","type-page","status-publish","hentry"],"_links":{"self":[{"href":"https:\/\/sites.usp.br\/construinova\/wp-json\/wp\/v2\/pages\/385","targetHints":{"allow":["GET"]}}],"collection":[{"href":"https:\/\/sites.usp.br\/construinova\/wp-json\/wp\/v2\/pages"}],"about":[{"href":"https:\/\/sites.usp.br\/construinova\/wp-json\/wp\/v2\/types\/page"}],"author":[{"embeddable":true,"href":"https:\/\/sites.usp.br\/construinova\/wp-json\/wp\/v2\/users\/177"}],"replies":[{"embeddable":true,"href":"https:\/\/sites.usp.br\/construinova\/wp-json\/wp\/v2\/comments?post=385"}],"version-history":[{"count":4,"href":"https:\/\/sites.usp.br\/construinova\/wp-json\/wp\/v2\/pages\/385\/revisions"}],"predecessor-version":[{"id":3065,"href":"https:\/\/sites.usp.br\/construinova\/wp-json\/wp\/v2\/pages\/385\/revisions\/3065"}],"wp:attachment":[{"href":"https:\/\/sites.usp.br\/construinova\/wp-json\/wp\/v2\/media?parent=385"}],"curies":[{"name":"wp","href":"https:\/\/api.w.org\/{rel}","templated":true}]}}