{"id":705,"date":"2017-02-07T10:43:30","date_gmt":"2017-02-07T12:43:30","guid":{"rendered":"http:\/\/sites.usp.br\/construinova\/?page_id=705"},"modified":"2022-02-23T15:43:37","modified_gmt":"2022-02-23T18:43:37","slug":"periodos-de-matricula","status":"publish","type":"page","link":"https:\/\/sites.usp.br\/construinova\/periodos-de-matricula\/","title":{"rendered":"Per\u00edodos de matr\u00edcula"},"content":{"rendered":"<p>Alunos regulares devem obrigatoriamente fazer a matr\u00edcula no sistema Janus nos seguintes per\u00edodos de matr\u00edcula:<\/p>\n<p>Janeiro (<strong><span style=\"color: #ff0000;\">*fevereiro\/mar\u00e7o durante a pandemia<\/span><\/strong>) &#8211; matr\u00edculas em disciplinas do 1\u00ba e 2\u00ba per\u00edodo ou matr\u00edcula de acompanhamento.<\/p>\n<p>Julho &#8211; matr\u00edculas em disciplinas do 3\u00ba per\u00edodo ou matr\u00edcula de acompanhamento.<\/p>\n<p>Consulte o <a href=\"http:\/\/sites.usp.br\/construinova\/disciplinas\/\">elenco de disciplinas<\/a> para saber quais disciplinas est\u00e3o sendo oferecidas por per\u00edodo e acesse o <a href=\"https:\/\/uspdigital.usp.br\/janus\/comum\/entrada.jsf\">sistema Janus<\/a> para fazer a matr\u00edcula.<\/p>\n<p>Passado o per\u00edodo de matr\u00edcula, eventuais inclus\u00f5es ou exclus\u00f5es de disciplinas ou matr\u00edcula de acompanhamento poder\u00e3o ser feitas nos dias de retifica\u00e7\u00e3o de matr\u00edcula de cada per\u00edodo.<\/p>\n<p><strong>* Matr\u00edcula de acompanhamento<\/strong><\/p>\n<p>Alunos regulares que <u>n\u00e3o<\/u> pretendem cursar disciplinas devem <u>obrigatoriamente<\/u> fazer a matr\u00edcula de acompanhamento durante os per\u00edodos de matr\u00edcula do sistema Janus (janeiro e julho).<\/p>\n<p>Consulte o <a href=\"http:\/\/sites.usp.br\/construinova\/calendario-escolar\/\">calend\u00e1rio escolar<\/a> para saber as datas de cada per\u00edodo de matr\u00edcula.<\/p>\n<p>&nbsp;<\/p>\n","protected":false},"excerpt":{"rendered":"<p>Alunos regulares devem obrigatoriamente fazer a matr\u00edcula no sistema Janus nos seguintes per\u00edodos de matr\u00edcula: [&hellip;]<\/p>\n","protected":false},"author":259,"featured_media":0,"parent":0,"menu_order":0,"comment_status":"closed","ping_status":"closed","template":"","meta":{"footnotes":"","_links_to":"","_links_to_target":""},"class_list":["post-705","page","type-page","status-publish","hentry"],"_links":{"self":[{"href":"https:\/\/sites.usp.br\/construinova\/wp-json\/wp\/v2\/pages\/705","targetHints":{"allow":["GET"]}}],"collection":[{"href":"https:\/\/sites.usp.br\/construinova\/wp-json\/wp\/v2\/pages"}],"about":[{"href":"https:\/\/sites.usp.br\/construinova\/wp-json\/wp\/v2\/types\/page"}],"author":[{"embeddable":true,"href":"https:\/\/sites.usp.br\/construinova\/wp-json\/wp\/v2\/users\/259"}],"replies":[{"embeddable":true,"href":"https:\/\/sites.usp.br\/construinova\/wp-json\/wp\/v2\/comments?post=705"}],"version-history":[{"count":4,"href":"https:\/\/sites.usp.br\/construinova\/wp-json\/wp\/v2\/pages\/705\/revisions"}],"predecessor-version":[{"id":2238,"href":"https:\/\/sites.usp.br\/construinova\/wp-json\/wp\/v2\/pages\/705\/revisions\/2238"}],"wp:attachment":[{"href":"https:\/\/sites.usp.br\/construinova\/wp-json\/wp\/v2\/media?parent=705"}],"curies":[{"name":"wp","href":"https:\/\/api.w.org\/{rel}","templated":true}]}}