{"id":713,"date":"2017-02-07T10:58:15","date_gmt":"2017-02-07T12:58:15","guid":{"rendered":"http:\/\/sites.usp.br\/construinova\/?page_id=713"},"modified":"2018-06-03T13:04:34","modified_gmt":"2018-06-03T16:04:34","slug":"retificacao-de-matricula","status":"publish","type":"page","link":"https:\/\/sites.usp.br\/construinova\/retificacao-de-matricula\/","title":{"rendered":"Retifica\u00e7\u00e3o de matr\u00edcula"},"content":{"rendered":"<p>Nos dias de retifica\u00e7\u00e3o de matr\u00edcula os alunos t\u00eam oportunidade incluir ou excluir matr\u00edcula em disciplina(s) daquele per\u00edodo espec\u00edfico.<\/p>\n<p>Consulte o <a href=\"http:\/\/sites.usp.br\/construinova\/calendario-escolar\/\">calend\u00e1rio escolar<\/a> para saber quais s\u00e3o os dias de retifica\u00e7\u00e3o\u00a0de cada per\u00edodo.<\/p>\n<p>Alunos que n\u00e3o pretendem cursar disciplinas, mas se esqueceram de pedir matr\u00edcula de acompanhamento durante o per\u00edodo de matr\u00edcula podem faz\u00ea-lo nos dias de retifica\u00e7\u00e3o assinalando a op\u00e7\u00e3o \u201cmatr\u00edcula de acompanhamento\u201d.<\/p>\n<p>A retifica\u00e7\u00e3o de matr\u00edcula \u00e9 feita atrav\u00e9s do formul\u00e1rio <a href=\"http:\/\/sites.usp.br\/construinova\/wp-content\/uploads\/sites\/97\/2016\/07\/Formul%C3%A1rio_retifica%C3%A7%C3%A3o_matr%C3%ADcula.doc\">Retifica\u00e7\u00e3o de matr\u00edcula (inclus\u00e3o e exclus\u00e3o de disciplinas)<\/a>, devidamente assinado, que poder\u00e1 ser enviado por email \u00a0ou entregue diretamente na secretaria do Programa.<\/p>\n<p>&nbsp;<\/p>\n","protected":false},"excerpt":{"rendered":"<p>Nos dias de retifica\u00e7\u00e3o de matr\u00edcula os alunos t\u00eam oportunidade incluir ou excluir matr\u00edcula em [&hellip;]<\/p>\n","protected":false},"author":259,"featured_media":0,"parent":0,"menu_order":0,"comment_status":"closed","ping_status":"closed","template":"","meta":{"footnotes":"","_links_to":"","_links_to_target":""},"class_list":["post-713","page","type-page","status-publish","hentry"],"_links":{"self":[{"href":"https:\/\/sites.usp.br\/construinova\/wp-json\/wp\/v2\/pages\/713","targetHints":{"allow":["GET"]}}],"collection":[{"href":"https:\/\/sites.usp.br\/construinova\/wp-json\/wp\/v2\/pages"}],"about":[{"href":"https:\/\/sites.usp.br\/construinova\/wp-json\/wp\/v2\/types\/page"}],"author":[{"embeddable":true,"href":"https:\/\/sites.usp.br\/construinova\/wp-json\/wp\/v2\/users\/259"}],"replies":[{"embeddable":true,"href":"https:\/\/sites.usp.br\/construinova\/wp-json\/wp\/v2\/comments?post=713"}],"version-history":[{"count":3,"href":"https:\/\/sites.usp.br\/construinova\/wp-json\/wp\/v2\/pages\/713\/revisions"}],"predecessor-version":[{"id":1309,"href":"https:\/\/sites.usp.br\/construinova\/wp-json\/wp\/v2\/pages\/713\/revisions\/1309"}],"wp:attachment":[{"href":"https:\/\/sites.usp.br\/construinova\/wp-json\/wp\/v2\/media?parent=713"}],"curies":[{"name":"wp","href":"https:\/\/api.w.org\/{rel}","templated":true}]}}