{"id":716,"date":"2017-02-07T13:25:31","date_gmt":"2017-02-07T15:25:31","guid":{"rendered":"http:\/\/sites.usp.br\/construinova\/?page_id=716"},"modified":"2021-06-28T08:23:58","modified_gmt":"2021-06-28T11:23:58","slug":"relatorios-de-avaliacao-2","status":"publish","type":"page","link":"https:\/\/sites.usp.br\/construinova\/relatorios-de-avaliacao-2\/","title":{"rendered":"Relat\u00f3rios de avalia\u00e7\u00e3o"},"content":{"rendered":"<p>O regulamento do Programa prev\u00ea a elabora\u00e7\u00e3o de quatro relat\u00f3rios de pesquisa ao longo do curso.<\/p>\n<p>Veja abaixo os formatos e per\u00edodos de entrega de cada um.<\/p>\n<p><span style=\"color: #ff9900;\"><strong>1\u00ba relat\u00f3rio<\/strong><\/span> \u2013 Entrega do plano de pesquisa. O envio dever\u00e1 ser feito por email para a secretaria do Programa,\u00a0 pelo(a) orientador(a), j\u00e1 com a manifesta\u00e7\u00e3o de avalia\u00e7\u00e3o (aprovado\/reprovado). N\u00e3o \u00e9 necess\u00e1rio entregar a via impressa.<\/p>\n<p>Prazo: ver datas <a href=\"http:\/\/sites.usp.br\/construinova\/relatorios-semestrais-de-avaliacao\/\">aqui<\/a><\/p>\n<p>&nbsp;<\/p>\n<p><span style=\"color: #ff9900;\"><strong>2\u00ba relat\u00f3rio<\/strong><\/span> \u2013 Apresenta\u00e7\u00e3o do plano de pesquisa atualizado na forma de semin\u00e1rio perante uma comiss\u00e3o avaliadora composta por docentes do Programa (para este relat\u00f3rio <strong>n\u00e3o<\/strong> \u00e9 necess\u00e1rio que o(a) orientador(a) indique uma proposta de banca). A apresenta\u00e7\u00e3o dever\u00e1 ser estruturada conforme modelo do <a href=\"http:\/\/sites.usp.br\/construinova\/wp-content\/uploads\/sites\/97\/2016\/09\/Template-para-Relat%C3%B3io-2.pptx\">template padr\u00e3o,<\/a>\u00a0cujo arquivo dever\u00e1 ser\u00a0enviado pelo orientador para o email da\u00a0secretaria \u00a0com a manifesta\u00e7\u00e3o de aprova\u00e7\u00e3o ou reprova\u00e7\u00e3o.<\/p>\n<p><strong><span style=\"color: #ff0000;\">*excepcionalmente para a turma ingressante em 2020, o 2\u00ba relat\u00f3rio dever\u00e1 ser enviado em formato de v\u00eddeo (at\u00e9 7 minutos) contendo a apresenta\u00e7\u00e3o do template. Em fun\u00e7\u00e3o dos reflexos da pandemia de COVID-19 n\u00e3o haver\u00e1 apresenta\u00e7\u00e3o perante a banca. <\/span><\/strong><\/p>\n<p>Prazo: a coordena\u00e7\u00e3o estipulou uma data para envio do arquivo do template para a secretaria e uma data para a apresenta\u00e7\u00e3o do relat\u00f3rio.<\/p>\n<p>Prazo (ver datas <a href=\"http:\/\/sites.usp.br\/construinova\/relatorios-semestrais-de-avaliacao\/\">aqui<\/a>)<\/p>\n<p>&nbsp;<\/p>\n<p><span style=\"color: #ff9900;\"><strong>3\u00ba relat\u00f3rio<\/strong><\/span> \u2013 Elabora\u00e7\u00e3o de um relat\u00f3rio de andamento da pesquisa, nos moldes de relat\u00f3rio de qualifica\u00e7\u00e3o, e apresenta\u00e7\u00e3o do mesmo perante uma banca.<\/p>\n<p>Veja <a href=\"http:\/\/sites.usp.br\/construinova\/wp-content\/uploads\/sites\/97\/2017\/02\/3\u00ba-Relat\u00f3rio-Diretrizes-para-elabora\u00e7\u00e3o-r01-1.docx\">aqui <\/a>as diretrizes de elabora\u00e7\u00e3o do relat\u00f3rio.<\/p>\n<p>A banca deve ser proposta pelo(a) orientador(a) por meio do formul\u00e1rio (<a href=\"http:\/\/sites.usp.br\/construinova\/wp-content\/uploads\/sites\/97\/2016\/07\/Formulario-de-proposta-de-banca-3%C2%BA-relat%C3%B3rio.doc\">Proposta de banca para 3\u00ba relat\u00f3rio de avalia\u00e7\u00e3o<\/a>) enviado por email \u00e0 secretaria para que seja pautada em reuni\u00e3o da CCP.<\/p>\n<p>Aprovada a banca, orientador(a) e aluno(a) agendam a data da apresenta\u00e7\u00e3o e comunicam a secretaria por email.<\/p>\n<p>O envio dos exemplares do relat\u00f3rio para os membros da banca \u00e9 de responsabilidade do aluno e recomenda-se que seja feito com pelo menos 15 dias de anteced\u00eancia \u00e0 data agendada de realiza\u00e7\u00e3o do exame.<\/p>\n<p>N\u00e3o \u00e9 necess\u00e1rio disponibilizar um exemplar para a secretaria.<\/p>\n<p>Prazo: veja os <a href=\"http:\/\/sites.usp.br\/construinova\/relatorios-semestrais-de-avaliacao\/\">prazos das etapas de apresenta\u00e7\u00e3o do 3\u00ba relat\u00f3rio<\/a><\/p>\n<p>&nbsp;<\/p>\n<p><span style=\"color: #ff9900;\"><strong>4\u00ba relat\u00f3rio<\/strong><\/span> &#8211; Entrega de um relat\u00f3rio de andamento da pesquisa com anu\u00eancia do(a) orientador(a).<\/p>\n<p>Veja <a href=\"http:\/\/sites.usp.br\/construinova\/wp-content\/uploads\/sites\/97\/2017\/02\/4\u00ba-Relat\u00f3rio-Diretrizes-para-elabora\u00e7\u00e3o-r02-1.docx\">aqui <\/a>as diretrizes de elabora\u00e7\u00e3o do relat\u00f3rio.<\/p>\n<p>O envio do relat\u00f3rio dever\u00e1 ser feito por email\u00a0 pelo(a) orientador(a) j\u00e1 com a manifesta\u00e7\u00e3o de avalia\u00e7\u00e3o (aprovado\/reprovado).<\/p>\n<p><strong><span style=\"color: #ff0000;\">*NOVO REGULAMENTO:<\/span><\/strong> alunos(as) que optaram por migrar para o novo regulamento dever\u00e3o cumprir com a exig\u00eancia de entrega do artigo submetido, conforme previsto no trecho do regulamento abaixo.<\/p>\n<p>&#8220;Quarto Relat\u00f3rio Semestral: entrega de texto preliminar do Trabalho de Conclus\u00e3o, atualizado, com parecer do orientador. Por ocasi\u00e3o da entrega do quarto relat\u00f3rio semestral, exige-se a apresenta\u00e7\u00e3o de um artigo no tema da pesquisa, em co-autoria com o orientador, submetido a evento cient\u00edfico ou peri\u00f3dico da \u00e1rea, bem como a comprova\u00e7\u00e3o da sua submiss\u00e3o, que <u>dever\u00e1 ser aceito at\u00e9 a data do dep\u00f3sito do trabalho de conclus\u00e3o<\/u>.\u00a0\u00a0<b>&#8220;<\/b><\/p>\n<p>Prazo: ver datas <a href=\"http:\/\/sites.usp.br\/construinova\/relatorios-semestrais-de-avaliacao\/\">aqui<\/a><\/p>\n","protected":false},"excerpt":{"rendered":"<p>O regulamento do Programa prev\u00ea a elabora\u00e7\u00e3o de quatro relat\u00f3rios de pesquisa ao longo do [&hellip;]<\/p>\n","protected":false},"author":259,"featured_media":0,"parent":0,"menu_order":0,"comment_status":"closed","ping_status":"closed","template":"","meta":{"footnotes":"","_links_to":"","_links_to_target":""},"class_list":["post-716","page","type-page","status-publish","hentry"],"_links":{"self":[{"href":"https:\/\/sites.usp.br\/construinova\/wp-json\/wp\/v2\/pages\/716","targetHints":{"allow":["GET"]}}],"collection":[{"href":"https:\/\/sites.usp.br\/construinova\/wp-json\/wp\/v2\/pages"}],"about":[{"href":"https:\/\/sites.usp.br\/construinova\/wp-json\/wp\/v2\/types\/page"}],"author":[{"embeddable":true,"href":"https:\/\/sites.usp.br\/construinova\/wp-json\/wp\/v2\/users\/259"}],"replies":[{"embeddable":true,"href":"https:\/\/sites.usp.br\/construinova\/wp-json\/wp\/v2\/comments?post=716"}],"version-history":[{"count":4,"href":"https:\/\/sites.usp.br\/construinova\/wp-json\/wp\/v2\/pages\/716\/revisions"}],"predecessor-version":[{"id":2127,"href":"https:\/\/sites.usp.br\/construinova\/wp-json\/wp\/v2\/pages\/716\/revisions\/2127"}],"wp:attachment":[{"href":"https:\/\/sites.usp.br\/construinova\/wp-json\/wp\/v2\/media?parent=716"}],"curies":[{"name":"wp","href":"https:\/\/api.w.org\/{rel}","templated":true}]}}