{"id":721,"date":"2017-02-09T11:16:33","date_gmt":"2017-02-09T13:16:33","guid":{"rendered":"http:\/\/sites.usp.br\/construinova\/?page_id=721"},"modified":"2024-07-23T16:35:00","modified_gmt":"2024-07-23T19:35:00","slug":"prorrogacao-de-prazo","status":"publish","type":"page","link":"https:\/\/sites.usp.br\/construinova\/prorrogacao-de-prazo\/","title":{"rendered":"Prorroga\u00e7\u00e3o de prazo"},"content":{"rendered":"<div class=\"sixteen columns\">\n<section class=\"page-content\">\n<div class=\"region region-content\">\n<div id=\"block-system-main\" class=\"block block-system\">\n<div class=\"content\">\n<div id=\"node-235\" class=\"node node-page node-page clearfix\">\n<div class=\"content\">\n<div class=\"field field-name-body field-type-text-with-summary field-label-hidden\">\n<div class=\"field-items\">\n<div class=\"field-item even\">\n<p><strong><u>Prorroga\u00e7\u00e3o de prazo<\/u><\/strong><\/p>\n<p>A CCP poder\u00e1 conceder, mediante solicita\u00e7\u00e3o formal, at\u00e9 120 dias de prorroga\u00e7\u00e3o de prazo para o curso de mestrado<\/p>\n<p>Os pedidos de prorroga\u00e7\u00e3o s\u00e3o analisados em reuni\u00e3o da CCP mediante apresenta\u00e7\u00e3o dos seguintes documentos at\u00e9 a <a href=\"http:\/\/sites.usp.br\/construinova\/reunioes-ccp-e-cpg\/\">data de fechamento da pauta<\/a> da reuni\u00e3o:<\/p>\n<p>&#8211; carta endere\u00e7ada \u00e0 CCP, com justificativa assinada pelo aluno solicitando os 120 dias de prorroga\u00e7\u00e3o<\/p>\n<p>&#8211; parecer assinado pelo orientador com anu\u00eancia do pedido<\/p>\n<p>&#8211; cronograma de atividades<\/p>\n<p>&#8211; vers\u00e3o preliminar da disserta\u00e7\u00e3o ou tese em arquivo .pdf<\/p>\n<p>Em caso de aprova\u00e7\u00e3o da CCP os pedidos seguem para avalia\u00e7\u00e3o da CPG.<\/p>\n<p>Cabe ao aluno checar seus prazos na Ficha de Aluno do sistema Janus e calcular o tempo de anteced\u00eancia do pedido considerando as datas das reuni\u00f5es da CCP e CPG.<\/p>\n<\/div>\n<\/div>\n<\/div>\n<\/div>\n<\/div>\n<\/div>\n<\/div>\n<\/div>\n<\/section>\n<\/div>\n<div class=\"clearfix\">\u00a0A entrega da documenta\u00e7\u00e3o deve estar dentro do <a href=\"http:\/\/sites.usp.br\/construinova\/reunioes-ccp-e-cpg\/\">prazo de fechamento de pauta<\/a> da reuni\u00e3o da CCP do m\u00eas vigente, caso contr\u00e1rio ser\u00e1 avaliada na reuni\u00e3o seguinte.<\/div>\n","protected":false},"excerpt":{"rendered":"<p>Prorroga\u00e7\u00e3o de prazo A CCP poder\u00e1 conceder, mediante solicita\u00e7\u00e3o formal, at\u00e9 120 dias de prorroga\u00e7\u00e3o [&hellip;]<\/p>\n","protected":false},"author":259,"featured_media":0,"parent":0,"menu_order":0,"comment_status":"closed","ping_status":"closed","template":"","meta":{"footnotes":"","_links_to":"","_links_to_target":""},"class_list":["post-721","page","type-page","status-publish","hentry"],"_links":{"self":[{"href":"https:\/\/sites.usp.br\/construinova\/wp-json\/wp\/v2\/pages\/721","targetHints":{"allow":["GET"]}}],"collection":[{"href":"https:\/\/sites.usp.br\/construinova\/wp-json\/wp\/v2\/pages"}],"about":[{"href":"https:\/\/sites.usp.br\/construinova\/wp-json\/wp\/v2\/types\/page"}],"author":[{"embeddable":true,"href":"https:\/\/sites.usp.br\/construinova\/wp-json\/wp\/v2\/users\/259"}],"replies":[{"embeddable":true,"href":"https:\/\/sites.usp.br\/construinova\/wp-json\/wp\/v2\/comments?post=721"}],"version-history":[{"count":4,"href":"https:\/\/sites.usp.br\/construinova\/wp-json\/wp\/v2\/pages\/721\/revisions"}],"predecessor-version":[{"id":2715,"href":"https:\/\/sites.usp.br\/construinova\/wp-json\/wp\/v2\/pages\/721\/revisions\/2715"}],"wp:attachment":[{"href":"https:\/\/sites.usp.br\/construinova\/wp-json\/wp\/v2\/media?parent=721"}],"curies":[{"name":"wp","href":"https:\/\/api.w.org\/{rel}","templated":true}]}}